{"id":14024,"date":"2020-04-02T11:23:58","date_gmt":"2020-04-02T00:53:58","guid":{"rendered":"https:\/\/www.davroe.com\/?page_id=14024"},"modified":"2024-05-22T06:05:02","modified_gmt":"2024-05-22T06:05:02","slug":"meet-mary-our-director","status":"publish","type":"page","link":"https:\/\/davroe.sk\/sk\/meet-mary-our-director\/","title":{"rendered":"Zozn\u00e1mte sa s Mary \u2013 Pr\u00edbeh Davroe"},"content":{"rendered":"<h3 class=\"wp-block-heading\"><strong>Riadite\u013eka Davroe Mary Centofanti n\u00e1m hovor\u00ed o pr\u00edbehu DAVROE a jej ceste so zna\u010dkou.<\/strong><\/h3>\n\n\n\n<figure class=\"wp-block-embed is-type-video is-provider-youtube wp-block-embed-youtube wp-embed-aspect-16-9 wp-has-aspect-ratio\"><div class=\"wp-block-embed__wrapper\">\n<iframe loading=\"lazy\" title=\"Davroe - M\u00e1riin pr\u00edbeh\" width=\"1200\" height=\"675\" src=\"https:\/\/www.youtube.com\/embed\/EX2dPiMqMn0?feature=oembed\" frameborder=\"0\" allow=\"accelerometer; autoplay; encrypted-media; gyroscope; picture-in-picture\" allowfullscreen><\/iframe>\n<\/div><\/figure>\n\n\n\n<p>M\u00e1riina v\u00e1\u0161e\u0148 pre zna\u010dku DAVROE a z\u00e1v\u00e4zok dod\u00e1va\u0165 vysokokvalitn\u00e9 v\u00fdrobky na starostlivos\u0165 o vlasy s\u00fa na \u010dele zna\u010dky u\u017e viac ako 35 rokov.<\/p>\n\n\n\n<p>Ako s\u00fa\u010das\u0165 na\u0161ich 100% Austr\u00e1lsky vyroben\u00fd a vlastnen\u00fd produkt, ktor\u00fd sa zameriava na to, aby v\u00e1m prin\u00e1\u0161al jemn\u00e9 a d\u00f4veryhodn\u00e9 produkty, je dnes rovnako zameran\u00fd ako vtedy, ke\u010f za\u010dala na svojej ceste.<\/p>\n\n\n\n<p><\/p>","protected":false},"excerpt":{"rendered":"<p>Davroe Director Mary Centofanti tells us about the DAVROE Story and her journey with the brand. Mary&#8217;s passion for DAVROE and commitment to delivering premium quality hair care products has been at the forefront of the brand for over 35 years. As part of our 100% Australian made and owned product her focus on bringing&hellip;<\/p>","protected":false},"author":1,"featured_media":0,"parent":0,"menu_order":0,"comment_status":"closed","ping_status":"closed","template":"","meta":{"_acf_changed":false,"footnotes":""},"class_list":["post-14024","page","type-page","status-publish","hentry","description-off"],"acf":[],"_links":{"self":[{"href":"https:\/\/davroe.sk\/sk\/wp-json\/wp\/v2\/pages\/14024","targetHints":{"allow":["GET"]}}],"collection":[{"href":"https:\/\/davroe.sk\/sk\/wp-json\/wp\/v2\/pages"}],"about":[{"href":"https:\/\/davroe.sk\/sk\/wp-json\/wp\/v2\/types\/page"}],"author":[{"embeddable":true,"href":"https:\/\/davroe.sk\/sk\/wp-json\/wp\/v2\/users\/1"}],"replies":[{"embeddable":true,"href":"https:\/\/davroe.sk\/sk\/wp-json\/wp\/v2\/comments?post=14024"}],"version-history":[{"count":1,"href":"https:\/\/davroe.sk\/sk\/wp-json\/wp\/v2\/pages\/14024\/revisions"}],"predecessor-version":[{"id":25201,"href":"https:\/\/davroe.sk\/sk\/wp-json\/wp\/v2\/pages\/14024\/revisions\/25201"}],"wp:attachment":[{"href":"https:\/\/davroe.sk\/sk\/wp-json\/wp\/v2\/media?parent=14024"}],"curies":[{"name":"wp","href":"https:\/\/api.w.org\/{rel}","templated":true}]}}