{"id":16198,"date":"2020-07-04T18:00:37","date_gmt":"2020-07-04T08:30:37","guid":{"rendered":"https:\/\/www.davroe.com\/?page_id=16198"},"modified":"2024-05-22T06:38:35","modified_gmt":"2024-05-22T06:38:35","slug":"davroe-behind-the-scenes-with-madison","status":"publish","type":"page","link":"https:\/\/davroe.sk\/sk\/davroe-behind-the-scenes-with-madison\/","title":{"rendered":"DAVROE Styling Session 1 Vytvorenie text\u00fary"},"content":{"rendered":"<figure class=\"wp-block-embed is-type-video is-provider-youtube wp-block-embed-youtube wp-embed-aspect-16-9 wp-has-aspect-ratio\"><div class=\"wp-block-embed__wrapper\">\n<iframe loading=\"lazy\" title=\"DAVROE Styling Sessions With Madison\" width=\"1200\" height=\"675\" src=\"https:\/\/www.youtube.com\/embed\/uNpYY4wKcrk?feature=oembed\" frameborder=\"0\" allow=\"accelerometer; autoplay; encrypted-media; gyroscope; picture-in-picture\" allowfullscreen><\/iframe>\n<\/div><\/figure>\n\n\n\n<h2 class=\"wp-block-heading\"><strong>Ak ste sledovali na\u0161e soci\u00e1lne siete, mo\u017eno ste si v\u0161imli <br>ned\u00e1vno sme priviedli k\u00fazeln\u00fa Madison Voloshinov\u00fa ako na\u0161u DAVROE <br>Vlasov\u00e1 ambas\u00e1dorka.<\/strong> <\/h2>\n\n\n\n<p>Vitajte na prvom zasadnut\u00ed v na\u0161ej s\u00e9rii vide\u00ed s na\u0161ou ve\u013evyslanky\u0148ou Davroeovou Madison Voloshinovou. ? Mali sme to \u0161\u0165astie, \u017ee sme str\u00e1vili nieko\u013eko dn\u00ed s Madisonom a sledovali, ako sa um\u00fdva, \u0161t\u00fdluje, vytv\u00e1ra, ot\u00e1\u010da a naf\u00fakne si cestu do kr\u00e1snych z\u00e1mkov. V tejto s\u00e9rii n\u00e1s Madison u\u010d\u00ed, ako na z\u00e1kladn\u00fd styling a presne to, ak\u00e9 produkty potrebujete na obnovenie t\u00fdchto vzh\u013eadov doma.<\/p>\n\n\n\n<h3 class=\"wp-block-heading\">Aj vy m\u00f4\u017eete vytvori\u0165 \u00fa\u017easn\u00e9 \u0161t\u00fdly s radom produktov DAVROE Styling od www.davroe.com.  <a rel=\"noreferrer noopener\" href=\"https:\/\/www.davroe.com\/product-category\/styling\/\" target=\"_blank\"><strong>Kliknite sem a objavte na\u0161u \u00fa\u017easn\u00fa ponuku produktov.<\/strong><\/a><\/h3>\n\n\n\n<figure class=\"wp-block-image\"><a href=\"https:\/\/www.davroe.com\/product-category\/styling\/\" target=\"_blank\" rel=\"noreferrer noopener\"><img decoding=\"async\" src=\"https:\/\/www.davroe.com\/wp-content\/uploads\/2019\/10\/DavroeStylngBanner.jpg\" alt=\"DavroeStylngBanner\" class=\"wp-image-12247\"\/><\/a><\/figure>\n\n\n\n<hr class=\"wp-block-separator has-css-opacity\"\/>\n\n\n\n<h4 class=\"wp-block-heading\">&lt;&lt;&lt; <a rel=\"noreferrer noopener\" href=\"https:\/\/www.davroe.com\/blog\/\" target=\"_blank\">Sp\u00e4\u0165<\/a><\/h4>","protected":false},"excerpt":{"rendered":"<p>If you\u2019ve been following our socials you might have noticed we\u2019ve recently brought on the magical Madison Voloshin as our DAVROE hair ambassador. Welcome to Session 1, in our series of videos with our Davroe Ambassador, Madison Voloshin. ? We were lucky enough to spend a few days with Madison, and watch him wash, style,&hellip;<\/p>","protected":false},"author":1,"featured_media":0,"parent":0,"menu_order":0,"comment_status":"closed","ping_status":"closed","template":"","meta":{"_acf_changed":false,"footnotes":""},"class_list":["post-16198","page","type-page","status-publish","hentry","description-off"],"acf":[],"_links":{"self":[{"href":"https:\/\/davroe.sk\/sk\/wp-json\/wp\/v2\/pages\/16198","targetHints":{"allow":["GET"]}}],"collection":[{"href":"https:\/\/davroe.sk\/sk\/wp-json\/wp\/v2\/pages"}],"about":[{"href":"https:\/\/davroe.sk\/sk\/wp-json\/wp\/v2\/types\/page"}],"author":[{"embeddable":true,"href":"https:\/\/davroe.sk\/sk\/wp-json\/wp\/v2\/users\/1"}],"replies":[{"embeddable":true,"href":"https:\/\/davroe.sk\/sk\/wp-json\/wp\/v2\/comments?post=16198"}],"version-history":[{"count":1,"href":"https:\/\/davroe.sk\/sk\/wp-json\/wp\/v2\/pages\/16198\/revisions"}],"predecessor-version":[{"id":25207,"href":"https:\/\/davroe.sk\/sk\/wp-json\/wp\/v2\/pages\/16198\/revisions\/25207"}],"wp:attachment":[{"href":"https:\/\/davroe.sk\/sk\/wp-json\/wp\/v2\/media?parent=16198"}],"curies":[{"name":"wp","href":"https:\/\/api.w.org\/{rel}","templated":true}]}}