{"id":16460,"date":"2020-07-19T18:42:42","date_gmt":"2020-07-19T09:12:42","guid":{"rendered":"https:\/\/www.davroe.com\/?page_id=16460"},"modified":"2024-05-22T06:39:49","modified_gmt":"2024-05-22T06:39:49","slug":"davroe-texture-and-curls-with-madison","status":"publish","type":"page","link":"https:\/\/davroe.sk\/sk\/davroe-texture-and-curls-with-madison\/","title":{"rendered":"DAVROE Styling Session 2 Cool Girl Text\u00fara"},"content":{"rendered":"<figure class=\"wp-block-embed is-type-video is-provider-youtube wp-block-embed-youtube wp-embed-aspect-16-9 wp-has-aspect-ratio\"><div class=\"wp-block-embed__wrapper\">\n<iframe loading=\"lazy\" title=\"DAVROE Text\u00fara a ku\u010dery\" width=\"1200\" height=\"675\" src=\"https:\/\/www.youtube.com\/embed\/0syMBPR042I?feature=oembed\" frameborder=\"0\" allow=\"accelerometer; autoplay; encrypted-media; gyroscope; picture-in-picture\" allowfullscreen><\/iframe>\n<\/div><\/figure>\n\n\n\n<h2 class=\"wp-block-heading\"><strong>DAVROE Hair Ambassador sp\u00e1ja svoje \u010daro s na\u0161imi pr\u00edrodn\u00fdmi, veg\u00e1nskymi a 100% Rozsah bez krutosti.<\/strong><\/h2>\n\n\n\n<p>Vitajte na 2. zasadnut\u00ed v na\u0161ej s\u00e9rii vide\u00ed s na\u0161ou ve\u013evyslanky\u0148ou Davroeovou Madison Voloshinovou. ?<\/p>\n\n\n\n<p>V tejto s\u00e9rii n\u00e1s Madison u\u010d\u00ed, ako na z\u00e1kladn\u00fd styling a presne to, ak\u00e9 produkty potrebujete na op\u00e4tovn\u00e9 vytvorenie t\u00fdchto vyzer\u00e1 doma.<\/p>\n\n\n\n<p>Tak\u017ee sa posa\u010fte, relaxujte a nau\u010dte sa z\u00e1klady od n\u00e1\u0161ho vlastn\u00e9ho Session Stylista Madison Voloshin. ?<\/p>\n\n\n\n<h5 class=\"wp-block-heading\">Aj vy m\u00f4\u017eete vytvori\u0165 \u00fa\u017easn\u00e9 \u0161t\u00fdly s radom produktov DAVROE Styling od www.davroe.com. <a rel=\"noreferrer noopener\" href=\"https:\/\/www.davroe.com\/product-category\/styling\/\" target=\"_blank\"><strong>Kliknite sem a objavte na\u0161u \u00fa\u017easn\u00fa ponuku produktov.<\/strong><\/a><\/h5>\n\n\n\n<figure class=\"wp-block-image\"><a href=\"https:\/\/www.davroe.com\/product-category\/styling\/\" target=\"_blank\" rel=\"noreferrer noopener\"><img decoding=\"async\" src=\"https:\/\/www.davroe.com\/wp-content\/uploads\/2019\/10\/DavroeStylngBanner.jpg\" alt=\"DavroeStylngBanner\" class=\"wp-image-12247\"\/><\/a><\/figure>\n\n\n\n<hr class=\"wp-block-separator has-css-opacity\"\/>\n\n\n\n<h4 class=\"wp-block-heading\">&lt;&lt;&lt; <a rel=\"noreferrer noopener\" href=\"https:\/\/www.davroe.com\/blog\/\" target=\"_blank\">Sp\u00e4\u0165<\/a><\/h4>","protected":false},"excerpt":{"rendered":"<p>Watch as DAVROE Hair Ambassador weaves his magic with our Natural, Vegan and 100% Cruelty-free range. Welcome to Session 2, in our series of videos with our Davroe Ambassador, Madison Voloshin. ? In this series, Madison teaches us the how-to of essential styling, and exactly what products you need to recreate these looks at home.&hellip;<\/p>","protected":false},"author":1,"featured_media":0,"parent":0,"menu_order":0,"comment_status":"closed","ping_status":"closed","template":"","meta":{"_acf_changed":false,"footnotes":""},"class_list":["post-16460","page","type-page","status-publish","hentry","description-off"],"acf":[],"_links":{"self":[{"href":"https:\/\/davroe.sk\/sk\/wp-json\/wp\/v2\/pages\/16460","targetHints":{"allow":["GET"]}}],"collection":[{"href":"https:\/\/davroe.sk\/sk\/wp-json\/wp\/v2\/pages"}],"about":[{"href":"https:\/\/davroe.sk\/sk\/wp-json\/wp\/v2\/types\/page"}],"author":[{"embeddable":true,"href":"https:\/\/davroe.sk\/sk\/wp-json\/wp\/v2\/users\/1"}],"replies":[{"embeddable":true,"href":"https:\/\/davroe.sk\/sk\/wp-json\/wp\/v2\/comments?post=16460"}],"version-history":[{"count":1,"href":"https:\/\/davroe.sk\/sk\/wp-json\/wp\/v2\/pages\/16460\/revisions"}],"predecessor-version":[{"id":25208,"href":"https:\/\/davroe.sk\/sk\/wp-json\/wp\/v2\/pages\/16460\/revisions\/25208"}],"wp:attachment":[{"href":"https:\/\/davroe.sk\/sk\/wp-json\/wp\/v2\/media?parent=16460"}],"curies":[{"name":"wp","href":"https:\/\/api.w.org\/{rel}","templated":true}]}}