{"id":16941,"date":"2020-08-12T10:38:07","date_gmt":"2020-08-12T01:08:07","guid":{"rendered":"https:\/\/www.davroe.com\/?page_id=16941"},"modified":"2020-08-12T10:38:07","modified_gmt":"2020-08-12T01:08:07","slug":"davroe-styling-session-5-light-waves-with-madison","status":"publish","type":"page","link":"https:\/\/davroe.sk\/sk\/davroe-styling-session-5-light-waves-with-madison\/","title":{"rendered":"DAVROE Styling Session 5 Sveteln\u00e9 vlny s Madison"},"content":{"rendered":"<figure class=\"wp-block-embed-youtube wp-block-embed is-type-video is-provider-youtube wp-embed-aspect-16-9 wp-has-aspect-ratio\"><div class=\"wp-block-embed__wrapper\">\n<iframe loading=\"lazy\" title=\"DAVROE STYLING SESSIONS WITH MADISON Session 5 Light Waves\" width=\"1200\" height=\"675\" src=\"https:\/\/www.youtube.com\/embed\/d3txfNJPUF8?feature=oembed\" frameborder=\"0\" allow=\"accelerometer; autoplay; encrypted-media; gyroscope; picture-in-picture\" allowfullscreen><\/iframe>\n<\/div><\/figure>\n\n\n\n<h2 class=\"wp-block-heading\"><strong>DAVROE Hair Ambassador sp\u00e1ja svoje \u010daro s na\u0161imi pr\u00edrodn\u00fdmi, veg\u00e1nskymi a 100% Rozsah bez krutosti.<\/strong><\/h2>\n\n\n\n<h3 class=\"wp-block-heading\"><strong>DAVROE STYLING SESSIONS WITH MADISON \u2013 zasadnutie 5 \u2013 Sveteln\u00e9 vlny<\/strong><\/h3>\n\n\n\n<p>Vitajte na piatom zasadnut\u00ed v na\u0161ej s\u00e9rii vide\u00ed s na\u0161ou ve\u013evyslanky\u0148ou Davroeovou Madison Voloshinovou. ? <\/p>\n\n\n\n<p>V tejto s\u00e9rii n\u00e1s Madison u\u010d\u00ed, ako na z\u00e1kladn\u00fd styling a presne to, ak\u00e9 produkty potrebujete na op\u00e4tovn\u00e9 vytvorenie t\u00fdchto vyzer\u00e1 doma. Tak\u017ee sa posa\u010fte, relaxujte a nau\u010dte sa z\u00e1klady od n\u00e1\u0161ho vlastn\u00e9ho Session Stylista Madison Voloshin. ?<\/p>\n\n\n\n<p>Aj vy m\u00f4\u017eete vytvori\u0165 \u00fa\u017easn\u00e9 \u0161t\u00fdly s radom produktov DAVROE Styling od www.davroe.com. <a rel=\"noreferrer noopener\" href=\"https:\/\/www.davroe.com\/product-category\/styling\/\" target=\"_blank\"><strong>Kliknite sem a objavte na\u0161u \u00fa\u017easn\u00fa ponuku produktov.<\/strong><\/a><\/p>\n\n\n\n<figure class=\"wp-block-image\"><img decoding=\"async\" src=\"https:\/\/www.davroe.com\/wp-content\/uploads\/2019\/10\/DavroeStylngBanner.jpg\" alt=\"DavroeStylngBanner\"\/><\/figure>\n\n\n\n<hr class=\"wp-block-separator\"\/>\n\n\n\n<h4 class=\"wp-block-heading\">&lt;&lt;&lt; <a rel=\"noreferrer noopener\" href=\"https:\/\/www.davroe.com\/blog\/\" target=\"_blank\">Sp\u00e4\u0165<\/a><\/h4>","protected":false},"excerpt":{"rendered":"<p>Watch as DAVROE Hair Ambassador weaves his magic with our Natural, Vegan and 100% Cruelty-free range. DAVROE STYLING SESSIONS WITH MADISON &#8211; Session 5 &#8211; Light Waves Welcome to Session 5, in our series of videos with our Davroe Ambassador, Madison Voloshin. ? In this series, Madison teaches us the how-to of essential styling, and&hellip;<\/p>","protected":false},"author":1,"featured_media":0,"parent":0,"menu_order":0,"comment_status":"closed","ping_status":"closed","template":"","meta":{"_acf_changed":false,"footnotes":""},"class_list":["post-16941","page","type-page","status-publish","hentry","description-off"],"acf":[],"_links":{"self":[{"href":"https:\/\/davroe.sk\/sk\/wp-json\/wp\/v2\/pages\/16941","targetHints":{"allow":["GET"]}}],"collection":[{"href":"https:\/\/davroe.sk\/sk\/wp-json\/wp\/v2\/pages"}],"about":[{"href":"https:\/\/davroe.sk\/sk\/wp-json\/wp\/v2\/types\/page"}],"author":[{"embeddable":true,"href":"https:\/\/davroe.sk\/sk\/wp-json\/wp\/v2\/users\/1"}],"replies":[{"embeddable":true,"href":"https:\/\/davroe.sk\/sk\/wp-json\/wp\/v2\/comments?post=16941"}],"version-history":[{"count":0,"href":"https:\/\/davroe.sk\/sk\/wp-json\/wp\/v2\/pages\/16941\/revisions"}],"wp:attachment":[{"href":"https:\/\/davroe.sk\/sk\/wp-json\/wp\/v2\/media?parent=16941"}],"curies":[{"name":"wp","href":"https:\/\/api.w.org\/{rel}","templated":true}]}}