{"id":18639,"date":"2020-10-08T14:39:34","date_gmt":"2020-10-08T04:09:34","guid":{"rendered":"https:\/\/www.davroe.com\/?page_id=18639"},"modified":"2020-10-08T14:39:34","modified_gmt":"2020-10-08T04:09:34","slug":"davroe-styling-session-10-subtle-wave","status":"publish","type":"page","link":"https:\/\/davroe.sk\/sk\/davroe-styling-session-10-subtle-wave\/","title":{"rendered":"DAVROE Styling Session 10 jemn\u00e9 vlny"},"content":{"rendered":"<h3 class=\"wp-block-heading\">DAVROE STYLING SESSIONS WITH MADISON \u2013 10 jemn\u00fdch v\u013an<\/h3>\n\n\n\n<figure class=\"wp-block-embed-youtube wp-block-embed is-type-video is-provider-youtube wp-embed-aspect-16-9 wp-has-aspect-ratio\"><div class=\"wp-block-embed__wrapper\">\n<iframe loading=\"lazy\" title=\"DAVROE STYLING SESSIONS WITH MADISON Session 10 jemn\u00e9 vlny\" width=\"1200\" height=\"675\" src=\"https:\/\/www.youtube.com\/embed\/sm9dln1rq8Y?start=6&#038;feature=oembed\" frameborder=\"0\" allow=\"accelerometer; autoplay; clipboard-write; encrypted-media; gyroscope; picture-in-picture\" allowfullscreen><\/iframe>\n<\/div><\/figure>\n\n\n\n<p>Vitajte na 10. zasadnut\u00ed v na\u0161ej s\u00e9rii vide\u00ed s na\u0161ou ve\u013evyslanky\u0148ou Davroeovou Madison Voloshinovou.  <\/p>\n\n\n\n<p>V tejto s\u00e9rii n\u00e1s Madison u\u010d\u00ed, ako na z\u00e1kladn\u00fd styling a presne to, ak\u00e9 produkty potrebujete na op\u00e4tovn\u00e9 vytvorenie t\u00fdchto vyzer\u00e1 doma. Tak\u017ee sa posa\u010fte, relaxujte a nau\u010dte sa z\u00e1klady od n\u00e1\u0161ho vlastn\u00e9ho Session Stylista Madison Voloshin. <\/p>\n\n\n\n<p>Aj vy m\u00f4\u017eete vytvori\u0165 \u00fa\u017easn\u00e9 \u0161t\u00fdly s radom produktov DAVROE Styling od www.davroe.com. <a rel=\"noreferrer noopener\" href=\"https:\/\/www.davroe.com\/product-category\/styling\/\" target=\"_blank\"><strong>Kliknite sem a objavte na\u0161u \u00fa\u017easn\u00fa ponuku produktov.<\/strong><\/a><\/p>\n\n\n\n<figure class=\"wp-block-image\"><img decoding=\"async\" src=\"https:\/\/www.davroe.com\/wp-content\/uploads\/2019\/10\/DavroeStylngBanner.jpg\" alt=\"DavroeStylngBanner\"\/><\/figure>","protected":false},"excerpt":{"rendered":"<p>DAVROE STYLING SESSIONS WITH MADISON &#8211; 10 Subtle Wave Welcome to Session 10, in our series of videos with our Davroe Ambassador, Madison Voloshin. In this series, Madison teaches us the how-to of essential styling, and exactly what products you need to recreate these looks at home. So sit back, relax and learn the basics&hellip;<\/p>","protected":false},"author":1,"featured_media":0,"parent":0,"menu_order":0,"comment_status":"closed","ping_status":"closed","template":"","meta":{"_acf_changed":false,"footnotes":""},"class_list":["post-18639","page","type-page","status-publish","hentry","description-off"],"acf":[],"_links":{"self":[{"href":"https:\/\/davroe.sk\/sk\/wp-json\/wp\/v2\/pages\/18639","targetHints":{"allow":["GET"]}}],"collection":[{"href":"https:\/\/davroe.sk\/sk\/wp-json\/wp\/v2\/pages"}],"about":[{"href":"https:\/\/davroe.sk\/sk\/wp-json\/wp\/v2\/types\/page"}],"author":[{"embeddable":true,"href":"https:\/\/davroe.sk\/sk\/wp-json\/wp\/v2\/users\/1"}],"replies":[{"embeddable":true,"href":"https:\/\/davroe.sk\/sk\/wp-json\/wp\/v2\/comments?post=18639"}],"version-history":[{"count":0,"href":"https:\/\/davroe.sk\/sk\/wp-json\/wp\/v2\/pages\/18639\/revisions"}],"wp:attachment":[{"href":"https:\/\/davroe.sk\/sk\/wp-json\/wp\/v2\/media?parent=18639"}],"curies":[{"name":"wp","href":"https:\/\/api.w.org\/{rel}","templated":true}]}}