{"id":24226,"date":"2022-03-03T05:44:16","date_gmt":"2022-03-03T05:44:16","guid":{"rendered":"https:\/\/davroe.sk\/?page_id=24226"},"modified":"2024-12-19T05:26:30","modified_gmt":"2024-12-19T04:26:30","slug":"privacy-policy-2","status":"publish","type":"page","link":"https:\/\/davroe.sk\/sk\/privacy-policy-2\/","title":{"rendered":"Z\u00e1sady ochrany osobn\u00fdch \u00fadajov"},"content":{"rendered":"<p>OBMEDZENIE Z\u00c1RUKY A OBMEDZENIE ZODPOVEDNOSTI.<\/p>\n\n\n\n<p>Pou\u017e\u00edvan\u00edm tejto str\u00e1nky v\u00fdslovne s\u00fahlas\u00edte s t\u00fdm, \u017ee pou\u017e\u00edvanie davroe.sk je na v\u00fdhradn\u00e9 riziko Pou\u017e\u00edvate\u013eov. davroe.sk, ani jej pridru\u017een\u00e9 spolo\u010dnosti, ani \u017eiadny z ich \u00faradn\u00edkov, riadite\u013eov alebo zamestnancov, z\u00e1stupcov, poskytovate\u013eov obsahu tret\u00edch str\u00e1n, obchodn\u00edkov, sponzorov, poskytovate\u013eov licenci\u00ed (spolo\u010dne \u010falej len \u201ePoskytovatelia\u201c) alebo podobne zaru\u010duj\u00fa, \u017ee davroe.sk bude nepreru\u0161en\u00fd alebo bezchybn\u00fd; ani neposkytuj\u00fa \u017eiadnu z\u00e1ruku na v\u00fdsledky, ktor\u00e9 mo\u017eno z\u00edska\u0165 pou\u017e\u00edvan\u00edm davroe.sk, ani na presnos\u0165, spo\u013eahlivos\u0165 alebo aktu\u00e1lnos\u0165 ak\u00e9hoko\u013evek informa\u010dn\u00e9ho obsahu, slu\u017eby alebo tovaru poskytovan\u00e9ho prostredn\u00edctvom davroe.sk. T\u00fato str\u00e1nku poskytuje davroe.sk ako \u201etak, ako je\u201c a \u201eako je k dispoz\u00edcii\u201c.<\/p>\n\n\n\n<p>davroe.sk neposkytuje \u017eiadne vyhl\u00e1senia alebo z\u00e1ruky ak\u00e9hoko\u013evek druhu, v\u00fdslovn\u00e9 alebo predpokladan\u00e9, pokia\u013e ide o prev\u00e1dzku str\u00e1nky, inform\u00e1cie, obsah, materi\u00e1ly alebo produkty uveden\u00e9 na tejto str\u00e1nke. V plnom rozsahu povolenom platn\u00fdmi pr\u00e1vnymi predpismi sa davroe.sk zrieka v\u0161etk\u00fdch z\u00e1ruk, v\u00fdslovn\u00fdch alebo predpokladan\u00fdch, vr\u00e1tane, ale nie v\u00fdlu\u010dne, predpokladan\u00fdch z\u00e1ruk predajnosti a vhodnosti na konkr\u00e9tny \u00fa\u010del. davroe.sk nenesie zodpovednos\u0165 za ak\u00e9ko\u013evek \u0161kody ak\u00e9hoko\u013evek druhu vypl\u00fdvaj\u00face z pou\u017e\u00edvania tejto str\u00e1nky alebo z ak\u00fdchko\u013evek produktov zak\u00fapen\u00fdch z tejto str\u00e1nky, vr\u00e1tane, ale nie v\u00fdlu\u010dne, priamych, nepriamych, n\u00e1hodn\u00fdch, sank\u010dn\u00fdch a n\u00e1sledn\u00fdch \u0161k\u00f4d.<\/p>\n\n\n\n<p>\u017diadna \u00fastna rada alebo p\u00edsomn\u00e9 inform\u00e1cie poskytnut\u00e9 davroe.sk alebo jej pridru\u017een\u00fdmi spolo\u010dnos\u0165ami, ani \u017eiadny z ich \u00faradn\u00edkov, riadite\u013eov, zamestnancov, z\u00e1stupcov, poskytovate\u013eov alebo podobne nevytv\u00e1raj\u00fa z\u00e1ruku alebo z\u00e1konn\u00fa povinnos\u0165; U\u017e\u00edvate\u013e sa nesmie spolieha\u0165 na \u017eiadne tak\u00e9to inform\u00e1cie alebo rady. davroe.sk si vyhradzuje pr\u00e1vo zmeni\u0165 ak\u00fako\u013evek inzerovan\u00fa cenu pred prijat\u00edm objedn\u00e1vky.<\/p>\n\n\n\n<p>V\u0161etky produkty podliehaj\u00fa dostupnosti a m\u00f4\u017eu by\u0165 kedyko\u013evek stiahnut\u00e9. Ak nebudeme schopn\u00ed splni\u0165 va\u0161u objedn\u00e1vku, pon\u00fakneme v\u00e1m alternat\u00edvu alebo v\u00e1m vr\u00e1time peniaze za nedostupn\u00fd produkt.<\/p>\n\n\n\n<p>Ako sa inform\u00e1cie pou\u017e\u00edvaj\u00fa<br>Tieto inform\u00e1cie sa pou\u017e\u00edvaj\u00fa na zlep\u0161enie z\u00e1\u017eitku n\u00e1v\u0161tevn\u00edkov pri pou\u017e\u00edvan\u00ed webovej str\u00e1nky na zobrazenie personalizovan\u00e9ho obsahu a pr\u00edpadne reklamy. E-mailov\u00e9 adresy sa nebud\u00fa pred\u00e1va\u0165, prenaj\u00edma\u0165 ani prenaj\u00edma\u0165 tret\u00edm stran\u00e1m. E-mail m\u00f4\u017ee by\u0165 odoslan\u00fd, aby sme v\u00e1s informovali o novink\u00e1ch o na\u0161ich slu\u017eb\u00e1ch alebo ponuk\u00e1ch nami alebo na\u0161imi pridru\u017een\u00fdmi spolo\u010dnos\u0165ami.<\/p>\n\n\n\n<p>Mo\u017enosti pre n\u00e1v\u0161tevn\u00edkov<br>Ak ste sa prihl\u00e1sili na odber niektorej z na\u0161ich slu\u017eieb, m\u00f4\u017eete sa odhl\u00e1si\u0165 pod\u013ea pokynov uveden\u00fdch v e-maile, ktor\u00fd dostanete. S\u00fabory cookie m\u00f4\u017eete blokova\u0165 prostredn\u00edctvom nastaven\u00ed prehliada\u010da, \u010do v\u00e1m v\u0161ak m\u00f4\u017ee zabr\u00e1ni\u0165 v pr\u00edstupe k ur\u010dit\u00fdm funkci\u00e1m webovej str\u00e1nky.<\/p>\n\n\n\n<p>S\u00fabory cookie<br>S\u00fabory cookie s\u00fa mal\u00e9 s\u00fabory s digit\u00e1lnym podpisom, ktor\u00e9 uklad\u00e1 v\u00e1\u0161 webov\u00fd prehliada\u010d a ktor\u00e9 umo\u017e\u0148uj\u00fa zaznamen\u00e1va\u0165 va\u0161e preferencie pri n\u00e1v\u0161teve webovej str\u00e1nky. M\u00f4\u017eu by\u0165 tie\u017e pou\u017eit\u00e9 na sledovanie va\u0161ich spiato\u010dn\u00fdch n\u00e1v\u0161tev webov\u00fdch str\u00e1nok. Reklamn\u00e9 spolo\u010dnosti tret\u00edch str\u00e1n m\u00f4\u017eu tie\u017e pou\u017e\u00edva\u0165 s\u00fabory cookie na \u00fa\u010dely sledovania.<\/p>\n\n\n\n<p>Distrib\u00facia pou\u017e\u00edvate\u013esk\u00e9ho obsahu<\/p>\n\n\n\n<p>Spolo\u010dnos\u0165 Davroe umo\u017e\u0148uje pou\u017e\u00edvate\u013eom tejto str\u00e1nky uverej\u0148ova\u0165 recenzie a koment\u00e1re, \u201eObsah\u201c, na produktoch uveden\u00fdch na str\u00e1nke. Odoslan\u00edm tak\u00e9hoto obsahu automaticky s\u00fahlas\u00edte alebo s\u013eubujete, \u017ee v\u0161etok obsah je presn\u00fd a origin\u00e1lny a \u017ee bez ak\u00e9hoko\u013evek konkr\u00e9tneho \u010dasov\u00e9ho obmedzenia a bez zaplatenia ak\u00fdchko\u013evek poplatkov.<br>\u017diadny s\u00fahlas s u\u017e\u00edvate\u013esk\u00fdm obsahom. U\u017e\u00edvatelia tejto str\u00e1nky maj\u00fa zak\u00e1zan\u00e9 uverej\u0148ova\u0165 prostredn\u00edctvom tejto str\u00e1nky ak\u00fdko\u013evek \u0161kodliv\u00fd, vulg\u00e1rny, obsc\u00e9nny, prof\u00e1nny, sexu\u00e1lne explicitn\u00fd, ur\u00e1\u017eliv\u00fd, v\u00fdhra\u017en\u00fd, nap\u00e1daj\u00faci s\u00fakromie, hanliv\u00fd, rasovo, etnicky alebo inak ne\u017eiaduci alebo nez\u00e1konn\u00fd obsah ak\u00e9hoko\u013evek druhu, alebo ktor\u00fd poru\u0161uje alebo m\u00f4\u017ee poru\u0161ova\u0165 intelektu\u00e1lne alebo in\u00e9 pr\u00e1va in\u00e9ho. Beriete na vedomie, \u017ee spolo\u010dnos\u0165 Davroe nepodporuje ani neprezer\u00e1 obsah, ale \u017ee spolo\u010dnos\u0165 Davroe a jej ur\u010den\u00e9 osoby bud\u00fa ma\u0165 pr\u00e1vo (ale nie povinnos\u0165) pod\u013ea vlastn\u00e9ho uv\u00e1\u017eenia odmietnu\u0165, upravi\u0165, presun\u00fa\u0165 alebo odstr\u00e1ni\u0165 ak\u00fdko\u013evek obsah, ktor\u00fd je dostupn\u00fd prostredn\u00edctvom tejto str\u00e1nky.<\/p>\n\n\n\n<p>Inform\u00e1cie o kreditnej karte a bezpe\u010dnos\u0165 str\u00e1nky<\/p>\n\n\n\n<p>Na\u0161e online zariadenia na nab\u00edjanie kreditn\u00fdch kariet s\u00fa dod\u00e1van\u00e9 prostredn\u00edctvom obchodn\u00fdch zariaden\u00ed a PayPal. Paypal je etablovan\u00e1 a d\u00f4veryhodn\u00e1 online platobn\u00e1 br\u00e1na s bankov\u00fdmi partnermi. Prostredn\u00edctvom obchodn\u00fdch zariaden\u00ed a internetovej platobnej br\u00e1ny Paypal sme schopn\u00ed prij\u00edma\u0165 platby kreditn\u00fdmi kartami Visa a Mastercard bez toho, aby sme mali pr\u00edstup k \u00fapln\u00fdm \u00fadajom o kreditn\u00fdch kart\u00e1ch z\u00e1kazn\u00edkov. Na\u0161e str\u00e1nky podporuj\u00fa transakcie zalo\u017een\u00e9 na Security Socket Layer (SSL) z prehliada\u010da. Tak\u017ee m\u00f4\u017eete nakupova\u0165 s vedom\u00edm, \u017ee va\u0161e citliv\u00e9 inform\u00e1cie s\u00fa chr\u00e1nen\u00e9. \u00dadaje o kreditnej karte okam\u017eite vyma\u017eeme z internetov\u00e9ho servera. \u00dadaje o va\u0161ej kreditnej karte neuklad\u00e1me ani neuklad\u00e1me. Pravidelne sme aktualizovali firewally a m\u00e1me z\u00e1sady a postupy na zachovanie bezpe\u010dnosti a d\u00f4vernosti \u010d\u00edsel kreditn\u00fdch kariet.<\/p>\n\n\n\n<p>Vr\u00e1tenie<br>Davroe m\u00e1 pr\u00edsnu 7-d\u0148ov\u00fa politiku vr\u00e1tenia tovaru a je k dispoz\u00edcii len na z\u00e1klade autoriz\u00e1cie n\u00e1\u0161ho t\u00edmu z\u00e1kazn\u00edckych slu\u017eieb <\/p>","protected":false},"excerpt":{"rendered":"<p>DAVROE DISCLAIMERS AND LIMITATION OF LIABILITY. Using this site expressly agrees that use of davroe.sk is at Users sole risk. davroe.sk, nor its affiliates, nor any of their officers, directors, or employees, agents, third-party content providers, merchants, sponsors, licensors (collectively, \u201cProviders\u201d), or the like, warrant that davroe.sk will be uninterrupted or error-free; nor do they&hellip;<\/p>","protected":false},"author":1,"featured_media":0,"parent":0,"menu_order":0,"comment_status":"closed","ping_status":"closed","template":"","meta":{"_acf_changed":false,"footnotes":""},"class_list":["post-24226","page","type-page","status-publish","hentry","description-off"],"acf":[],"_links":{"self":[{"href":"https:\/\/davroe.sk\/sk\/wp-json\/wp\/v2\/pages\/24226","targetHints":{"allow":["GET"]}}],"collection":[{"href":"https:\/\/davroe.sk\/sk\/wp-json\/wp\/v2\/pages"}],"about":[{"href":"https:\/\/davroe.sk\/sk\/wp-json\/wp\/v2\/types\/page"}],"author":[{"embeddable":true,"href":"https:\/\/davroe.sk\/sk\/wp-json\/wp\/v2\/users\/1"}],"replies":[{"embeddable":true,"href":"https:\/\/davroe.sk\/sk\/wp-json\/wp\/v2\/comments?post=24226"}],"version-history":[{"count":4,"href":"https:\/\/davroe.sk\/sk\/wp-json\/wp\/v2\/pages\/24226\/revisions"}],"predecessor-version":[{"id":25286,"href":"https:\/\/davroe.sk\/sk\/wp-json\/wp\/v2\/pages\/24226\/revisions\/25286"}],"wp:attachment":[{"href":"https:\/\/davroe.sk\/sk\/wp-json\/wp\/v2\/media?parent=24226"}],"curies":[{"name":"wp","href":"https:\/\/api.w.org\/{rel}","templated":true}]}}