{"id":32,"date":"2015-04-21T04:53:37","date_gmt":"2015-04-21T04:53:37","guid":{"rendered":"http:\/\/dev.idwebb.com.au\/davroe\/?page_id=32"},"modified":"2015-04-21T04:53:37","modified_gmt":"2015-04-21T04:53:37","slug":"naturesactives","status":"publish","type":"page","link":"https:\/\/davroe.sk\/sk\/naturesactives\/","title":{"rendered":"Akt\u00edvni \u013eudia z pr\u00edrody"},"content":{"rendered":"<h2 style=\"text-align: center;\"><a href=\"https:\/\/www.davroe.com\/wp-content\/uploads\/2019\/02\/Davroe_NaturesActives.jpg\"><img loading=\"lazy\" decoding=\"async\" class=\"aligncenter\" src=\"https:\/\/www.davroe.com\/wp-content\/uploads\/2019\/02\/Davroe_NaturesActives.jpg\" alt=\"Davroe_NaturesActives\" width=\"592\" height=\"524\" \/><\/a><\/h2>\n<p>&nbsp;<\/p>\n<h4 style=\"padding-left: 90px; text-align: center;\"><span style=\"color: #59ab8b;\">Davroe Wellness je holistick\u00fd pr\u00edstup k \u017eivotn\u00e9mu \u0161t\u00fdlu, ktor\u00fd podporuje dlhovekos\u0165. Pre starostlivos\u0165 o vlasy to znamen\u00e1 dlh\u0161ie trvaj\u00facu farbu, zdrav\u00e9 vlasy a poko\u017eku hlavy. To zah\u0155\u0148a prevenciu aj \u00fadr\u017ebu pou\u017e\u00edvan\u00edm zlo\u017eiek, ktor\u00e9 s\u00fa v s\u00falade s pr\u00edstupom pr\u00edrody.<\/span><\/h4>\n<p>&nbsp;<\/p>\n<h4 style=\"padding-left: 90px; text-align: center;\"><\/h4>\n<p>&nbsp;<\/p>\n<p style=\"padding-left: 60px; text-align: center;\">V celom sortimente laborat\u00f3ri\u00e1 Davroe vytvorili jedine\u010dn\u00fa kombin\u00e1ciu extraktu z olivov\u00fdch listov, extraktu z hroznov\u00fdch semien, (s\u00f3jov\u00fdch) vitam\u00ednov E a UV chr\u00e1ni\u010dov, ktor\u00e9 pom\u00e1haj\u00fa chr\u00e1ni\u0165 vlasy pred environment\u00e1lnym, tepeln\u00fdm a UV po\u0161koden\u00edm. T\u00e1to unik\u00e1tna formul\u00e1cia tie\u017e zni\u017euje vyblednutie farby a udr\u017euje vlasy jemn\u00e9 a \u017eiv\u00e9.<\/p>\n<p>&nbsp;<\/p>\n<h3 style=\"padding-left: 60px; text-align: center;\"><span style=\"color: #83c7b7;\">V\u00fd\u0165a\u017eok zo semien repky olejnej<\/span><\/h3>\n<p>&nbsp;<\/p>\n<p style=\"padding-left: 60px; text-align: center;\">V\u00fd\u0165a\u017eok z hroznov\u00fdch semien pova\u017eoval za jeden z najsilnej\u0161\u00edch antioxidantov, ktor\u00e9 s\u00fa k dispoz\u00edcii. V\u00fd\u0165a\u017eok z hroznov\u00fdch jadierok je zn\u00e1my svojimi v\u00fdhodami ako prostriedok na odstra\u0148ovanie vo\u013en\u00fdch radik\u00e1lov pre vlasy a poko\u017eku hlavy. Antioxidanty zohr\u00e1vaj\u00fa d\u00f4le\u017eit\u00fa \u00falohu pri predch\u00e1dzan\u00ed procesu starnutia vlasov.<\/p>\n<p>&nbsp;<\/p>\n<h3 style=\"padding-left: 60px; text-align: center;\"><span style=\"color: #83c7b7;\">V\u00fd\u0165a\u017eok z olivov\u00fdch listov<\/span><\/h3>\n<p>&nbsp;<\/p>\n<p style=\"padding-left: 60px; text-align: center;\">Extrakt z olivov\u00fdch listov je jedine\u010dn\u00fd antioxidant z olivov\u00e9ho listu. Chr\u00e1ni vlasy pred po\u0161koden\u00edm vo\u013en\u00fdmi radik\u00e1lmi a zni\u017euje \u010fal\u0161ie po\u0161kodenie vlasov sp\u00f4soben\u00e9 zne\u010disten\u00edm a UV \u017eiaren\u00edm, \u010d\u00edm chr\u00e1ni vlasy pred fotostarnut\u00edm a zlep\u0161uje elasticitu vlasov.<\/p>\n<p>&nbsp;<\/p>\n<h3 style=\"padding-left: 60px; text-align: center;\"><span style=\"color: #83c7b7;\">KAKADU PLUM<\/span><\/h3>\n<p>&nbsp;<\/p>\n<p style=\"padding-left: 60px; text-align: center;\">V\u0161etky produkty v sortimente Davroe od \u0161amp\u00f3nov, kondicion\u00e9rov, o\u0161etren\u00ed a stylingu obsahuj\u00fa vlastn\u00e9 jedine\u010dn\u00e9 extrakty, ktor\u00e9 zvy\u0161uj\u00fa ich \u00fa\u010del a v\u00fdkon. Jedn\u00fdm z na\u0161ich ob\u013e\u00faben\u00fdch je slivka Kakadu, ktor\u00e1 je najbohat\u0161\u00edm pr\u00edrodn\u00fdm zdrojom vitam\u00ednu C na svete a obsahuje 50-n\u00e1sobok mno\u017estva, ktor\u00e9 sa nach\u00e1dza v pomaran\u010doch. Vitam\u00edn C pom\u00e1ha revitalizova\u0165 vlasy a redukova\u0165 vo\u013en\u00e9 radik\u00e1ly. Kakadu slivka je kvitn\u00faca p\u00f4vodom z Austr\u00e1lie.<\/p>\n<p><span style=\"color: #ffffff;\">V celom sortimente Davroe vytvorili jedine\u010dn\u00fa kombin\u00e1ciu pr\u00edrodn\u00fdch extraktov, ktor\u00e9 pom\u00e1haj\u00fa chr\u00e1ni\u0165 vlasy pred po\u0161koden\u00edm \u017eivotn\u00e9ho prostredia, teplom a UV \u017eiaren\u00edm.<\/span><\/p>","protected":false},"excerpt":{"rendered":"<p>&nbsp; Davroe Wellness is a holistic lifestyle approach which promotes longevity. For hair care it means longer lasting colour, healthy hair and scalp. This includes both prevention and maintenance by using ingredients that are in alignment with nature&#8221;s approach. &nbsp; &nbsp; Throughout the entire range Davroe laboratories have formulated a unique combination of Olive Leaf&hellip;<\/p>","protected":false},"author":1,"featured_media":0,"parent":0,"menu_order":50,"comment_status":"closed","ping_status":"open","template":"","meta":{"_acf_changed":false,"footnotes":""},"class_list":["post-32","page","type-page","status-publish","hentry","description-off"],"acf":[],"_links":{"self":[{"href":"https:\/\/davroe.sk\/sk\/wp-json\/wp\/v2\/pages\/32","targetHints":{"allow":["GET"]}}],"collection":[{"href":"https:\/\/davroe.sk\/sk\/wp-json\/wp\/v2\/pages"}],"about":[{"href":"https:\/\/davroe.sk\/sk\/wp-json\/wp\/v2\/types\/page"}],"author":[{"embeddable":true,"href":"https:\/\/davroe.sk\/sk\/wp-json\/wp\/v2\/users\/1"}],"replies":[{"embeddable":true,"href":"https:\/\/davroe.sk\/sk\/wp-json\/wp\/v2\/comments?post=32"}],"version-history":[{"count":0,"href":"https:\/\/davroe.sk\/sk\/wp-json\/wp\/v2\/pages\/32\/revisions"}],"wp:attachment":[{"href":"https:\/\/davroe.sk\/sk\/wp-json\/wp\/v2\/media?parent=32"}],"curies":[{"name":"wp","href":"https:\/\/api.w.org\/{rel}","templated":true}]}}