{"id":45,"date":"2015-04-21T02:30:16","date_gmt":"2015-04-21T02:30:16","guid":{"rendered":"http:\/\/dev.idwebb.com.au\/davroe\/?page_id=7"},"modified":"2015-04-21T02:30:16","modified_gmt":"2015-04-21T02:30:16","slug":"philosophy","status":"publish","type":"page","link":"https:\/\/davroe.sk\/sk\/philosophy\/","title":{"rendered":"Filozofia"},"content":{"rendered":"<h2 style=\"text-align: center;\"><strong>Na\u0161a v\u00edzia je jednoduch\u00e1, ide o vytvorenie naj\u010distej\u0161ieho a naj\u010distej\u0161ieho sortimentu v\u00fdrobkov pre v\u0161etk\u00fdch, a to dodr\u017eiavan\u00edm t\u00fdchto troch hlavn\u00fdch z\u00e1sad.\u00a0<\/strong><\/p>\n<p>Pr\u00edrodn\u00e9 \u2013 vynaklad\u00e1me maxim\u00e1lne \u00fasilie na zabezpe\u010denie toho, aby na\u0161e v\u00fdrobky boli pr\u00edrodn\u00e9, citliv\u00e9 na \u017eivotn\u00e9 prostredie a v\u017edy pou\u017e\u00edvali len zlo\u017eky najvy\u0161\u0161ej kvality.<\/p>\n<p>Vegan \u2013 \u017eiadne v\u00fdstrelky ani trendy, veg\u00e1nmi sme u\u017e viac ako 30 rokov.<\/p>\n<p><strong>Austr\u00e1lska \u2013 100% Austr\u00e1lsky v\u00fdrobca a majite\u013e<\/strong><span class=\"st\" style=\"color: #ffffff;\"><br \/>\n<\/span><\/h2>\n<table border=\"0\" width=\"100%\">\n<tbody>\n<tr align=\"left\">\n<td><img loading=\"lazy\" decoding=\"async\" class=\"wp-image-17137\" src=\"https:\/\/www.davroe.com\/wp-content\/uploads\/2020\/08\/DAVROEMaryPhilosophy.jpg\" alt=\"DAVROEMaryPhilosophy.jpg\" width=\"467\" height=\"706\" \/><\/p>\n<h3><strong>30 rokov v\u00e1\u0161ne, odhodlania a integrity.<\/strong><\/h3>\n<h4><strong>Od skromn\u00fdch za\u010diatkov za\u010dala Mary Centofanti svoju kari\u00e9ru s Dresslier ako za\u010d\u00ednaj\u00faca recep\u010dn\u00e1 v roku 1984. O 23 rokov nesk\u00f4r, v roku 2007, Mary a jej man\u017eel John z\u00edskali vtedaj\u0161\u00ed bojov\u00fd biznis motivovan\u00fd obr\u00e1ti\u0165 veci. Vyzbrojen\u00ed silnou v\u00edziou a s\u00faborom hlavn\u00fdch z\u00e1sad, ktor\u00e9 s\u00fa ponoren\u00e9 do v\u00e1\u0161ne, odhodlania, integrity a komunity, sa vydali na desa\u0165ro\u010dn\u00fa cestu, ktor\u00e1 ich priviedla tam, kde s\u00fa dnes, jeden z popredn\u00fdch austr\u00e1lskych v\u00fdrobcov starostlivosti o vlasy.\u00a0<\/strong><\/h4>\n<p>Po akviz\u00edcii Dresslier, materskej spolo\u010dnosti, ktor\u00e1 bola zalo\u017een\u00e1 v roku 1930, sa Mary rozhodla preformulova\u0165 cel\u00fd profesion\u00e1lny sortiment sal\u00f3nu Davroe. V \u010dase, ke\u010f bol tento krok pova\u017eovan\u00fd za mimoriadne odv\u00e1\u017eny a trochu riskantn\u00fd, Maryina inov\u00e1cia a progres\u00edvna v\u00edzia teraz viedli k tomu, \u017ee Davroe sa v\u0161eobecne pova\u017euje za prv\u00fd profesion\u00e1lny rad starostlivosti o vlasy, ktor\u00fd je bez sulf\u00e1tov, parab\u00e9nov a petrochemick\u00fdch l\u00e1tok, \u00faplne bez krutosti, 100% Vegan a pou\u017e\u00edva\u0165 \u010dist\u00fd austr\u00e1lsky nat\u00edvny extrakt.<\/p>\n<p>Je to n\u00e1\u0161 neochvejn\u00fd z\u00e1v\u00e4zok vo\u010di na\u0161ej v\u00edzii a hodnot\u00e1m spojen\u00fd s odhodlan\u00edm a inov\u00e1ciou, ktor\u00fd vytvoril na\u0161u svetov\u00fa \u0161pi\u010dku, jedine\u010dn\u00fa formulu. Tento vzorec predstavuje najvy\u0161\u0161\u00ed v\u00fdkon, vynikaj\u00facu hodnotu, v\u00e1\u0161niv\u00fa starostlivos\u0165 o na\u0161u plan\u00e9tu a hlbok\u00fa \u00factu k na\u0161im loj\u00e1lnym a vern\u00fdm z\u00e1kazn\u00edkom.<\/p>\n<p>Ako neust\u00e1le sa vyv\u00edjaj\u00faca a prisp\u00f4sobuj\u00faca spolo\u010dnos\u0165 sme ve\u013emi nad\u0161en\u00ed, \u017ee sp\u00fa\u0161\u0165ame na\u0161u nov\u00fa zna\u010dku a balenie. Op\u00e4\u0165, krok, ktor\u00fd bol pova\u017eovan\u00fd za odv\u00e1\u017eny a trochu riskantn\u00fd, ale ten, na ktor\u00fd sme mimoriadne hrd\u00ed a c\u00edtime sa silne. Viem, \u017ee sa v\u00e1m bude p\u00e1\u010di\u0165 rovnako ako n\u00e1m.<\/p>\n<h3><strong>Mary Centofanti <\/strong><br \/>\n<strong>Majite\u013e\/riadite\u013e.<\/strong><\/h3>\n<\/td>\n<\/tr>\n<tr align=\"left\">\n<td><\/td>\n<\/tr>\n<\/tbody>\n<\/table>\n<table border=\"0\" width=\"100%\">\n<tbody>\n<tr>\n<td style=\"width: 20%; text-align: right;\"><a href=\"https:\/\/www.davroe.com\/wp-content\/uploads\/2019\/02\/Davroe_CPC.jpg\"><img loading=\"lazy\" decoding=\"async\" class=\"aligncenter\" src=\"https:\/\/www.davroe.com\/wp-content\/uploads\/2019\/02\/Davroe_CPC.jpg\" alt=\"Davroe obsahuje jedine\u010dn\u00fd komplex ochrany farieb\" width=\"150\" height=\"150\" \/><\/a><\/td>\n<td style=\"width: 80%;\">\n<h2><span style=\"color: #93c8c3;\"><strong>Farebn\u00e1 ochrana komplex<\/strong><\/span><\/h2>\n<h5>farebn\u00e1 ochrana v celom rozsahu<\/h5>\n<\/td>\n<\/tr>\n<tr>\n<td style=\"text-align: right;\"><a href=\"https:\/\/www.davroe.com\/wp-content\/uploads\/2019\/02\/Davroe_VeganCrueltyFree.jpg\"><img loading=\"lazy\" decoding=\"async\" class=\"aligncenter\" src=\"https:\/\/www.davroe.com\/wp-content\/uploads\/2019\/02\/Davroe_VeganCrueltyFree.jpg\" alt=\"Davroe je veg\u00e1nsky certifikovan\u00fd a bez krutosti\" width=\"150\" height=\"150\" \/><\/a><\/td>\n<td>\n<h2><span style=\"color: #93c8c3;\"><strong>Veg\u00e1nska\/bez krutosti<\/strong><\/span><\/h2>\n<h5>\u017diadne \u017eivo\u010d\u00ed\u0161ne zlo\u017eky ani testovanie<\/h5>\n<h5>100% priate\u013esk\u00fd k veg\u00e1nom<\/h5>\n<\/td>\n<\/tr>\n<tr>\n<td style=\"text-align: right;\"><a href=\"https:\/\/www.davroe.com\/wp-content\/uploads\/2019\/02\/Davroe_Natural.jpg\"><img loading=\"lazy\" decoding=\"async\" class=\"aligncenter\" src=\"https:\/\/www.davroe.com\/wp-content\/uploads\/2019\/02\/Davroe_Natural.jpg\" alt=\"Davroe je pr\u00edrodn\u00fd vyroben\u00fd z \u010distej rastliny &amp; v\u00fd\u0165a\u017eky z kvetov \" width=\"151\" height=\"151\" \/><\/a><\/td>\n<td>\n<h2><span style=\"color: #93c8c3;\"><strong>Prirodzen\u00e9<\/strong><\/span><\/h2>\n<h5>\u010cist\u00e1 rastlina a amp; v\u00fd\u0165a\u017eky z kvetov<\/h5>\n<\/td>\n<\/tr>\n<tr>\n<td style=\"text-align: right;\"><a href=\"https:\/\/www.davroe.com\/wp-content\/uploads\/2019\/02\/Davroe_Gentle.jpg\"><img loading=\"lazy\" decoding=\"async\" class=\"aligncenter\" src=\"https:\/\/www.davroe.com\/wp-content\/uploads\/2019\/02\/Davroe_Gentle.jpg\" alt=\"Davroe je jemn\u00fd na vlasy &amp; Poko\u017eka bez s\u00edranov bez parab\u00e9nov\" width=\"151\" height=\"151\" \/><\/a><\/td>\n<td>\n<h2><span style=\"color: #93c8c3;\"><strong>Jemn\u00e9 na vlasy &amp; Poko\u017eka hlavy<\/strong><\/span><\/h2>\n<h5>\u017diadne s\u00edrany<\/h5>\n<h5>\u017diadne parab\u00e9ny<\/h5>\n<\/td>\n<\/tr>\n<tr>\n<td style=\"text-align: right;\"><a href=\"https:\/\/www.davroe.com\/wp-content\/uploads\/2019\/02\/Davroe_KindtotheEnvironment.jpg\"><img loading=\"lazy\" decoding=\"async\" class=\"aligncenter\" src=\"https:\/\/www.davroe.com\/wp-content\/uploads\/2019\/02\/Davroe_KindtotheEnvironment.jpg\" alt=\"Davroe Kind To The Environment V\u0161etky \u00fa\u010dinn\u00e9 l\u00e1tky s\u00fa bez petrochemick\u00fdch l\u00e1tok \" width=\"151\" height=\"151\" \/><\/a><\/td>\n<td>\n<h2><span style=\"color: #93c8c3;\"><strong>l\u00e1skav\u00fd k \u017eivotn\u00e9mu prostrediu<\/strong><\/span><\/h2>\n<h5>V\u0161etky akt\u00edvne zlo\u017eky s\u00fa petrochemick\u00e9 zadarmo<\/h5>\n<\/td>\n<\/tr>\n<tr>\n<td style=\"text-align: right;\"><a href=\"https:\/\/www.davroe.com\/wp-content\/uploads\/2019\/02\/Davroe_AustralianMade.jpg\"><img loading=\"lazy\" decoding=\"async\" class=\"aligncenter\" src=\"https:\/\/www.davroe.com\/wp-content\/uploads\/2019\/02\/Davroe_AustralianMade.jpg\" alt=\"Davroe Austr\u00e1lsky Vyroben\u00e9 100% Austr\u00e1lsky vyroben\u00fd &amp; vlastnen\u00fd\" width=\"151\" height=\"151\" \/><\/a><\/td>\n<td>\n<h2><span style=\"color: #93c8c3;\"><strong>Vyroben\u00e9 v Austr\u00e1lii<\/strong><\/span><\/h2>\n<h5>100% Austr\u00e1lsky vyroben\u00fd &amp; vlastnen\u00fd<\/h5>\n<\/td>\n<\/tr>\n<\/tbody>\n<\/table>\n<p><span class=\"st\"><span style=\"color: #ffffff;\">Na\u0161ou filozofiou je poskytova\u0165 naj\u010distej\u0161ie a najjemnej\u0161ie produkty starostlivosti o vlasy. Farebn\u00fd ochrann\u00fd komplex, veg\u00e1nsky pr\u00edrodn\u00fd rastlinn\u00fd extrakt bez krutosti, austr\u00e1lsky produkt Davroe<\/span><br \/>\n<\/span><\/p>","protected":false},"excerpt":{"rendered":"<p>Our vision is simple, it\u2019s to create the most honest and pure range of products for everyone, we do this by adhering to these three guiding principles.\u00a0 Natural\u00ad\u2014We make every effort to ensure our products are natural, sensitive to the environment and only ever use ingredients of the highest quality. Vegan\u2014No fads or trends here,&hellip;<\/p>","protected":false},"author":1,"featured_media":0,"parent":0,"menu_order":10,"comment_status":"closed","ping_status":"open","template":"","meta":{"_acf_changed":false,"footnotes":""},"class_list":["post-45","page","type-page","status-publish","hentry","description-off"],"acf":[],"_links":{"self":[{"href":"https:\/\/davroe.sk\/sk\/wp-json\/wp\/v2\/pages\/45","targetHints":{"allow":["GET"]}}],"collection":[{"href":"https:\/\/davroe.sk\/sk\/wp-json\/wp\/v2\/pages"}],"about":[{"href":"https:\/\/davroe.sk\/sk\/wp-json\/wp\/v2\/types\/page"}],"author":[{"embeddable":true,"href":"https:\/\/davroe.sk\/sk\/wp-json\/wp\/v2\/users\/1"}],"replies":[{"embeddable":true,"href":"https:\/\/davroe.sk\/sk\/wp-json\/wp\/v2\/comments?post=45"}],"version-history":[{"count":0,"href":"https:\/\/davroe.sk\/sk\/wp-json\/wp\/v2\/pages\/45\/revisions"}],"wp:attachment":[{"href":"https:\/\/davroe.sk\/sk\/wp-json\/wp\/v2\/media?parent=45"}],"curies":[{"name":"wp","href":"https:\/\/api.w.org\/{rel}","templated":true}]}}