{"id":48,"date":"2015-04-21T04:53:20","date_gmt":"2015-04-21T04:53:20","guid":{"rendered":"http:\/\/dev.idwebb.com.au\/davroe\/?page_id=28"},"modified":"2025-01-31T05:58:03","modified_gmt":"2025-01-31T04:58:03","slug":"learn","status":"publish","type":"page","link":"https:\/\/davroe.sk\/sk\/learn\/","title":{"rendered":"O n\u00e1s"},"content":{"rendered":"<h2 class=\"wp-block-heading has-text-align-left\"><strong>Nau\u010dte sa vytv\u00e1ra\u0165 SALON STYLE vyzer\u00e1 doma<\/strong><\/h2>\n\n\n\n<h3 class=\"wp-block-heading\">\u0160TYLOVANIE S MADISONOM<\/h3>\n\n\n\n<h4 class=\"wp-block-heading\"><strong>Rel\u00e1cia 1 Vytv\u00e1ranie text\u00fary<\/strong><\/h4>\n\n\n\n<figure class=\"wp-block-embed is-type-video is-provider-youtube wp-block-embed-youtube wp-embed-aspect-16-9 wp-has-aspect-ratio\"><div class=\"wp-block-embed__wrapper\">\n<iframe loading=\"lazy\" title=\"DAVROE STYLING SESSIONS WITH MADISON Session 1 Vytvorenie text\u00fary\" width=\"1200\" height=\"675\" src=\"https:\/\/www.youtube.com\/embed\/uNpYY4wKcrk?start=5&#038;feature=oembed\" frameborder=\"0\" allow=\"accelerometer; autoplay; encrypted-media; gyroscope; picture-in-picture\" allowfullscreen><\/iframe>\n<\/div><\/figure>\n\n\n\n<h4 class=\"wp-block-heading\"><strong>Rel\u00e1cia 2 Cool Girl Texture<\/strong><\/h4>\n\n\n\n<figure class=\"wp-block-embed is-type-video is-provider-youtube wp-block-embed-youtube wp-embed-aspect-16-9 wp-has-aspect-ratio\"><div class=\"wp-block-embed__wrapper\">\n<iframe loading=\"lazy\" title=\"DAVROE STYLING SESSIONS S MADISON Session 2 Cool Girl Text\u00fara\" width=\"1200\" height=\"675\" src=\"https:\/\/www.youtube.com\/embed\/0syMBPR042I?feature=oembed\" frameborder=\"0\" allow=\"accelerometer; autoplay; encrypted-media; gyroscope; picture-in-picture\" allowfullscreen><\/iframe>\n<\/div><\/figure>\n\n\n\n<h4 class=\"wp-block-heading\"><strong>Rel\u00e1cia 3 Pr\u00edrodn\u00e9 ku\u010dery<\/strong><\/h4>\n\n\n\n<figure class=\"wp-block-embed is-type-video is-provider-youtube wp-block-embed-youtube wp-embed-aspect-16-9 wp-has-aspect-ratio\"><div class=\"wp-block-embed__wrapper\">\n<iframe loading=\"lazy\" title=\"DAVROE STYLING SESSIONS WITH MADISON Session 3 Pr\u00edrodn\u00e9 ku\u010dery\" width=\"1200\" height=\"675\" src=\"https:\/\/www.youtube.com\/embed\/tT_rETbwTgg?start=5&#038;feature=oembed\" frameborder=\"0\" allow=\"accelerometer; autoplay; encrypted-media; gyroscope; picture-in-picture\" allowfullscreen><\/iframe>\n<\/div><\/figure>\n\n\n\n<h4 class=\"wp-block-heading\"><strong>Session 4 Ve\u013ek\u00e9 Telo Vyhodi\u0165 Such\u00e9<\/strong><\/h4>\n\n\n\n<figure class=\"wp-block-embed is-type-video is-provider-youtube wp-block-embed-youtube wp-embed-aspect-16-9 wp-has-aspect-ratio\"><div class=\"wp-block-embed__wrapper\">\n<iframe loading=\"lazy\" title=\"DAVROE STYLING SESSIONS WITH MADISON Session 4 ve\u013ek\u00e9 telo f\u00faka\u0165 such\u00e9\" width=\"1200\" height=\"675\" src=\"https:\/\/www.youtube.com\/embed\/Zn5-72eOYZQ?start=3&#038;feature=oembed\" frameborder=\"0\" allow=\"accelerometer; autoplay; encrypted-media; gyroscope; picture-in-picture\" allowfullscreen><\/iframe>\n<\/div><\/figure>\n\n\n\n<h4 class=\"wp-block-heading\"><strong>Rel\u00e1cia 5 Sveteln\u00e9 vlny<\/strong><\/h4>\n\n\n\n<figure class=\"wp-block-embed is-type-video is-provider-youtube wp-block-embed-youtube wp-embed-aspect-16-9 wp-has-aspect-ratio\"><div class=\"wp-block-embed__wrapper\">\n<iframe loading=\"lazy\" title=\"DAVROE STYLING SESSIONS WITH MADISON Session 5 Light Waves\" width=\"1200\" height=\"675\" src=\"https:\/\/www.youtube.com\/embed\/d3txfNJPUF8?start=8&#038;feature=oembed\" frameborder=\"0\" allow=\"accelerometer; autoplay; encrypted-media; gyroscope; picture-in-picture\" allowfullscreen><\/iframe>\n<\/div><\/figure>\n\n\n\n<h4 class=\"wp-block-heading\"><strong>6. \u010das\u0165: Definovan\u00e9 ku\u010dery<\/strong><\/h4>\n\n\n\n<figure class=\"wp-block-embed is-type-video is-provider-youtube wp-block-embed-youtube wp-embed-aspect-16-9 wp-has-aspect-ratio\"><div class=\"wp-block-embed__wrapper\">\n<iframe loading=\"lazy\" title=\"DAVROE STYLING SESSIONS WITH MADISON Session 6 Definovan\u00e9 ku\u010dery\" width=\"1200\" height=\"675\" src=\"https:\/\/www.youtube.com\/embed\/hvKIXDya_Hg?start=175&#038;feature=oembed\" frameborder=\"0\" allow=\"accelerometer; autoplay; encrypted-media; gyroscope; picture-in-picture\" allowfullscreen><\/iframe>\n<\/div><\/figure>\n\n\n\n<h4 class=\"wp-block-heading\"><strong>7. \u010das\u0165: Definovan\u00e9 ku\u010dery<\/strong><\/h4>\n\n\n\n<figure class=\"wp-block-embed is-type-video is-provider-youtube wp-block-embed-youtube wp-embed-aspect-16-9 wp-has-aspect-ratio\"><div class=\"wp-block-embed__wrapper\">\n<iframe loading=\"lazy\" title=\"DAVROE STYLING SESSIONS WITH MADISON Session 7 Objemn\u00fd vzh\u013ead\" width=\"1200\" height=\"675\" src=\"https:\/\/www.youtube.com\/embed\/dIMkTPl6jtc?feature=oembed\" frameborder=\"0\" allow=\"accelerometer; autoplay; encrypted-media; gyroscope; picture-in-picture\" allowfullscreen><\/iframe>\n<\/div><\/figure>\n\n\n\n<h4 class=\"wp-block-heading\"><strong>Session 8 Elegantn\u00fd ostr\u00fd vzh\u013ead<\/strong><\/h4>\n\n\n\n<figure class=\"wp-block-embed is-type-video is-provider-youtube wp-block-embed-youtube wp-embed-aspect-16-9 wp-has-aspect-ratio\"><div class=\"wp-block-embed__wrapper\">\n<iframe loading=\"lazy\" title=\"DAVROE STYLING SESSIONS WITH MADISON Session 8 Elegantn\u00fd ostr\u00fd vzh\u013ead\" width=\"1200\" height=\"675\" src=\"https:\/\/www.youtube.com\/embed\/Mzv6qcihQO8?feature=oembed\" frameborder=\"0\" allow=\"accelerometer; autoplay; encrypted-media; gyroscope; picture-in-picture\" allowfullscreen><\/iframe>\n<\/div><\/figure>\n\n\n\n<hr class=\"wp-block-separator has-css-opacity is-style-wide\"\/>\n\n\n\n<h4 class=\"wp-block-heading\"><strong>Rel\u00e1cia 9 Smooth Blow Dry<\/strong><\/h4>\n\n\n\n<figure class=\"wp-block-embed is-type-video is-provider-youtube wp-block-embed-youtube wp-embed-aspect-16-9 wp-has-aspect-ratio\"><div class=\"wp-block-embed__wrapper\">\n<iframe loading=\"lazy\" title=\"DAVROE STYLING SESSIONS WITH MADISON Session 9 Smooth Blow Dry\" width=\"1200\" height=\"675\" src=\"https:\/\/www.youtube.com\/embed\/-GJSrNXj6tE?start=93&#038;feature=oembed\" frameborder=\"0\" allow=\"accelerometer; autoplay; clipboard-write; encrypted-media; gyroscope; picture-in-picture\" allowfullscreen><\/iframe>\n<\/div><\/figure>\n\n\n\n<h4 class=\"wp-block-heading\"><strong>Rel\u00e1cia 10 Subtle Wave<\/strong><\/h4>\n\n\n\n<figure class=\"wp-block-embed is-type-video is-provider-youtube wp-block-embed-youtube wp-embed-aspect-16-9 wp-has-aspect-ratio\"><div class=\"wp-block-embed__wrapper\">\n<iframe loading=\"lazy\" title=\"DAVROE STYLING SESSIONS WITH MADISON Session 10 jemn\u00e9 vlny\" width=\"1200\" height=\"675\" src=\"https:\/\/www.youtube.com\/embed\/sm9dln1rq8Y?start=6&#038;feature=oembed\" frameborder=\"0\" allow=\"accelerometer; autoplay; clipboard-write; encrypted-media; gyroscope; picture-in-picture\" allowfullscreen><\/iframe>\n<\/div><\/figure>\n\n\n\n<h3 class=\"wp-block-heading\"><strong>Aj vy m\u00f4\u017eete vytvori\u0165 \u00fa\u017easn\u00e9 \u0161t\u00fdly s radom produktov DAVROE Styling od www.davroe.com. <a rel=\"noreferrer noopener\" href=\"https:\/\/www.davroe.com\/product-category\/styling\/\" target=\"_blank\">Kliknite sem a objavte na\u0161u \u00fa\u017easn\u00fa ponuku produktov.<\/a><\/strong><\/h3>\n\n\n<div class=\"wp-block-image\">\n<figure class=\"aligncenter size-large\"><a href=\"https:\/\/www.davroe.com\/product-category\/styling\/\"><img decoding=\"async\" src=\"https:\/\/www.davroe.com\/wp-content\/uploads\/2020\/05\/davroe-styling-range-wide-image-1024x427.jpg\" alt=\"\" class=\"wp-image-15526\"\/><\/a><\/figure>\n<\/div>","protected":false},"excerpt":{"rendered":"<p>LEARN TO CREATE SALON STYLE LOOKS AT HOME STYLING WITH MADISON Session 1 Creating Texture Session 2 Cool Girl Texture Session 3 Natural Curls Session 4 Big Body Blow Dry Session 5 Light Waves Session 6 Defined Curls Session 7 Defined Curls Session 8 Sleek sharp look Session 9 Smooth Blow Dry Session 10 Subtle&hellip;<\/p>","protected":false},"author":1,"featured_media":0,"parent":0,"menu_order":30,"comment_status":"closed","ping_status":"open","template":"","meta":{"_acf_changed":false,"footnotes":""},"class_list":["post-48","page","type-page","status-publish","hentry","description-off"],"acf":[],"_links":{"self":[{"href":"https:\/\/davroe.sk\/sk\/wp-json\/wp\/v2\/pages\/48","targetHints":{"allow":["GET"]}}],"collection":[{"href":"https:\/\/davroe.sk\/sk\/wp-json\/wp\/v2\/pages"}],"about":[{"href":"https:\/\/davroe.sk\/sk\/wp-json\/wp\/v2\/types\/page"}],"author":[{"embeddable":true,"href":"https:\/\/davroe.sk\/sk\/wp-json\/wp\/v2\/users\/1"}],"replies":[{"embeddable":true,"href":"https:\/\/davroe.sk\/sk\/wp-json\/wp\/v2\/comments?post=48"}],"version-history":[{"count":1,"href":"https:\/\/davroe.sk\/sk\/wp-json\/wp\/v2\/pages\/48\/revisions"}],"predecessor-version":[{"id":25365,"href":"https:\/\/davroe.sk\/sk\/wp-json\/wp\/v2\/pages\/48\/revisions\/25365"}],"wp:attachment":[{"href":"https:\/\/davroe.sk\/sk\/wp-json\/wp\/v2\/media?parent=48"}],"curies":[{"name":"wp","href":"https:\/\/api.w.org\/{rel}","templated":true}]}}