{"id":550,"date":"2015-06-01T16:32:49","date_gmt":"2015-06-01T07:02:49","guid":{"rendered":"http:\/\/dev.idwebb.com.au\/davroe\/?page_id=550"},"modified":"2015-06-01T16:32:49","modified_gmt":"2015-06-01T07:02:49","slug":"testimonials","status":"publish","type":"page","link":"https:\/\/davroe.sk\/sk\/testimonials\/","title":{"rendered":"Svedectv\u00e1 \u2013 \u010co n\u00e1m \u013eudia hovoria o Davroeovi"},"content":{"rendered":"<h4 class=\"auto-style1\" style=\"text-align: left;\">Dost\u00e1vame sp\u00e4tn\u00fa v\u00e4zbu od \u013eud\u00ed o na\u0161om Davroe Range Everyday.\u00a0\u00a0 Radi si vypo\u010dujeme, \u010do n\u00e1m chcete poveda\u0165 \u2013 kontaktujte n\u00e1s na adrese <a href=\"mailto:customerservice@davroe.com\" target=\"_blank\" rel=\"noopener noreferrer\">customerservice@davroe.com<\/a><\/h4>\n<hr \/>\n<p><strong>Karen<\/strong><\/p>\n<p>Dobr\u00fd de\u0148! Len som chcel poveda\u0165 \u010fakujem za ve\u013emi r\u00fdchly servis, ktor\u00fd sme dostali po objednan\u00ed va\u0161ich produktov! Zvy\u010dajne ich kupujem v miestnom obchode so starostlivos\u0165ou o vlasy, ale vzh\u013eadom na s\u00fa\u010dasn\u00e9 opatrenia na samoizol\u00e1ciu som si objednal online. Som ve\u013emi ohromen\u00fd r\u00fdchlym obratom.<\/p>\n<p><strong>Ainslee<\/strong><\/p>\n<p>\u00d3 m\u00f4j bo\u017ee. Objednal som si v\u010dera a dostal som objedn\u00e1vku za menej ako 24 hod\u00edn. Ste \u00fa\u017easn\u00ed. U\u017e sa neviem do\u010dka\u0165, kedy ich vysk\u00fa\u0161am. \u010eakujem ve\u013emi pekne. Nem\u00f4\u017eem poveda\u0165, \u017ee som mal t\u00fato mimoriadne r\u00fdchlu slu\u017ebu ve\u013emi \u010dasto. Je to ve\u013emi oce\u0148ovan\u00e9.<\/p>\n<p><strong>Emma<\/strong><\/p>\n<p>Dobr\u00fd de\u0148,<\/p>\n<p>Len by som chcel poveda\u0165, ako \u00fa\u017easn\u00e9 si mysl\u00edm, \u017ee va\u0161e v\u00fdrobky s\u00fa! M\u00e1m extr\u00e9mne ku\u010derav\u00e9 vlasy FRIZZY, ktor\u00e9 som narovnal u\u017e roky a bolo to tak po\u0161koden\u00e9, a\u017e som odrezal polovicu a za\u010dal pou\u017e\u00edva\u0165 opravu a lie\u010dbu davroe.<br \/>\n7 mesiacov a moje vlasy s\u00fa zdrav\u00e9 a siln\u00e9, nem\u00f4\u017eem tomu uveri\u0165!<br \/>\n\u010eakujem ve\u013emi pekne za tento skvel\u00fd produkt<\/p>\n<p class=\"auto-style1\" style=\"text-align: left;\"><strong>Karena,<\/strong><\/p>\n<p class=\"auto-style1\" style=\"text-align: left;\">Dobr\u00fd de\u0148! Chcel som v\u00e1m da\u0165 pozit\u00edvnu sp\u00e4tn\u00fa v\u00e4zbu. Po prv\u00e9, som veg\u00e1n, a preto oce\u0148ujem va\u0161e odhodlanie poskytova\u0165 vysoko kvalitn\u00fa veg\u00e1nsku starostlivos\u0165 o vlasy, ktor\u00e1 skuto\u010dne funguje. Prv\u00fdkr\u00e1t som vysk\u00fa\u0161al \u0161amp\u00f3n na o\u0161etrenie poko\u017eky hlavy po tom, \u010do som vyvinul ekz\u00e9m z pou\u017e\u00edvania lacn\u00e9ho supermarketov\u00e9ho produktu. Bol naozaj tvrdohlav\u00fd a vysk\u00fa\u0161al som dve \u010fal\u0161ie lie\u010dby vlasovej poko\u017eky, ktor\u00e9 urobili ve\u013emi m\u00e1lo, aby to vy\u010distili. Po \u0161iestich mesiacoch zaobch\u00e1dzania so svrbiacou nepohodlnou poko\u017ekou hlavy ju \u0161amp\u00f3n \u00faplne vy\u010distil do dvoch t\u00fd\u017ed\u0148ov a okam\u017eite upokojil svrbenie. To ma in\u0161pirovalo vysk\u00fa\u0161a\u0165 viac va\u0161ich produktov, tak\u017ee som si k\u00fapil kondicion\u00e9r Moisture Sense, Rebuilder a Shine Fluid.<\/p>\n<p class=\"auto-style1\" style=\"text-align: left;\">Milujem ich v\u0161etky, ale najm\u00e4 Rebuilder urobil tak\u00e9 obrovsk\u00e9 zlep\u0161enie stavu mojich vlasov a vonia \u00fa\u017easne (prial by som si, aby bol k dispoz\u00edcii ako parfum!). Poslali ste mi aj vzorku masky Luxe Leave-In Masque, a tak som teraz posadnut\u00e1 aj touto maskou a dnes som si ju k\u00fapila. V\u017edy som mal probl\u00e9my s ku\u010derav\u00fdmi vlasmi, ktor\u00e9 s\u00fa na koncoch such\u00e9, a ako som starol, trochu sa zriedili. Teraz vyzer\u00e1 lep\u0161ie ako kedyko\u013evek predt\u00fdm a je tak m\u00e4kk\u00e1 a leskl\u00e1. V\u0161etk\u00fdm, ktor\u00fdch pozn\u00e1m, spievam chv\u00e1ly va\u0161ich v\u00fdrobkov. \u010eal\u0161ia vec, ktor\u00fa m\u00e1m r\u00e1d, je, \u017ee potrebujete tak m\u00e1lo produktu, je to naozaj ekonomick\u00e9. Len som ti chcel po\u010fakova\u0165. V\u0161etko najlep\u0161ie.<\/p>\n<hr \/>\n<p class=\"auto-style1\" style=\"text-align: left;\"><strong>Lauren<\/strong><\/p>\n<p class=\"auto-style1\" style=\"text-align: left;\">Mus\u00edm si da\u0165 dole klob\u00fak z Davroe.. Kone\u010dne som na\u0161la rad starostlivosti o vlasy, s ktor\u00fdm moje vlasy s\u00fahlasia. \u017dijeme na vidieckej stanici oviec \u010faleko z\u00e1padne od Adelaide (9 hod\u00edn) a \u017eijeme v dos\u0165 drsn\u00fdch podmienkach. Je dos\u0165 hor\u00faca, such\u00e1, extr\u00e9mne slan\u00e1, \u0161pinav\u00e1 a ve\u013emi drsn\u00e1 na moje vlasy.\u00a0 Ale v\u010faka Davroe som bol skuto\u010dne schopn\u00fd pestova\u0165 vlasy a udr\u017ea\u0165 ich vo v\u00fdbornom stave. A\u017e do bodu, kedy som sa c\u00edtila skvele, ke\u010f som to mala na na\u0161ej svadbe.<\/p>\n<p class=\"auto-style1\" style=\"text-align: left;\">Tak ve\u013emi v\u00e1m \u010fakujem.<\/p>\n<hr \/>\n<p class=\"auto-style1\" style=\"text-align: left;\"><strong>Bette<\/strong><\/p>\n<p class=\"auto-style1\" style=\"text-align: left;\">Ned\u00e1vno som objavila va\u0161e v\u00fdrobky a ako obhajky\u0148a zvierat v\u00e1m tlieskam za v\u00e1\u0161 sortiment, ktor\u00fd zvierat\u00e1m nesp\u00f4sobuje zbyto\u010dn\u00fa boles\u0165.<\/p>\n<p class=\"auto-style1\" style=\"text-align: left;\">\u010casto pom\u00e1ham farbe mojich vlasov s hennou a zistil som, \u017ee va\u0161e farebn\u00e9 zmysly a zmysly pre vlhkos\u0165 s\u00fa brilantn\u00e9 v tom, \u017ee ich udr\u017euj\u00fa m\u00e4kk\u00e9 a zvl\u00e1dnute\u013en\u00e9.<\/p>\n<hr \/>\n<p class=\"auto-style1\" style=\"text-align: left;\"><strong>Donna<\/strong><\/p>\n<p class=\"auto-style1\" style=\"text-align: left;\">Dobr\u00fd de\u0148.<\/p>\n<p class=\"auto-style1\" style=\"text-align: left;\">R\u00e1d by som nap\u00edsal a \u010fakujem za va\u0161e skvel\u00e9 produkty s\u00fa.<\/p>\n<p class=\"auto-style1\" style=\"text-align: left;\">Bol som na konci d\u00f4vtipu s mojimi dc\u00e9rami dlh\u00e9 vlasy, ktor\u00e9 boli v\u017edy zamotan\u00e9 sme nen\u00e1videli kefovanie vlasy ka\u017ed\u00fd de\u0148. Potom mi odporu\u010dili v\u00e1\u0161 \u0161amp\u00f3n a kondicion\u00e9r z Hairhouse Warehouse a Who hoo M\u00e1m teraz die\u0165a, ktor\u00e9 mi dovol\u00ed urobi\u0165 si vlasy s na\u0161\u00edm krikom, pla\u010dom a krikom.<\/p>\n<p class=\"auto-style1\" style=\"text-align: left;\">V\u010faka tebe sa moje dni za\u010dali ove\u013ea lep\u0161ie...<\/p>\n<p class=\"auto-style1\" style=\"text-align: left;\">I have told everyone about your products. \ud83d\ude42<\/p>\n<p class=\"auto-style1\" style=\"text-align: left;\">Tak som si myslela, \u017ee nap\u00ed\u0161em a poviem ve\u013ek\u00e9 po\u010fakovanie od ve\u013emi \u0161\u0165astnej mamy.<\/p>\n<hr \/>\n<p class=\"auto-style1\" style=\"text-align: left;\"><strong>Kaila \u2013 VIC<\/strong><\/p>\n<p>Ahojte diev\u010dat\u00e1,<\/p>\n<p>Vysvetlil som d\u00e1me v obchode moju situ\u00e1ciu o tom, \u010do som potreboval pre moje vlasy + \u017eijem na mieste, ktor\u00e9 je ve\u013emi vlhk\u00e9 pol roka... Povedala mi, \u017ee pou\u017e\u00edva Davroe a sk\u00fasila to.<\/p>\n<p>\u010c\u00edtal som f\u013ea\u0161u, akon\u00e1hle som videl vetu o vlhkosti ... PREDAN\u00c9.\u00a0 I\u0161iel som domov a pou\u017eil som \u0161amp\u00f3n a kondicion\u00e9r Smooth Senses.<\/p>\n<p>Nielen, \u017ee to vo\u0148alo super dobre, moje vlasy boli m\u00e4kk\u00e9, krotk\u00e9 a pln\u00e9 \u017eivota. Naozaj to fungovalo ako poch\u00fa\u0165ka a na druhej strane sa c\u00edtilo dobre pou\u017e\u00edva\u0165, preto\u017ee je to zviera bez krutosti, parab\u00e9nov at\u010f.<\/p>\n<p>Ve\u013emi sa mi to p\u00e1\u010dilo a u\u017e som to odporu\u010dila aj ostatn\u00fdm.<br \/>\n<strong><br \/>\n\u010eakujem za k\u00fazlo xx<\/strong><\/p>\n<hr \/>\n<p class=\"auto-style1\" style=\"text-align: left;\"><strong>Asha \u2013 NSW<\/strong><\/p>\n<p class=\"auto-style1\" style=\"text-align: left;\">Dobr\u00fd de\u0148,<\/p>\n<p>Chcel by som len poveda\u0165, ak\u00e9 \u00fa\u017easn\u00e9 s\u00fa va\u0161e v\u00fdrobky, milujem ich.<\/p>\n<p>Robia pre m\u0148a z\u00e1zraky! Zd\u00e1 sa, \u017ee ni\u010d in\u00e9 nefunguje, a preto som za va\u0161e v\u00fdrobky ve\u013emi v\u010fa\u010dn\u00fd.<\/p>\n<p>Nech\u00e1vaj\u00fa ma vyzera\u0165 bezchybne a prinajlep\u0161om zaka\u017ed\u00fdm.<\/p>\n<p>Best regards, Asha. \ud83d\ude42<\/p>\n<hr \/>\n<p class=\"auto-style1\" style=\"text-align: left;\"><strong>Tina \u2013 SA<\/strong><\/p>\n<p class=\"auto-style1\" style=\"text-align: left;\">Doplni\u0165 je najlep\u0161ie o\u0161etrenie v\u00f4bec, pou\u017e\u00edvam ho raz t\u00fd\u017edenne a to len rob\u00ed v\u00e1m vlasy c\u00edti\u0165 tak dobre a tak m\u00e4kk\u00e9 a opraven\u00e9 a vonia bo\u017esky, to je ur\u010dite mus\u00ed ma\u0165.<\/p>\n<hr \/>\n<p class=\"auto-style1\" style=\"text-align: left;\"><strong>Thea \u2013 NSW<\/strong><\/p>\n<p>Dobr\u00fd de\u0148,<\/p>\n<p>Len som v\u00e1m chcel posla\u0165 e-mail, aby som v\u00e1m povedal, \u017ee milujem v\u00e1\u0161 \u0161amp\u00f3n a kondicion\u00e9ry.<\/p>\n<p>Objavil som va\u0161u zna\u010dku, preto\u017ee som cestoval a potreboval som mal\u00fd \u0161amp\u00f3n a kondicion\u00e9r a videl som, \u017ee v\u00e1\u0161 100ml je perfektn\u00e1 ve\u013ekos\u0165.<\/p>\n<p>Po tak\u00fdch skvel\u00fdch v\u00fdsledkoch, \u017ee som si objednal r\u00f4zne, aby som zistil, \u010do je najlep\u0161ie pre moje vlasy.<\/p>\n<p>Milujem rozsah Moisture a teraz sa sna\u017e\u00edm chr\u00e1ni\u0165 teplo a vyrovn\u00e1vac\u00ed balzam, aby som zistil, ktor\u00fd sa mi p\u00e1\u010di najviac.<\/p>\n<hr \/>\n<p class=\"auto-style1\" style=\"text-align: left;\"><strong>Tahnee \u2013 VIC<br \/>\n<\/strong><\/p>\n<p style=\"text-align: left;\">Dobr\u00fd de\u0148!<\/p>\n<p style=\"text-align: left;\">Vo \u0161tvrtok 30. apr\u00edla som pri\u0161iel do obchodu s cenov\u00fdmi \u00fatokmi na Southlande a neochotne som vysvetlil, \u017ee som mal naozaj hrozn\u00fa sebhorreick\u00fa dermatit\u00eddu.<\/p>\n<p style=\"text-align: left;\">Kr\u00e1sna d\u00e1ma pracuj\u00faca pri pultu odporu\u010dila \u0161amp\u00f3n Davroe Anti-Dandruff a bol to absol\u00fatny z\u00e1chranca \u017eivota!<\/p>\n<p style=\"text-align: left;\">\u00daprimne povedan\u00e9, je to jedin\u00fd \u00fa\u010dinn\u00fd produkt, ktor\u00fd som kedy pou\u017eil a po t\u00fd\u017edni (tri prania) nie je na mojej hlave vidie\u0165 \u0161kvrnu!!<\/p>\n<p style=\"text-align: left;\">Hoci si jej meno nepam\u00e4t\u00e1m a zvy\u010dajne nep\u00ed\u0161em, \u00faprimne jej nem\u00f4\u017eem dostato\u010dne po\u010fakova\u0165 za vyrie\u0161enie m\u00f4jho probl\u00e9mu!<\/p>\n<p style=\"text-align: left;\">To v\u00e1\u017ene ovplyvnilo moju d\u00f4veru a vzh\u013eadom na pretrv\u00e1vaj\u00facu povahu probl\u00e9mu som bol pr\u00edli\u0161 v rozpakoch, aby som si ostrihal vlasy!<\/p>\n<p style=\"text-align: left;\">Nedok\u00e1\u017eem vyjadri\u0165, ako mi pr\u00edchod do obchodu u\u013eah\u010dil \u017eivot a starostlivos\u0165 o vlasy bola bezstarostn\u00e1!<\/p>\n<p style=\"text-align: left;\">V\u010faka za miliardu!<\/p>\n<hr \/>\n<p class=\"auto-style1\" style=\"text-align: left;\"><strong>Mardi \u2013 NSW<br \/>\n<\/strong><\/p>\n<p style=\"text-align: left;\">Ahojte, chcela by som sa v\u00e1m e\u0161te raz ve\u013emi pekne po\u010fakova\u0165 za zdrav\u00fa poko\u017eku hlavy.<\/p>\n<p style=\"text-align: left;\">U\u017e 3 roky m\u00e1m ve\u013emi \u0161upinat\u00fa svrbiacu poko\u017eku hlavy, ktor\u00e1 ma priviedla k zdrav\u00e9mu rozumu a vyvinul som tento probl\u00e9m s poko\u017ekou hlavy po pou\u017eit\u00ed in\u00e9ho pr\u00edrodn\u00e9ho organick\u00e9ho \u0161amp\u00f3nu a kondicion\u00e9ra.<\/p>\n<p style=\"text-align: left;\">Sk\u00fa\u0161al som to, aby mi pomohol skalp, ale ni\u010d nefungovalo. Od zdrav\u00fdch potrav\u00edn a\u017e po chemick\u00e9 v\u00fdrobky sa ni\u010d nezbavilo mojej svrbiacej \u0161upinatej poko\u017eky hlavy. K\u00fdm som neza\u010dal pou\u017e\u00edva\u0165 v\u00e1\u0161 \u0161amp\u00f3n proti lupin\u00e1m posledn\u00fdch p\u00e1r t\u00fd\u017ed\u0148ov a OMG kone\u010dne m\u00e1m \u010dist\u00fa poko\u017eku hlavy s takmer \u017eiadnymi svrbeniami alebo vlo\u010dkami.<\/p>\n<p style=\"text-align: left;\">Nem\u00f4\u017eem v\u00e1m dostato\u010dne po\u010fakova\u0165 za to, \u017ee ste mi zachr\u00e1nili poko\u017eku hlavy.<\/p>\n<p style=\"text-align: left;\">Po\u010fakujte pou\u017e\u00edvate\u013eovi Davroe Xxx.<\/p>\n<hr \/>\n<p class=\"auto-style1\" style=\"text-align: left;\"><strong>Yvonne \u2013 VIC<\/strong><\/p>\n<p style=\"text-align: left;\">Po pou\u017eit\u00ed \u0161k\u00e1ly lup\u00edn na vlasy mojej dc\u00e9ry som s rados\u0165ou plakala. Moja dc\u00e9ra m\u00e1 \u0161peci\u00e1lne potreby a u\u017e 11 rokov sa sna\u017e\u00edme lie\u010di\u0165 ve\u013emi bo\u013eav\u00fa lebku, ktor\u00e1 bola tak\u00e1 zl\u00e1, \u017ee by krv\u00e1cala.<\/p>\n<p style=\"text-align: left;\">Vysk\u00fa\u0161ali sme ve\u013ea produktov odpor\u00fa\u010dan\u00fdch \u0161pecialistami a ni\u010d nefungovalo. Jedn\u00e9ho d\u0148a som vo\u0161iel do jedn\u00e9ho z va\u0161ich obchodov a d\u00e1ma odporu\u010dila v\u00e1\u0161 produkt. Nikdy za mili\u00f3n rokov som neveril, \u017ee to bude fungova\u0165. Po troch d\u0148och sa lebka mojej dc\u00e9ry \u00faplne uzdravila.<\/p>\n<p style=\"text-align: left;\">To bolo pred 4 mesiacmi a jej psori\u00e1za sa nikdy nevr\u00e1tila. Nem\u00f4\u017eem v\u00e1m dostato\u010dne po\u010fakova\u0165...<\/p>\n<p style=\"text-align: left;\">Va\u0161e v\u00fdrobky budem na\u010falej odpor\u00fa\u010da\u0165. Vyu\u017e\u00edva ich cel\u00e1 rodina. S\u00fa \u00fa\u017easn\u00e9!!<\/p>\n<p style=\"text-align: left;\">Prajem V\u00e1m ve\u013ea \u00faspechov a d\u00fafam, \u017ee budete aj na\u010falej \u00faspe\u0161n\u00ed. E\u0161te raz \u010fakujem. Zmenili ste \u017eivot m\u00f4jho diev\u010datka, teraz miluje svoje vlasy!<\/p>\n<hr \/>\n<p class=\"auto-style1\" style=\"text-align: left;\"><strong>Kym \u2013 VIC<\/strong><\/p>\n<p style=\"text-align: left;\">Ned\u00e1vno som \u0161iel do obchodu so starostlivos\u0165ou o vlasy, aby som si k\u00fapil kvalitn\u00e9 vlasov\u00e9 v\u00fdrobky, ale ako milovn\u00edk zvierat som poradil obchodn\u00e9mu asistentovi, \u017ee chcem len v\u00fdrobky, ktor\u00e9 nepou\u017e\u00edvaj\u00fa testovanie na zvierat\u00e1ch.<\/p>\n<p style=\"text-align: left;\">Je ve\u013emi sklaman\u00edm, \u017ee z pribli\u017ene 200 zna\u010diek len dve z nich netestovali na zvierat\u00e1ch.<\/p>\n<p style=\"text-align: left;\">K\u00fapil som si va\u0161e hydrata\u010dn\u00e9 zmyslov\u00e9 produkty a odpor\u00fa\u010dam v\u00e1m na va\u0161om kr\u00e1snom produkte, ktor\u00fd zanechal moje such\u00e9, jemn\u00e9, hrozn\u00e9 vlasy pocit, \u017ee s\u00fa tak hydratovan\u00e9 a vyzeraj\u00fa lep\u0161ie, ako to vyzeralo v rokoch.<\/p>\n<p style=\"text-align: left;\">Ste \u00fa\u017easn\u00e1 austr\u00e1lska spolo\u010dnos\u0165 so skvel\u00fdmi produktmi, ktor\u00e9 naozaj funguj\u00fa a najd\u00f4le\u017eitej\u0161ia vec pre moju rodinu a ja nie som testovanie na zvierat\u00e1ch.<\/p>\n<p style=\"text-align: left;\">\u010eakujem za skvel\u00fd produkt a \u017eiadne testovanie na zvierat\u00e1ch.<\/p>\n<p style=\"text-align: left;\">V\u00e1\u0161 produkt odpor\u00fa\u010dam v\u0161etk\u00fdm.<\/p>\n<hr \/>\n<p><strong>Shannon \u2013 TOOWOOMBA<\/strong><\/p>\n<p>Podrobn\u00e9 inform\u00e1cie: Dobr\u00fd de\u0148! Pr\u00e1ve som vysk\u00fa\u0161al vzorku v\u00e1\u0161ho Replenish Jojoba Creme<\/p>\n<p>Lie\u010dba. Je to \u00fa\u017easn\u00e9!!! M\u00f4\u017eete mi pros\u00edm poveda\u0165, \u010di m\u00e1te burzu?<\/p>\n<p>Pre tento produkt v Toowoomba? Ak nie, kto ho v Bratislave pred\u00e1?<\/p>\n<p>\u010eakujeme!<\/p>\n<hr \/>\n<p><strong>Chloe \u2013 NSW<\/strong><\/p>\n<p>Dobr\u00fd de\u0148 Davroe! Chcel by som len poveda\u0165, ak\u00e9 \u00fa\u017easn\u00e9 s\u00fa va\u0161e produkty! U\u017e roky h\u013ead\u00e1m perfektn\u00fd \u0161amp\u00f3n a kondicion\u00e9r pre moje blond vlasy a som rada, \u017ee som \u0165a kone\u010dne na\u0161la!<\/p>\n<p>Produkty s\u00fa tak cenovo dostupn\u00e9 a zanech\u00e1vaj\u00fa moje vlasy pocit \u00fa\u017easn\u00e9 a skuto\u010dne \u010dist\u00e9 a zdrav\u00e9 zaka\u017ed\u00fdm! A bonus, \u017ee je to v\u0161etko austr\u00e1lske vlastnen\u00e9 a vyroben\u00e9! \u017diadne testovanie na zvierat\u00e1ch a \u017eiadna \u0161kared\u00e1 chemik\u00e1lia.<\/p>\n<p>Budem hovori\u0165 v\u0161etk\u00fdm svojim priate\u013eom a rodine o rozsahu!<\/p>\n<hr \/>\n<p><strong>Michelle \u2013 VIC<\/strong><\/p>\n<p>Tento produkt bol vyroben\u00fd v DROVES. Potrebujete len najmen\u0161ie mno\u017estvo a va\u0161e vlasy s\u00fa super duper m\u00e4kk\u00e9 (a vo\u0148aj\u00fa \u00fa\u017easne). Moje vlasy s\u00fa kr\u00e1sne aj po nato\u010den\u00ed a napadnut\u00ed lakom na vlasy... Tesne pred stylingom (prirodzene s tepeln\u00fdm sprejom) som si trochu praskla do vlasov a moje vlasy ne\u0161umeli. Nepotrebujete ani ve\u013ea<\/p>\n<hr \/>\n<p><strong>Sarah \u2013 WA<\/strong><\/p>\n<p>Asi by som sa o tomto produkte nemohla viac zauj\u00edma\u0165, keby som to sk\u00fasila. V\u00f4\u0148a, text\u00fara, ako sa moje vlasy c\u00edtia! Je to splnen\u00fd sen. Toto bude ur\u010dite z\u00e1klad v mojej pl\u00e1\u017eovej ta\u0161ke a pravdepodobne budem plaka\u0165, ke\u010f mi vypr\u0161\u00ed (na\u0161\u0165astie m\u00e1m kr\u00e1tke vlasy, tak\u017ee by to malo by\u0165 \u010faleko).<\/p>\n<table border=\"0\" width=\"100%\" cellspacing=\"0\" cellpadding=\"0\">\n<tbody>\n<tr>\n<td class=\"DavroeBodyTextRegular\"><\/td>\n<\/tr>\n<tr>\n<td class=\"DavroeBodyTextRegular\"><\/td>\n<\/tr>\n<\/tbody>\n<\/table>","protected":false},"excerpt":{"rendered":"<p>We receive feedback from people about our Davroe Range Everyday.\u00a0\u00a0 We love to hear what you have to say &#8211; please contact us at customerservice@davroe.com Karen Hello! I just wanted to say thank you for the very fast service that we received after ordering your products! I usually buy them from my local hair care&hellip;<\/p>","protected":false},"author":1,"featured_media":0,"parent":0,"menu_order":0,"comment_status":"open","ping_status":"open","template":"","meta":{"_acf_changed":false,"footnotes":""},"class_list":["post-550","page","type-page","status-publish","hentry","description-off"],"acf":[],"_links":{"self":[{"href":"https:\/\/davroe.sk\/sk\/wp-json\/wp\/v2\/pages\/550","targetHints":{"allow":["GET"]}}],"collection":[{"href":"https:\/\/davroe.sk\/sk\/wp-json\/wp\/v2\/pages"}],"about":[{"href":"https:\/\/davroe.sk\/sk\/wp-json\/wp\/v2\/types\/page"}],"author":[{"embeddable":true,"href":"https:\/\/davroe.sk\/sk\/wp-json\/wp\/v2\/users\/1"}],"replies":[{"embeddable":true,"href":"https:\/\/davroe.sk\/sk\/wp-json\/wp\/v2\/comments?post=550"}],"version-history":[{"count":0,"href":"https:\/\/davroe.sk\/sk\/wp-json\/wp\/v2\/pages\/550\/revisions"}],"wp:attachment":[{"href":"https:\/\/davroe.sk\/sk\/wp-json\/wp\/v2\/media?parent=550"}],"curies":[{"name":"wp","href":"https:\/\/api.w.org\/{rel}","templated":true}]}}