{"id":6,"date":"2024-04-12T04:12:06","date_gmt":"2024-04-12T04:12:06","guid":{"rendered":"https:\/\/davroe.sk\/?page_id=6"},"modified":"2024-06-04T06:57:55","modified_gmt":"2024-06-04T06:57:55","slug":"cart","status":"publish","type":"page","link":"https:\/\/davroe.sk\/sk\/cart\/","title":{"rendered":"Ko\u0161\u00edk"},"content":{"rendered":"<div data-block-name=\"woocommerce\/cart\" class=\"wp-block-woocommerce-cart alignwide is-loading\">\n<div data-block-name=\"woocommerce\/filled-cart-block\" class=\"wp-block-woocommerce-filled-cart-block\">\n<div data-block-name=\"woocommerce\/cart-items-block\" class=\"wp-block-woocommerce-cart-items-block\">\n<div data-block-name=\"woocommerce\/cart-line-items-block\" class=\"wp-block-woocommerce-cart-line-items-block\"><\/div>\n\n\n\n<div data-block-name=\"woocommerce\/cart-cross-sells-block\" class=\"wp-block-woocommerce-cart-cross-sells-block\">\n<h2 class=\"wp-block-heading has-large-font-size\">Mohlo by v\u00e1s zauj\u00edma\u0165...<\/h2>\n\n\n\n<div data-block-name=\"woocommerce\/cart-cross-sells-products-block\" class=\"wp-block-woocommerce-cart-cross-sells-products-block\"><\/div>\n<\/div>\n<\/div>\n\n\n\n<div data-block-name=\"woocommerce\/cart-totals-block\" class=\"wp-block-woocommerce-cart-totals-block\">\n<div data-block-name=\"woocommerce\/cart-order-summary-block\" class=\"wp-block-woocommerce-cart-order-summary-block\">\n<div data-block-name=\"woocommerce\/cart-order-summary-heading-block\" class=\"wp-block-woocommerce-cart-order-summary-heading-block\"><\/div><div data-block-name=\"woocommerce\/cart-order-summary-coupon-form-block\" class=\"wp-block-woocommerce-cart-order-summary-coupon-form-block\"><\/div><div data-block-name=\"woocommerce\/cart-order-summary-totals-block\" class=\"wp-block-woocommerce-cart-order-summary-totals-block\">\n<div data-block-name=\"woocommerce\/cart-order-summary-subtotal-block\" class=\"wp-block-woocommerce-cart-order-summary-subtotal-block\"><\/div>\n<div data-block-name=\"woocommerce\/cart-order-summary-discount-block\" class=\"wp-block-woocommerce-cart-order-summary-discount-block\"><\/div>\n<div data-block-name=\"woocommerce\/cart-order-summary-fee-block\" class=\"wp-block-woocommerce-cart-order-summary-fee-block\"><\/div>\n<div data-block-name=\"woocommerce\/cart-order-summary-shipping-block\" class=\"wp-block-woocommerce-cart-order-summary-shipping-block\"><\/div>\n<div data-block-name=\"woocommerce\/cart-order-summary-taxes-block\" class=\"wp-block-woocommerce-cart-order-summary-taxes-block\"><\/div><\/div>\n<\/div>\n\n\n\n<div data-block-name=\"woocommerce\/cart-express-payment-block\" class=\"wp-block-woocommerce-cart-express-payment-block\"><\/div>\n\n\n\n<div data-block-name=\"woocommerce\/proceed-to-checkout-block\" class=\"wp-block-woocommerce-proceed-to-checkout-block\"><\/div>\n\n\n\n<div data-block-name=\"woocommerce\/cart-accepted-payment-methods-block\" class=\"wp-block-woocommerce-cart-accepted-payment-methods-block\"><\/div>\n<\/div>\n<\/div>\n\n\n\n<div data-block-name=\"woocommerce\/empty-cart-block\" class=\"wp-block-woocommerce-empty-cart-block\">\n<h2 class=\"wp-block-heading has-text-align-center with-empty-cart-icon wc-block-cart__empty-cart__title\">V\u00e1\u0161 ko\u0161\u00edk je moment\u00e1lne pr\u00e1zdny!<\/h2>\n\n\n\n<hr class=\"wp-block-separator has-alpha-channel-opacity is-style-dots\"\/>\n\n\n\n<h2 class=\"wp-block-heading has-text-align-center\">Nov\u00e9 v obchode<\/h2>\n\n\n<div data-block-name=\"woocommerce\/product-new\" data-columns=\"4\" data-rows=\"1\" class=\"wc-block-grid wp-block-product-new wp-block-woocommerce-product-new wc-block-product-new has-4-columns\"><ul class=\"wc-block-grid__products\"><li class=\"wc-block-grid__product\">\n\t\t\t\t<a href=\"https:\/\/davroe.sk\/sk\/shop\/remedy\/spa\/scalp-remedy-spa-exfoliating-scrub\/\" class=\"wc-block-grid__product-link\">\n\t\t\t\t\t\n\t\t\t\t\t<div class=\"wc-block-grid__product-image\"><img loading=\"lazy\" decoding=\"async\" width=\"300\" height=\"300\" src=\"https:\/\/davroe.sk\/wp-content\/uploads\/2025\/01\/SCALP_SCRUB_PNG-300x300.png\" class=\"attachment-woocommerce_thumbnail size-woocommerce_thumbnail\" alt=\"Scalp Remedy Spa Exfoliating Scrub Exfolia\u010dn\u00fd peeling na poko\u017eku hlavy\" srcset=\"https:\/\/davroe.sk\/wp-content\/uploads\/2025\/01\/SCALP_SCRUB_PNG-300x300.png 300w, https:\/\/davroe.sk\/wp-content\/uploads\/2025\/01\/SCALP_SCRUB_PNG-1024x1024.png 1024w, https:\/\/davroe.sk\/wp-content\/uploads\/2025\/01\/SCALP_SCRUB_PNG-150x150.png 150w, https:\/\/davroe.sk\/wp-content\/uploads\/2025\/01\/SCALP_SCRUB_PNG-768x768.png 768w, https:\/\/davroe.sk\/wp-content\/uploads\/2025\/01\/SCALP_SCRUB_PNG-12x12.png 12w, https:\/\/davroe.sk\/wp-content\/uploads\/2025\/01\/SCALP_SCRUB_PNG-600x600.png 600w, https:\/\/davroe.sk\/wp-content\/uploads\/2025\/01\/SCALP_SCRUB_PNG-200x200.png 200w, https:\/\/davroe.sk\/wp-content\/uploads\/2025\/01\/SCALP_SCRUB_PNG.png 1080w\" sizes=\"auto, (max-width: 300px) 100vw, 300px\" \/><\/div>\n\t\t\t\t\t<div class=\"wc-block-grid__product-title\">Scalp Remedy Spa Exfoliating Scrub Exfolia\u010dn\u00fd peeling na poko\u017eku hlavy<\/div>\n\t\t\t\t<\/a>\n\t\t\t\t<div class=\"wc-block-grid__product-price price\"><span class=\"woocommerce-Price-amount amount\">36,99&nbsp;<span class=\"woocommerce-Price-currencySymbol\">\u20ac<\/span><\/span><\/div>\n\t\t\t\t\n\t\t\t\t<div class=\"wp-block-button wc-block-grid__product-add-to-cart\"><a href=\"\/sk\/wp-json\/wp\/v2\/pages\/6?add-to-cart=25313\" aria-label=\"Prida\u0165 do ko\u0161\u00edka: \u201eScalp Remedy Spa Exfoliating Scrub\u201c\" data-quantity=\"1\" data-product_id=\"25313\" data-product_sku=\"3566\" data-price=\"36.99\" rel=\"nofollow\" class=\"wp-block-button__link  add_to_cart_button ajax_add_to_cart\">Prida\u0165 do ko\u0161\u00edka<\/a><\/div>\n\t\t\t<\/li><li class=\"wc-block-grid__product\">\n\t\t\t\t<a href=\"https:\/\/davroe.sk\/sk\/shop\/remedy\/spa\/scalp-remedy-spa-overnight-serum\/\" class=\"wc-block-grid__product-link\">\n\t\t\t\t\t\n\t\t\t\t\t<div class=\"wc-block-grid__product-image\"><img loading=\"lazy\" decoding=\"async\" width=\"300\" height=\"300\" src=\"https:\/\/davroe.sk\/wp-content\/uploads\/2025\/01\/Scalp-Remedy-Spa-Overnight-Serum-50ml-3567-shadow-300x300.png\" class=\"attachment-woocommerce_thumbnail size-woocommerce_thumbnail\" alt=\"Scalp Remedy Spa Overnight Serum No\u010dn\u00e9 s\u00e9rum na poko\u017eku hlavy\" srcset=\"https:\/\/davroe.sk\/wp-content\/uploads\/2025\/01\/Scalp-Remedy-Spa-Overnight-Serum-50ml-3567-shadow-300x300.png 300w, https:\/\/davroe.sk\/wp-content\/uploads\/2025\/01\/Scalp-Remedy-Spa-Overnight-Serum-50ml-3567-shadow-1024x1024.png 1024w, https:\/\/davroe.sk\/wp-content\/uploads\/2025\/01\/Scalp-Remedy-Spa-Overnight-Serum-50ml-3567-shadow-150x150.png 150w, https:\/\/davroe.sk\/wp-content\/uploads\/2025\/01\/Scalp-Remedy-Spa-Overnight-Serum-50ml-3567-shadow-768x768.png 768w, https:\/\/davroe.sk\/wp-content\/uploads\/2025\/01\/Scalp-Remedy-Spa-Overnight-Serum-50ml-3567-shadow-12x12.png 12w, https:\/\/davroe.sk\/wp-content\/uploads\/2025\/01\/Scalp-Remedy-Spa-Overnight-Serum-50ml-3567-shadow-600x600.png 600w, https:\/\/davroe.sk\/wp-content\/uploads\/2025\/01\/Scalp-Remedy-Spa-Overnight-Serum-50ml-3567-shadow-200x200.png 200w, https:\/\/davroe.sk\/wp-content\/uploads\/2025\/01\/Scalp-Remedy-Spa-Overnight-Serum-50ml-3567-shadow.png 1080w\" sizes=\"auto, (max-width: 300px) 100vw, 300px\" \/><\/div>\n\t\t\t\t\t<div class=\"wc-block-grid__product-title\">Scalp Remedy Spa Overnight Serum No\u010dn\u00e9 s\u00e9rum na poko\u017eku hlavy<\/div>\n\t\t\t\t<\/a>\n\t\t\t\t<div class=\"wc-block-grid__product-price price\"><span class=\"woocommerce-Price-amount amount\">36,99&nbsp;<span class=\"woocommerce-Price-currencySymbol\">\u20ac<\/span><\/span><\/div>\n\t\t\t\t\n\t\t\t\t<div class=\"wp-block-button wc-block-grid__product-add-to-cart\"><a href=\"\/sk\/wp-json\/wp\/v2\/pages\/6?add-to-cart=25312\" aria-label=\"Prida\u0165 do ko\u0161\u00edka: \u201eScalp Remedy Spa Overnight Serum\u201c\" data-quantity=\"1\" data-product_id=\"25312\" data-product_sku=\"3567\" data-price=\"36.99\" rel=\"nofollow\" class=\"wp-block-button__link  add_to_cart_button ajax_add_to_cart\">Prida\u0165 do ko\u0161\u00edka<\/a><\/div>\n\t\t\t<\/li><li class=\"wc-block-grid__product\">\n\t\t\t\t<a href=\"https:\/\/davroe.sk\/sk\/shop\/remedy\/spa\/scalp-remedy-spa-micellar-cleansing-oil\/\" class=\"wc-block-grid__product-link\">\n\t\t\t\t\t\n\t\t\t\t\t<div class=\"wc-block-grid__product-image\"><img loading=\"lazy\" decoding=\"async\" width=\"300\" height=\"300\" src=\"https:\/\/davroe.sk\/wp-content\/uploads\/2025\/01\/DAVROE-Scalp-Remedy-Spa-Micellar-Cleansing-Oil_3568-300x300.png\" class=\"attachment-woocommerce_thumbnail size-woocommerce_thumbnail\" alt=\"Scalp Remedy Spa micel\u00e1rny \u010distiaci olej\" srcset=\"https:\/\/davroe.sk\/wp-content\/uploads\/2025\/01\/DAVROE-Scalp-Remedy-Spa-Micellar-Cleansing-Oil_3568-300x300.png 300w, https:\/\/davroe.sk\/wp-content\/uploads\/2025\/01\/DAVROE-Scalp-Remedy-Spa-Micellar-Cleansing-Oil_3568-1024x1024.png 1024w, https:\/\/davroe.sk\/wp-content\/uploads\/2025\/01\/DAVROE-Scalp-Remedy-Spa-Micellar-Cleansing-Oil_3568-150x150.png 150w, https:\/\/davroe.sk\/wp-content\/uploads\/2025\/01\/DAVROE-Scalp-Remedy-Spa-Micellar-Cleansing-Oil_3568-768x768.png 768w, https:\/\/davroe.sk\/wp-content\/uploads\/2025\/01\/DAVROE-Scalp-Remedy-Spa-Micellar-Cleansing-Oil_3568-12x12.png 12w, https:\/\/davroe.sk\/wp-content\/uploads\/2025\/01\/DAVROE-Scalp-Remedy-Spa-Micellar-Cleansing-Oil_3568-600x600.png 600w, https:\/\/davroe.sk\/wp-content\/uploads\/2025\/01\/DAVROE-Scalp-Remedy-Spa-Micellar-Cleansing-Oil_3568-200x200.png 200w, https:\/\/davroe.sk\/wp-content\/uploads\/2025\/01\/DAVROE-Scalp-Remedy-Spa-Micellar-Cleansing-Oil_3568.png 1080w\" sizes=\"auto, (max-width: 300px) 100vw, 300px\" \/><\/div>\n\t\t\t\t\t<div class=\"wc-block-grid__product-title\">Scalp Remedy Spa micel\u00e1rny \u010distiaci olej<\/div>\n\t\t\t\t<\/a>\n\t\t\t\t<div class=\"wc-block-grid__product-price price\"><span class=\"woocommerce-Price-amount amount\">35,99&nbsp;<span class=\"woocommerce-Price-currencySymbol\">\u20ac<\/span><\/span><\/div>\n\t\t\t\t\n\t\t\t\t<div class=\"wp-block-button wc-block-grid__product-add-to-cart\"><a href=\"\/sk\/wp-json\/wp\/v2\/pages\/6?add-to-cart=25310\" aria-label=\"Prida\u0165 do ko\u0161\u00edka: \u201eScalp Remedy Spa Micellar Cleansing Oil\u201c\" data-quantity=\"1\" data-product_id=\"25310\" data-product_sku=\"3568\" data-price=\"35.99\" rel=\"nofollow\" class=\"wp-block-button__link  add_to_cart_button ajax_add_to_cart\">Prida\u0165 do ko\u0161\u00edka<\/a><\/div>\n\t\t\t<\/li><li class=\"wc-block-grid__product\">\n\t\t\t\t<a href=\"https:\/\/davroe.sk\/sk\/shop\/curlicue\/curlicue-curl-gel\/\" class=\"wc-block-grid__product-link\">\n\t\t\t\t\t\n\t\t\t\t\t<div class=\"wc-block-grid__product-image\"><img loading=\"lazy\" decoding=\"async\" width=\"300\" height=\"300\" src=\"https:\/\/davroe.sk\/wp-content\/uploads\/2025\/01\/CURLICUE_CURL-GEL-300x300.png\" class=\"attachment-woocommerce_thumbnail size-woocommerce_thumbnail\" alt=\"CURLiCUE Curl Gel\" srcset=\"https:\/\/davroe.sk\/wp-content\/uploads\/2025\/01\/CURLICUE_CURL-GEL-300x300.png 300w, https:\/\/davroe.sk\/wp-content\/uploads\/2025\/01\/CURLICUE_CURL-GEL-1024x1024.png 1024w, https:\/\/davroe.sk\/wp-content\/uploads\/2025\/01\/CURLICUE_CURL-GEL-150x150.png 150w, https:\/\/davroe.sk\/wp-content\/uploads\/2025\/01\/CURLICUE_CURL-GEL-768x768.png 768w, https:\/\/davroe.sk\/wp-content\/uploads\/2025\/01\/CURLICUE_CURL-GEL-12x12.png 12w, https:\/\/davroe.sk\/wp-content\/uploads\/2025\/01\/CURLICUE_CURL-GEL-600x600.png 600w, https:\/\/davroe.sk\/wp-content\/uploads\/2025\/01\/CURLICUE_CURL-GEL-200x200.png 200w, https:\/\/davroe.sk\/wp-content\/uploads\/2025\/01\/CURLICUE_CURL-GEL.png 1080w\" sizes=\"auto, (max-width: 300px) 100vw, 300px\" \/><\/div>\n\t\t\t\t\t<div class=\"wc-block-grid__product-title\">CURLiCUE Curl Gel<\/div>\n\t\t\t\t<\/a>\n\t\t\t\t<div class=\"wc-block-grid__product-price price\"><span class=\"woocommerce-Price-amount amount\">30,99&nbsp;<span class=\"woocommerce-Price-currencySymbol\">\u20ac<\/span><\/span><\/div>\n\t\t\t\t\n\t\t\t\t<div class=\"wp-block-button wc-block-grid__product-add-to-cart\"><a href=\"\/sk\/wp-json\/wp\/v2\/pages\/6?add-to-cart=25308\" aria-label=\"Prida\u0165 do ko\u0161\u00edka: \u201eCURLiCUE Curl Gel\u201c\" data-quantity=\"1\" data-product_id=\"25308\" data-product_sku=\"3482\" data-price=\"30.99\" rel=\"nofollow\" class=\"wp-block-button__link  add_to_cart_button ajax_add_to_cart\">Prida\u0165 do ko\u0161\u00edka<\/a><\/div>\n\t\t\t<\/li><\/ul><\/div><\/div>\n<\/div>","protected":false},"excerpt":{"rendered":"<p>You may be interested in\u2026 Your cart is currently empty! New in store<\/p>","protected":false},"author":1,"featured_media":0,"parent":0,"menu_order":0,"comment_status":"closed","ping_status":"closed","template":"","meta":{"_acf_changed":false,"footnotes":""},"class_list":["post-6","page","type-page","status-publish","hentry","description-off"],"acf":[],"_links":{"self":[{"href":"https:\/\/davroe.sk\/sk\/wp-json\/wp\/v2\/pages\/6","targetHints":{"allow":["GET"]}}],"collection":[{"href":"https:\/\/davroe.sk\/sk\/wp-json\/wp\/v2\/pages"}],"about":[{"href":"https:\/\/davroe.sk\/sk\/wp-json\/wp\/v2\/types\/page"}],"author":[{"embeddable":true,"href":"https:\/\/davroe.sk\/sk\/wp-json\/wp\/v2\/users\/1"}],"replies":[{"embeddable":true,"href":"https:\/\/davroe.sk\/sk\/wp-json\/wp\/v2\/comments?post=6"}],"version-history":[{"count":1,"href":"https:\/\/davroe.sk\/sk\/wp-json\/wp\/v2\/pages\/6\/revisions"}],"predecessor-version":[{"id":25231,"href":"https:\/\/davroe.sk\/sk\/wp-json\/wp\/v2\/pages\/6\/revisions\/25231"}],"wp:attachment":[{"href":"https:\/\/davroe.sk\/sk\/wp-json\/wp\/v2\/media?parent=6"}],"curies":[{"name":"wp","href":"https:\/\/api.w.org\/{rel}","templated":true}]}}