{"id":24554,"date":"2024-04-26T07:27:21","date_gmt":"2024-04-26T06:27:21","guid":{"rendered":"https:\/\/davroe.sk\/?post_type=product&#038;p=24554"},"modified":"2025-10-16T05:10:20","modified_gmt":"2025-10-16T04:10:20","slug":"blonde-senses-toning-conditioner","status":"publish","type":"product","link":"https:\/\/davroe.sk\/sk\/shop\/senses\/blonde-senses\/blonde-senses-toning-conditioner\/","title":{"rendered":"Blonde Toning Conditioner Kondicion\u00e9r na t\u00f3novanie blond vlasov"},"content":{"rendered":"<h4><strong><span style=\"font-size: 18pt; font-family: Calibri; color: #800080;\">NOV\u00dd kondicion\u00e9r Blonde Senses teraz preformulovan\u00fd s viac fialov\u00fdm pigmentom na zlep\u0161enie t\u00f3novania a extra hydrat\u00e1ciu; Ide\u00e1lne pre po\u0161koden\u00e9, bielen\u00e9 vlasy.<\/span><\/strong><\/h4>\n<h4><strong>Blonde Senses Toning Conditioner je t\u00f3novac\u00ed kondicion\u00e9r, ktor\u00fd udr\u017euje blond alebo \u0161ediv\u00e9 vlasy a odstra\u0148uje ne\u017eiaduce mosadzn\u00e9 \u017elt\u00e9 t\u00f3ny.<\/strong><\/h4>\n<p><strong>Zm\u00e4k\u010dovanie. Hroznov\u00fd olej, olivov\u00fd olej a arganov\u00fd olej hydratuj\u00fa vlasy a zanech\u00e1vaj\u00fa ich hodv\u00e1bne hladk\u00e9.\u00a0 Blonde Senses Toning Conditioner tie\u017e detangles va\u0161e vlasy robi\u0165 \u010desanie po umyt\u00ed super jednoduch\u00e9.<\/strong><\/p>\n<p>Blond t\u00f3novac\u00ed kondicion\u00e9r dod\u00e1va lesk. Pr\u00edsady vy\u017eivuj\u00face vlasy zanech\u00e1vaj\u00fa vlasy zdrav\u00e9 a leskl\u00e9.<\/p>\n<ul>\n<li>Skvel\u00fd detangling kondicion\u00e9r<\/li>\n<li>zanech\u00e1va vlasy jemn\u00e9 a hodv\u00e1bne<\/li>\n<li>Zvy\u0161uje lesk<\/li>\n<li>Sulf\u00e1t &amp; Paraben zadarmo<\/li>\n<li>Veg\u00e1nske priate\u013esk\u00e9<\/li>\n<\/ul>\n<h5>Bohat\u00e1 recept\u00fara nas\u00fdti pramene vlasov t\u00f3nom, hydrat\u00e1ciou a stavom s nezabudnute\u013enou prirodzenou v\u00f4\u0148ou vanilkovej fialky.<\/h5>\n<p>Tento kondicion\u00e9r rob\u00ed perfektn\u00fa n\u00e1sledn\u00fa starostlivos\u0165 po umyt\u00ed \u0161amp\u00f3nom Blonde Senses Toning Shampoo. Pred\u013a\u017ete \u017eivotnos\u0165 svojho zdv\u00edhania a zv\u00fdraz\u0148ovania s t\u00fdmto nezastavite\u013en\u00fdm duom. \u010cist\u00e9 rastlinn\u00e9 v\u00fd\u0165a\u017eky udr\u017euj\u00fa vlasy m\u00e4kk\u00e9 a leskl\u00e9, tak\u017ee vlasy nikdy nebud\u00fa ma\u0165 ten nudn\u00fd, slamovit\u00fd pocit. Kondiciona\u010dn\u00e9 oleje robia vlasy zvl\u00e1dnute\u013en\u00e9 a hladk\u00e9, va\u0161e vlasy bud\u00fa ma\u0165 luxusn\u00fd lesk a jasn\u00fa farbu.<\/p>\n<p><strong>Pokyny na pou\u017e\u00edvanie: Mas\u00edrujte mal\u00e9 mno\u017estvo cez vlasy od poko\u017eky hlavy a\u017e po kon\u010deky po \u0161amp\u00f3novan\u00ed, nechajte p\u00f4sobi\u0165 2 min\u00faty a opl\u00e1chnite.\u00a0<\/strong><\/p>\n<p><em>Formulovan\u00e9 bez parab\u00e9nov, ftal\u00e1tov alebo sulf\u00e1tov.<\/em><\/p>","protected":false},"excerpt":{"rendered":"<h2><strong>T\u00f3novac\u00ed kondicion\u00e9r, ktor\u00fd udr\u017euje blond alebo \u0161ediv\u00e9 vlasy, odstra\u0148uje nechcen\u00e9 mosadzn\u00e9 \u017elt\u00e9 t\u00f3ny.<\/strong><\/h2>\n<ul>\n<li>\n<h4><\/h4>\n<p>Skvel\u00fd detangling kondicion\u00e9r<\/li>\n<li>zanech\u00e1va vlasy jemn\u00e9 a hodv\u00e1bne<\/li>\n<li>Zvy\u0161uje lesk<\/li>\n<li>Sulf\u00e1t &amp; Paraben zadarmo<\/li>\n<li>Veg\u00e1nske priate\u013esk\u00e9<\/li>\n<\/ul>","protected":false},"featured_media":24595,"comment_status":"open","ping_status":"closed","template":"","meta":{"_acf_changed":false},"product_brand":[],"product_cat":[75,62],"product_tag":[],"class_list":{"0":"post-24554","1":"product","2":"type-product","3":"status-publish","4":"has-post-thumbnail","6":"product_cat-blonde-senses","7":"product_cat-senses","8":"description-off","10":"first","11":"instock","12":"taxable","13":"shipping-taxable","14":"product-type-variable","15":"has-default-attributes"},"acf":[],"_links":{"self":[{"href":"https:\/\/davroe.sk\/sk\/wp-json\/wp\/v2\/product\/24554","targetHints":{"allow":["GET"]}}],"collection":[{"href":"https:\/\/davroe.sk\/sk\/wp-json\/wp\/v2\/product"}],"about":[{"href":"https:\/\/davroe.sk\/sk\/wp-json\/wp\/v2\/types\/product"}],"replies":[{"embeddable":true,"href":"https:\/\/davroe.sk\/sk\/wp-json\/wp\/v2\/comments?post=24554"}],"wp:featuredmedia":[{"embeddable":true,"href":"https:\/\/davroe.sk\/sk\/wp-json\/wp\/v2\/media\/24595"}],"wp:attachment":[{"href":"https:\/\/davroe.sk\/sk\/wp-json\/wp\/v2\/media?parent=24554"}],"wp:term":[{"taxonomy":"product_brand","embeddable":true,"href":"https:\/\/davroe.sk\/sk\/wp-json\/wp\/v2\/product_brand?post=24554"},{"taxonomy":"product_cat","embeddable":true,"href":"https:\/\/davroe.sk\/sk\/wp-json\/wp\/v2\/product_cat?post=24554"},{"taxonomy":"product_tag","embeddable":true,"href":"https:\/\/davroe.sk\/sk\/wp-json\/wp\/v2\/product_tag?post=24554"}],"curies":[{"name":"wp","href":"https:\/\/api.w.org\/{rel}","templated":true}]}}