{"id":24555,"date":"2024-04-26T07:27:21","date_gmt":"2024-04-26T06:27:21","guid":{"rendered":"https:\/\/davroe.sk\/?post_type=product&#038;p=24555"},"modified":"2025-10-16T05:10:56","modified_gmt":"2025-10-16T04:10:56","slug":"blonde-senses-toning-shampoo","status":"publish","type":"product","link":"https:\/\/davroe.sk\/sk\/shop\/senses\/blonde-senses\/blonde-senses-toning-shampoo\/","title":{"rendered":"Blonde Toning Shampoo \u0160amp\u00f3n na t\u00f3novanie blond vlasov"},"content":{"rendered":"<div class=\"std\">\n<h4><strong><span style=\"color: #800080;\">\u0160amp\u00f3n Blonde Senses teraz preformulovan\u00fd s viac fialov\u00fdm pigmentom pre silnej\u0161ie t\u00f3novanie, ktor\u00e9 \u013eahko odstra\u0148uje vr\u00e1sky z blond alebo \u0161ediv\u00fdch vlasov.<\/span><\/strong><\/h4>\n<h4><strong>Davroe Blonde Senses Toning Shampoo je blond t\u00f3novac\u00ed \u0161amp\u00f3n, ktor\u00fd je \u0161etrn\u00fd k poko\u017eke hlavy a odstra\u0148uje ne\u017eiaduce vr\u00e1sky z vlasov.<\/strong><\/h4>\n<p><strong>Peniv\u00e1 pena ob\u00e1lky vlasy rozjasni\u0165 blond a \u0161ediv\u00e9 farby vlasov.<\/strong><\/p>\n<ul>\n<li>Neutraliz\u00e1cia. Odstra\u0148uje mosadzn\u00e9, \u017elt\u00e9 t\u00f3ny z vlasov.<\/li>\n<li>Mierne. Jemn\u00e9 zlo\u017eenie nedr\u00e1\u017edi poko\u017eku hlavy ani nevysu\u0161uje vlasy.<\/li>\n<li>Rozjas\u0148uj\u00face. Zlep\u0161uje blond a siv\u00fa farbu vlasov pre rovnomernej\u0161iu a \u017eiv\u0161iu farbu.<\/li>\n<li>V\u00fd\u017eivn\u00e9. Naplnen\u00e9 \u010dist\u00fdmi rastlinn\u00fdmi extraktmi, aby boli vlasy zdrav\u00e9 a leskl\u00e9.<\/li>\n<\/ul>\n<p>Nemus\u00ed by\u0165 \u0165a\u017ek\u00e9 by\u0165 blond alebo strieborno-\u0161ed\u00e1 l\u00ed\u0161ka, v\u0161etko, \u010do potrebujete, je tento jemn\u00fd t\u00f3novac\u00ed \u0161amp\u00f3n, aby ste z\u00edskali najlep\u0161iu farbu vlasov. Tento \u0161amp\u00f3n pou\u017e\u00edva Natures Active Violet na rozjasnenie a t\u00f3n svetl\u00fdch farieb na odstr\u00e1nenie otravn\u00fdch \u017elt\u00fdch t\u00f3nov, ktor\u00e9 m\u00f4\u017eu vznikn\u00fa\u0165 pri um\u00fdvan\u00ed vlasov. Udr\u017eujte svoju farbu vlasov vyzera\u0165 svie\u017eej\u0161ie, dlh\u0161ie s t\u00fdmto vysoko v\u00fdkonn\u00fdm \u0161amp\u00f3nom.<\/p>\n<p><strong>Pokyny na pou\u017e\u00edvanie:\u00a0Aplikujte na vlasy od korienkov a\u017e po \u0161pi\u010dku a penu dobre. Nechajte p\u00f4sobi\u0165 2-5 min\u00fat pre v\u0161eobecn\u00fa \u00fadr\u017ebu alebo nechajte vlasy dlh\u0161ie, ak je potrebn\u00e9 viac t\u00f3novania. Opl\u00e1chnite a opakujte, ak je to potrebn\u00e9, pred pokra\u010dovan\u00edm s ob\u013e\u00faben\u00fdm kondicion\u00e9rom Davroe.\u00a0<\/strong><\/p>\n<p><em>Formulovan\u00e9 bez parab\u00e9nov, ftal\u00e1tov, sulf\u00e1tov alebo lepku.<\/em><\/p>\n<\/div>","protected":false},"excerpt":{"rendered":"<h2>Neutralizuje \u017elt\u00e9 mosadzn\u00e9 t\u00f3ny, rozjas\u0148uje a t\u00f3nuje, ale neprekr\u00fdva<\/h2>\n<ul>\n<li>Neutraliz\u00e1cia. Odstra\u0148uje mosadzn\u00e9, \u017elt\u00e9 t\u00f3ny z vlasov.<\/li>\n<li>Mierne. Jemn\u00e9 zlo\u017eenie nedr\u00e1\u017edi poko\u017eku hlavy ani nevysu\u0161uje vlasy.<\/li>\n<li>Rozjas\u0148uj\u00face. Zlep\u0161uje blond a siv\u00fa farbu vlasov pre rovnomernej\u0161iu a \u017eiv\u0161iu farbu.<\/li>\n<li>V\u00fd\u017eivn\u00e9. Naplnen\u00e9 \u010dist\u00fdmi rastlinn\u00fdmi extraktmi, aby boli vlasy zdrav\u00e9 a leskl\u00e9.<\/li>\n<\/ul>","protected":false},"featured_media":24599,"comment_status":"open","ping_status":"closed","template":"","meta":{"_acf_changed":false},"product_brand":[],"product_cat":[75,62],"product_tag":[21,53,68],"class_list":{"0":"post-24555","1":"product","2":"type-product","3":"status-publish","4":"has-post-thumbnail","6":"product_cat-blonde-senses","7":"product_cat-senses","8":"product_tag-blonde","9":"product_tag-purple","10":"product_tag-toning","11":"description-off","13":"first","14":"instock","15":"taxable","16":"shipping-taxable","17":"product-type-variable","18":"has-default-attributes"},"acf":[],"_links":{"self":[{"href":"https:\/\/davroe.sk\/sk\/wp-json\/wp\/v2\/product\/24555","targetHints":{"allow":["GET"]}}],"collection":[{"href":"https:\/\/davroe.sk\/sk\/wp-json\/wp\/v2\/product"}],"about":[{"href":"https:\/\/davroe.sk\/sk\/wp-json\/wp\/v2\/types\/product"}],"replies":[{"embeddable":true,"href":"https:\/\/davroe.sk\/sk\/wp-json\/wp\/v2\/comments?post=24555"}],"wp:featuredmedia":[{"embeddable":true,"href":"https:\/\/davroe.sk\/sk\/wp-json\/wp\/v2\/media\/24599"}],"wp:attachment":[{"href":"https:\/\/davroe.sk\/sk\/wp-json\/wp\/v2\/media?parent=24555"}],"wp:term":[{"taxonomy":"product_brand","embeddable":true,"href":"https:\/\/davroe.sk\/sk\/wp-json\/wp\/v2\/product_brand?post=24555"},{"taxonomy":"product_cat","embeddable":true,"href":"https:\/\/davroe.sk\/sk\/wp-json\/wp\/v2\/product_cat?post=24555"},{"taxonomy":"product_tag","embeddable":true,"href":"https:\/\/davroe.sk\/sk\/wp-json\/wp\/v2\/product_tag?post=24555"}],"curies":[{"name":"wp","href":"https:\/\/api.w.org\/{rel}","templated":true}]}}