{"id":24562,"date":"2024-04-26T07:27:21","date_gmt":"2024-04-26T06:27:21","guid":{"rendered":"https:\/\/davroe.sk\/?post_type=product&#038;p=24562"},"modified":"2025-10-16T05:04:55","modified_gmt":"2025-10-16T04:04:55","slug":"scalp-remedy-shampoo","status":"publish","type":"product","link":"https:\/\/davroe.sk\/sk\/shop\/remedy\/scalp-remedy-shampoo\/","title":{"rendered":"Scalp Remedy Shampoo \u0160amp\u00f3n na starostlivos\u0165 o poko\u017eku hlavy"},"content":{"rendered":"<h2>Kone\u010dn\u00fdm pre zdrav\u00e9 vlasy a vlasov\u00fa poko\u017eku.<\/h2>\n<h2>Je formulovan\u00fd na zmiernenie probl\u00e9mov s poko\u017ekou hlavy spojen\u00fdch s lupinami, svrben\u00edm. odlupovanie, za\u010dervenanie a suchos\u0165. Mierne a jemn\u00e9 formul\u00e1cie naplnen\u00e9 austr\u00e1lskymi rastlinn\u00fdmi extraktmi.<\/h2>\n<h3><strong>325 ml<\/strong><\/h3>\n<p>Tento jemn\u00fd \u0161amp\u00f3n bohat\u00fd na \u017eiviny s Aloe Vera pom\u00e1ha vy\u010disti\u0165 lupiny a upokoji\u0165 poko\u017eku hlavy. Ry\u017eov\u00e9 a quinoa prote\u00edny pom\u00e1haj\u00fa chr\u00e1ni\u0165 a dop\u013a\u0148a\u0165 z\u00e1kladn\u00fa vlhkos\u0165.<\/p>\n<p>Je formulovan\u00fd na zmiernenie probl\u00e9mov s poko\u017ekou hlavy spojen\u00fdch s lupinami, svrben\u00edm. odlupovanie, za\u010dervenanie a suchos\u0165. Mierna a jemn\u00e1 formul\u00e1cia naplnen\u00e1 austr\u00e1lskymi rastlinn\u00fdmi extraktmi<\/p>\n<p>\u2022 Okam\u017eit\u00e1 \u00fa\u013eava<\/p>\n<p>\u2022 Bezpe\u010dn\u00e9 farby<\/p>\n<p>\u2022 Bez uhlia a dechtu<\/p>\n<p>\u2022 Vhodn\u00e9 na ekz\u00e9m a psori\u00e1zu<\/p>\n<p>\u2022 Upokojenie a upokojenie<\/p>\n<p>\u2022 Sulf\u00e1t &amp; Paraben Bezplatn\u00fd<\/p>\n<p>\u2022 Veg\u00e1nske priate\u013esk\u00e9 &amp; Cruelty-Free<\/p>\n<p>\u2022 Prirodzene odvoden\u00e9 zlo\u017eky<\/p>\n<p>\u2022 Kerat\u00edn Bezpe\u010dn\u00e9 o\u0161etrenie<\/p>\n<p><strong>Je formulovan\u00fd tak, aby pomohol zn\u00ed\u017ei\u0165 \u0161upinat\u00e1 poko\u017eka hlavy. Tento jemn\u00fd \u0161amp\u00f3n bohat\u00fd na \u017eiviny, kondicion\u00e9r a kr\u00e9mov\u00fd sprej s Aloe Vera pom\u00e1ha \u010disti\u0165 lupiny a upokojuje podr\u00e1\u017eden\u00fa poko\u017eku hlavy.<\/strong><\/p>\n<p><strong>Ry\u017eov\u00e9 a quinoa prote\u00edny pom\u00e1haj\u00fa chr\u00e1ni\u0165 a dop\u013a\u0148a\u0165 z\u00e1kladn\u00fa vlhkos\u0165.<\/strong><\/p>\n<p><img loading=\"lazy\" decoding=\"async\" class=\"alignnone wp-image-15525\" src=\"https:\/\/www.davroe.com\/wp-content\/uploads\/2020\/05\/davroe-scalp-remedy-range-300x300.jpg\" alt=\"davroe-scalp-remedy-rozsah\" width=\"446\" height=\"446\" \/><\/p>\n<p>&nbsp;<\/p>\n<h3>Aloe vera<\/h3>\n<p>Pom\u00e1ha vyhladi\u0165 a prida\u0165 vlhkos\u0165, ktor\u00e1 pom\u00e1ha pri zvl\u00e1dnute\u013enosti a z\u00e1rove\u0148 zm\u00e4k\u010duje vlasy a zabra\u0148uje strate vlhkosti.<\/p>\n<p><img loading=\"lazy\" decoding=\"async\" class=\"alignnone size-medium wp-image-19231\" src=\"https:\/\/www.davroe.com\/wp-content\/uploads\/2020\/11\/DAVROE-Ingredient-Natures-Active-aloe-vera-1080x1080-1-300x300.jpg\" alt=\"DAVROE Natures Active - Aloe Vera - pom\u00e1ha vyhladi\u0165 a prida\u0165 vlhkos\u0165, ktor\u00e1 pom\u00e1ha pri zvl\u00e1dnute\u013enosti a z\u00e1rove\u0148 zm\u00e4k\u010duje vlasy a zabra\u0148uje strate vlhkosti.\" width=\"300\" height=\"300\" \/><\/p>\n<h3>Kakadu Plum<\/h3>\n<p>Obsahuje najvy\u0161\u0161iu koncentr\u00e1ciu vitam\u00ednu C zo v\u0161etk\u00fdch zn\u00e1mych rastl\u00edn, pom\u00e1ha revitalizova\u0165 poko\u017eku hlavy a zni\u017euje po\u0161kodenie vlasov vo\u013en\u00fdmi radik\u00e1lmi.<\/p>\n<p><img loading=\"lazy\" decoding=\"async\" class=\"alignnone size-medium wp-image-19245\" src=\"https:\/\/www.davroe.com\/wp-content\/uploads\/2020\/11\/DAVROE-Ingredient-Natures-Active-kakadu-plum-1080x1080-1-300x300.jpg\" alt=\"DAVROE-Ingredient-Pr\u00edrody-Akt\u00edvna-kakadu slivka 1080x1080\" width=\"300\" height=\"300\" \/><\/p>\n<p>&nbsp;<\/p>\n<p>&nbsp;<\/p>","protected":false},"excerpt":{"rendered":"<h2>Kone\u010dn\u00fdm pre zdrav\u00e9 vlasy a vlasov\u00fa poko\u017eku.<\/h2>\n<h3>Je formulovan\u00fd na zmiernenie probl\u00e9mov s poko\u017ekou hlavy spojen\u00fdch s lupinami, svrben\u00edm. odlupovanie, za\u010dervenanie a suchos\u0165. Mierne a jemn\u00e9 formul\u00e1cie naplnen\u00e9 austr\u00e1lskymi rastlinn\u00fdmi extraktmi.<\/h3>\n<ul>\n<li>Mierna a jemn\u00e1 formul\u00e1cia naplnen\u00e1 austr\u00e1lskymi rastlinn\u00fdmi extraktmi<\/li>\n<li>Okam\u017eit\u00e1 \u00fa\u013eava<\/li>\n<li>Bezpe\u010dn\u00e9 farby<\/li>\n<li>Bez uhlia a dechtu<\/li>\n<li>Vhodn\u00e9 na ekz\u00e9m a psori\u00e1zu<\/li>\n<li>Upokojenie a upokojenie<\/li>\n<li>Sulf\u00e1t &amp; Paraben zadarmo<\/li>\n<li>Veg\u00e1nske priate\u013esk\u00e9 &amp; Cruelty-Free<\/li>\n<li>Prirodzene odvoden\u00e9 ingrediencie<\/li>\n<li>Kerat\u00edn Bezpe\u010dn\u00e9 o\u0161etrenie<\/li>\n<\/ul>\n<p>&nbsp;<\/p>","protected":false},"featured_media":24691,"comment_status":"open","ping_status":"closed","template":"","meta":{"_acf_changed":false},"product_brand":[],"product_cat":[84],"product_tag":[],"class_list":{"0":"post-24562","1":"product","2":"type-product","3":"status-publish","4":"has-post-thumbnail","6":"product_cat-remedy","7":"description-off","9":"first","10":"instock","11":"taxable","12":"shipping-taxable","13":"purchasable","14":"product-type-simple"},"acf":[],"_links":{"self":[{"href":"https:\/\/davroe.sk\/sk\/wp-json\/wp\/v2\/product\/24562","targetHints":{"allow":["GET"]}}],"collection":[{"href":"https:\/\/davroe.sk\/sk\/wp-json\/wp\/v2\/product"}],"about":[{"href":"https:\/\/davroe.sk\/sk\/wp-json\/wp\/v2\/types\/product"}],"replies":[{"embeddable":true,"href":"https:\/\/davroe.sk\/sk\/wp-json\/wp\/v2\/comments?post=24562"}],"wp:featuredmedia":[{"embeddable":true,"href":"https:\/\/davroe.sk\/sk\/wp-json\/wp\/v2\/media\/24691"}],"wp:attachment":[{"href":"https:\/\/davroe.sk\/sk\/wp-json\/wp\/v2\/media?parent=24562"}],"wp:term":[{"taxonomy":"product_brand","embeddable":true,"href":"https:\/\/davroe.sk\/sk\/wp-json\/wp\/v2\/product_brand?post=24562"},{"taxonomy":"product_cat","embeddable":true,"href":"https:\/\/davroe.sk\/sk\/wp-json\/wp\/v2\/product_cat?post=24562"},{"taxonomy":"product_tag","embeddable":true,"href":"https:\/\/davroe.sk\/sk\/wp-json\/wp\/v2\/product_tag?post=24562"}],"curies":[{"name":"wp","href":"https:\/\/api.w.org\/{rel}","templated":true}]}}