{"id":24563,"date":"2024-04-26T07:27:21","date_gmt":"2024-04-26T06:27:21","guid":{"rendered":"https:\/\/davroe.sk\/?post_type=product&#038;p=24563"},"modified":"2025-10-16T05:27:43","modified_gmt":"2025-10-16T04:27:43","slug":"clarify-deep-cleansing-shampoo","status":"publish","type":"product","link":"https:\/\/davroe.sk\/sk\/shop\/cleanse\/clarify-deep-cleansing-shampoo\/","title":{"rendered":"Clarify Deep Cleansing Shampoo H\u013abkovo \u010distiaci \u0161amp\u00f3n"},"content":{"rendered":"<h2 class=\"subtitle\"><strong>Jemn\u00fd, ale h\u013abkovo \u010distiaci detoxika\u010dn\u00fd \u0161amp\u00f3n<\/strong><\/h2>\n<p><a href=\"https:\/\/www.davroe.com\/product-category\/remedy\/\" target=\"_blank\" rel=\"noreferrer noopener\" aria-label=\" \u0160amp\u00f3n na h\u013abkov\u00e9 \u010distenie (otvor\u00ed sa na novej karte)\"><strong>Clarify Deep Cleansing Shampoo H\u013abkovo \u010distiaci \u0161amp\u00f3n<\/strong><\/a>\u00a0pracuje na odstr\u00e1nenie nahromadenia vr\u00e1tane miner\u00e1lov, chl\u00f3ru, stylingov\u00fdch produktov a nadmern\u00fdch olejov bez dr\u00e1\u017edenia poko\u017eky hlavy. Objasnenie je tak jemn\u00e9, \u017ee sa m\u00f4\u017ee pou\u017e\u00edva\u0165 denne a je bezpe\u010dn\u00e9 pre farbu. Pou\u017eite alternat\u00edvne um\u00fdvanie na detoxik\u00e1ciu poko\u017eky hlavy a zabr\u00e1\u0148te tomu, aby sa va\u0161e vlasy prisp\u00f4sobili v\u00e1\u0161mu ob\u013e\u00faben\u00e9mu \u0161amp\u00f3nu a kondicion\u00e9ru Davroe.<\/p>\n<div class=\"woocommerce-product-rating\">\n<div class=\"star-rating\" title=\"Hodnotenie: 5,00 z 5\">\n<ul>\n<li>Jemne odstra\u0148uje usadeniny vr\u00e1tane miner\u00e1lov, chl\u00f3ru a stylingov\u00fdch produktov<\/li>\n<li>Hlbok\u00e9 \u010distenie nadmern\u00e9ho mno\u017estva oleja z vlasov a vlasovej poko\u017eky<\/li>\n<li>Bezpe\u010dn\u00e9 farby a m\u00f4\u017eu by\u0165 pou\u017eit\u00e9 denne<\/li>\n<li>Sulf\u00e1t &amp; Paraben zadarmo<\/li>\n<li>Veg\u00e1nske priate\u013esk\u00e9 &amp; Cruelty-Free<\/li>\n<li>Prirodzene odvoden\u00e9 ingrediencie<\/li>\n<li>Kerat\u00edn Bezpe\u010dn\u00e9 o\u0161etrenie<\/li>\n<\/ul>\n<\/div>\n<\/div>","protected":false},"excerpt":{"rendered":"<h2 class=\"subtitle\"><strong>Jemn\u00fd, ale h\u013abkovo \u010distiaci detoxika\u010dn\u00fd \u0161amp\u00f3n<\/strong><\/h2>\n<p>&nbsp;<\/p>\n<ul>\n<li>200 ml Ve\u013ekos\u0165<\/li>\n<li>Jemne odstra\u0148uje usadeniny vr\u00e1tane miner\u00e1lov, chl\u00f3ru a stylingov\u00fdch produktov<\/li>\n<li>Hlbok\u00e9 \u010distenie nadmern\u00e9ho mno\u017estva oleja z vlasov a vlasovej poko\u017eky<\/li>\n<li>Bezpe\u010dn\u00e9 farby a m\u00f4\u017eu by\u0165 pou\u017eit\u00e9 denne<\/li>\n<li>Sulf\u00e1t &amp; Paraben zadarmo<\/li>\n<li>Veg\u00e1nske priate\u013esk\u00e9 &amp; Cruelty-Free<\/li>\n<li>Prirodzene odvoden\u00e9 ingrediencie<\/li>\n<li>Kerat\u00edn Bezpe\u010dn\u00e9 o\u0161etrenie<\/li>\n<\/ul>","protected":false},"featured_media":24603,"comment_status":"open","ping_status":"closed","template":"","meta":{"_acf_changed":false},"product_brand":[],"product_cat":[128,84],"product_tag":[],"class_list":{"0":"post-24563","1":"product","2":"type-product","3":"status-publish","4":"has-post-thumbnail","6":"product_cat-cleanse","7":"product_cat-remedy","8":"description-off","10":"first","11":"instock","12":"taxable","13":"shipping-taxable","14":"product-type-variable","15":"has-default-attributes"},"acf":[],"_links":{"self":[{"href":"https:\/\/davroe.sk\/sk\/wp-json\/wp\/v2\/product\/24563","targetHints":{"allow":["GET"]}}],"collection":[{"href":"https:\/\/davroe.sk\/sk\/wp-json\/wp\/v2\/product"}],"about":[{"href":"https:\/\/davroe.sk\/sk\/wp-json\/wp\/v2\/types\/product"}],"replies":[{"embeddable":true,"href":"https:\/\/davroe.sk\/sk\/wp-json\/wp\/v2\/comments?post=24563"}],"wp:featuredmedia":[{"embeddable":true,"href":"https:\/\/davroe.sk\/sk\/wp-json\/wp\/v2\/media\/24603"}],"wp:attachment":[{"href":"https:\/\/davroe.sk\/sk\/wp-json\/wp\/v2\/media?parent=24563"}],"wp:term":[{"taxonomy":"product_brand","embeddable":true,"href":"https:\/\/davroe.sk\/sk\/wp-json\/wp\/v2\/product_brand?post=24563"},{"taxonomy":"product_cat","embeddable":true,"href":"https:\/\/davroe.sk\/sk\/wp-json\/wp\/v2\/product_cat?post=24563"},{"taxonomy":"product_tag","embeddable":true,"href":"https:\/\/davroe.sk\/sk\/wp-json\/wp\/v2\/product_tag?post=24563"}],"curies":[{"name":"wp","href":"https:\/\/api.w.org\/{rel}","templated":true}]}}