{"id":24564,"date":"2024-04-26T07:27:21","date_gmt":"2024-04-26T06:27:21","guid":{"rendered":"https:\/\/davroe.sk\/?post_type=product&#038;p=24564"},"modified":"2025-10-16T06:42:14","modified_gmt":"2025-10-16T05:42:14","slug":"replenish-jojoba-creme-treatment","status":"publish","type":"product","link":"https:\/\/davroe.sk\/sk\/shop\/treatments\/replenish-jojoba-creme-treatment\/","title":{"rendered":"Replenish Jojoba Cr\u00e8me Treatment Regenera\u010dn\u00e1 kr\u00e9mov\u00e1 maska s jojobou"},"content":{"rendered":"<h2 class=\"subtitle\"><strong>Obsahuje \u010dist\u00e9 rastlinn\u00e9 v\u00fd\u0165a\u017eky a quinoa prote\u00edny, DAVROE Replenish obnovuje pohodu, hodv\u00e1bnos\u0165 a lesk vlasov. <\/strong><\/h2>\n<h3 class=\"subtitle\">Pom\u00e1ha posil\u0148ova\u0165 vlasy oslaben\u00e9 chemick\u00fdmi procesmi, tepeln\u00fdm stylingom a expoz\u00edciou \u017eivotn\u00e9ho prostredia.<\/h3>\n<h4><em><strong>Kombin\u00e1cia Davroe Replenish a Rebuilder ka\u017ed\u00fdch p\u00e1r t\u00fd\u017ed\u0148ov v\u00e1m pom\u00f4\u017ee udr\u017ea\u0165 to\u013eko potrebn\u00fa vlhkos\u0165, \u017ee va\u0161e vlasy volaj\u00fa po!<\/strong><\/em><\/h4>\n<p>T\u00e1to intenz\u00edvna lie\u010dba bohat\u00e1 na vlhkos\u0165 hlboko prenik\u00e1 do opravy aj t\u00fdch najpo\u0161kodenej\u0161\u00edch vlasov Po \u0161amp\u00f3novan\u00ed vlasov, uter\u00e1k such\u00e9 vlasy. Aplikujte Replenish a mas\u00edrujte cez vlasy, nechajte p\u00f4sobi\u0165 5-10 min\u00fat a potom opl\u00e1chnite. Nasledujte svoj ob\u013e\u00faben\u00fd kondicion\u00e9r Davroe.<\/p>\n<p>&nbsp;<\/p>\n<div class=\"woocommerce-product-rating\">\n<p><img loading=\"lazy\" decoding=\"async\" class=\"wp-image-16332 size-full aligncenter\" src=\"https:\/\/www.davroe.com\/wp-content\/uploads\/2020\/07\/DAVROE_Replenish_WH-1.jpg\" alt=\"\" width=\"500\" height=\"500\" \/><\/p>\n<\/div>","protected":false},"excerpt":{"rendered":"<h2 class=\"subtitle\"><strong>DAVROE Replenish obnovuje pohodu, hodv\u00e1bnos\u0165 a lesk vlasov<\/strong><\/h2>\n<ul>\n<li>Posil\u0148uje a obnovuje oslaben\u00e9 vlasy<\/li>\n<li>prenik\u00e1 do vlasovej \u0161achty, pracuje zvn\u00fatra, aby pomohla posilni\u0165 a obnovi\u0165<\/li>\n<li>zni\u017euje pred\u010dasn\u00e9 vyblednutie farieb<\/li>\n<li>obnovuje lesk a hodv\u00e1bnos\u0165 a zanech\u00e1va vlasy v optim\u00e1lnom stave<\/li>\n<li>Sulf\u00e1t &amp; Paraben zadarmo<\/li>\n<li>Veg\u00e1nske priate\u013esk\u00e9 &amp; Cruelty-Free<\/li>\n<li>Prirodzene odvoden\u00e9 ingrediencie<\/li>\n<\/ul>","protected":false},"featured_media":24605,"comment_status":"open","ping_status":"closed","template":"","meta":{"_acf_changed":false},"product_brand":[],"product_cat":[69],"product_tag":[],"class_list":{"0":"post-24564","1":"product","2":"type-product","3":"status-publish","4":"has-post-thumbnail","6":"product_cat-treatments","7":"description-off","9":"first","10":"instock","11":"featured","12":"taxable","13":"shipping-taxable","14":"product-type-variable","15":"has-default-attributes"},"acf":[],"_links":{"self":[{"href":"https:\/\/davroe.sk\/sk\/wp-json\/wp\/v2\/product\/24564","targetHints":{"allow":["GET"]}}],"collection":[{"href":"https:\/\/davroe.sk\/sk\/wp-json\/wp\/v2\/product"}],"about":[{"href":"https:\/\/davroe.sk\/sk\/wp-json\/wp\/v2\/types\/product"}],"replies":[{"embeddable":true,"href":"https:\/\/davroe.sk\/sk\/wp-json\/wp\/v2\/comments?post=24564"}],"wp:featuredmedia":[{"embeddable":true,"href":"https:\/\/davroe.sk\/sk\/wp-json\/wp\/v2\/media\/24605"}],"wp:attachment":[{"href":"https:\/\/davroe.sk\/sk\/wp-json\/wp\/v2\/media?parent=24564"}],"wp:term":[{"taxonomy":"product_brand","embeddable":true,"href":"https:\/\/davroe.sk\/sk\/wp-json\/wp\/v2\/product_brand?post=24564"},{"taxonomy":"product_cat","embeddable":true,"href":"https:\/\/davroe.sk\/sk\/wp-json\/wp\/v2\/product_cat?post=24564"},{"taxonomy":"product_tag","embeddable":true,"href":"https:\/\/davroe.sk\/sk\/wp-json\/wp\/v2\/product_tag?post=24564"}],"curies":[{"name":"wp","href":"https:\/\/api.w.org\/{rel}","templated":true}]}}