{"id":24565,"date":"2024-04-26T07:27:21","date_gmt":"2024-04-26T06:27:21","guid":{"rendered":"https:\/\/davroe.sk\/?post_type=product&#038;p=24565"},"modified":"2025-10-16T06:29:52","modified_gmt":"2025-10-16T05:29:52","slug":"luxe-leave-in-masque","status":"publish","type":"product","link":"https:\/\/davroe.sk\/sk\/shop\/treatments\/luxe-leave-in-masque\/","title":{"rendered":"Luxe Leave-In Treatment Luxusn\u00e1 bezoplachov\u00e1 starostlivos\u0165"},"content":{"rendered":"<h4><strong>Davroe luxe vo\u013en\u00e1 maska<\/strong><\/h4>\n<h3>Kone\u010dn\u00fd ka\u017edodenn\u00fd chr\u00e1ni\u010d, tvor\u00ed neolejov\u00fa bari\u00e9ru, ktor\u00e1 chr\u00e1ni pred prvkami<\/h3>\n<h4>Unik\u00e1tna dovolenka v zvlh\u010dova\u010di\/kondicion\u00e9ri, ktor\u00e1 poskytuje ochrann\u00fa bari\u00e9ru nad vlasmi, ktor\u00e1 chr\u00e1ni pred vyblednut\u00edm farby a poskytuje ochranu pred slnkom a surfovan\u00edm.<\/h4>\n<p>\u2022 zanech\u00e1va vlasy jemn\u00e9, zdrav\u0161ie a kontrolovate\u013en\u00e9<\/p>\n<p>\u2022 prenik\u00e1 do vlasov a vytv\u00e1ra nemastn\u00fa bari\u00e9ru<\/p>\n<p>\u2022 okam\u017eite sa vstreb\u00e1va do vlasov bez nahromadenia<\/p>\n<p>\u2022 mo\u017eno \u013eahko aplikova\u0165 a prepracova\u0165 mokr\u00fdmi alebo such\u00fdmi vlasmi<\/p>\n<p>\u2022 UV ochrana pre va\u0161e vlasy<\/p>\n<p>\u2022 pou\u017e\u00edva\u0165 pred pl\u00e1van\u00edm, aby sa zabr\u00e1nilo ekologiz\u00e1cii a po\u0161kodeniu chl\u00f3ru<\/p>\n<p><strong>Ako pou\u017e\u00edva\u0165<\/strong><\/p>\n<p>Sta\u010d\u00ed aplikova\u0165 mal\u00e9 mno\u017estvo na mokr\u00e9 alebo such\u00e9 vlasy. Aplikujte rukami a hrebe\u0148om alebo \u0161tetcom pod\u013ea potreby.<\/p>\n<p>V\u017edy aplikujte pred pl\u00e1van\u00edm, aby ste zabr\u00e1nili tvorbe chl\u00f3ru a ekologiz\u00e1cii.<\/p>\n<p>&nbsp;<\/p>\n<h3><strong>Aloe vera<\/strong><\/h3>\n<p>Pom\u00e1ha vyhladi\u0165 a prida\u0165 vlhkos\u0165, ktor\u00e1 pom\u00e1ha pri zvl\u00e1dnute\u013enosti a z\u00e1rove\u0148 zm\u00e4k\u010duje vlasy a zabra\u0148uje strate vlhkosti.<\/p>\n<p><img loading=\"lazy\" decoding=\"async\" class=\"alignnone size-medium wp-image-19231\" src=\"https:\/\/www.davroe.com\/wp-content\/uploads\/2020\/11\/DAVROE-Ingredient-Natures-Active-aloe-vera-1080x1080-1-300x300.jpg\" alt=\"DAVROE Natures Active - Aloe Vera - pom\u00e1ha vyhladi\u0165 a prida\u0165 vlhkos\u0165, ktor\u00e1 pom\u00e1ha pri zvl\u00e1dnute\u013enosti a z\u00e1rove\u0148 zm\u00e4k\u010duje vlasy a zabra\u0148uje strate vlhkosti.\" width=\"300\" height=\"300\" \/><\/p>\n<h3><strong>Semen\u00e1 manga<\/strong><\/h3>\n<p>Obsahuje vitam\u00edny a mastn\u00e9 kyseliny, mangov\u00e9 maslo zm\u00e4k\u010duje, hydratuje a chr\u00e1ni such\u00e9, po\u0161koden\u00e9 vlasy.<\/p>\n<p><img loading=\"lazy\" decoding=\"async\" class=\"alignnone size-medium wp-image-19248\" src=\"https:\/\/www.davroe.com\/wp-content\/uploads\/2020\/11\/DAVROE-Ingredient-Natures-Active-mango-1080x1080-1-300x300.jpg\" alt=\"DAVROE-Zlo\u017eka-Pr\u00edrody-Akt\u00edvne-mango 1080x1080\" width=\"300\" height=\"300\" \/><\/p>\n<h3><strong>Bambuck\u00e9 maslo<\/strong><\/h3>\n<p>Bohat\u00fd na vitam\u00edny A, E a miner\u00e1ly, tento pr\u00edrodn\u00fd zvl\u00e1\u010d\u0148uj\u00faci prostriedok chr\u00e1ni a hydratuje vlasy. Je nemastn\u00fd a dod\u00e1va \u017eiariv\u00fd lesk.<\/p>\n<p><img loading=\"lazy\" decoding=\"async\" class=\"size-medium wp-image-16891\" src=\"https:\/\/www.davroe.com\/wp-content\/uploads\/2020\/08\/DAVROE-shea-butter-1080x1080-1-300x300.jpg\" alt=\"DAVROE-Pr\u00edrody-zlo\u017eka-Shea-Butter-1080x1080\" width=\"300\" height=\"300\" \/><\/p>","protected":false},"excerpt":{"rendered":"<h3><strong>Kone\u010dn\u00fd ka\u017edodenn\u00fd chr\u00e1ni\u010d, tvor\u00ed neolejov\u00fa bari\u00e9ru, ktor\u00e1 chr\u00e1ni pred prvkami<\/strong><\/h3>\n<ul>\n<li>Zanech\u00e1va vlasy jemn\u00e9, zdrav\u0161ie a kontrolovate\u013en\u00e9<\/li>\n<li>UV ochrana pre va\u0161e vlasy<\/li>\n<li>Okam\u017eite sa vstreb\u00e1va do vlasov bez nahromadenia<\/li>\n<li>\u013dahko sa aplikuje a prepracuje cez mokr\u00e9 alebo such\u00e9 vlasy<\/li>\n<\/ul>","protected":false},"featured_media":24611,"comment_status":"open","ping_status":"closed","template":"","meta":{"_acf_changed":false},"product_brand":[],"product_cat":[69],"product_tag":[],"class_list":{"0":"post-24565","1":"product","2":"type-product","3":"status-publish","4":"has-post-thumbnail","6":"product_cat-treatments","7":"description-off","9":"first","10":"instock","11":"featured","12":"taxable","13":"shipping-taxable","14":"product-type-variable","15":"has-default-attributes"},"acf":[],"_links":{"self":[{"href":"https:\/\/davroe.sk\/sk\/wp-json\/wp\/v2\/product\/24565","targetHints":{"allow":["GET"]}}],"collection":[{"href":"https:\/\/davroe.sk\/sk\/wp-json\/wp\/v2\/product"}],"about":[{"href":"https:\/\/davroe.sk\/sk\/wp-json\/wp\/v2\/types\/product"}],"replies":[{"embeddable":true,"href":"https:\/\/davroe.sk\/sk\/wp-json\/wp\/v2\/comments?post=24565"}],"wp:featuredmedia":[{"embeddable":true,"href":"https:\/\/davroe.sk\/sk\/wp-json\/wp\/v2\/media\/24611"}],"wp:attachment":[{"href":"https:\/\/davroe.sk\/sk\/wp-json\/wp\/v2\/media?parent=24565"}],"wp:term":[{"taxonomy":"product_brand","embeddable":true,"href":"https:\/\/davroe.sk\/sk\/wp-json\/wp\/v2\/product_brand?post=24565"},{"taxonomy":"product_cat","embeddable":true,"href":"https:\/\/davroe.sk\/sk\/wp-json\/wp\/v2\/product_cat?post=24565"},{"taxonomy":"product_tag","embeddable":true,"href":"https:\/\/davroe.sk\/sk\/wp-json\/wp\/v2\/product_tag?post=24565"}],"curies":[{"name":"wp","href":"https:\/\/api.w.org\/{rel}","templated":true}]}}