{"id":24567,"date":"2024-04-26T07:27:21","date_gmt":"2024-04-26T06:27:21","guid":{"rendered":"https:\/\/davroe.sk\/?post_type=product&#038;p=24567"},"modified":"2025-10-16T06:38:04","modified_gmt":"2025-10-16T05:38:04","slug":"rebuilder","status":"publish","type":"product","link":"https:\/\/davroe.sk\/sk\/shop\/treatments\/rebuilder\/","title":{"rendered":"Protein Hair Rebuilder Prote\u00ednov\u00e1 maska na regener\u00e1ciu vlasov"},"content":{"rendered":"<h2>Rekon\u0161trukcia<\/h2>\r\n<h3>O\u0161etrenie bohat\u00e9 na veg\u00e1nske bielkoviny na opravu a obnovu po\u0161koden\u00fdch vlasov.<\/h3>\r\n<p>T\u00e1to \u00fa\u017easn\u00e1 lie\u010dba obnovuje fantastick\u00fa silu, telo a lesk po\u0161koden\u00fdch vlasov Inf\u00fazia s quinoa a ry\u017eov\u00fdmi prote\u00ednmi posil\u0148uje such\u00e9, krehk\u00e9, po\u0161koden\u00e9 a jemn\u00e9 vlasy <a href=\"https:\/\/www.davroe.com\/shop\/treatments\/rebuilder-protein-hair-reconstructor\/\" target=\"_blank\" rel=\"noreferrer noopener\" aria-label=\"Rebuilder (otvor\u00ed sa na novej karte)\"><strong>Rekon\u0161trukcia<\/strong><\/a> je prote\u00ednov\u00fd rekon\u0161truktor vlasov, ktor\u00fd obnovuje prirodzen\u00fa elasticitu a lesk vlasov preniknut\u00edm do folikulu a n\u00e1pravou po\u0161kodenia vo vn\u00fatri. T\u00e1to lie\u010dba zanech\u00e1 va\u0161e vlasy s \u00fa\u017easn\u00fdm telom a leskom.<\/p>\r\n<!-- \/wp:post-content -->\r\n\r\n<!-- wp:paragraph -->\r\n<p>\u0160pecializovan\u00fd intenz\u00edvny prote\u00ednov\u00fd rekon\u0161truktor vlasov. Obnovuje silu, telo, lesk a prirodzen\u00fa elasticitu po\u0161koden\u00fdch vlasov. Na\u0161e vysoko koncentrovan\u00e9 zlo\u017eenie obnovuje najsuch\u0161ie, krehk\u00e9 a po\u0161koden\u00e9 vlasy.<\/p>\r\n<!-- \/wp:paragraph -->\r\n\r\n<!-- wp:heading -->\r\n\r\n<!-- wp:heading {\"level\":3} -->\r\n<h3 id=\"key-features\"><strong>K\u013e\u00fa\u010dov\u00e9 vlastnosti<\/strong><\/h3>\r\n<!-- \/wp:heading -->\r\n\r\n<!-- wp:paragraph -->\r\n<p>\u2022 Prote\u00ednov\u00fd rekon\u0161truktor vlasov \u2022 Opravy \u2022 Posil\u0148uje pru\u017enos\u0165 \u2022 Obsahuje vitam\u00edn E a B5 \u2022 Neutralizuje vo\u013en\u00e9 radik\u00e1ly vlasov a zastavuje oxid\u00e1ciu \u2022 Opravy z h\u013abky k\u00f4ry \u2022 D\u00e1va vlasov\u00e9mu telu \u2022 Vhodn\u00e9 pre v\u0161etky typy vlasov (najm\u00e4 jemn\u00e9 vlasy) \u2022 Skvel\u00e9 o\u0161etrenie na pridanie objemu jemn\u00fdm kr\u00edvav\u00fdm vlasom \u2022 Predfarebn\u00e9 o\u0161etrenie na vyrovnanie p\u00f3rovitosti na dosiahnutie rovnomern\u00fdch farebn\u00fdch v\u00fdsledkov<\/p>\r\n<!-- \/wp:paragraph -->\r\n\r\n<!-- wp:heading {\"level\":3} -->\r\n<h3 id=\"how-to-use\"><strong>Ako pou\u017e\u00edva\u0165<\/strong><\/h3>\r\n<!-- \/wp:heading -->\r\n\r\n<!-- wp:paragraph -->\r\n<p>Po \u0161amp\u00f3novan\u00ed vlasov uter\u00e1k vysu\u0161te a aplikujte<strong> <a href=\"https:\/\/www.davroe.com\/shop\/treatments\/rebuilder-protein-hair-reconstructor\/\" target=\"_blank\" rel=\"noreferrer noopener\" aria-label=\" (otvor\u00ed sa na novej karte)\">Rekon\u0161trukcia<\/a><\/strong> Cel\u00fa cestu cez, penu a nechajte 5-10 min\u00fat.<\/p>\r\n<!-- \/wp:paragraph -->\r\n\r\n<!-- wp:paragraph -->\r\n<p>Pre dosiahnutie optim\u00e1lnych v\u00fdsledkov postupujte pod\u013ea<a href=\"https:\/\/www.davroe.com\/?s=replenish\" target=\"_blank\" rel=\"noreferrer noopener\" aria-label=\" (otvor\u00ed sa na novej karte)\"><strong> Doplni\u0165<\/strong><\/a> (ponechajte 5-10 min\u00fat a potom opl\u00e1chnite) a v\u017edy dokon\u010dite svoju ob\u013e\u00faben\u00fa <a href=\"https:\/\/www.davroe.com\/product-category\/senses\/\" target=\"_blank\" rel=\"noreferrer noopener\" aria-label=\" (otvor\u00ed sa na novej karte)\"><strong>Davroe kondicion\u00e9r<\/strong><\/a><\/p>\r\n<h2 id=\"davroe-rebuilder-protein-treatment-is-part-of-our-davroe-hair-wellness-treatment-range\"><strong>Davroe<a href=\"https:\/\/www.davroe.com\/shop\/treatments\/rebuilder-protein-hair-reconstructor\/\" target=\"_blank\" rel=\"noreferrer noopener\" aria-label=\" Rebuilder (otvor\u00ed sa na novej karte)\"> Rekon\u0161trukcia<\/a> Prote\u00ednov\u00e1 lie\u010dba je s\u00fa\u010das\u0165ou n\u00e1\u0161ho radu Davroe Hair Wellness.<\/strong><\/h2>\r\n<!-- \/wp:paragraph --><!-- \/wp:heading -->\r\n\r\n<!-- wp:heading {\"level\":3} -->\r\n<h3 id=\"infused-with-natural-plant-extracts-including-kakadu-plum-jasmine-extract-aloe-barbadensis-sunflower-ceramides-jojoba-oil-and-lemongrass-your-hair-will-love-you-for-it\">Naplnen\u00e9 pr\u00edrodn\u00fdmi rastlinn\u00fdmi v\u00fd\u0165a\u017ekami vr\u00e1tane sliviek Kakadu, extraktu z jazm\u00ednu, aloe barbadensis, slne\u010dnicov\u00fdch ceramidov, jojobov\u00e9ho oleja a citr\u00f3novej tr\u00e1vy, va\u0161e vlasy v\u00e1s bud\u00fa milova\u0165 za to!<\/h3>\r\n<!-- \/wp:heading -->\r\n\r\n<!-- wp:paragraph -->\r\n<p>&nbsp;<\/p>","protected":false},"excerpt":{"rendered":"<h2><strong>O\u0161etrenie bohat\u00e9 na veg\u00e1nske bielkoviny na opravu a obnovu po\u0161koden\u00fdch vlasov<\/strong><\/h2>\n<h3><strong>Obnovuje fantastick\u00fa silu, telo a lesk na po\u0161koden\u00e9 vlasy. Inf\u00fazia s quinoa a ry\u017eov\u00fdmi prote\u00ednmi na posilnenie such\u00fdch, krehk\u00fdch, po\u0161koden\u00fdch vlasov a jemn\u00fdch vlasov.<\/strong><\/h3>\n<ul>\n<li>Prote\u00ednov\u00fd rekon\u0161truktor vlasov<\/li>\n<li>Opravuje a posil\u0148uje slab\u00e9 a po\u0161koden\u00e9 vlasy zvn\u00fatra von<\/li>\n<li>Obnovuje prirodzen\u00fa elasticitu a lesk vlasov<\/li>\n<li>Lie\u010dba pre \u00fa\u017easn\u00e9 telo a lesk<\/li>\n<li>Obsahuje vitam\u00edny E a B5<\/li>\n<li>Neutralizuje ch\u013apky vo\u013en\u00fdmi radik\u00e1lmi a zastavuje oxid\u00e1ciu<\/li>\n<li>Opravy hlboko vo vn\u00fatri k\u00f4ry<\/li>\n<li>D\u00e1va vlasy telo<\/li>\n<\/ul>","protected":false},"featured_media":24622,"comment_status":"open","ping_status":"closed","template":"","meta":{"_acf_changed":false},"product_brand":[],"product_cat":[69],"product_tag":[],"class_list":{"0":"post-24567","1":"product","2":"type-product","3":"status-publish","4":"has-post-thumbnail","6":"product_cat-treatments","7":"description-off","9":"first","10":"instock","11":"taxable","12":"shipping-taxable","13":"product-type-variable","14":"has-default-attributes"},"acf":[],"_links":{"self":[{"href":"https:\/\/davroe.sk\/sk\/wp-json\/wp\/v2\/product\/24567","targetHints":{"allow":["GET"]}}],"collection":[{"href":"https:\/\/davroe.sk\/sk\/wp-json\/wp\/v2\/product"}],"about":[{"href":"https:\/\/davroe.sk\/sk\/wp-json\/wp\/v2\/types\/product"}],"replies":[{"embeddable":true,"href":"https:\/\/davroe.sk\/sk\/wp-json\/wp\/v2\/comments?post=24567"}],"wp:featuredmedia":[{"embeddable":true,"href":"https:\/\/davroe.sk\/sk\/wp-json\/wp\/v2\/media\/24622"}],"wp:attachment":[{"href":"https:\/\/davroe.sk\/sk\/wp-json\/wp\/v2\/media?parent=24567"}],"wp:term":[{"taxonomy":"product_brand","embeddable":true,"href":"https:\/\/davroe.sk\/sk\/wp-json\/wp\/v2\/product_brand?post=24567"},{"taxonomy":"product_cat","embeddable":true,"href":"https:\/\/davroe.sk\/sk\/wp-json\/wp\/v2\/product_cat?post=24567"},{"taxonomy":"product_tag","embeddable":true,"href":"https:\/\/davroe.sk\/sk\/wp-json\/wp\/v2\/product_tag?post=24567"}],"curies":[{"name":"wp","href":"https:\/\/api.w.org\/{rel}","templated":true}]}}