{"id":24568,"date":"2024-04-26T07:27:21","date_gmt":"2024-04-26T06:27:21","guid":{"rendered":"https:\/\/davroe.sk\/?post_type=product&#038;p=24568"},"modified":"2025-10-16T06:15:10","modified_gmt":"2025-10-16T05:15:10","slug":"ends-repair","status":"publish","type":"product","link":"https:\/\/davroe.sk\/sk\/shop\/treatments\/ends-repair\/","title":{"rendered":"Ends Repair Leave-In Treatment Bezoplachov\u00e1 starostlivos\u0165 na kon\u010deky vlasov"},"content":{"rendered":"<h2><strong>Davroe ukon\u010duje opravu Chr\u00e1ni a utes\u0148uje kutikulu, aby osvetlila a zjemnila va\u0161e vlasy.<\/strong><\/h2>\n<h2>Ry\u017eov\u00e9 a p\u0161eni\u010dn\u00e9 bielkoviny posilnia a vyhladia va\u0161e vlasy, uzamkn\u00fa vlhkos\u0165 a farbu a z\u00e1rove\u0148 ochr\u00e1nia va\u0161e vlasy pred po\u0161koden\u00edm UV \u017eiaren\u00edm.<\/h2>\n<p>Unik\u00e1tna viac\u00fa\u010delov\u00e1 bezoplachov\u00e1 lie\u010dba na prevenciu, opravu, hydrat\u00e1ciu a utesnenie rozdelen\u00fdch koncov a zabra\u0148uje rozbitiu vlasov (prote\u00edn chinoa). Hydratuje a utes\u0148uje kutikulu. Pom\u00e1ha predch\u00e1dza\u0165 roz\u0161tiepen\u00fdm koncom. T\u00e1to bezoplachov\u00e1 starostlivos\u0165 je ide\u00e1lna na pou\u017eitie na mokr\u00e9 alebo such\u00e9 vlasy.<\/p>\n<ul>\n<li>Absorbuje a zmizne vo vlasoch<\/li>\n<li>Posil\u0148uje &amp; zabra\u0148uje rozbitiu<\/li>\n<li>Deters rozdelen\u00e9 konce<\/li>\n<li>Vhodn\u00e9 pre v\u0161etky typy vlasov<\/li>\n<li>Zni\u017euje fly-aways<\/li>\n<li>Ochrana pred UV \u017eiaren\u00edm<\/li>\n<li>Fantastick\u00e9 pre deti<\/li>\n<li>Utes\u0148uje a zvlh\u010duje konce<\/li>\n<li>Sulf\u00e1t &amp; Paraben zadarmo<\/li>\n<li>Veg\u00e1nske priate\u013esk\u00e9 &amp; Cruelty-Free<\/li>\n<li>Prirodzene odvoden\u00e9 ingrediencie<\/li>\n<li>Kerat\u00edn Bezpe\u010dn\u00e9 o\u0161etrenie<\/li>\n<\/ul>\n<p><strong>Ako pou\u017e\u00edva\u0165<\/strong><\/p>\n<p>Konce opravy m\u00f4\u017eu by\u0165 pou\u017eit\u00e9 na mokr\u00e9 alebo such\u00e9 vlasy. Pou\u017eite na such\u00e9 vlasy po f\u00e9novan\u00ed, aby ste vyhladili a ovl\u00e1dali konce a vytvorili kr\u00e1sny hladk\u00fd povrch.<\/p>\n<h4>Naneste mal\u00e9 mno\u017estvo na mokr\u00e9 alebo such\u00e9 vlasy cez stredn\u00e9 d\u013a\u017eky a konce. Konce Oprava m\u00f4\u017ee by\u0165 pou\u017eit\u00e1 kedyko\u013evek skroti\u0165 krepovatenie alebo flyaway kon\u010deky.<\/h4>\n<h4><strong>V\u00fd\u0165a\u017eok z kvetov austr\u00e1lskeho ibi\u0161teka<\/strong><\/h4>\n<p>Antioxidant bohat\u00fd na vitam\u00edn C \u2013 \u010dist\u00ed, hydratuje a chr\u00e1ni farben\u00e9 vlasy. Upokojuje a hydratuje v\u0161etky farebn\u00e9 typy vlasov.<\/p>\n<p><img loading=\"lazy\" decoding=\"async\" class=\"alignnone wp-image-17344\" src=\"https:\/\/www.davroe.com\/wp-content\/uploads\/2020\/08\/DAVROE-Ingredients-Hibiscus-1080x1080-1.jpg\" alt=\"DAVROE-Zlo\u017eky-Hibiscus-1080x1080-1\" width=\"409\" height=\"409\" \/><\/p>\n<h3><strong>V\u00fd\u0165a\u017eok z hroznov\u00fdch semien<\/strong><\/h3>\n<p>Extrakt z hroznov\u00fdch semien je jedn\u00fdm z najsilnej\u0161\u00edch antioxidantov, ktor\u00e9 s\u00fa k dispoz\u00edcii.<\/p>\n<h3><strong><img loading=\"lazy\" decoding=\"async\" class=\"alignnone wp-image-19240\" src=\"https:\/\/www.davroe.com\/wp-content\/uploads\/2020\/11\/DAVROE-Ingredient-Natures-Active-grape-seed-1080x1080-1-300x300.jpg\" alt=\"DAVROE-Zlo\u017eka-Pr\u00edrody-Akt\u00edvne hrozno semen\u00e1 1080x1080\" width=\"400\" height=\"400\" \/><\/strong><\/h3>\n<h3><strong>V\u00fd\u0165a\u017eok z olivov\u00e9ho listu<\/strong><\/h3>\n<p>Unik\u00e1tny antioxidant z olivov\u00e9ho listu.<\/p>\n<p>Chr\u00e1ni vlasy pred po\u0161koden\u00edm vo\u013en\u00fdmi radik\u00e1lmi.<\/p>\n<p><img loading=\"lazy\" decoding=\"async\" class=\"alignnone wp-image-19250\" src=\"https:\/\/www.davroe.com\/wp-content\/uploads\/2020\/11\/DAVROE-Ingredient-Natures-Active-olive-leaf-1080x1080-1-300x300.jpg\" alt=\"DAVROE-Zlo\u017eka-Pr\u00edrody-Akt\u00edvny-olivov\u00fd list 1080x1080\" width=\"401\" height=\"401\" \/><\/p>\n<p>&nbsp;<\/p>\n<p>&nbsp;<\/p>","protected":false},"excerpt":{"rendered":"<h2><strong>Chr\u00e1ni a utes\u0148uje kutikulu, <\/strong><strong>Osvetlite a zm\u00e4k\u010dte vlasy s DAVROE Ends Repair<\/strong><\/h2>\n<p>&nbsp;<\/p>\n<ul>\n<li>Zanechanie lie\u010dby<\/li>\n<li>Zabra\u0148uje roz\u0161tiepen\u00fdm koncom<\/li>\n<li>Zni\u017euje fly-aways<\/li>\n<li>Zanech\u00e1va vlasy jemn\u00e9 a hodv\u00e1bne<\/li>\n<li>Podporuje lesk<\/li>\n<li>Absorbuje okam\u017eite<\/li>\n<li>Sulf\u00e1t &amp; Paraben zadarmo<\/li>\n<li>Veg\u00e1nske priate\u013esk\u00e9 &amp; Cruelty-Free<\/li>\n<li>Prirodzene odvoden\u00e9 ingrediencie<\/li>\n<li>Kerat\u00edn Bezpe\u010dn\u00e9 o\u0161etrenie<\/li>\n<\/ul>","protected":false},"featured_media":24631,"comment_status":"open","ping_status":"closed","template":"","meta":{"_acf_changed":false},"product_brand":[],"product_cat":[69],"product_tag":[],"class_list":{"0":"post-24568","1":"product","2":"type-product","3":"status-publish","4":"has-post-thumbnail","6":"product_cat-treatments","7":"description-off","9":"first","10":"instock","11":"featured","12":"taxable","13":"shipping-taxable","14":"product-type-variable","15":"has-default-attributes"},"acf":[],"_links":{"self":[{"href":"https:\/\/davroe.sk\/sk\/wp-json\/wp\/v2\/product\/24568","targetHints":{"allow":["GET"]}}],"collection":[{"href":"https:\/\/davroe.sk\/sk\/wp-json\/wp\/v2\/product"}],"about":[{"href":"https:\/\/davroe.sk\/sk\/wp-json\/wp\/v2\/types\/product"}],"replies":[{"embeddable":true,"href":"https:\/\/davroe.sk\/sk\/wp-json\/wp\/v2\/comments?post=24568"}],"wp:featuredmedia":[{"embeddable":true,"href":"https:\/\/davroe.sk\/sk\/wp-json\/wp\/v2\/media\/24631"}],"wp:attachment":[{"href":"https:\/\/davroe.sk\/sk\/wp-json\/wp\/v2\/media?parent=24568"}],"wp:term":[{"taxonomy":"product_brand","embeddable":true,"href":"https:\/\/davroe.sk\/sk\/wp-json\/wp\/v2\/product_brand?post=24568"},{"taxonomy":"product_cat","embeddable":true,"href":"https:\/\/davroe.sk\/sk\/wp-json\/wp\/v2\/product_cat?post=24568"},{"taxonomy":"product_tag","embeddable":true,"href":"https:\/\/davroe.sk\/sk\/wp-json\/wp\/v2\/product_tag?post=24568"}],"curies":[{"name":"wp","href":"https:\/\/api.w.org\/{rel}","templated":true}]}}