{"id":24570,"date":"2024-04-26T07:27:22","date_gmt":"2024-04-26T06:27:22","guid":{"rendered":"https:\/\/davroe.sk\/?post_type=product&#038;p=24570"},"modified":"2025-10-16T05:05:12","modified_gmt":"2025-10-16T04:05:12","slug":"curl-creme-definer","status":"publish","type":"product","link":"https:\/\/davroe.sk\/sk\/shop\/styling\/curl-creme-definer\/","title":{"rendered":"Curl Cr\u00e8me Definer Stylingov\u00fd kr\u00e9m na defin\u00edciu v\u013an"},"content":{"rendered":"<h2>\u013dahk\u00fd stylingov\u00fd kr\u00e9m zlep\u0161uj\u00faci defin\u00edciu zvlnenia pre zvodn\u00e9 z\u00e1mky<\/h2>\n<p>Vytvoren\u00fd s \u010dist\u00fdm slne\u010dnicov\u00fdm olejom a rastlinn\u00fdmi v\u00fd\u0165a\u017ekami vr\u00e1tane austr\u00e1lskej Lilly Pilly, Curl Cr\u00e8me Definer pom\u00e1ha zni\u017eova\u0165 krepovatenie, hladk\u00e9 nepoddajn\u00e9 vlasy a prida\u0165 lesk.<\/p>\n<p>Posil\u0148uj\u00face quinoa prote\u00edny pom\u00e1haj\u00fa kondicionova\u0165 vlasy tak, aby poskytovali m\u00e4kk\u00e9 zvl\u00e1dnute\u013en\u00e9 ku\u010dery.<\/p>\n<ul>\n<li>Vytvoren\u00e9 z \u010dist\u00e9ho slne\u010dnicov\u00e9ho oleja a rastlinn\u00fdch extraktov<\/li>\n<li>Vr\u00e1tane austr\u00e1lskej rod\u00e1\u010dky Lilly Pilly.<\/li>\n<li>Zn\u00ed\u017ete krepovatenie, hladk\u00e9 nepoddajn\u00e9 vlasy a pridajte lesk<\/li>\n<li>Posil\u0148uj\u00face quinoa prote\u00edny pom\u00e1haj\u00fa kondicionova\u0165 vlasy tak, aby dod\u00e1vali m\u00e4kk\u00e9 zvl\u00e1dnute\u013en\u00e9 ku\u010dery.<\/li>\n<li>Sulf\u00e1t &amp; Paraben zadarmo<\/li>\n<li>Veg\u00e1nske priate\u013esk\u00e9 &amp; Cruelty-Free<\/li>\n<li>Prirodzene odvoden\u00e9 ingrediencie<\/li>\n<li>Kerat\u00edn Bezpe\u010dn\u00e9 o\u0161etrenie<\/li>\n<\/ul>\n<h3><strong>Pr\u00edroda akt\u00edvna \u2013 Lilly Pilly<\/strong><\/h3>\n<p>Austr\u00e1lska Lilly Pilly je bohat\u00e1 na vitam\u00edn C a ovocn\u00e9 kyseliny. Prid\u00e1va vlhkos\u0165 such\u00fdm, po\u0161koden\u00fdm vlasom a pom\u00e1ha \u010disti\u0165 vlasy, aby obnovili odraz na prirodzene vlnit\u00e9 a ku\u010derav\u00e9 vlasy.<\/p>\n<p>&nbsp;<\/p>\n<p><img loading=\"lazy\" decoding=\"async\" class=\"alignnone wp-image-19247\" src=\"https:\/\/www.davroe.com\/wp-content\/uploads\/2020\/11\/DAVROE-Ingredient-Natures-Active-lillypilly-1080x1080-1.jpg\" alt=\"DAVROE Nature&#039;s Active Lilly Pilly Syst\u00e9mov\u00e9 Po\u017eiadavky\" width=\"531\" height=\"531\" \/><\/p>\n<p>&nbsp;<\/p>","protected":false},"excerpt":{"rendered":"<h2>\u013dahk\u00fd stylingov\u00fd kr\u00e9m zlep\u0161uj\u00faci defin\u00edciu zvlnenia pre zvodn\u00e9 z\u00e1mky<\/h2>\n<ul>\n<li>Zlep\u0161ite svoju prirodzen\u00fa zvlnenie<\/li>\n<li>Eliminuje krepovatenie a skrot\u00ed nepoddajn\u00e9 vlasy<\/li>\n<li>Udr\u017euje ku\u010dery hydratovan\u00e9<\/li>\n<li>Sulf\u00e1t &amp; Paraben zadarmo<\/li>\n<li>Veg\u00e1nske priate\u013esk\u00e9 &amp; Cruelty-Free<\/li>\n<li>Prirodzene odvoden\u00e9 ingrediencie<\/li>\n<li>Kerat\u00edn Bezpe\u010dn\u00e9 o\u0161etrenie<\/li>\n<\/ul>","protected":false},"featured_media":24641,"comment_status":"open","ping_status":"closed","template":"","meta":{"_acf_changed":false},"product_brand":[],"product_cat":[67],"product_tag":[32,41],"class_list":{"0":"post-24570","1":"product","2":"type-product","3":"status-publish","4":"has-post-thumbnail","6":"product_cat-styling","7":"product_tag-curl","8":"product_tag-definer","9":"description-off","11":"first","12":"instock","13":"featured","14":"taxable","15":"shipping-taxable","16":"product-type-variable","17":"has-default-attributes"},"acf":[],"_links":{"self":[{"href":"https:\/\/davroe.sk\/sk\/wp-json\/wp\/v2\/product\/24570","targetHints":{"allow":["GET"]}}],"collection":[{"href":"https:\/\/davroe.sk\/sk\/wp-json\/wp\/v2\/product"}],"about":[{"href":"https:\/\/davroe.sk\/sk\/wp-json\/wp\/v2\/types\/product"}],"replies":[{"embeddable":true,"href":"https:\/\/davroe.sk\/sk\/wp-json\/wp\/v2\/comments?post=24570"}],"wp:featuredmedia":[{"embeddable":true,"href":"https:\/\/davroe.sk\/sk\/wp-json\/wp\/v2\/media\/24641"}],"wp:attachment":[{"href":"https:\/\/davroe.sk\/sk\/wp-json\/wp\/v2\/media?parent=24570"}],"wp:term":[{"taxonomy":"product_brand","embeddable":true,"href":"https:\/\/davroe.sk\/sk\/wp-json\/wp\/v2\/product_brand?post=24570"},{"taxonomy":"product_cat","embeddable":true,"href":"https:\/\/davroe.sk\/sk\/wp-json\/wp\/v2\/product_cat?post=24570"},{"taxonomy":"product_tag","embeddable":true,"href":"https:\/\/davroe.sk\/sk\/wp-json\/wp\/v2\/product_tag?post=24570"}],"curies":[{"name":"wp","href":"https:\/\/api.w.org\/{rel}","templated":true}]}}