{"id":24571,"date":"2024-04-26T07:27:22","date_gmt":"2024-04-26T06:27:22","guid":{"rendered":"https:\/\/davroe.sk\/?post_type=product&#038;p=24571"},"modified":"2025-10-16T05:05:13","modified_gmt":"2025-10-16T04:05:13","slug":"smoothing-balm","status":"publish","type":"product","link":"https:\/\/davroe.sk\/sk\/shop\/senses\/smooth-senses\/smoothing-balm\/","title":{"rendered":"Vyhladzuj\u00faci balzam"},"content":{"rendered":"<p><strong><a href=\"https:\/\/www.davroe.com\/shop\/senses\/smooth-senses\/smoothing-balm\/\" target=\"_blank\" rel=\"noreferrer noopener\">DAVROE Vyhladzuj\u00faci balzam<\/a> i<\/strong>s tie\u017e must-ma\u0165 produkt, ak krepatenie je va\u0161a hlavn\u00e1 staros\u0165. P\u00f4sob\u00ed tak, aby va\u0161e vlasy zostali hladk\u00e9 a rozmotan\u00e9, nemus\u00edte sa ob\u00e1va\u0165, \u017ee sp\u00f4sob\u00edte krepovatenie, ke\u010f sa pok\u00fa\u0161ate vy\u010disti\u0165 uzly, a navy\u0161e m\u00e1 aj mierny faktor dr\u017eania na ovl\u00e1danie aj tak flyaways.<\/p>\n<p>Vieme, \u017ee m\u00f4\u017ee by\u0165 \u0165a\u017ek\u00e9 udr\u017ea\u0165 v\u0161etky vlasy v rade, najm\u00e4 pre v\u0161etk\u00fdch t\u00fdch, ktor\u00ed tento rok v lete chodia do severn\u00fdch \u010dast\u00ed Austr\u00e1lie. Mnoh\u00ed z v\u00e1s nemusia by\u0165 zvyknut\u00ed na vlhkos\u0165, ktor\u00e1 prich\u00e1dza s sez\u00f3nou.\u00a0 Ke\u010f je vo vzduchu vlhkos\u0165, mysl\u00edm si, \u017ee v\u0161etci zd\u00f4raz\u0148ujeme, ako bud\u00fa na\u0161e vlasy vyzera\u0165 v okamihu, ke\u010f vykro\u010d\u00edme von. Kone\u010dn\u00fdm snom v tomto pr\u00edpade je, aby na\u0161e vlasy zostali uvo\u013enen\u00e9 a krepat\u00e9 zadarmo. Rie\u0161enie v\u00e1\u0161ho probl\u00e9mu je na\u0161e <strong><a href=\"https:\/\/www.davroe.com\/shop\/senses\/smooth-senses\/smoothing-balm\/\" target=\"_blank\" rel=\"noreferrer noopener\">DAVROE Vyhladzuj\u00faci balzam<\/a><\/strong>, ktor\u00e1 bola navrhnut\u00e1 tak, aby odpudzovala vlhkos\u0165 a vlhkos\u0165, v\u010faka \u010domu bud\u00fa va\u0161e vlasy hodv\u00e1bne hladk\u00e9 a kr\u00e1sne \u2013 presne tak, ako ste chceli, aby vyzerali.<\/p>\n<p><strong><a href=\"https:\/\/www.davroe.com\/shop\/senses\/smooth-senses\/smoothing-balm\/\" target=\"_blank\" rel=\"noreferrer noopener\">DAVROE Vyhladzuj\u00faci balzam<\/a><\/strong> vyu\u017e\u00edva Abyssinian Oil a Quinoa prote\u00edn na skrotenie letovej dr\u00e1hy odstr\u00e1nen\u00edm krepatenia. Je tie\u017e odoln\u00fd vo\u010di vlhkosti a vytv\u00e1ra super hladk\u00e9 dr\u017eanie a super lesk.<\/p>\n<h4><em><a href=\"https:\/\/www.davroe.com\/shop\/senses\/smooth-senses\/smoothing-balm\/\">DAVROE SMOOTHING BALM PRO TIP<\/a><\/em><strong><em>: Pou\u017eite to na ku\u010derav\u00e9 vlasy, aby ste ich trochu uvo\u013enili a vytvorili m\u00e4k\u0161\u00ed vzh\u013ead!<\/em><\/strong><\/h4>\n<p>K\u013e\u00fa\u010dov\u00e9 vlastnosti:<\/p>\n<ul>\n<li>\u013dahk\u00fd hladk\u00fd stylingov\u00fd kr\u00e9m, ktor\u00fd sa nebude vlo\u010dkova\u0165<\/li>\n<li>Anti-zvlh\u010dova\u010d, odpudzuje vlhkos\u0165 a eliminuje krepovatenie<\/li>\n<li>Ochrana pred tepeln\u00fdm stylingom<\/li>\n<li>U\u013eah\u010duje f\u00e9novanie vlasov<\/li>\n<\/ul>","protected":false},"excerpt":{"rendered":"<h3><strong><a href=\"https:\/\/www.davroe.com\/shop\/senses\/smooth-senses\/smoothing-balm\/\" target=\"_blank\" rel=\"noreferrer noopener\">DAVROE Vyhladzuj\u00faci balzam<\/a> vyu\u017e\u00edva Abyssinian Oil a Quinoa prote\u00edn na skrotenie letovej dr\u00e1hy odstr\u00e1nen\u00edm krepatenia. Je tie\u017e odoln\u00fd vo\u010di vlhkosti a vytv\u00e1ra super hladk\u00e9 dr\u017eanie a super lesk.<\/strong><\/h3>\n<div class=\"flex flex-grow flex-col gap-3\">\n<div class=\"min-h-[20px] flex flex-col items-start gap-4 whitespace-pre-wrap\"><\/div>\n<\/div>\n<ul>\n<li>\u013dahk\u00fd hladk\u00fd stylingov\u00fd kr\u00e9m, ktor\u00fd sa nebude vlo\u010dkova\u0165<\/li>\n<li>Anti-zvlh\u010dova\u010d, odpudzuje vlhkos\u0165 a eliminuje krepovatenie<\/li>\n<li>Ochrana pred tepeln\u00fdm stylingom<\/li>\n<li>U\u013eah\u010duje f\u00e9novanie vlasov<\/li>\n<\/ul>","protected":false},"featured_media":24644,"comment_status":"open","ping_status":"closed","template":"","meta":{"_acf_changed":false},"product_brand":[],"product_cat":[64,67],"product_tag":[],"class_list":{"0":"post-24571","1":"product","2":"type-product","3":"status-publish","4":"has-post-thumbnail","6":"product_cat-smooth-senses","7":"product_cat-styling","8":"description-off","10":"first","11":"instock","12":"taxable","13":"shipping-taxable","14":"product-type-variable","15":"has-default-attributes"},"acf":[],"_links":{"self":[{"href":"https:\/\/davroe.sk\/sk\/wp-json\/wp\/v2\/product\/24571","targetHints":{"allow":["GET"]}}],"collection":[{"href":"https:\/\/davroe.sk\/sk\/wp-json\/wp\/v2\/product"}],"about":[{"href":"https:\/\/davroe.sk\/sk\/wp-json\/wp\/v2\/types\/product"}],"replies":[{"embeddable":true,"href":"https:\/\/davroe.sk\/sk\/wp-json\/wp\/v2\/comments?post=24571"}],"wp:featuredmedia":[{"embeddable":true,"href":"https:\/\/davroe.sk\/sk\/wp-json\/wp\/v2\/media\/24644"}],"wp:attachment":[{"href":"https:\/\/davroe.sk\/sk\/wp-json\/wp\/v2\/media?parent=24571"}],"wp:term":[{"taxonomy":"product_brand","embeddable":true,"href":"https:\/\/davroe.sk\/sk\/wp-json\/wp\/v2\/product_brand?post=24571"},{"taxonomy":"product_cat","embeddable":true,"href":"https:\/\/davroe.sk\/sk\/wp-json\/wp\/v2\/product_cat?post=24571"},{"taxonomy":"product_tag","embeddable":true,"href":"https:\/\/davroe.sk\/sk\/wp-json\/wp\/v2\/product_tag?post=24571"}],"curies":[{"name":"wp","href":"https:\/\/api.w.org\/{rel}","templated":true}]}}