{"id":24572,"date":"2024-04-26T07:27:22","date_gmt":"2024-04-26T06:27:22","guid":{"rendered":"https:\/\/davroe.sk\/?post_type=product&#038;p=24572"},"modified":"2025-10-16T05:04:58","modified_gmt":"2025-10-16T04:04:58","slug":"curlicue-hydrating-hair-oil","status":"publish","type":"product","link":"https:\/\/davroe.sk\/sk\/shop\/curlicue\/curlicue-hydrating-hair-oil\/","title":{"rendered":"CURLiCUE Hydrating Hair Oil Hydrata\u010dn\u00fd olej na ku\u010derav\u00e9 vlasy"},"content":{"rendered":"<h2><strong>CURLiCUE Hydrating Hair Oil Hydrata\u010dn\u00fd olej na ku\u010derav\u00e9 vlasy<\/p>\n<p><\/strong><\/h2>\n<h3><strong>\u013dahk\u00fd ultra hydrata\u010dn\u00fd olej<\/strong><\/h3>\n<p>Tento intenz\u00edvne hydrata\u010dn\u00fd olej hydratuje vlasy a z\u00e1rove\u0148 jemne definuje vlny &amp; ku\u010dery. Bohat\u00e9 na rastlinn\u00e9 oleje, ako Kakadu Plum, <strong>CURLiCUE Hydrating Hair Oil Hydrata\u010dn\u00fd olej na ku\u010derav\u00e9 vlasy<\/strong> \u013eahko sa rozpt\u00fdli a absorbuje na posilnenie a kondicionovanie v\u0161etk\u00fdch typov vlasov a z\u00e1rove\u0148 vytv\u00e1ra vysoko leskl\u00fd povrch.<\/p>\n<ul>\n<li>\n<h4>Bohat\u00e9 na zmes 9 rastlinn\u00fdch olejov vr\u00e1tane; Abyssinica Seed, Argan, Avocado, Camellia, Olive &amp; Slne\u010dnicov\u00fd olej<\/h4>\n<\/li>\n<li>\n<h4>Poskytuje intenz\u00edvnu hydrat\u00e1ciu a z\u00e1rove\u0148 jemne definuje vlny a amp; ku\u010dery<\/h4>\n<\/li>\n<li>\n<h4>\u013dahko rozpt\u00fdlen\u00fd absorbovan\u00fd vlasmi<\/h4>\n<\/li>\n<li>\n<h4>Posil\u0148uje a stav v\u0161etk\u00fdch typov vlasov<\/h4>\n<\/li>\n<li>\n<h4>Vytv\u00e1ra vysoko leskl\u00fd povrch<\/h4>\n<\/li>\n<li>\n<h4>Pou\u017e\u00edvajte na vlhk\u00e9 alebo such\u00e9 vlasy ako vo\u013eno alebo ako predprac\u00ed olej.<\/h4>\n<\/li>\n<\/ul>\n<h3><\/h3>\n<h3><strong>Ako pou\u017e\u00edva\u0165 DAVROE CURLiCUE <\/strong><strong>Hydrata\u010dn\u00fd vlasov\u00fd olej <\/strong><\/h3>\n<p>Naneste 3 \u2013 5 kvapiek na mokr\u00e9 alebo such\u00e9 vlasy \u2013 pou\u017eite viac-menej v z\u00e1vislosti od d\u013a\u017eky a hustoty vlasov: zm\u00e4k\u010di\u0165, skroti\u0165 krepovatenie a osvie\u017ei\u0165 zvlnenie.<\/p>\n<p><em><strong>Tip: Pou\u017e\u00edvajte ako predprac\u00ed olej na ochranu a h\u013abkov\u00fa hydrat\u00e1ciu such\u00fdch, hrub\u00fdch vlasov.<\/strong><\/em><\/p>\n<h2><\/h2>\n<h2>CURLY GIRL SCHV\u00c1LEN\u00c9 \u2013 formulovan\u00e9 bez silik\u00f3nu, sulf\u00e1tu alebo su\u0161iacich alkoholov.<\/h2>\n<p>&nbsp;<\/p>\n<p><img loading=\"lazy\" decoding=\"async\" class=\"wp-image-23637 alignnone\" src=\"https:\/\/www.davroe.com\/wp-content\/uploads\/2021\/07\/davroe-curlicue-range-wide-image.jpg\" alt=\"davroe-curlicue-rozsah-\u0161irok\u00fd obraz\" width=\"701\" height=\"292\" \/><\/p>\n<p><img loading=\"lazy\" decoding=\"async\" class=\"alignnone wp-image-23640\" src=\"https:\/\/www.davroe.com\/wp-content\/uploads\/2021\/07\/davroe-curlicue-range-tamy.jpg\" alt=\"davroe-curlicue-range-tamy\" width=\"702\" height=\"645\" \/><\/p>\n<p>&nbsp;<\/p>\n<h4><\/h4>\n<p><img loading=\"lazy\" decoding=\"async\" class=\"alignnone wp-image-19233\" src=\"https:\/\/www.davroe.com\/wp-content\/uploads\/2020\/11\/DAVROE-Ingredient-Natures-Active-Avocado-1080x1080-1-300x300.jpg\" alt=\"\" width=\"549\" height=\"549\" \/><\/p>\n<p><img loading=\"lazy\" decoding=\"async\" class=\"alignnone wp-image-19211\" src=\"https:\/\/www.davroe.com\/wp-content\/uploads\/2020\/11\/DAVROE-Ingredient-Natures-Active-macadamia-camellia-oil-300x300.jpg\" alt=\"DAVROE-Ingredient-Natures-Active-macadamia-camellia-olej\" width=\"572\" height=\"572\" \/><\/p>\n<p>&nbsp;<\/p>","protected":false},"excerpt":{"rendered":"<h2><strong>CURLiCUE Hydrating Hair Oil Hydrata\u010dn\u00fd olej na ku\u010derav\u00e9 vlasy<\/p>\n<p><\/strong><\/h2>\n<h3><strong>\u013dahk\u00fd ultra hydrata\u010dn\u00fd olej DAVROE<\/p>\n<p><\/strong><\/h3>\n<ul>\n<li>Bohat\u00e9 na zmes 9 rastlinn\u00fdch olejov vr\u00e1tane; Abyssinica Seed, Argan, Avocado, Camellia, Olive &amp; Slne\u010dnicov\u00fd olej<\/li>\n<li>Poskytuje intenz\u00edvnu hydrat\u00e1ciu a z\u00e1rove\u0148 jemne definuje vlny a amp; ku\u010dery<\/li>\n<li>\u013dahko rozpt\u00fdlen\u00fd absorbovan\u00fd vlasmi<\/li>\n<li>Posil\u0148uje a stav v\u0161etk\u00fdch typov vlasov<\/li>\n<li>Vytv\u00e1ra vysoko leskl\u00fd povrch<\/li>\n<li>Pou\u017e\u00edvajte na vlhk\u00e9 alebo such\u00e9 vlasy ako vo\u013eno alebo ako predprac\u00ed olej.<\/li>\n<\/ul>","protected":false},"featured_media":25152,"comment_status":"open","ping_status":"closed","template":"","meta":{"_acf_changed":false},"product_brand":[],"product_cat":[36],"product_tag":[35,37,38,47],"class_list":{"0":"post-24572","1":"product","2":"type-product","3":"status-publish","4":"has-post-thumbnail","6":"product_cat-curlicue","7":"product_tag-curlicue","8":"product_tag-curly-girl","9":"product_tag-curly-hair","10":"product_tag-hair-oil","11":"description-off","13":"first","14":"instock","15":"featured","16":"taxable","17":"shipping-taxable","18":"purchasable","19":"product-type-simple"},"acf":[],"_links":{"self":[{"href":"https:\/\/davroe.sk\/sk\/wp-json\/wp\/v2\/product\/24572","targetHints":{"allow":["GET"]}}],"collection":[{"href":"https:\/\/davroe.sk\/sk\/wp-json\/wp\/v2\/product"}],"about":[{"href":"https:\/\/davroe.sk\/sk\/wp-json\/wp\/v2\/types\/product"}],"replies":[{"embeddable":true,"href":"https:\/\/davroe.sk\/sk\/wp-json\/wp\/v2\/comments?post=24572"}],"wp:featuredmedia":[{"embeddable":true,"href":"https:\/\/davroe.sk\/sk\/wp-json\/wp\/v2\/media\/25152"}],"wp:attachment":[{"href":"https:\/\/davroe.sk\/sk\/wp-json\/wp\/v2\/media?parent=24572"}],"wp:term":[{"taxonomy":"product_brand","embeddable":true,"href":"https:\/\/davroe.sk\/sk\/wp-json\/wp\/v2\/product_brand?post=24572"},{"taxonomy":"product_cat","embeddable":true,"href":"https:\/\/davroe.sk\/sk\/wp-json\/wp\/v2\/product_cat?post=24572"},{"taxonomy":"product_tag","embeddable":true,"href":"https:\/\/davroe.sk\/sk\/wp-json\/wp\/v2\/product_tag?post=24572"}],"curies":[{"name":"wp","href":"https:\/\/api.w.org\/{rel}","templated":true}]}}