{"id":24573,"date":"2024-04-26T07:27:22","date_gmt":"2024-04-26T06:27:22","guid":{"rendered":"https:\/\/davroe.sk\/?post_type=product&#038;p=24573"},"modified":"2025-10-16T05:05:13","modified_gmt":"2025-10-16T04:05:13","slug":"thermaprotect","status":"publish","type":"product","link":"https:\/\/davroe.sk\/sk\/shop\/styling\/thermaprotect\/","title":{"rendered":"Thermaprotect"},"content":{"rendered":"<p>Je ur\u010den\u00fd na ochranu vlasov pred \u0161kodliv\u00fdmi \u00fa\u010dinkami tepeln\u00fdch stylingov\u00fdch n\u00e1strojov. Tento \u013eahk\u00fd sprej poskytuje dlhotrvaj\u00face, prirodzen\u00e9 dr\u017eanie a zanech\u00e1va vlasy hladk\u00e9 a leskl\u00e9. Pom\u00e1ha redukova\u0165 vzletov\u00fa statiku bez mastnoty alebo budovania. Obsahuje quinoa prote\u00edn a \u010dist\u00e9 rastlinn\u00e9 extrakty.<\/p>\n<p>Pr\u00ednosy:<\/p>\n<p>Poskytuje vlasom dokonal\u00fa ochranu pred tepeln\u00fdm stylingom.<\/p>\n<p>Zabra\u0148uje po\u0161kodeniu vlasov z neust\u00e1leho tepeln\u00e9ho stylingu.<\/p>\n<p>Obsahuje pr\u00edrodn\u00e9 rastlinn\u00e9 a kvetinov\u00e9 extrakty.<\/p>\n<p>100% Veg\u00e1nsky priate\u013esk\u00fd.<\/p>\n<p>100% Austr\u00e1l\u010dan vyroben\u00fd a vlastnen\u00fd.<\/p>\n<p>Komplexn\u00e1 ochrana farieb \u2013 ochrana farieb.<\/p>\n<p>Jemn\u00e9 na vlasy a poko\u017eku hlavy.<\/p>\n<p>L\u00e1skav\u00fd k \u017eivotn\u00e9mu prostrediu.<\/p>","protected":false},"excerpt":{"rendered":"<ul>\n<li>Maxim\u00e1lna tepeln\u00e1 ochrana pre v\u0161etky stylingov\u00e9 n\u00e1stroje<\/li>\n<li>Skvel\u00e9 pre \u013eahk\u00fa text\u00faru na prirodzen\u00e9 vlasy<\/li>\n<li>Aplikujte na mokr\u00e9 vlasy<\/li>\n<\/ul>","protected":false},"featured_media":24651,"comment_status":"open","ping_status":"closed","template":"","meta":{"_acf_changed":false},"product_brand":[],"product_cat":[67],"product_tag":[],"class_list":{"0":"post-24573","1":"product","2":"type-product","3":"status-publish","4":"has-post-thumbnail","6":"product_cat-styling","7":"description-off","9":"first","10":"instock","11":"taxable","12":"shipping-taxable","13":"product-type-variable","14":"has-default-attributes"},"acf":[],"_links":{"self":[{"href":"https:\/\/davroe.sk\/sk\/wp-json\/wp\/v2\/product\/24573","targetHints":{"allow":["GET"]}}],"collection":[{"href":"https:\/\/davroe.sk\/sk\/wp-json\/wp\/v2\/product"}],"about":[{"href":"https:\/\/davroe.sk\/sk\/wp-json\/wp\/v2\/types\/product"}],"replies":[{"embeddable":true,"href":"https:\/\/davroe.sk\/sk\/wp-json\/wp\/v2\/comments?post=24573"}],"wp:featuredmedia":[{"embeddable":true,"href":"https:\/\/davroe.sk\/sk\/wp-json\/wp\/v2\/media\/24651"}],"wp:attachment":[{"href":"https:\/\/davroe.sk\/sk\/wp-json\/wp\/v2\/media?parent=24573"}],"wp:term":[{"taxonomy":"product_brand","embeddable":true,"href":"https:\/\/davroe.sk\/sk\/wp-json\/wp\/v2\/product_brand?post=24573"},{"taxonomy":"product_cat","embeddable":true,"href":"https:\/\/davroe.sk\/sk\/wp-json\/wp\/v2\/product_cat?post=24573"},{"taxonomy":"product_tag","embeddable":true,"href":"https:\/\/davroe.sk\/sk\/wp-json\/wp\/v2\/product_tag?post=24573"}],"curies":[{"name":"wp","href":"https:\/\/api.w.org\/{rel}","templated":true}]}}