{"id":24574,"date":"2024-04-26T07:27:22","date_gmt":"2024-04-26T06:27:22","guid":{"rendered":"https:\/\/davroe.sk\/?post_type=product&#038;p=24574"},"modified":"2025-10-16T05:04:58","modified_gmt":"2025-10-16T04:04:58","slug":"shine-fluid","status":"publish","type":"product","link":"https:\/\/davroe.sk\/sk\/shop\/styling\/shine-fluid\/","title":{"rendered":"Shine Fluid"},"content":{"rendered":"<h2><strong>Pou\u017eite DAVROE Shine Fluid na vlasy, ktor\u00e9 s\u00fa n\u00e1chyln\u00e9 na uzlovanie pre \u013eahk\u00e9 \u010desanie a styling alebo pre dokonal\u00fa \u00fapravu.<\/p>\n<p><\/strong><\/h2>\n<p>Dajte svojim vlasom dvojn\u00e1sobn\u00fa l\u00e1sku s brilantn\u00fdm leskom a ochranou proti po\u0161kodeniu! DAVROE Shine Fluid s Camellia Oil pon\u00faka vysok\u00fd lesk, \u017eiariv\u00fd lesk a z\u00e1rove\u0148 chr\u00e1ni va\u0161e vlasy pred tepeln\u00fdm po\u0161koden\u00edm sp\u00f4soben\u00fdm tepeln\u00fdmi stylingov\u00fdmi n\u00e1strojmi.<\/p>\n<p>Ste vlasy s l\u00e1skou sp\u00e4\u0165 so zdravou, luxusnou hladkos\u0165ou bez krepatenia.<\/p>\n<p>&nbsp;<\/p>\n<p><img loading=\"lazy\" decoding=\"async\" class=\"aligncenter wp-image-30702\" src=\"https:\/\/www.davroe.com\/wp-content\/uploads\/2022\/07\/AAFW-Jordan-Dalah-x-DAVROE-Blog-1-1024x683.jpg\" alt=\"\" width=\"825\" height=\"550\" \/><\/p>","protected":false},"excerpt":{"rendered":"<h2><strong>Pou\u017eitie na vlasy, ktor\u00e9 s\u00fa n\u00e1chyln\u00e9 na uzlovanie pre \u013eahk\u00e9 \u010desanie a styling<\/strong><\/h2>\n<ul>\n<li>Beztia\u017eov\u00e1 le\u0161tiaca kvapalina proti vyplachovaniu<\/li>\n<li>Okam\u017eite vyhladzuje krevety a fly-aways<\/li>\n<li>\u017diadne budovanie a um\u00fdvanie \u013eahko<\/li>\n<li>Zanech\u00e1va vlasy hodv\u00e1bne m\u00e4kk\u00e9 a luxusn\u00e9<\/li>\n<li>Sulf\u00e1t &amp; Paraben zadarmo<\/li>\n<li>Veg\u00e1nske priate\u013esk\u00e9 &amp; Cruelty-Free<\/li>\n<li>Prirodzene odvoden\u00e9 ingrediencie<\/li>\n<\/ul>","protected":false},"featured_media":24654,"comment_status":"open","ping_status":"closed","template":"","meta":{"_acf_changed":false},"product_brand":[],"product_cat":[67],"product_tag":[],"class_list":{"0":"post-24574","1":"product","2":"type-product","3":"status-publish","4":"has-post-thumbnail","6":"product_cat-styling","7":"description-off","9":"first","10":"instock","11":"taxable","12":"shipping-taxable","13":"purchasable","14":"product-type-simple"},"acf":[],"_links":{"self":[{"href":"https:\/\/davroe.sk\/sk\/wp-json\/wp\/v2\/product\/24574","targetHints":{"allow":["GET"]}}],"collection":[{"href":"https:\/\/davroe.sk\/sk\/wp-json\/wp\/v2\/product"}],"about":[{"href":"https:\/\/davroe.sk\/sk\/wp-json\/wp\/v2\/types\/product"}],"replies":[{"embeddable":true,"href":"https:\/\/davroe.sk\/sk\/wp-json\/wp\/v2\/comments?post=24574"}],"wp:featuredmedia":[{"embeddable":true,"href":"https:\/\/davroe.sk\/sk\/wp-json\/wp\/v2\/media\/24654"}],"wp:attachment":[{"href":"https:\/\/davroe.sk\/sk\/wp-json\/wp\/v2\/media?parent=24574"}],"wp:term":[{"taxonomy":"product_brand","embeddable":true,"href":"https:\/\/davroe.sk\/sk\/wp-json\/wp\/v2\/product_brand?post=24574"},{"taxonomy":"product_cat","embeddable":true,"href":"https:\/\/davroe.sk\/sk\/wp-json\/wp\/v2\/product_cat?post=24574"},{"taxonomy":"product_tag","embeddable":true,"href":"https:\/\/davroe.sk\/sk\/wp-json\/wp\/v2\/product_tag?post=24574"}],"curies":[{"name":"wp","href":"https:\/\/api.w.org\/{rel}","templated":true}]}}