{"id":24575,"date":"2024-04-26T07:27:22","date_gmt":"2024-04-26T06:27:22","guid":{"rendered":"https:\/\/davroe.sk\/?post_type=product&#038;p=24575"},"modified":"2025-10-16T05:05:13","modified_gmt":"2025-10-16T04:05:13","slug":"voluminous-spray","status":"publish","type":"product","link":"https:\/\/davroe.sk\/sk\/shop\/styling\/voluminous-spray\/","title":{"rendered":"Objemn\u00fd sprej"},"content":{"rendered":"<h2><strong>Objemn\u00fd sprej \u010cerp\u00e1 do vlasov, Pou\u017e\u00edvajte ako kore\u0148ov\u00fd sprej pre optim\u00e1lny objem<\/strong><\/h2>\n<p><strong>Objemn\u00fd sprej<\/strong> Okam\u017eite vytv\u00e1ra maxim\u00e1lny objem pre v\u0161etky typy vlasov \u010derpan\u00edm objemu, tak\u017ee vlasy vyzeraj\u00fa pln\u0161ie a c\u00edtia sa silnej\u0161ie a m\u00f4\u017eu by\u0165 pou\u017eit\u00e9 od kore\u0148a a\u017e po \u0161pi\u010dku pre \u013eahk\u00e9, dlhotrvaj\u00face, prirodzen\u00e9 dr\u017eanie a pre telo a objem \u2013 n\u00e1\u0161 super \u013eahk\u00fd, tekut\u00fd a\u017e penov\u00fd objemov\u00fd.<\/p>\n<h3><strong>Formulovan\u00e9 s v\u00fd\u0165a\u017ekami z \u017eeruchy, olivov\u00e9ho listu a sliviek Kakadu.<\/strong><\/h3>\n<h4><em><strong>N\u00e1\u0161 tip: Vlasy vyzeraj\u00fa trochu plocho a nechc\u00fa si za\u010desa\u0165 korene? <\/strong><\/em><\/h4>\n<h4><em><strong>Rozpra\u0161ujte objemov\u00fd sprej priamo na spodn\u00fa stranu vlasov a mas\u00edrujte \u0161pi\u010dkami prstov pre okam\u017eit\u00fd zdvih!<\/strong><\/em><\/h4>\n<p>&nbsp;<\/p>\n<p><img loading=\"lazy\" decoding=\"async\" class=\"aligncenter wp-image-25117\" src=\"https:\/\/www.davroe.com\/wp-content\/uploads\/2021\/09\/Your-guide-to-Fuller-and-thicker-hair-with-DAVROE-1024x683.jpg\" alt=\"Your-guide-to-Fuller-and-thicker-hair-with-DAVROE.jpg\" width=\"814\" height=\"543\" \/><\/p>","protected":false},"excerpt":{"rendered":"<h2>Objemn\u00fd sprej \u010cerp\u00e1 do vlasov, Pou\u017e\u00edvajte ako kore\u0148ov\u00fd sprej pre optim\u00e1lny objem<\/h2>\n<ul>\n<li>Bez alkoholu M\u00f4\u017ee by\u0165 pou\u017eit\u00fd ako textriser na dlh\u00e9 z\u00e1mky<\/li>\n<li>Zvy\u0161uje objem<\/li>\n<li>Pou\u017eitie ako kore\u0148ov\u00fd sprej pre optim\u00e1lny objem<\/li>\n<li>Bez alkoholu<\/li>\n<li>M\u00f4\u017ee by\u0165 pou\u017eit\u00fd ako textrises na dlh\u00e9 z\u00e1mky<\/li>\n<li>Sulf\u00e1t &amp; Paraben zadarmo<\/li>\n<li>Veg\u00e1nske priate\u013esk\u00e9 &amp; Cruelty-Free<\/li>\n<li>Prirodzene odvoden\u00e9 ingrediencie<\/li>\n<li>Kerat\u00edn Bezpe\u010dn\u00e9 o\u0161etrenie<\/li>\n<\/ul>","protected":false},"featured_media":24656,"comment_status":"open","ping_status":"closed","template":"","meta":{"_acf_changed":false},"product_brand":[],"product_cat":[67],"product_tag":[],"class_list":{"0":"post-24575","1":"product","2":"type-product","3":"status-publish","4":"has-post-thumbnail","6":"product_cat-styling","7":"description-off","9":"first","10":"instock","11":"taxable","12":"shipping-taxable","13":"product-type-variable","14":"has-default-attributes"},"acf":[],"_links":{"self":[{"href":"https:\/\/davroe.sk\/sk\/wp-json\/wp\/v2\/product\/24575","targetHints":{"allow":["GET"]}}],"collection":[{"href":"https:\/\/davroe.sk\/sk\/wp-json\/wp\/v2\/product"}],"about":[{"href":"https:\/\/davroe.sk\/sk\/wp-json\/wp\/v2\/types\/product"}],"replies":[{"embeddable":true,"href":"https:\/\/davroe.sk\/sk\/wp-json\/wp\/v2\/comments?post=24575"}],"wp:featuredmedia":[{"embeddable":true,"href":"https:\/\/davroe.sk\/sk\/wp-json\/wp\/v2\/media\/24656"}],"wp:attachment":[{"href":"https:\/\/davroe.sk\/sk\/wp-json\/wp\/v2\/media?parent=24575"}],"wp:term":[{"taxonomy":"product_brand","embeddable":true,"href":"https:\/\/davroe.sk\/sk\/wp-json\/wp\/v2\/product_brand?post=24575"},{"taxonomy":"product_cat","embeddable":true,"href":"https:\/\/davroe.sk\/sk\/wp-json\/wp\/v2\/product_cat?post=24575"},{"taxonomy":"product_tag","embeddable":true,"href":"https:\/\/davroe.sk\/sk\/wp-json\/wp\/v2\/product_tag?post=24575"}],"curies":[{"name":"wp","href":"https:\/\/api.w.org\/{rel}","templated":true}]}}