{"id":24576,"date":"2024-04-26T07:27:22","date_gmt":"2024-04-26T06:27:22","guid":{"rendered":"https:\/\/davroe.sk\/?post_type=product&#038;p=24576"},"modified":"2025-10-16T05:05:13","modified_gmt":"2025-10-16T04:05:13","slug":"formation","status":"publish","type":"product","link":"https:\/\/davroe.sk\/sk\/shop\/styling\/formation\/","title":{"rendered":"Formation Stylingov\u00e1 pasta so stredne silnou fix\u00e1ciou"},"content":{"rendered":"<h2><strong>DAVROE Formation je unik\u00e1tny univerz\u00e1lny stylingov\u00fd kr\u00e9m, ktor\u00fd sa d\u00e1 pou\u017ei\u0165 na v\u0161etky typy vlasov<\/strong><\/h2>\n<h3><strong>Rovn\u00e9, zvlnen\u00e9 alebo ku\u010derav\u00e9. Je ide\u00e1lny pre mu\u017eov aj \u017eeny a je vhodn\u00fd na ka\u017edodenn\u00e9 pou\u017e\u00edvanie.<\/strong><\/h3>\n<p>Pre dosiahnutie najlep\u0161\u00edch v\u00fdsledkov aplikujte rovnomerne na mokr\u00e9 vlasy od korienkov a\u017e po kon\u010deky, \u0161t\u00fdl a nechajte prirodzene vyschn\u00fa\u0165. Ak chcete viac defin\u00edcie, vysu\u0161te si vlasy pomocou dif\u00fazora a scrunch va\u0161e ku\u010dery pre viac odrazu.<\/p>\n<ul>\n<li>Kone\u010dn\u00fd stylingov\u00fd produkt<\/li>\n<li>Unik\u00e1tny univerz\u00e1lny stylingov\u00fd kr\u00e9m, ktor\u00fd obsahuje kondicion\u00e9ry, ktor\u00e9 zanech\u00e1vaj\u00fa vlasy v optim\u00e1lnom stave<\/li>\n<li>Ide\u00e1lne pre v\u0161etky typy vlasov<\/li>\n<li>Skvel\u00e9 pre siln\u00fa defin\u00edciu curl<\/li>\n<li>Definovanie a ovl\u00e1danie pomocou dr\u017eania m\u00e9dia<\/li>\n<li>Sulf\u00e1t &amp; Paraben zadarmo<\/li>\n<li>Veg\u00e1nske priate\u013esk\u00e9 &amp; Cruelty-Free<\/li>\n<li>Prirodzene odvoden\u00e9 ingrediencie<\/li>\n<\/ul>\n<p>N\u00e1\u0161\u00a0<strong><a href=\"https:\/\/www.davroe.com\/?s=formation\" target=\"_blank\" rel=\"noreferrer noopener\" aria-label=\"Form\u00e1cia (otvor\u00ed sa na novej karte)\">Tvorba<\/a><\/strong>\u00a0Unik\u00e1tny kondicion\u00e9r pre stredn\u00e9 dr\u017eanie, definovanie a ovl\u00e1danie. Zlo\u017eenie s extraktom z hroznov\u00fdch semien a olivov\u00fdch listov m\u00e1 kondicion\u00e9r, ktor\u00fd zvykne such\u00e9 vlasy a dod\u00e1va prirodzen\u00fd lesk.<\/p>\n<p>&nbsp;<\/p>\n<div class=\"wp-block-image is-style-default\">\n<figure class=\"aligncenter size-large is-resized\"><a href=\"https:\/\/www.davroe.com\/shop\/styling\/formation-2\/\" target=\"_blank\" rel=\"noopener\"><img loading=\"lazy\" decoding=\"async\" class=\"wp-image-28060 lazyloaded aligncenter\" src=\"https:\/\/www.davroe.com\/wp-content\/uploads\/2022\/02\/6-steps-on-ho-to-tame-frizzy-hair-with-Davroe-Comb-Formation-1024x1024.jpg\" sizes=\"auto, (max-width: 543px) 100vw, 543px\" srcset=\"https:\/\/www.davroe.com\/wp-content\/uploads\/2022\/02\/6-steps-on-ho-to-tame-frizzy-hair-with-Davroe-Comb-Formation-1024x1024.jpg 1024w, https:\/\/www.davroe.com\/wp-content\/uploads\/2022\/02\/6-steps-on-ho-to-tame-frizzy-hair-with-Davroe-Comb-Formation-300x300.jpg 300w, https:\/\/www.davroe.com\/wp-content\/uploads\/2022\/02\/6-steps-on-ho-to-tame-frizzy-hair-with-Davroe-Comb-Formation-150x150.jpg 150w, https:\/\/www.davroe.com\/wp-content\/uploads\/2022\/02\/6-steps-on-ho-to-tame-frizzy-hair-with-Davroe-Comb-Formation-768x768.jpg 768w, https:\/\/www.davroe.com\/wp-content\/uploads\/2022\/02\/6-steps-on-ho-to-tame-frizzy-hair-with-Davroe-Comb-Formation-45x45.jpg 45w, https:\/\/www.davroe.com\/wp-content\/uploads\/2022\/02\/6-steps-on-ho-to-tame-frizzy-hair-with-Davroe-Comb-Formation-600x600.jpg 600w, https:\/\/www.davroe.com\/wp-content\/uploads\/2022\/02\/6-steps-on-ho-to-tame-frizzy-hair-with-Davroe-Comb-Formation-200x200.jpg 200w, https:\/\/www.davroe.com\/wp-content\/uploads\/2022\/02\/6-steps-on-ho-to-tame-frizzy-hair-with-Davroe-Comb-Formation.jpg 1080w\" alt=\"\" width=\"683\" height=\"683\" data-srcset=\"https:\/\/www.davroe.com\/wp-content\/uploads\/2022\/02\/6-steps-on-ho-to-tame-frizzy-hair-with-Davroe-Comb-Formation-1024x1024.jpg 1024w, https:\/\/www.davroe.com\/wp-content\/uploads\/2022\/02\/6-steps-on-ho-to-tame-frizzy-hair-with-Davroe-Comb-Formation-300x300.jpg 300w, https:\/\/www.davroe.com\/wp-content\/uploads\/2022\/02\/6-steps-on-ho-to-tame-frizzy-hair-with-Davroe-Comb-Formation-150x150.jpg 150w, https:\/\/www.davroe.com\/wp-content\/uploads\/2022\/02\/6-steps-on-ho-to-tame-frizzy-hair-with-Davroe-Comb-Formation-768x768.jpg 768w, https:\/\/www.davroe.com\/wp-content\/uploads\/2022\/02\/6-steps-on-ho-to-tame-frizzy-hair-with-Davroe-Comb-Formation-45x45.jpg 45w, https:\/\/www.davroe.com\/wp-content\/uploads\/2022\/02\/6-steps-on-ho-to-tame-frizzy-hair-with-Davroe-Comb-Formation-600x600.jpg 600w, https:\/\/www.davroe.com\/wp-content\/uploads\/2022\/02\/6-steps-on-ho-to-tame-frizzy-hair-with-Davroe-Comb-Formation-200x200.jpg 200w, https:\/\/www.davroe.com\/wp-content\/uploads\/2022\/02\/6-steps-on-ho-to-tame-frizzy-hair-with-Davroe-Comb-Formation.jpg 1080w\" data-src=\"https:\/\/www.davroe.com\/wp-content\/uploads\/2022\/02\/6-steps-on-ho-to-tame-frizzy-hair-with-Davroe-Comb-Formation-1024x1024.jpg\" data-sizes=\"(max-width: 543px) 100vw, 543px\" \/><\/a><\/figure>\n<\/div>","protected":false},"excerpt":{"rendered":"<h2><strong>DAVROE Formation je unik\u00e1tny univerz\u00e1lny stylingov\u00fd kr\u00e9m, ktor\u00fd sa d\u00e1 pou\u017ei\u0165 na v\u0161etky typy vlasov<\/strong><\/h2>\n<h3><strong>Rovn\u00e9, zvlnen\u00e9 alebo ku\u010derav\u00e9. Je ide\u00e1lny pre mu\u017eov aj \u017eeny a je vhodn\u00fd na ka\u017edodenn\u00e9 pou\u017e\u00edvanie.<\/strong><\/h3>\n<ul>\n<li>Kone\u010dn\u00fd stylingov\u00fd produkt<\/li>\n<li>Ide\u00e1lne pre v\u0161etky typy vlasov<\/li>\n<li>Skvel\u00e9 pre siln\u00fa defin\u00edciu curl<\/li>\n<li>Definovanie a ovl\u00e1danie pomocou dr\u017eania m\u00e9dia<\/li>\n<li>Sulf\u00e1t &amp; Paraben zadarmo<\/li>\n<li>Veg\u00e1nske priate\u013esk\u00e9 &amp; Cruelty-Free<\/li>\n<li>Prirodzene odvoden\u00e9 ingrediencie<\/li>\n<\/ul>","protected":false},"featured_media":24660,"comment_status":"open","ping_status":"closed","template":"","meta":{"_acf_changed":false},"product_brand":[],"product_cat":[67],"product_tag":[],"class_list":{"0":"post-24576","1":"product","2":"type-product","3":"status-publish","4":"has-post-thumbnail","6":"product_cat-styling","7":"description-off","9":"first","10":"instock","11":"taxable","12":"shipping-taxable","13":"product-type-variable","14":"has-default-attributes"},"acf":[],"_links":{"self":[{"href":"https:\/\/davroe.sk\/sk\/wp-json\/wp\/v2\/product\/24576","targetHints":{"allow":["GET"]}}],"collection":[{"href":"https:\/\/davroe.sk\/sk\/wp-json\/wp\/v2\/product"}],"about":[{"href":"https:\/\/davroe.sk\/sk\/wp-json\/wp\/v2\/types\/product"}],"replies":[{"embeddable":true,"href":"https:\/\/davroe.sk\/sk\/wp-json\/wp\/v2\/comments?post=24576"}],"wp:featuredmedia":[{"embeddable":true,"href":"https:\/\/davroe.sk\/sk\/wp-json\/wp\/v2\/media\/24660"}],"wp:attachment":[{"href":"https:\/\/davroe.sk\/sk\/wp-json\/wp\/v2\/media?parent=24576"}],"wp:term":[{"taxonomy":"product_brand","embeddable":true,"href":"https:\/\/davroe.sk\/sk\/wp-json\/wp\/v2\/product_brand?post=24576"},{"taxonomy":"product_cat","embeddable":true,"href":"https:\/\/davroe.sk\/sk\/wp-json\/wp\/v2\/product_cat?post=24576"},{"taxonomy":"product_tag","embeddable":true,"href":"https:\/\/davroe.sk\/sk\/wp-json\/wp\/v2\/product_tag?post=24576"}],"curies":[{"name":"wp","href":"https:\/\/api.w.org\/{rel}","templated":true}]}}