{"id":24581,"date":"2024-04-26T07:27:22","date_gmt":"2024-04-26T06:27:22","guid":{"rendered":"https:\/\/davroe.sk\/?post_type=product&#038;p=24581"},"modified":"2025-10-16T06:14:48","modified_gmt":"2025-10-16T05:14:48","slug":"defining-paste","status":"publish","type":"product","link":"https:\/\/davroe.sk\/sk\/shop\/styling\/defining-paste\/","title":{"rendered":"Defining Paste"},"content":{"rendered":"<h2><strong>Medium to strong hold with light sheen<\/strong><\/h2>\n<p>Including Nature\u2019s Actives of pure plant extracts such as Aloe Vera, Camellia Oil, Lilly Pilly, Macadamia Nut, Marshmallow Root, Rosemary, Watercress, Coffee Bean, Bamboo, Snowflower and Willow Bark. The collection offers three defining factor groups:<\/p>\n<p>refine to help smooth, build to assist with volume and definition to help define your hair. All without product build up.<\/p>\n<p><strong>DAVROE Defining paste<\/strong> is your go to for added texture or definition, A medium to strong hold that is pliable and perfect for medium to thick hair<\/p>\n<h3><strong>Contains coffee bean to stimulate repair and add sheen to hair Defining paste is perfect for that polished look<\/strong><\/h3>\n<ul>\n<li>Defining paste is your go to for added texture or definition<\/li>\n<li>A medium to strong hold that is pliable<\/li>\n<li>Perfect for medium to thick hair<\/li>\n<li>Contains coffee bean to stimulate repair and add sheen to hair<\/li>\n<li>Perfect for that polished look<\/li>\n<li>Sulf\u00e1t &amp; Paraben zadarmo<\/li>\n<li>Veg\u00e1nske priate\u013esk\u00e9 &amp; Cruelty-Free<\/li>\n<\/ul>\n<p>&nbsp;<\/p>\n<p><img loading=\"lazy\" decoding=\"async\" class=\"aligncenter wp-image-19241\" src=\"https:\/\/www.davroe.com\/wp-content\/uploads\/2020\/11\/DAVROE-Ingredient-Natures-Active-green-coffee-beans-1080x1080-1-1024x1024.jpg\" alt=\"DAVROE-Ingredient-Natures-Active-green coffee beans 1080x1080\" width=\"610\" height=\"610\" \/><\/p>","protected":false},"excerpt":{"rendered":"<h2><strong>Medium to strong hold with light sheen, this wax provides the hold you need<\/strong><\/h2>\n<p>&nbsp;<\/p>\n<ul>\n<li>Defining paste is your go to for added texture or definition<\/li>\n<li>A medium to strong hold that is pliable<\/li>\n<li>Perfect for medium to thick hair<\/li>\n<li>Contains coffee bean to stimulate repair and add sheen to hair<\/li>\n<li>Perfect for that polished look<\/li>\n<li>Sulf\u00e1t &amp; Paraben zadarmo<\/li>\n<li>Veg\u00e1nske priate\u013esk\u00e9 &amp; Cruelty-Free<\/li>\n<\/ul>","protected":false},"featured_media":0,"comment_status":"open","ping_status":"closed","template":"","meta":{"_acf_changed":false},"product_brand":[],"product_cat":[67],"product_tag":[],"class_list":{"0":"post-24581","1":"product","2":"type-product","3":"status-publish","5":"product_cat-styling","6":"description-off","8":"first","9":"outofstock","10":"purchasable","11":"product-type-simple"},"acf":[],"_links":{"self":[{"href":"https:\/\/davroe.sk\/sk\/wp-json\/wp\/v2\/product\/24581","targetHints":{"allow":["GET"]}}],"collection":[{"href":"https:\/\/davroe.sk\/sk\/wp-json\/wp\/v2\/product"}],"about":[{"href":"https:\/\/davroe.sk\/sk\/wp-json\/wp\/v2\/types\/product"}],"replies":[{"embeddable":true,"href":"https:\/\/davroe.sk\/sk\/wp-json\/wp\/v2\/comments?post=24581"}],"wp:attachment":[{"href":"https:\/\/davroe.sk\/sk\/wp-json\/wp\/v2\/media?parent=24581"}],"wp:term":[{"taxonomy":"product_brand","embeddable":true,"href":"https:\/\/davroe.sk\/sk\/wp-json\/wp\/v2\/product_brand?post=24581"},{"taxonomy":"product_cat","embeddable":true,"href":"https:\/\/davroe.sk\/sk\/wp-json\/wp\/v2\/product_cat?post=24581"},{"taxonomy":"product_tag","embeddable":true,"href":"https:\/\/davroe.sk\/sk\/wp-json\/wp\/v2\/product_tag?post=24581"}],"curies":[{"name":"wp","href":"https:\/\/api.w.org\/{rel}","templated":true}]}}