{"id":24584,"date":"2024-04-26T07:27:22","date_gmt":"2024-04-26T06:27:22","guid":{"rendered":"https:\/\/davroe.sk\/?post_type=product&#038;p=24584"},"modified":"2025-10-16T06:39:29","modified_gmt":"2025-10-16T05:39:29","slug":"repair-senses-revitalising-conditioner","status":"publish","type":"product","link":"https:\/\/davroe.sk\/sk\/shop\/senses\/repair-senses\/repair-senses-revitalising-conditioner\/","title":{"rendered":"Repair Senses Revitaliza\u010dn\u00fd kondicion\u00e9r"},"content":{"rendered":"<h4><strong>Revitaliza\u010dn\u00fd kondicion\u00e9r Davroe Repair Senses je farebne bezpe\u010dn\u00fd kondicion\u00e9r, ktor\u00fd pom\u00e1ha opravova\u0165 po\u0161koden\u00e9 vlasy a dod\u00e1va zdrav\u00fd lesk.<\/strong><\/h4>\n<p>V\u010faka jeho mimoriadnemu posilneniu. Ry\u017ea a Quinoa prote\u00edn spolupracuj\u00fa na oprave a posilnen\u00ed vlasov, \u010d\u00edm zabra\u0148uj\u00fa rozbitiu.<\/p>\n<p>Hydrata\u010dn\u00e9. Hydrata\u010dn\u00e9 zlo\u017eky zm\u00e4k\u010duj\u00fa vlasy zvn\u00fatra prame\u0148a.<\/p>\n<p>Chr\u00e1ni. Siln\u00e9 antioxidanty chr\u00e1nia vlasy pred vo\u013en\u00fdmi radik\u00e1lmi.<\/p>\n<p>Bezpe\u010dn\u00e9 pre chemicky o\u0161etren\u00e9 vlasy.<\/p>\n<p>Jemn\u00e9 zlo\u017eenie kondicion\u00e9ra Davroe Colour Senses nas\u00fdti ka\u017ed\u00fd prame\u0148 a dod\u00e1 vlasom vitam\u00edny a \u017eiviny a opl\u00e1chne ich jemn\u00fdm, \u010dist\u00fdm povrchom.<\/p>\n<p>Vy\u017eivujte, chr\u00e1\u0148te a predl\u017eujte \u017eivotnos\u0165 svojej farby s t\u00fdmto multitaskingov\u00fdm kondicion\u00e9rom. Opravte a obnovte odraz a \u017eivos\u0165 va\u0161ich z\u00e1mkov. Dostato\u010dne jemn\u00fd pre chemicky spracovan\u00e9 vlasy, tento kondicion\u00e9r nabit\u00fd energiou premen\u00ed such\u00e9, krehk\u00e9 vlasy na m\u00e4kk\u00e9, zvl\u00e1dnute\u013en\u00e9 z\u00e1mky. Nec\u00ed\u0165te sa zle pri stylingu s hor\u00facimi n\u00e1strojmi a sk\u00fa\u0161an\u00ed nov\u00fdch farieb vlasov, s Davroe Hair m\u00e1te tajn\u00fa zbra\u0148!<\/p>\n<p><em>Formulovan\u00e9 bez parab\u00e9nov, ftal\u00e1tov, sulf\u00e1tov alebo lepku.<\/em><\/p>","protected":false},"excerpt":{"rendered":"<h2><strong>Opravte po\u0161koden\u00e9 vlasy a dodajte zdrav\u00fd lesk<\/strong><\/h2>\n<ul>\n<li>Vy\u017eivuje a chr\u00e1ni farby<\/li>\n<li>Predl\u017euje \u017eivotnos\u0165 va\u0161ej farby<\/li>\n<li>Dod\u00e1va \u017eiarivos\u0165 a lesk<\/li>\n<\/ul>","protected":false},"featured_media":24676,"comment_status":"open","ping_status":"closed","template":"","meta":{"_acf_changed":false},"product_brand":[],"product_cat":[78,62],"product_tag":[31,55,59,61],"class_list":{"0":"post-24584","1":"product","2":"type-product","3":"status-publish","4":"has-post-thumbnail","6":"product_cat-repair-senses","7":"product_cat-senses","8":"product_tag-conditioner","9":"product_tag-repair","10":"product_tag-revitalizing","11":"product_tag-senses","12":"description-off","14":"first","15":"instock","16":"taxable","17":"shipping-taxable","18":"product-type-variable","19":"has-default-attributes"},"acf":[],"_links":{"self":[{"href":"https:\/\/davroe.sk\/sk\/wp-json\/wp\/v2\/product\/24584","targetHints":{"allow":["GET"]}}],"collection":[{"href":"https:\/\/davroe.sk\/sk\/wp-json\/wp\/v2\/product"}],"about":[{"href":"https:\/\/davroe.sk\/sk\/wp-json\/wp\/v2\/types\/product"}],"replies":[{"embeddable":true,"href":"https:\/\/davroe.sk\/sk\/wp-json\/wp\/v2\/comments?post=24584"}],"wp:featuredmedia":[{"embeddable":true,"href":"https:\/\/davroe.sk\/sk\/wp-json\/wp\/v2\/media\/24676"}],"wp:attachment":[{"href":"https:\/\/davroe.sk\/sk\/wp-json\/wp\/v2\/media?parent=24584"}],"wp:term":[{"taxonomy":"product_brand","embeddable":true,"href":"https:\/\/davroe.sk\/sk\/wp-json\/wp\/v2\/product_brand?post=24584"},{"taxonomy":"product_cat","embeddable":true,"href":"https:\/\/davroe.sk\/sk\/wp-json\/wp\/v2\/product_cat?post=24584"},{"taxonomy":"product_tag","embeddable":true,"href":"https:\/\/davroe.sk\/sk\/wp-json\/wp\/v2\/product_tag?post=24584"}],"curies":[{"name":"wp","href":"https:\/\/api.w.org\/{rel}","templated":true}]}}