{"id":24585,"date":"2024-04-26T07:27:22","date_gmt":"2024-04-26T06:27:22","guid":{"rendered":"https:\/\/davroe.sk\/?post_type=product&#038;p=24585"},"modified":"2025-10-16T05:05:13","modified_gmt":"2025-10-16T04:05:13","slug":"moisture-senses-hydrating-shampoo","status":"publish","type":"product","link":"https:\/\/davroe.sk\/sk\/shop\/senses\/moisture-senses\/moisture-senses-hydrating-shampoo\/","title":{"rendered":"Moisture Hydrating Shampoo Hydrata\u010dn\u00fd \u0161amp\u00f3n"},"content":{"rendered":"<div class=\"std\">\n<h3><strong>Davroe Moisture Senses Hydrating Shampoo - kondicion\u00e9r bohat\u00fd na vlhkos\u0165, ktor\u00fd vy\u017eivuje such\u00e9 a po\u0161koden\u00e9 vlasy<\/strong><\/h3>\n<p><strong>Hrub\u00e1 text\u00fara nas\u00fdti ka\u017ed\u00fd prame\u0148 rastlinn\u00fdmi olejmi, ktor\u00e9 poskytuj\u00fa z\u00e1kladn\u00e9 hydrata\u010dn\u00e9 vlastnosti bez v\u00e1\u017eenia vlasov.<\/strong><\/p>\n<h5>Preme\u0148te such\u00e9, krehk\u00e9, ku\u010derav\u00e9 vlasy na zdrav\u00e9, sk\u00e1kav\u00e9 vlasy, ktor\u00e9 s\u00fa pln\u00e9 \u017eivota a lesku. Dostato\u010dne jemn\u00fd pre v\u0161etky typy vlasov, vr\u00e1tane roz\u0161\u00edrenia, tento vzorec je nabit\u00fd hydrata\u010dn\u00fdmi zlo\u017ekami, ktor\u00e9 zni\u017euj\u00fa krepovatenie a prid\u00e1vaj\u00fa lesk. Hroznov\u00fd olej, olivov\u00fd olej a p\u0161eni\u010dn\u00e9 aminokyseliny vy\u017eivuj\u00fa vlasy, aby zm\u00e4kli a uhasili sm\u00e4dn\u00e9 vlasy, dod\u00e1vali lesk a \u017eivos\u0165 aj t\u00fdm najhrub\u0161\u00edm, nepoddajn\u00fdm vlasom.<\/h5>\n<ul>\n<li>Repara\u010dn\u00fd, Davroe Moisture Senses Hydrata\u010dn\u00fd \u0161amp\u00f3n Revitalises po\u0161koden\u00e9, ku\u010derav\u00e9 vlasy.<\/li>\n<li>Hydrata\u010dn\u00e9. Arganov\u00fd olej a hylaron\u00e1t sodn\u00fd dod\u00e1vaj\u00fa vlasom hydrat\u00e1ciu, ktor\u00e1 trv\u00e1.<\/li>\n<li>D\u00e1va vlasom luxusn\u00fd odraz.<\/li>\n<li>Zni\u017euje krepovatenie. Hydrata\u010dn\u00e9 zlo\u017eky udr\u017euj\u00fa vlasy hladk\u00e9 a jemn\u00e9.<\/li>\n<li>Sulf\u00e1t &amp; Paraben zadarmo<\/li>\n<li>Veg\u00e1nske priate\u013esk\u00e9 &amp; Cruelty-Free<\/li>\n<li>Prirodzene odvoden\u00e9 ingrediencie<\/li>\n<li>Kerat\u00edn Bezpe\u010dn\u00e9 o\u0161etrenie<\/li>\n<\/ul>\n<p>Pokyny na pou\u017e\u00edvanie:\u00a0Mas\u00edrujte mal\u00e9 mno\u017estvo cez vlasy od poko\u017eky hlavy a\u017e po kon\u010deky po \u0161amp\u00f3novan\u00ed, nechajte p\u00f4sobi\u0165 2 min\u00faty a opl\u00e1chnite.<\/p>\n<p><em>Formulovan\u00e9 bez parab\u00e9nov, ftal\u00e1tov, sulf\u00e1tov alebo lepku.<\/em><\/p>\n<\/div>","protected":false},"excerpt":{"rendered":"<h2><strong>Hydratuje such\u00e9 a hrub\u00e9 vlasy kondicion\u00e9r bohat\u00fd na vlhkos\u0165, ktor\u00fd vy\u017eivuje such\u00e9, po\u0161koden\u00e9 vlasy<\/strong><\/h2>\n<ul>\n<li>Vlhkos\u0165 bohat\u00e9 zlo\u017eenie okam\u017eite zlep\u0161uje such\u00e9 vlasy<\/li>\n<li>Revitalises a detangles<\/li>\n<li>Podporuje odraz a lesk pre ku\u010derav\u00e9 vlasy<\/li>\n<li>Vhodn\u00e9 na predl\u017eovanie vlasov<\/li>\n<li>Sulf\u00e1t &amp; Paraben zadarmo<\/li>\n<li>Veg\u00e1nske priate\u013esk\u00e9<\/li>\n<li>Bez krutosti<\/li>\n<li>Prirodzene odvoden\u00e9 ingrediencie<\/li>\n<li>Kerat\u00edn Bezpe\u010dn\u00e9 o\u0161etrenie<\/li>\n<\/ul>","protected":false},"featured_media":24678,"comment_status":"open","ping_status":"closed","template":"","meta":{"_acf_changed":false},"product_brand":[],"product_cat":[77,62],"product_tag":[49,50,61,63],"class_list":{"0":"post-24585","1":"product","2":"type-product","3":"status-publish","4":"has-post-thumbnail","6":"product_cat-moisture-senses","7":"product_cat-senses","8":"product_tag-hydrating","9":"product_tag-moisture","10":"product_tag-senses","11":"product_tag-shampoo","12":"description-off","14":"first","15":"instock","16":"featured","17":"taxable","18":"shipping-taxable","19":"product-type-variable","20":"has-default-attributes"},"acf":[],"_links":{"self":[{"href":"https:\/\/davroe.sk\/sk\/wp-json\/wp\/v2\/product\/24585","targetHints":{"allow":["GET"]}}],"collection":[{"href":"https:\/\/davroe.sk\/sk\/wp-json\/wp\/v2\/product"}],"about":[{"href":"https:\/\/davroe.sk\/sk\/wp-json\/wp\/v2\/types\/product"}],"replies":[{"embeddable":true,"href":"https:\/\/davroe.sk\/sk\/wp-json\/wp\/v2\/comments?post=24585"}],"wp:featuredmedia":[{"embeddable":true,"href":"https:\/\/davroe.sk\/sk\/wp-json\/wp\/v2\/media\/24678"}],"wp:attachment":[{"href":"https:\/\/davroe.sk\/sk\/wp-json\/wp\/v2\/media?parent=24585"}],"wp:term":[{"taxonomy":"product_brand","embeddable":true,"href":"https:\/\/davroe.sk\/sk\/wp-json\/wp\/v2\/product_brand?post=24585"},{"taxonomy":"product_cat","embeddable":true,"href":"https:\/\/davroe.sk\/sk\/wp-json\/wp\/v2\/product_cat?post=24585"},{"taxonomy":"product_tag","embeddable":true,"href":"https:\/\/davroe.sk\/sk\/wp-json\/wp\/v2\/product_tag?post=24585"}],"curies":[{"name":"wp","href":"https:\/\/api.w.org\/{rel}","templated":true}]}}