{"id":24589,"date":"2024-04-26T07:27:22","date_gmt":"2024-04-26T06:27:22","guid":{"rendered":"https:\/\/davroe.sk\/?post_type=product&#038;p=24589"},"modified":"2025-10-16T05:05:13","modified_gmt":"2025-10-16T04:05:13","slug":"smooth-senses-anti-frizz-shampoo","status":"publish","type":"product","link":"https:\/\/davroe.sk\/sk\/shop\/senses\/smooth-senses\/smooth-senses-anti-frizz-shampoo\/","title":{"rendered":"Hladk\u00e9 zmysly Anti-Frizz \u0160amp\u00f3n"},"content":{"rendered":"<h3><strong>Tento \u0161amp\u00f3n bohat\u00fd na vlhkos\u0165 a vyva\u017euj\u00faci \u0161amp\u00f3n s \u010du\u010doriedkami je formulovan\u00fd tak, aby zjemnil, vyhladil a dodal \u017eiariv\u00fd lesk norm\u00e1lnym a such\u00fdm vlasom.<\/strong><\/h3>\n<p>Chr\u00e1ni pred vlhkos\u0165ou na zn\u00ed\u017eenie krepatenia a obsahuje ry\u017eu a quinoa prote\u00edny, ktor\u00e9 pom\u00e1haj\u00fa opravi\u0165, posilni\u0165 a chr\u00e1ni\u0165 vlasy zvn\u00fatra von.<\/p>\n<p>Anti-humektant Smooth Senses zni\u017euje krepovatenie a pom\u00e1ha predch\u00e1dza\u0165 lietaniu, poskytuje v\u00fdnimo\u010dn\u00fa vlhkos\u0165, lesk a ovl\u00e1date\u013enos\u0165. Hladk\u00e9 zmysly tie\u017e chr\u00e1nia pred po\u0161koden\u00edm povrchu pravideln\u00fdm tepeln\u00fdm stylingom.<\/p>\n<h3>Akt\u00edvna pr\u00edroda: \u010cu\u010doriedky<\/h3>\n<h4>zm\u00e4k\u010duje vlasy, upokojuje krepatenie<\/h4>\n<ul>\n<li>Hladk\u00e9 a ovl\u00e1dacie prvky fly-aways<\/li>\n<li>Upokojuje krevety<\/li>\n<li>Softens vlasy<\/li>\n<li>Vhodn\u00e9 pre v\u0161etky Kerat\u00edn rovnanie a predl\u017eovanie vlasov<\/li>\n<li>Sulf\u00e1t &amp; Paraben zadarmo<\/li>\n<li>Veg\u00e1nske priate\u013esk\u00e9 &amp; Cruelty-Free<\/li>\n<li>Prirodzene odvoden\u00e9 ingrediencie<\/li>\n<li>Kerat\u00edn Bezpe\u010dn\u00e9 o\u0161etrenie<\/li>\n<\/ul>\n<div class=\"woocommerce-tabs wc-tabs-wrapper\">\n<div id=\"tab-active-ingredients\" class=\"woocommerce-Tabs-panel woocommerce-Tabs-panel--active-ingredients panel entry-content wc-tab\" role=\"tabpanel\" aria-labelledby=\"tab-title-active-ingredients\">\n<h2 class=\"yikes-custom-woo-tab-title yikes-custom-woo-tab-title-active-ingredients\"><strong>DAVROE Natures Actives \u2013 \u010du\u010doriedky<\/strong><\/h2>\n<p>Balen\u00e9 pln\u00e9 antioxidantov a vitam\u00ednov, ktor\u00e9 podporuj\u00fa zdrav\u00fd rast vlasov a dod\u00e1vaj\u00fa vlasom hladkos\u0165 a lesk.<\/p>\n<p><img loading=\"lazy\" decoding=\"async\" class=\"alignnone wp-image-19235 lazyloaded\" src=\"https:\/\/www.davroe.com\/wp-content\/uploads\/2020\/11\/DAVROE-Ingredient-Natures-Active-blueberries-1080x1080-1.jpg\" sizes=\"auto, (max-width: 499px) 100vw, 499px\" srcset=\"https:\/\/www.davroe.com\/wp-content\/uploads\/2020\/11\/DAVROE-Ingredient-Natures-Active-blueberries-1080x1080-1.jpg 1080w, https:\/\/www.davroe.com\/wp-content\/uploads\/2020\/11\/DAVROE-Ingredient-Natures-Active-blueberries-1080x1080-1-300x300.jpg 300w, https:\/\/www.davroe.com\/wp-content\/uploads\/2020\/11\/DAVROE-Ingredient-Natures-Active-blueberries-1080x1080-1-1024x1024.jpg 1024w, https:\/\/www.davroe.com\/wp-content\/uploads\/2020\/11\/DAVROE-Ingredient-Natures-Active-blueberries-1080x1080-1-150x150.jpg 150w, https:\/\/www.davroe.com\/wp-content\/uploads\/2020\/11\/DAVROE-Ingredient-Natures-Active-blueberries-1080x1080-1-768x768.jpg 768w, https:\/\/www.davroe.com\/wp-content\/uploads\/2020\/11\/DAVROE-Ingredient-Natures-Active-blueberries-1080x1080-1-45x45.jpg 45w, https:\/\/www.davroe.com\/wp-content\/uploads\/2020\/11\/DAVROE-Ingredient-Natures-Active-blueberries-1080x1080-1-600x600.jpg 600w, https:\/\/www.davroe.com\/wp-content\/uploads\/2020\/11\/DAVROE-Ingredient-Natures-Active-blueberries-1080x1080-1-200x200.jpg 200w, https:\/\/www.davroe.com\/wp-content\/uploads\/2020\/11\/DAVROE-Ingredient-Natures-Active-blueberries-1080x1080-1-100x100.jpg 100w\" alt=\"DAVROE Natures Active - \u010du\u010doriedky\" width=\"499\" height=\"499\" data-srcset=\"https:\/\/www.davroe.com\/wp-content\/uploads\/2020\/11\/DAVROE-Ingredient-Natures-Active-blueberries-1080x1080-1.jpg 1080w, https:\/\/www.davroe.com\/wp-content\/uploads\/2020\/11\/DAVROE-Ingredient-Natures-Active-blueberries-1080x1080-1-300x300.jpg 300w, https:\/\/www.davroe.com\/wp-content\/uploads\/2020\/11\/DAVROE-Ingredient-Natures-Active-blueberries-1080x1080-1-1024x1024.jpg 1024w, https:\/\/www.davroe.com\/wp-content\/uploads\/2020\/11\/DAVROE-Ingredient-Natures-Active-blueberries-1080x1080-1-150x150.jpg 150w, https:\/\/www.davroe.com\/wp-content\/uploads\/2020\/11\/DAVROE-Ingredient-Natures-Active-blueberries-1080x1080-1-768x768.jpg 768w, https:\/\/www.davroe.com\/wp-content\/uploads\/2020\/11\/DAVROE-Ingredient-Natures-Active-blueberries-1080x1080-1-45x45.jpg 45w, https:\/\/www.davroe.com\/wp-content\/uploads\/2020\/11\/DAVROE-Ingredient-Natures-Active-blueberries-1080x1080-1-600x600.jpg 600w, https:\/\/www.davroe.com\/wp-content\/uploads\/2020\/11\/DAVROE-Ingredient-Natures-Active-blueberries-1080x1080-1-200x200.jpg 200w, https:\/\/www.davroe.com\/wp-content\/uploads\/2020\/11\/DAVROE-Ingredient-Natures-Active-blueberries-1080x1080-1-100x100.jpg 100w\" data-src=\"https:\/\/www.davroe.com\/wp-content\/uploads\/2020\/11\/DAVROE-Ingredient-Natures-Active-blueberries-1080x1080-1.jpg\" data-sizes=\"(max-width: 499px) 100vw, 499px\" \/><\/p>\n<h3><strong>Aloe vera<\/strong><\/h3>\n<p>Pom\u00e1ha vyhladi\u0165 a prida\u0165 vlhkos\u0165, ktor\u00e1 pom\u00e1ha pri zvl\u00e1dnute\u013enosti a z\u00e1rove\u0148 zm\u00e4k\u010duje vlasy a zabra\u0148uje strate vlhkosti.<\/p>\n<p><img loading=\"lazy\" decoding=\"async\" class=\"alignnone wp-image-19231 lazyloaded\" src=\"https:\/\/www.davroe.com\/wp-content\/uploads\/2020\/11\/DAVROE-Ingredient-Natures-Active-aloe-vera-1080x1080-1.jpg\" sizes=\"auto, (max-width: 499px) 100vw, 499px\" srcset=\"https:\/\/www.davroe.com\/wp-content\/uploads\/2020\/11\/DAVROE-Ingredient-Natures-Active-aloe-vera-1080x1080-1.jpg 1080w, https:\/\/www.davroe.com\/wp-content\/uploads\/2020\/11\/DAVROE-Ingredient-Natures-Active-aloe-vera-1080x1080-1-300x300.jpg 300w, https:\/\/www.davroe.com\/wp-content\/uploads\/2020\/11\/DAVROE-Ingredient-Natures-Active-aloe-vera-1080x1080-1-1024x1024.jpg 1024w, https:\/\/www.davroe.com\/wp-content\/uploads\/2020\/11\/DAVROE-Ingredient-Natures-Active-aloe-vera-1080x1080-1-150x150.jpg 150w, https:\/\/www.davroe.com\/wp-content\/uploads\/2020\/11\/DAVROE-Ingredient-Natures-Active-aloe-vera-1080x1080-1-768x768.jpg 768w, https:\/\/www.davroe.com\/wp-content\/uploads\/2020\/11\/DAVROE-Ingredient-Natures-Active-aloe-vera-1080x1080-1-45x45.jpg 45w, https:\/\/www.davroe.com\/wp-content\/uploads\/2020\/11\/DAVROE-Ingredient-Natures-Active-aloe-vera-1080x1080-1-600x600.jpg 600w, https:\/\/www.davroe.com\/wp-content\/uploads\/2020\/11\/DAVROE-Ingredient-Natures-Active-aloe-vera-1080x1080-1-200x200.jpg 200w, https:\/\/www.davroe.com\/wp-content\/uploads\/2020\/11\/DAVROE-Ingredient-Natures-Active-aloe-vera-1080x1080-1-100x100.jpg 100w\" alt=\"DAVROE Natures Active - Aloe Vera - pom\u00e1ha vyhladi\u0165 a prida\u0165 vlhkos\u0165, ktor\u00e1 pom\u00e1ha pri zvl\u00e1dnute\u013enosti a z\u00e1rove\u0148 zm\u00e4k\u010duje vlasy a zabra\u0148uje strate vlhkosti.\" width=\"499\" height=\"499\" data-srcset=\"https:\/\/www.davroe.com\/wp-content\/uploads\/2020\/11\/DAVROE-Ingredient-Natures-Active-aloe-vera-1080x1080-1.jpg 1080w, https:\/\/www.davroe.com\/wp-content\/uploads\/2020\/11\/DAVROE-Ingredient-Natures-Active-aloe-vera-1080x1080-1-300x300.jpg 300w, https:\/\/www.davroe.com\/wp-content\/uploads\/2020\/11\/DAVROE-Ingredient-Natures-Active-aloe-vera-1080x1080-1-1024x1024.jpg 1024w, https:\/\/www.davroe.com\/wp-content\/uploads\/2020\/11\/DAVROE-Ingredient-Natures-Active-aloe-vera-1080x1080-1-150x150.jpg 150w, https:\/\/www.davroe.com\/wp-content\/uploads\/2020\/11\/DAVROE-Ingredient-Natures-Active-aloe-vera-1080x1080-1-768x768.jpg 768w, https:\/\/www.davroe.com\/wp-content\/uploads\/2020\/11\/DAVROE-Ingredient-Natures-Active-aloe-vera-1080x1080-1-45x45.jpg 45w, https:\/\/www.davroe.com\/wp-content\/uploads\/2020\/11\/DAVROE-Ingredient-Natures-Active-aloe-vera-1080x1080-1-600x600.jpg 600w, https:\/\/www.davroe.com\/wp-content\/uploads\/2020\/11\/DAVROE-Ingredient-Natures-Active-aloe-vera-1080x1080-1-200x200.jpg 200w, https:\/\/www.davroe.com\/wp-content\/uploads\/2020\/11\/DAVROE-Ingredient-Natures-Active-aloe-vera-1080x1080-1-100x100.jpg 100w\" data-src=\"https:\/\/www.davroe.com\/wp-content\/uploads\/2020\/11\/DAVROE-Ingredient-Natures-Active-aloe-vera-1080x1080-1.jpg\" data-sizes=\"(max-width: 499px) 100vw, 499px\" \/><\/p>\n<\/div>\n<\/div>\n<section class=\"up-sells upsells products\">\n<h2><\/h2>\n<\/section>","protected":false},"excerpt":{"rendered":"<h2>zm\u00e4k\u010duje vlasy, upokojuje krepatenie<\/h2>\n<h3><strong>\u0160amp\u00f3n bohat\u00fd na vlhkos\u0165 a vyva\u017euj\u00faci \u0161amp\u00f3n s \u010du\u010doriedkami, ktor\u00fd je formulovan\u00fd tak, aby zjemnil, vyhladil a dodal \u017eiariv\u00fd lesk norm\u00e1lnym a such\u00fdm vlasom.<\/strong><\/h3>\n<p>Anti-humektant Smooth Senses zni\u017euje krepovatenie a pom\u00e1ha predch\u00e1dza\u0165 lietaniu, poskytuje v\u00fdnimo\u010dn\u00fa vlhkos\u0165, lesk a ovl\u00e1date\u013enos\u0165. Hladk\u00e9 zmysly tie\u017e chr\u00e1nia pred po\u0161koden\u00edm povrchu pravideln\u00fdm tepeln\u00fdm stylingom.<\/p>\n<ul>\n<li>Hladk\u00e9 a ovl\u00e1dacie prvky fly-aways<\/li>\n<li>Upokojuje krevety<\/li>\n<li>Softens vlasy<\/li>\n<li>Sulf\u00e1t &amp; Paraben zadarmo<\/li>\n<li>Veg\u00e1nske priate\u013esk\u00e9 &amp; Cruelty-Free<\/li>\n<li>Prirodzene odvoden\u00e9 ingrediencie<\/li>\n<li>Vhodn\u00e9 pre v\u0161etky Kerat\u00edn rovnanie a predl\u017eovanie vlasov<\/li>\n<\/ul>","protected":false},"featured_media":24682,"comment_status":"open","ping_status":"closed","template":"","meta":{"_acf_changed":false},"product_brand":[],"product_cat":[64],"product_tag":[],"class_list":{"0":"post-24589","1":"product","2":"type-product","3":"status-publish","4":"has-post-thumbnail","6":"product_cat-smooth-senses","7":"description-off","9":"first","10":"instock","11":"taxable","12":"shipping-taxable","13":"product-type-variable","14":"has-default-attributes"},"acf":[],"_links":{"self":[{"href":"https:\/\/davroe.sk\/sk\/wp-json\/wp\/v2\/product\/24589","targetHints":{"allow":["GET"]}}],"collection":[{"href":"https:\/\/davroe.sk\/sk\/wp-json\/wp\/v2\/product"}],"about":[{"href":"https:\/\/davroe.sk\/sk\/wp-json\/wp\/v2\/types\/product"}],"replies":[{"embeddable":true,"href":"https:\/\/davroe.sk\/sk\/wp-json\/wp\/v2\/comments?post=24589"}],"wp:featuredmedia":[{"embeddable":true,"href":"https:\/\/davroe.sk\/sk\/wp-json\/wp\/v2\/media\/24682"}],"wp:attachment":[{"href":"https:\/\/davroe.sk\/sk\/wp-json\/wp\/v2\/media?parent=24589"}],"wp:term":[{"taxonomy":"product_brand","embeddable":true,"href":"https:\/\/davroe.sk\/sk\/wp-json\/wp\/v2\/product_brand?post=24589"},{"taxonomy":"product_cat","embeddable":true,"href":"https:\/\/davroe.sk\/sk\/wp-json\/wp\/v2\/product_cat?post=24589"},{"taxonomy":"product_tag","embeddable":true,"href":"https:\/\/davroe.sk\/sk\/wp-json\/wp\/v2\/product_tag?post=24589"}],"curies":[{"name":"wp","href":"https:\/\/api.w.org\/{rel}","templated":true}]}}