{"id":24709,"date":"2024-04-26T07:29:47","date_gmt":"2024-04-26T06:29:47","guid":{"rendered":"https:\/\/davroe.sk\/?post_type=product&#038;p=24709"},"modified":"2025-10-16T05:05:23","modified_gmt":"2025-10-16T04:05:23","slug":"volume-senses-amplifying-conditioner","status":"publish","type":"product","link":"https:\/\/davroe.sk\/sk\/shop\/senses\/volume-senses\/volume-senses-amplifying-conditioner\/","title":{"rendered":"Volume Amplifying Conditioner Kondicion\u00e9r na zv\u00e4\u010d\u0161enie objemu"},"content":{"rendered":"<h3><strong>Silnej\u0161ie, pln\u0161ie a zdrav\u0161ie vlasy s DAVROE Volume Senses<\/strong><\/h3>\n<h4><strong>Volume Senses Amplifying Conditioner je zosil\u0148uj\u00faci kondicion\u00e9r, ktor\u00fd dod\u00e1va jemn\u00fdm vlasom beztia\u017eov\u00fd objem a vlhkos\u0165.<\/strong><\/h4>\n<p><strong>Dod\u00e1vaj\u00fa vlasom lesk a odraz, v\u010faka \u010domu sa c\u00edtia a vyzeraj\u00fa hrub\u0161ie s trval\u00fdm objemom.<\/strong><\/p>\n<p>T\u00fa\u017eite po pln\u0161\u00edch, hrub\u0161\u00edch z\u00e1mkoch? Lusting po hlasitosti a odrazi\u0165? Davroe Hair je tu! Tento zosil\u0148uj\u00faci kondicion\u00e9r dod\u00e1va objem, po ktorom t\u00fa\u017eite, s rastlinn\u00fdmi zlo\u017ekami, ktor\u00e9 s\u00fa skuto\u010dne dobr\u00e9 pre va\u0161e vlasy. Esenci\u00e1lne, ale \u013eahk\u00e9 hydrata\u010dn\u00e9 pr\u00edpravky chr\u00e1nia vlasy pred rozbit\u00edm.<\/p>\n<p>Tento \u013eahk\u00fd, farebne bezpe\u010dn\u00fd kondicion\u00e9r s \u017eeruchou je formulovan\u00fd tak, aby dod\u00e1val maxim\u00e1lny objem a kond\u00edciu jemn\u00fdm vlasom. Jeho instantn\u00e9 detangling vzorec obsahuje Ry\u017ea a Quinoa prote\u00edny pre posilnenie a opravu pre zosilnen\u00e9 telo a lesk<\/p>\n<ul>\n<li>\u013dahk\u00fd kondicion\u00e9r poskytuj\u00faci maxim\u00e1lny objem<\/li>\n<li>Extr\u00e9mne n\u00edzka hmotnos\u0165 pre jemn\u00e9 vlasy<\/li>\n<li>Beztia\u017eov\u00e1 vlhkos\u0165<\/li>\n<li>Prid\u00e1va telo a lesk<\/li>\n<li>Ide\u00e1lne pre \u013eud\u00ed s jemn\u00fdmi riedkymi vlasmi<\/li>\n<li>Ak\u00e9ko\u013evek in\u00e9 kondicion\u00e9r m\u00f4\u017ee by\u0165 pou\u017eit\u00fd pre vlasy, ktor\u00e9 m\u00f4\u017eu potrebova\u0165 viac kondicion\u00e9r<\/li>\n<li>Sulf\u00e1t &amp; Paraben zadarmo<\/li>\n<li>Veg\u00e1nske priate\u013esk\u00e9 &amp; Cruelty-Free<\/li>\n<li>Prirodzene odvoden\u00e9 ingrediencie<\/li>\n<li>Kerat\u00edn Bezpe\u010dn\u00e9 o\u0161etrenie<\/li>\n<\/ul>\n<p>Extr\u00e9mne \u013eahk\u00fd. Je formulovan\u00fd tak, aby dod\u00e1val objem a odraz do vlasov. V\u00fd\u017eivn\u00e9 p\u0161eni\u010dn\u00e9 bielkoviny a aminokyseliny posil\u0148uj\u00fa vlasy.<\/p>\n<h5><strong>DAVROE Volume Senses Amplifying Conditioner dod\u00e1va vlasom telo, dod\u00e1va im \u017eivot a dod\u00e1va im lesk pre zdrav\u00fd odraz<\/strong><\/h5>\n<h3><strong>Pokyny na pou\u017e\u00edvanie:\u00a0Mas\u00edrujte mal\u00e9 mno\u017estvo cez vlasy od poko\u017eky hlavy a\u017e po kon\u010deky po \u0161amp\u00f3novan\u00ed, nechajte p\u00f4sobi\u0165 2 min\u00faty a opl\u00e1chnite.\u00a0<\/strong><\/h3>\n<p><em>Formulovan\u00e9 bez parab\u00e9nov, ftal\u00e1tov, sulf\u00e1tov alebo lepku.<\/em><\/p>\n<p><img loading=\"lazy\" decoding=\"async\" class=\"alignnone wp-image-25117\" src=\"https:\/\/www.davroe.com\/wp-content\/uploads\/2021\/09\/Your-guide-to-Fuller-and-thicker-hair-with-DAVROE-300x200.jpg\" alt=\"Your-guide-to-Fuller-and-thicker-hair-with-DAVROE.jpg\" width=\"737\" height=\"491\" \/><\/p>","protected":false},"excerpt":{"rendered":"<h2><strong>Z\u00edskajte hustej\u0161ie, pln\u0161ie a zdrav\u0161ie vlasy s DAVROE Volume Senses<\/strong><\/h2>\n<h4><strong>Volume Senses Amplifying Conditioner je zosil\u0148uj\u00faci kondicion\u00e9r, ktor\u00fd dod\u00e1va jemn\u00fdm vlasom beztia\u017eov\u00fd objem a vlhkos\u0165.<\/strong><\/h4>\n<p><strong>Dod\u00e1vaj\u00fa vlasom lesk a odraz, v\u010faka \u010domu sa c\u00edtia a vyzeraj\u00fa hrub\u0161ie s trval\u00fdm objemom.<\/strong><\/p>\n<ul>\n<li>\u013dahk\u00fd kondicion\u00e9r poskytuj\u00faci maxim\u00e1lny objem<\/li>\n<li>Extr\u00e9mne n\u00edzka hmotnos\u0165 pre jemn\u00e9 vlasy<\/li>\n<li>Beztia\u017eov\u00e1 vlhkos\u0165<\/li>\n<li>Prid\u00e1va telo a lesk<\/li>\n<li>Ide\u00e1lne pre \u013eud\u00ed s jemn\u00fdmi riedkymi vlasmi<\/li>\n<li>Ak\u00e9ko\u013evek in\u00e9 kondicion\u00e9r m\u00f4\u017ee by\u0165 pou\u017eit\u00fd pre vlasy, ktor\u00e9 m\u00f4\u017eu potrebova\u0165 viac kondicion\u00e9r<\/li>\n<li>Sulf\u00e1t &amp; Paraben zadarmo<\/li>\n<li>Veg\u00e1nske priate\u013esk\u00e9 &amp; Cruelty-Free<\/li>\n<li>Prirodzene odvoden\u00e9 ingrediencie<\/li>\n<li>Kerat\u00edn Bezpe\u010dn\u00e9 o\u0161etrenie<\/li>\n<\/ul>","protected":false},"featured_media":24747,"comment_status":"open","ping_status":"closed","template":"","meta":{"_acf_changed":false},"product_brand":[],"product_cat":[62,72],"product_tag":[61,71,73],"class_list":{"0":"post-24709","1":"product","2":"type-product","3":"status-publish","4":"has-post-thumbnail","6":"product_cat-senses","7":"product_cat-volume-senses","8":"product_tag-senses","9":"product_tag-volume","10":"product_tag-voluminous","11":"description-off","13":"first","14":"instock","15":"taxable","16":"shipping-taxable","17":"product-type-variable","18":"has-default-attributes"},"acf":[],"_links":{"self":[{"href":"https:\/\/davroe.sk\/sk\/wp-json\/wp\/v2\/product\/24709","targetHints":{"allow":["GET"]}}],"collection":[{"href":"https:\/\/davroe.sk\/sk\/wp-json\/wp\/v2\/product"}],"about":[{"href":"https:\/\/davroe.sk\/sk\/wp-json\/wp\/v2\/types\/product"}],"replies":[{"embeddable":true,"href":"https:\/\/davroe.sk\/sk\/wp-json\/wp\/v2\/comments?post=24709"}],"wp:featuredmedia":[{"embeddable":true,"href":"https:\/\/davroe.sk\/sk\/wp-json\/wp\/v2\/media\/24747"}],"wp:attachment":[{"href":"https:\/\/davroe.sk\/sk\/wp-json\/wp\/v2\/media?parent=24709"}],"wp:term":[{"taxonomy":"product_brand","embeddable":true,"href":"https:\/\/davroe.sk\/sk\/wp-json\/wp\/v2\/product_brand?post=24709"},{"taxonomy":"product_cat","embeddable":true,"href":"https:\/\/davroe.sk\/sk\/wp-json\/wp\/v2\/product_cat?post=24709"},{"taxonomy":"product_tag","embeddable":true,"href":"https:\/\/davroe.sk\/sk\/wp-json\/wp\/v2\/product_tag?post=24709"}],"curies":[{"name":"wp","href":"https:\/\/api.w.org\/{rel}","templated":true}]}}