{"id":24710,"date":"2024-04-26T07:29:47","date_gmt":"2024-04-26T06:29:47","guid":{"rendered":"https:\/\/davroe.sk\/?post_type=product&#038;p=24710"},"modified":"2025-10-16T05:05:19","modified_gmt":"2025-10-16T04:05:19","slug":"body-volume-texture-bvt","status":"publish","type":"product","link":"https:\/\/davroe.sk\/sk\/shop\/styling\/body-volume-texture-bvt\/","title":{"rendered":"Body Volume Texture Sprej na objem a text\u00faru vlasov"},"content":{"rendered":"<table width=\"100%\">\n<tbody>\n<tr>\n<td valign=\"top\" bgcolor=\"#FFFFFF\" width=\"100%\">\n<h4><strong>Vhodn\u00e9 pre v\u0161etky typy vlasov, skvel\u00e9 pre dosiahnutie hladk\u00e9ho f\u00e9novania na hrub\u00fdch vlasoch a skvel\u00e9 pre pridanie vlhkosti.<\/strong><\/h4>\n<p><strong>Pr\u00ednosy:<\/strong><\/p>\n<ul>\n<li>Super \u013eahk\u00e1<\/li>\n<li>Kvapaln\u00fd a\u017e penov\u00fd objemov\u00fd rozpra\u0161ova\u010d<\/li>\n<li>Prid\u00e1va telo, objem a text\u00faru<\/li>\n<li>Z\u00e1mky vo vlhkosti<\/li>\n<\/ul>\n<p>&nbsp;<\/td>\n<\/tr>\n<\/tbody>\n<\/table>\n<table width=\"100%\">\n<tbody>\n<tr>\n<td valign=\"top\" bgcolor=\"#FFFFFF\" width=\"517\"><\/td>\n<td valign=\"top\" bgcolor=\"#FFFFFF\" width=\"5%\"><\/td>\n<td valign=\"top\" bgcolor=\"#FFFFFF\" width=\"70%\"><\/td>\n<\/tr>\n<\/tbody>\n<\/table>","protected":false},"excerpt":{"rendered":"<h3><strong>Text\u00fara objemu tela<\/strong><\/h3>\n<p>\u2022 Super \u013eahk\u00fd<\/p>\n<p>\u2022 Kvapaln\u00fd a\u017e penov\u00fd objemov\u00fd rozpra\u0161ova\u010d<\/p>\n<p>\u2022 Prid\u00e1va telo, objem a text\u00faru<\/p>\n<p>\u2022 Z\u00e1mky vo vlhkosti<\/p>","protected":false},"featured_media":24891,"comment_status":"open","ping_status":"closed","template":"","meta":{"_acf_changed":false},"product_brand":[],"product_cat":[67],"product_tag":[27],"class_list":{"0":"post-24710","1":"product","2":"type-product","3":"status-publish","4":"has-post-thumbnail","6":"product_cat-styling","7":"product_tag-bvt","8":"description-off","10":"first","11":"instock","12":"taxable","13":"shipping-taxable","14":"purchasable","15":"product-type-simple"},"acf":[],"_links":{"self":[{"href":"https:\/\/davroe.sk\/sk\/wp-json\/wp\/v2\/product\/24710","targetHints":{"allow":["GET"]}}],"collection":[{"href":"https:\/\/davroe.sk\/sk\/wp-json\/wp\/v2\/product"}],"about":[{"href":"https:\/\/davroe.sk\/sk\/wp-json\/wp\/v2\/types\/product"}],"replies":[{"embeddable":true,"href":"https:\/\/davroe.sk\/sk\/wp-json\/wp\/v2\/comments?post=24710"}],"wp:featuredmedia":[{"embeddable":true,"href":"https:\/\/davroe.sk\/sk\/wp-json\/wp\/v2\/media\/24891"}],"wp:attachment":[{"href":"https:\/\/davroe.sk\/sk\/wp-json\/wp\/v2\/media?parent=24710"}],"wp:term":[{"taxonomy":"product_brand","embeddable":true,"href":"https:\/\/davroe.sk\/sk\/wp-json\/wp\/v2\/product_brand?post=24710"},{"taxonomy":"product_cat","embeddable":true,"href":"https:\/\/davroe.sk\/sk\/wp-json\/wp\/v2\/product_cat?post=24710"},{"taxonomy":"product_tag","embeddable":true,"href":"https:\/\/davroe.sk\/sk\/wp-json\/wp\/v2\/product_tag?post=24710"}],"curies":[{"name":"wp","href":"https:\/\/api.w.org\/{rel}","templated":true}]}}