{"id":24711,"date":"2024-04-26T07:29:47","date_gmt":"2024-04-26T06:29:47","guid":{"rendered":"https:\/\/davroe.sk\/?post_type=product&#038;p=24711"},"modified":"2025-10-16T06:35:21","modified_gmt":"2025-10-16T05:35:21","slug":"murray-river-sea-salt-spray","status":"publish","type":"product","link":"https:\/\/davroe.sk\/sk\/shop\/styling\/murray-river-sea-salt-spray\/","title":{"rendered":"Murray River Salt Spray Texturiza\u010dn\u00fd sprej s morskou so\u013eou"},"content":{"rendered":"<h2>Vytvorte pl\u00e1\u017eov\u00e9 vlny a text\u00faru pre v\u0161etky typy vlasov s DAVROE Murray River Salt Spray<\/h2>\n<p>Murray River Salt Spray s extraktom z jab\u013ak Kangaroo dod\u00e1va text\u00faru bez vysu\u0161enia vlasov<\/p>\n<p>Na rozdiel od in\u00fdch so\u013en\u00fdch sprejov, tento \u013eahk\u00fd sprej jemne napln\u00ed vlasy pocitom pl\u00e1\u017ee.<\/p>\n<p>Prin\u00e1\u0161a prirodzen\u00e9 telo a zlep\u0161uje zvlnenie pre bez n\u00e1mahy, vetrom \u0161tylizovan\u00fa text\u00faru<\/p>\n<h3><strong>Pro-tip : Scrunch a vzduch such\u00e9 pre pl\u00e1\u017e<\/strong><\/h3>\n<p>Rie\u0161enie pre scrunchy pl\u00e1\u017eov\u00fd vzh\u013ead vlasov je teraz vo va\u0161om dosahu. Murray River Salt Spray bol navrhnut\u00fd tak, aby bojoval proti v\u0161etk\u00fdm t\u00fdmto probl\u00e9mom t\u00fdm, \u017ee obnov\u00ed a udr\u017e\u00ed va\u0161e vlasy v najprirodzenej\u0161om stave. Tento so\u013en\u00fd sprej fixuje va\u0161e \u0161tetiny na mieste a z\u00e1rove\u0148 poskytuje \u013eahk\u00fa text\u00faru, ktor\u00e1 zost\u00e1va po cel\u00fd de\u0148.<\/p>\n<p>Predstavujeme Murray River Salt Spray, \u013eahk\u00fd sprej s morskou so\u013eou, ktor\u00fd hydratuje, ke\u010f jemne zdvihne vlasy. Na\u0161e jedine\u010dn\u00e9 zlo\u017eenie vytv\u00e1ra text\u00faru bez zanechania mastnoty alebo lepivosti, tak\u017ee m\u00f4\u017eete dosiahnu\u0165 objem pri korienkoch a kontrolu v celom vlasoch. Je ide\u00e1lny pre v\u0161etky typy vlasov, najm\u00e4 tie, ktor\u00e9 s\u00fa n\u00e1chyln\u00e9 k p\u00e1du ploch\u00e9 bezprostredne po umyt\u00ed.<\/p>\n<p>Murray River Salt Spray je ide\u00e1lnym rie\u0161en\u00edm pre starostlivos\u0165 o vlasy. S \u013eahko pou\u017eite\u013en\u00fdm sprejov\u00fdm form\u00e1tom, v\u0161etko, \u010do mus\u00edte urobi\u0165, je sprej a \u0161t\u00fdl! Tento vlasov\u00fd produkt je zalo\u017een\u00fd na vode a je \u00faplne bezpe\u010dn\u00fd na pou\u017eitie na v\u0161etk\u00fdch prame\u0148och vlasov, tak\u017ee si m\u00f4\u017eete upravi\u0165 vlasy bez toho, aby ste sa museli ob\u00e1va\u0165 po\u0161kodenia va\u0161ich kadere.<\/p>\n<h4><strong>Pr\u00edroda Aktivity v Damroe Murray River Morsk\u00e1 so\u013e \u0160parg\u013ea<\/strong><\/h4>\n<p>So\u013en\u00e9 spreje s\u00fa skvel\u00e9 na vytvorenie pl\u00e1\u017eov\u00e9ho vzh\u013eadu a pridanie lesku va\u0161im vlasom. Ale samotn\u00e1 so\u013e oce\u00e1nu m\u00f4\u017ee vlasy pr\u00edli\u0161 vysu\u0161i\u0165, tak\u017ee Murray River Salt Spray pridal pr\u00edrodn\u00fd extrakt z jab\u013ak Kangaroo, ktor\u00fd pom\u00e1ha zvlh\u010dova\u0165 a dod\u00e1va\u0165 lesk.<\/p>\n<p>Spolo\u010dnos\u0165 DAVROE vyu\u017eila t\u00fato jedine\u010dn\u00fa austr\u00e1lsku so\u013e t\u00fdm, \u017ee ju vyv\u00e1\u017eila s extraktom z jab\u013ak Kangaroo a vytvorila so\u013en\u00fd sprej, ktor\u00fd poskytuje dokonal\u00fa zmes text\u00fary, objemu a pl\u00e1\u017eovej vlny.<\/p>\n<p>Ocenen\u00e1 so\u013e rieky Murray sa vyr\u00e1ba zo star\u00fdch slan\u00fdch v\u00f4d poch\u00e1dzaj\u00facich z podzemn\u00fdch kolektorov podzemnej vody, ktor\u00e9 sa nach\u00e1dzaj\u00fa v austr\u00e1lskej povod\u00ed rieky Murray Darling. T\u00e1to pr\u00edrodn\u00e1 so\u013e neobsahuje \u017eiadne pr\u00edsady alebo konzerva\u010dn\u00e9 l\u00e1tky a je pln\u00e1 stopov\u00fdch prvkov, ako je hor\u010d\u00edk a v\u00e1pnik.<\/p>\n<p><img loading=\"lazy\" decoding=\"async\" class=\"wp-image-19249 aligncenter\" src=\"https:\/\/www.davroe.com\/wp-content\/uploads\/2020\/11\/DAVROE-Ingredient-Natures-Active-murray-river-salt-1080x1080-1.jpg\" alt=\"DAVROE-Ingredient-Natures-Active-murray rie\u010dna so\u013e 1080x1080\" width=\"403\" height=\"403\" \/><\/p>\n<p><img loading=\"lazy\" decoding=\"async\" class=\"wp-image-19246 aligncenter\" src=\"https:\/\/www.davroe.com\/wp-content\/uploads\/2020\/11\/DAVROE-Ingredient-Natures-Active-kanagroo-apple-1080x1080-1.jpg\" alt=\"DAVROE-Zlo\u017eka-Pr\u00edrody-Akt\u00edvne-kangaroo jablko 1080x1080\" width=\"414\" height=\"414\" \/><\/p>\n<p><img loading=\"lazy\" decoding=\"async\" class=\"aligncenter wp-image-24424\" src=\"https:\/\/www.davroe.com\/wp-content\/uploads\/2021\/08\/Bring-the-beach-home-with-DAVROE-Murray-River-Salt-Spray-Blog-es.jpg\" alt=\"\" width=\"615\" height=\"411\" \/><\/p>","protected":false},"excerpt":{"rendered":"<h2>Vytvorte pl\u00e1\u017eov\u00e9 vlny a text\u00faru pre v\u0161etky typy vlasov s DAVROE Murray River Salt Spray<\/h2>\n<h3>Na rozdiel od in\u00fdch so\u013en\u00fdch sprejov, tento \u013eahk\u00fd sprej jemne dod\u00e1va vlasom pocit pl\u00e1\u017ee. Prin\u00e1\u0161a prirodzen\u00e9 telo a zlep\u0161uje zvlnenie pre bezprobl\u00e9mov\u00fa text\u00faru vetra.<\/h3>\n<ul>\n<li>Murray River Salt Spray s extraktom z jab\u013ak Kangaroo dod\u00e1va text\u00faru bez vysu\u0161enia vlasov<\/li>\n<li>Prin\u00e1\u0161a prirodzen\u00e9 telo a zlep\u0161uje zvlnenie pre bez n\u00e1mahy, vetrom \u0161tylizovan\u00fa text\u00faru<\/li>\n<li>Scrunch a air dry pre pl\u00e1\u017eov\u00e9 vlny<\/li>\n<li>F\u00faka\u010dka pre objemn\u00e9 z\u00e1mky<\/li>\n<li>Sulf\u00e1t &amp; Paraben zadarmo<\/li>\n<li>Veg\u00e1nske priate\u013esk\u00e9 &amp; Cruelty-Free<\/li>\n<li>Prirodzene odvoden\u00e9 ingrediencie<\/li>\n<li>Kerat\u00edn Bezpe\u010dn\u00e9 o\u0161etrenie<\/li>\n<\/ul>","protected":false},"featured_media":24796,"comment_status":"open","ping_status":"closed","template":"","meta":{"_acf_changed":false},"product_brand":[],"product_cat":[67],"product_tag":[90,91],"class_list":{"0":"post-24711","1":"product","2":"type-product","3":"status-publish","4":"has-post-thumbnail","6":"product_cat-styling","7":"product_tag-beach","8":"product_tag-salt-spray","9":"description-off","11":"first","12":"instock","13":"taxable","14":"shipping-taxable","15":"purchasable","16":"product-type-simple"},"acf":[],"_links":{"self":[{"href":"https:\/\/davroe.sk\/sk\/wp-json\/wp\/v2\/product\/24711","targetHints":{"allow":["GET"]}}],"collection":[{"href":"https:\/\/davroe.sk\/sk\/wp-json\/wp\/v2\/product"}],"about":[{"href":"https:\/\/davroe.sk\/sk\/wp-json\/wp\/v2\/types\/product"}],"replies":[{"embeddable":true,"href":"https:\/\/davroe.sk\/sk\/wp-json\/wp\/v2\/comments?post=24711"}],"wp:featuredmedia":[{"embeddable":true,"href":"https:\/\/davroe.sk\/sk\/wp-json\/wp\/v2\/media\/24796"}],"wp:attachment":[{"href":"https:\/\/davroe.sk\/sk\/wp-json\/wp\/v2\/media?parent=24711"}],"wp:term":[{"taxonomy":"product_brand","embeddable":true,"href":"https:\/\/davroe.sk\/sk\/wp-json\/wp\/v2\/product_brand?post=24711"},{"taxonomy":"product_cat","embeddable":true,"href":"https:\/\/davroe.sk\/sk\/wp-json\/wp\/v2\/product_cat?post=24711"},{"taxonomy":"product_tag","embeddable":true,"href":"https:\/\/davroe.sk\/sk\/wp-json\/wp\/v2\/product_tag?post=24711"}],"curies":[{"name":"wp","href":"https:\/\/api.w.org\/{rel}","templated":true}]}}