{"id":24712,"date":"2024-04-26T07:29:47","date_gmt":"2024-04-26T06:29:47","guid":{"rendered":"https:\/\/davroe.sk\/?post_type=product&#038;p=24712"},"modified":"2025-10-16T05:05:23","modified_gmt":"2025-10-16T04:05:23","slug":"volume-senses-amplifying-shampoo","status":"publish","type":"product","link":"https:\/\/davroe.sk\/sk\/shop\/senses\/volume-senses\/volume-senses-amplifying-shampoo\/","title":{"rendered":"Volume Amplifying Shampoo \u0160amp\u00f3n na zv\u00e4\u010d\u0161enie objemu"},"content":{"rendered":"<div class=\"std\">\n<h3><strong>Hrub\u0161ie, pln\u0161ie, zdrav\u0161ie vlasy s D<\/strong><strong>avroe Volume Senses Amplifying Shampoo, zv\u00e4\u010d\u0161uj\u00faci a zosil\u0148uj\u00faci \u0161amp\u00f3n, ktor\u00fd dod\u00e1va telu a lesk jemn\u00fdm vlasom<\/strong><\/h3>\n<p><strong>\u013dahk\u00fd \u0161amp\u00f3n odstra\u0148uje ne\u010distoty, ne\u010distoty a olej, ktor\u00e9 m\u00f4\u017eu v\u00e1\u017ei\u0165 vlasy a dod\u00e1va\u0165 objem mimo tohto sveta.<\/strong><\/p>\n<p>Tento \u0161amp\u00f3n je nutnos\u0165ou pre t\u00fdch z n\u00e1s so super jemn\u00fdmi vlasmi. Dodajte svojim z\u00e1mkom lesk, telo a objem jemn\u00fdm zlo\u017een\u00edm, ktor\u00e9 je nabit\u00e9 z\u00e1kladn\u00fdmi vitam\u00ednmi a miner\u00e1lmi. Pr\u00edrodn\u00e9 zvlh\u010dova\u010de prenikaj\u00fa hlboko, aby pridali beztia\u017eov\u00fa hydrat\u00e1ciu, tak\u017ee va\u0161e vlasy sa nikdy nec\u00edtia such\u00e9 alebo krehk\u00e9. Z\u00edskajte vlasy svojich snov s t\u00fdmto \u0161amp\u00f3nom a pokra\u010dujte s Volume Senses Amplifying Conditioner pre beztia\u017eov\u00fa vlhkos\u0165! Pr\u00edrodn\u00e9 zvlh\u010dova\u010de prenikaj\u00fa do vlasov\u00e9ho hriade\u013ea a dod\u00e1vaj\u00fa beztia\u017eov\u00fd objem pre zosilnen\u00e9 telo a lesk.<\/p>\n<p>Tento jemn\u00fd, farebne bezpe\u010dn\u00fd \u0161amp\u00f3n s \u017eeruchou je formulovan\u00fd tak, aby dod\u00e1val maxim\u00e1lny objem a kond\u00edciu jemn\u00fdm vlasom. Jeho instantn\u00e9 detangling vzorec obsahuje Ry\u017ea a Quinoa prote\u00edny pre posilnenie a opravu pre zosilnen\u00e9 telo a lesk.<\/p>\n<ul>\n<li>Maxim\u00e1lny objem.<\/li>\n<li>Dod\u00e1va v\u00e1\u017enu \u017eivos\u0165 a objem vlasom bez \u017eivota.<\/li>\n<li>Ide\u00e1lne pre jemn\u00e9 vlasy. V\u00fd\u0165ahy kr\u00edva\u0165 z\u00e1mky pre v\u00e1\u017ene telo.<\/li>\n<li>Jemn\u00e9. Zlo\u017eenie s v\u00fd\u017eivn\u00fdmi a upokojuj\u00facimi zlo\u017ekami<\/li>\n<li>Sulf\u00e1t &amp; Paraben zadarmo<\/li>\n<li>Veg\u00e1nske priate\u013esk\u00e9 &amp; Cruelty-Free<\/li>\n<li>Prirodzene odvoden\u00e9 ingrediencie<\/li>\n<li>Kerat\u00edn Bezpe\u010dn\u00e9 o\u0161etrenie<\/li>\n<\/ul>\n<h3>Pou\u017eitie: Aplikujte od kore\u0148a a\u017e po \u0161pi\u010dku a dobre naneste. Nechajte 2 min\u00faty pred opl\u00e1chnut\u00edm, v pr\u00edpade potreby zopakujte. Nasledujte svoj ob\u013e\u00faben\u00fd kondicion\u00e9r Davroe<\/h3>\n<p><em>Formulovan\u00e9 bez parab\u00e9nov, ftal\u00e1tov, sulf\u00e1tov alebo lepku.<\/em><\/p>\n<h3>\u017eerucha poto\u010dn\u00e1<\/h3>\n<p>Obsahuje vitam\u00edny A, C a E plus zinok na omladenie, zosilnenie a posilnenie jemn\u00fdch, kr\u00edvav\u00fdch typov vlasov. \u017derucha m\u00e1 tie\u017e vynikaj\u00face hydrata\u010dn\u00e9 schopnosti, utesnenie v hydrat\u00e1cii pom\u00f4c\u0165 stav a posilni\u0165 vlasy.<\/p>\n<p><img loading=\"lazy\" decoding=\"async\" class=\"alignnone wp-image-19255\" src=\"https:\/\/www.davroe.com\/wp-content\/uploads\/2020\/11\/DAVROE-Ingredient-Natures-Active-watercress-1080x1080-1.jpg\" alt=\"DAVROE Natures Active Watercress obsahuje vitam\u00edny A, C a E plus zinok na omladenie, zosilnenie a posilnenie jemn\u00fdch, kr\u00edvav\u00fdch typov vlasov. \u017derucha m\u00e1 tie\u017e vynikaj\u00face hydrata\u010dn\u00e9 schopnosti, utesnenie v hydrat\u00e1cii pom\u00f4c\u0165 stav a posilni\u0165 vlasy.\" width=\"483\" height=\"483\" \/><\/p>\n<h3>Panthenol<\/h3>\n<p>Zlo\u017eka odvoden\u00e1 z vitam\u00ednu B, pom\u00e1ha vlasom pri udr\u017eiavan\u00ed vlhkosti, ktor\u00e1 pom\u00e1ha vlasom expandova\u0165 a vyzera\u0165 pln\u0161ie.<\/p>\n<p><img loading=\"lazy\" decoding=\"async\" class=\"alignnone wp-image-27086\" src=\"https:\/\/www.davroe.com\/wp-content\/uploads\/2015\/05\/DAVRIE-Natures-Active-Panthenol.jpg\" alt=\"DAVROE-Pr\u00edrody-akt\u00edvny-pantenol\" width=\"482\" height=\"482\" \/><\/p>\n<\/div>","protected":false},"excerpt":{"rendered":"<h2><strong>Z\u00edskajte hustej\u0161ie, pln\u0161ie, zdrav\u0161ie vlasy s <\/strong><strong>Davroe Volume Senses zosil\u0148uj\u00faci \u0161amp\u00f3n <\/strong><\/h2>\n<h3><strong>Zv\u00e4\u010d\u0161uj\u00faci a zosil\u0148uj\u00faci \u0161amp\u00f3n, ktor\u00fd dod\u00e1va telu a lesk jemn\u00fdm vlasom.<\/strong><\/h3>\n<h4>Poskytuje maxim\u00e1lny objem jemn\u00fdm vlasom<\/h4>\n<ul>\n<li>Zosil\u0148uje jemn\u00e9 vlasy<\/li>\n<li>Skvel\u00e9 pre mastn\u00fa alebo citliv\u00fa poko\u017eku hlavy<\/li>\n<li>Maxim\u00e1lny objem<\/li>\n<li>Dod\u00e1va v\u00e1\u017enu \u017eivos\u0165 a objem vlasom bez \u017eivota.<\/li>\n<li>Ide\u00e1lne pre jemn\u00e9 vlasy. V\u00fd\u0165ahy kr\u00edva\u0165 z\u00e1mky pre v\u00e1\u017ene telo.<\/li>\n<li>Jemn\u00e9. Formulovan\u00e9 s v\u00fd\u017eivn\u00fdmi a upokojuj\u00facimi zlo\u017ekami.<\/li>\n<li>Sulf\u00e1t &amp; Paraben zadarmo<\/li>\n<li>Veg\u00e1nske priate\u013esk\u00e9 &amp; Cruelty-Free<\/li>\n<li>Prirodzene odvoden\u00e9 ingrediencie<\/li>\n<li>Kerat\u00edn Bezpe\u010dn\u00e9 o\u0161etrenie<\/li>\n<\/ul>","protected":false},"featured_media":24751,"comment_status":"open","ping_status":"closed","template":"","meta":{"_acf_changed":false},"product_brand":[],"product_cat":[62,72],"product_tag":[],"class_list":{"0":"post-24712","1":"product","2":"type-product","3":"status-publish","4":"has-post-thumbnail","6":"product_cat-senses","7":"product_cat-volume-senses","8":"description-off","10":"first","11":"instock","12":"taxable","13":"shipping-taxable","14":"product-type-variable","15":"has-default-attributes"},"acf":[],"_links":{"self":[{"href":"https:\/\/davroe.sk\/sk\/wp-json\/wp\/v2\/product\/24712","targetHints":{"allow":["GET"]}}],"collection":[{"href":"https:\/\/davroe.sk\/sk\/wp-json\/wp\/v2\/product"}],"about":[{"href":"https:\/\/davroe.sk\/sk\/wp-json\/wp\/v2\/types\/product"}],"replies":[{"embeddable":true,"href":"https:\/\/davroe.sk\/sk\/wp-json\/wp\/v2\/comments?post=24712"}],"wp:featuredmedia":[{"embeddable":true,"href":"https:\/\/davroe.sk\/sk\/wp-json\/wp\/v2\/media\/24751"}],"wp:attachment":[{"href":"https:\/\/davroe.sk\/sk\/wp-json\/wp\/v2\/media?parent=24712"}],"wp:term":[{"taxonomy":"product_brand","embeddable":true,"href":"https:\/\/davroe.sk\/sk\/wp-json\/wp\/v2\/product_brand?post=24712"},{"taxonomy":"product_cat","embeddable":true,"href":"https:\/\/davroe.sk\/sk\/wp-json\/wp\/v2\/product_cat?post=24712"},{"taxonomy":"product_tag","embeddable":true,"href":"https:\/\/davroe.sk\/sk\/wp-json\/wp\/v2\/product_tag?post=24712"}],"curies":[{"name":"wp","href":"https:\/\/api.w.org\/{rel}","templated":true}]}}