{"id":24789,"date":"2024-04-26T07:31:00","date_gmt":"2024-04-26T06:31:00","guid":{"rendered":"https:\/\/davroe.sk\/?post_type=product&#038;p=24789"},"modified":"2025-10-16T05:22:53","modified_gmt":"2025-10-16T04:22:53","slug":"brilliance-shine-mist","status":"publish","type":"product","link":"https:\/\/davroe.sk\/sk\/shop\/styling\/brilliance-shine-mist\/","title":{"rendered":"Brilliance Shine Mist Lesk na vlasy"},"content":{"rendered":"<table width=\"100%\">\n<tbody>\n<tr>\n<td valign=\"top\" bgcolor=\"#FFFFFF\" width=\"100%\">\n<h1><strong><span style=\"color: #9ed9d8;\">DAVROE Brilliance Shine Mist<\/span><\/strong><\/h1>\n<h4>\u013dahk\u00e1, odvlh\u010duj\u00faca dokon\u010dovacia hmla, ktor\u00e1 poskytuje \u013eahk\u00fd reflexn\u00fd lesk.<\/h4>\n<hr \/>\n<h5><span style=\"color: #9ed9d8;\"><b>K\u013e\u00fa\u010dov\u00e9 vlastnosti<\/b><\/span><\/h5>\n<ul>\n<li>\n<h6>N\u00edzka hmotnos\u0165<\/h6>\n<\/li>\n<li>\n<h6>Anti-zvlh\u010dovanie<\/h6>\n<\/li>\n<li>\n<h6>dokon\u010dovacia hmla<\/h6>\n<\/li>\n<li>\n<h6>Zlep\u0161uje matn\u00e9 vlasy bez<\/h6>\n<\/li>\n<li>\n<h6>prid\u00e1vanie olejnatosti<\/h6>\n<\/li>\n<li>\n<h6>Chr\u00e1ni pred vlhkos\u0165ou<\/h6>\n<\/li>\n<li>\n<h6>Svetlo odr\u00e1\u017eaj\u00face<\/h6>\n<\/li>\n<li>\n<h6>\u013eahko sa umyje<\/h6>\n<\/li>\n<li>\n<h6>Poskytuje prirodzen\u00fa ochranu<\/h6>\n<\/li>\n<li>\n<h6>proti prvkom<\/h6>\n<\/li>\n<li>\n<h6>\u017diadne olejov\u00e9 zvy\u0161ky<\/h6>\n<\/li>\n<li>\n<h6>Vidite\u013en\u00fd dlhotrvaj\u00faci lesk \/ lesk<\/h6>\n<\/li>\n<\/ul>\n<h5><span style=\"color: #9ed9d8;\"><b>Vhodn\u00e9 pre<\/b><\/span><\/h5>\n<ul>\n<li>\n<h6>V\u0161etky typy vlasov vy\u017eaduj\u00face lesk<\/h6>\n<\/li>\n<li>\n<h6>Ide\u00e1lne pre pridanie lesku do<\/h6>\n<\/li>\n<li>\n<h6>Hotov\u00e9 \u0161t\u00fdly<\/h6>\n<\/li>\n<li>\n<h6>Prin\u00e1\u0161a \u017eivot matn\u00fdm vlasom<\/h6>\n<\/li>\n<li>\n<h6>\u0160t\u00fdly nahor alebo nadol<\/h6>\n<\/li>\n<\/ul>\n<h5><span style=\"color: #9ed9d8;\"><b>Ako pou\u017e\u00edva\u0165<\/b><\/span><\/h5>\n<ul>\n<li>\n<h6>\u013dahko hmla vlasy po styling a f\u00fakanie su\u0161enie<\/h6>\n<\/li>\n<li>\n<h6>Prida\u0165 viac produktov pod\u013ea potreby<\/h6>\n<\/li>\n<\/ul>\n<h5><span style=\"color: #9ed9d8;\"><b>Pr\u00edrodn\u00e9 ingrediencie<\/b><\/span><\/h5>\n<ul>\n<li>\n<h6>olej zo semien Camellia a<\/h6>\n<\/li>\n<li>\n<h6>Abyssinsk\u00fd olej<\/h6>\n<\/li>\n<\/ul>\n<p><img decoding=\"async\" class=\"alignnone\" src=\"https:\/\/www.davroe.com\/wp-content\/uploads\/2016\/09\/Davroe_Brilliance_Active_Ingredient.jpg\" alt=\"Brilliance Camellia Seed Oil and Abyssinian Oil\" \/><\/td>\n<\/tr>\n<\/tbody>\n<\/table>\n<table width=\"100%\">\n<tbody>\n<tr>\n<td valign=\"top\" bgcolor=\"#FFFFFF\" width=\"517\"><\/td>\n<td valign=\"top\" bgcolor=\"#FFFFFF\" width=\"5%\"><\/td>\n<td valign=\"top\" bgcolor=\"#FFFFFF\" width=\"40%\"><\/td>\n<\/tr>\n<\/tbody>\n<\/table>","protected":false},"excerpt":{"rendered":"<p>DAVROE Brilliance Shine Mist A lightweight, anti-humidifying finishing shine mist, providing a light reflective shimmer. Key features Lightweight Anti-humidifying finishing mist Enhances dull hair without adding oiliness Protects against humidity Light reflective Washes out easily Provides natural protection against the elements No oily residue Visible long lasting shimmer\/shine Suitable for All hair types requiring shine&hellip;<\/p>","protected":false},"featured_media":0,"comment_status":"open","ping_status":"closed","template":"","meta":{"_acf_changed":false},"product_brand":[],"product_cat":[67],"product_tag":[],"class_list":{"0":"post-24789","1":"product","2":"type-product","3":"status-publish","5":"product_cat-styling","6":"description-off","8":"first","9":"instock","10":"taxable","11":"shipping-taxable","12":"product-type-variable","13":"has-default-attributes"},"acf":[],"_links":{"self":[{"href":"https:\/\/davroe.sk\/sk\/wp-json\/wp\/v2\/product\/24789","targetHints":{"allow":["GET"]}}],"collection":[{"href":"https:\/\/davroe.sk\/sk\/wp-json\/wp\/v2\/product"}],"about":[{"href":"https:\/\/davroe.sk\/sk\/wp-json\/wp\/v2\/types\/product"}],"replies":[{"embeddable":true,"href":"https:\/\/davroe.sk\/sk\/wp-json\/wp\/v2\/comments?post=24789"}],"wp:attachment":[{"href":"https:\/\/davroe.sk\/sk\/wp-json\/wp\/v2\/media?parent=24789"}],"wp:term":[{"taxonomy":"product_brand","embeddable":true,"href":"https:\/\/davroe.sk\/sk\/wp-json\/wp\/v2\/product_brand?post=24789"},{"taxonomy":"product_cat","embeddable":true,"href":"https:\/\/davroe.sk\/sk\/wp-json\/wp\/v2\/product_cat?post=24789"},{"taxonomy":"product_tag","embeddable":true,"href":"https:\/\/davroe.sk\/sk\/wp-json\/wp\/v2\/product_tag?post=24789"}],"curies":[{"name":"wp","href":"https:\/\/api.w.org\/{rel}","templated":true}]}}