{"id":24824,"date":"2024-04-26T07:31:24","date_gmt":"2024-04-26T06:31:24","guid":{"rendered":"https:\/\/davroe.sk\/?post_type=product&#038;p=24824"},"modified":"2025-10-16T05:05:21","modified_gmt":"2025-10-16T04:05:21","slug":"revive-dry-shampoo","status":"publish","type":"product","link":"https:\/\/davroe.sk\/sk\/shop\/cleanse\/revive-dry-shampoo\/","title":{"rendered":"Revive Dry Shampoo Such\u00fd \u0161amp\u00f3n"},"content":{"rendered":"<table width=\"100%\">\n<tbody>\n<tr>\n<td valign=\"top\" bgcolor=\"#FFFFFF\" width=\"100%\">\n<h3><span style=\"color: #ff0000;\"><b>** Pros\u00edm, v\u0161imnite si, \u017ee t\u00e1to polo\u017eka m\u00f4\u017ee ma\u0165 extra \u010das, aby bola dodan\u00e1, aby bola klasifikovan\u00e1 ako nebezpe\u010dn\u00e1 dobr\u00e1. <\/b><\/span><span style=\"color: #ff0000;\">Ned\u00e1 sa doda\u0165 do PO boxov ani do\u013eava<\/span><\/h3>\n<p>&nbsp;<\/p>\n<h2><strong><span style=\"color: #9ed9d8;\">REVIVE Dry Shampoo<\/p>\n<p><\/span><\/strong><\/h2>\n<h4>Okam\u017eite osvie\u017euje, \u010dist\u00ed &amp; zv\u00e4\u010d\u0161uje vlasy bez zanechania pr\u00e1\u0161kov\u00e9ho zvy\u0161ku.<\/h4>\n<hr \/>\n<h5><span style=\"color: #9ed9d8;\"><b>** Pros\u00edm, v\u0161imnite si, \u017ee t\u00e1to polo\u017eka m\u00f4\u017ee ma\u0165 extra \u010das, aby bola dodan\u00e1, aby bola klasifikovan\u00e1 ako nebezpe\u010dn\u00e1 dobr\u00e1.<\/p>\n<p><\/b><\/span><\/h5>\n<h5><span style=\"color: #9ed9d8;\"><b>K\u013e\u00fa\u010dov\u00e9 vlastnosti<\/b><\/span><\/h5>\n<ul>\n<li>\n<h6>N\u00edzka hmotnos\u0165<\/h6>\n<\/li>\n<li>\n<h6>Hydrat\u00e1cia<\/h6>\n<\/li>\n<li>\n<h6>\u013eahko sa umyje<\/h6>\n<\/li>\n<li>\n<h6>Poskytuje prirodzen\u00fa ochranu pred \u017eivlami<\/h6>\n<\/li>\n<li>\n<h6>Zni\u017euje mno\u017estvo oleja<\/h6>\n<\/li>\n<li>\n<h6>Prid\u00e1va telo a text\u00faru<\/h6>\n<\/li>\n<li>\n<h6>Nenech\u00e1va sa hromadi\u0165 na vlasoch<\/h6>\n<\/li>\n<li>\n<h6>\u017diadne pr\u00e1\u0161kov\u00e9 zvy\u0161ky<\/h6>\n<\/li>\n<\/ul>\n<h5><span style=\"color: #9ed9d8;\"><b>Vhodn\u00e9 pre<\/b><\/span><\/h5>\n<ul>\n<li>\n<h6>V\u0161etky typy vlasov je potrebn\u00e9 osvie\u017ei\u0165.<\/h6>\n<\/li>\n<li>\n<h6>Hore alebo dole \u0161t\u00fdly.<\/h6>\n<\/li>\n<li>\n<h6>Pred\u013a\u017ete f\u00e9n medzi um\u00fdvaniami.<\/h6>\n<\/li>\n<\/ul>\n<h5><span style=\"color: #9ed9d8;\"><b>Ako pou\u017e\u00edva\u0165<\/b><\/span><\/h5>\n<ul>\n<li>\n<h6>Dr\u017ete plechovku pribli\u017ene 20 cm od vlasov.<\/h6>\n<\/li>\n<li>\n<h6>Zdvihnite a \u010das\u0165 vlasov, striekanie \u013eahko a rovnomerne na korene.<\/h6>\n<\/li>\n<li>\n<h6>Opakujte, ak je to potrebn\u00e9.<\/h6>\n<\/li>\n<\/ul>\n<h5><span style=\"color: #9ed9d8;\"><b>Pr\u00edrodn\u00e9 ingrediencie<\/b><\/span><\/h5>\n<h5><strong>Pr\u00edrodn\u00fd austr\u00e1lsky extrakt zo snehov\u00fdch kvetov<\/strong><\/h5>\n<ul>\n<li>\n<h6>Bohat\u00e9 na antioxidanty na zn\u00ed\u017eenie \u00fa\u010dinkov vo\u013en\u00fdch radik\u00e1lov.<\/h6>\n<\/li>\n<li>\n<h6>M\u00e1 protiz\u00e1palov\u00e9 vlastnosti, ktor\u00e9 udr\u017euj\u00fa poko\u017eku hlavy pocit svie\u017eosti medzi um\u00fdvan\u00edm.<\/h6>\n<\/li>\n<\/ul>\n<p><a href=\"https:\/\/www.davroe.com\/wp-content\/uploads\/2018\/05\/Revive_Shampoo_SnowFlower.jpg\"><img decoding=\"async\" class=\"alignleft\" src=\"https:\/\/www.davroe.com\/wp-content\/uploads\/2018\/05\/Revive_Shampoo_SnowFlower.jpg\" alt=\" Revive_Shampoo_SnowFlower\" \/><\/a><\/td>\n<\/tr>\n<\/tbody>\n<\/table>\n<table width=\"100%\">\n<tbody>\n<tr>\n<td valign=\"top\" bgcolor=\"#FFFFFF\" width=\"517\"><\/td>\n<td valign=\"top\" bgcolor=\"#FFFFFF\" width=\"5%\"><\/td>\n<td valign=\"top\" bgcolor=\"#FFFFFF\" width=\"40%\"><\/td>\n<\/tr>\n<\/tbody>\n<\/table>","protected":false},"excerpt":{"rendered":"<h3><strong>Revive Dry Shampoo Such\u00fd \u0161amp\u00f3n<\/strong><\/h3>\n<p>\u2022 Okam\u017eite osvie\u017euje, \u010dist\u00ed &amp; zv\u00e4\u010d\u0161uje vlasy, bez zanechania pr\u00e1\u0161kov\u00e9ho zvy\u0161ku<\/p>\n<p>\u2022 Udr\u017euje va\u0161e vlasy svie\u017ee, \u010dist\u00e9 &amp; hydratovan\u00e9 bez pridania oleja<\/p>\n<p>\u2022 Pou\u017e\u00edvajte medzi um\u00fdvaniami, aby ste pred\u013a\u017eili f\u00fakanie such\u00e9 alebo \u0161t\u00fdl<\/p>\n<p>\u2022 Vym\u00fdva sa bez n\u00e1mahy a bez nahromadenia<\/p>\n<p>DAVROE Revive je revolu\u010dn\u00fd produkt, ktor\u00fd funguje, ke\u010f sa vlhkos\u0165, teplo a ka\u017edodenn\u00fd \u017eivot dostan\u00fa do cesty v\u00e1\u0161mu vysu\u0161eniu alebo \u0161t\u00fdlu.<\/p>\n<p>Vzorec vytv\u00e1ra ochrann\u00fa bari\u00e9ru na vlasy uzamkn\u00fa\u0165 vlhkos\u0165, prida\u0165 lesk, a zlep\u0161i\u0165 jemnos\u0165 &amp; text\u00faru bez v\u00e1\u017eenia vlasy dole. M\u00e1 sa pou\u017e\u00edva\u0165 medzi um\u00fdvaniami, \u010do v\u00e1m pom\u00f4\u017ee pred\u013a\u017ei\u0165 \u017eivotnos\u0165 vyfukovania alebo \u0161t\u00fdlu.<\/p>\n<p>Na\u0161ich 100% Veg\u00e1nska recept\u00fara okam\u017eite osvie\u017euje, \u010dist\u00ed &amp; zv\u00e4\u010d\u0161uje vlasy, bez zanechania pr\u00e1\u0161kov\u00e9ho zvy\u0161ku.<\/p>","protected":false},"featured_media":24881,"comment_status":"open","ping_status":"closed","template":"","meta":{"_acf_changed":false},"product_brand":[],"product_cat":[128,84],"product_tag":[],"class_list":{"0":"post-24824","1":"product","2":"type-product","3":"status-publish","4":"has-post-thumbnail","6":"product_cat-cleanse","7":"product_cat-remedy","8":"description-off","10":"first","11":"instock","12":"featured","13":"taxable","14":"shipping-taxable","15":"purchasable","16":"product-type-simple"},"acf":[],"_links":{"self":[{"href":"https:\/\/davroe.sk\/sk\/wp-json\/wp\/v2\/product\/24824","targetHints":{"allow":["GET"]}}],"collection":[{"href":"https:\/\/davroe.sk\/sk\/wp-json\/wp\/v2\/product"}],"about":[{"href":"https:\/\/davroe.sk\/sk\/wp-json\/wp\/v2\/types\/product"}],"replies":[{"embeddable":true,"href":"https:\/\/davroe.sk\/sk\/wp-json\/wp\/v2\/comments?post=24824"}],"wp:featuredmedia":[{"embeddable":true,"href":"https:\/\/davroe.sk\/sk\/wp-json\/wp\/v2\/media\/24881"}],"wp:attachment":[{"href":"https:\/\/davroe.sk\/sk\/wp-json\/wp\/v2\/media?parent=24824"}],"wp:term":[{"taxonomy":"product_brand","embeddable":true,"href":"https:\/\/davroe.sk\/sk\/wp-json\/wp\/v2\/product_brand?post=24824"},{"taxonomy":"product_cat","embeddable":true,"href":"https:\/\/davroe.sk\/sk\/wp-json\/wp\/v2\/product_cat?post=24824"},{"taxonomy":"product_tag","embeddable":true,"href":"https:\/\/davroe.sk\/sk\/wp-json\/wp\/v2\/product_tag?post=24824"}],"curies":[{"name":"wp","href":"https:\/\/api.w.org\/{rel}","templated":true}]}}