{"id":24825,"date":"2024-04-26T07:31:24","date_gmt":"2024-04-26T06:31:24","guid":{"rendered":"https:\/\/davroe.sk\/?post_type=product&#038;p=24825"},"modified":"2025-10-16T05:05:21","modified_gmt":"2025-10-16T04:05:21","slug":"complete-aerosol-hairspray","status":"publish","type":"product","link":"https:\/\/davroe.sk\/sk\/shop\/styling\/complete-aerosol-hairspray\/","title":{"rendered":"Complete Aerosol Hair Spray Lak na vlasy s dlhotrvaj\u00facim efektom"},"content":{"rendered":"<table width=\"100%\">\n<tbody>\n<tr>\n<td valign=\"top\" bgcolor=\"#FFFFFF\" width=\"100%\">\n<h1><strong><span style=\"color: #9ed9d8;\"><span style=\"color: #003366;\">DAVROE Kompletn\u00fd aeros\u00f3lov\u00fd lak na vlasy<\/span><\/p>\n<p><\/span><\/strong><\/h1>\n<h3>Vysokov\u00fdkonn\u00fd aeros\u00f3lov\u00fd sprej na vlasy.<\/h3>\n<hr \/>\n<h3><span style=\"color: #ff0000;\">** V\u0161imnite si, \u017ee t\u00e1to polo\u017eka je hor\u013eav\u00e1 a poskytne dodato\u010dn\u00fd \u010das na doru\u010denie \u2013 nie je mo\u017en\u00e9 ju doru\u010di\u0165 do PO boxov alebo necha\u0165 ATL<b><\/b><\/span><\/h3>\n<h5><span style=\"color: #003366;\"><b>Vhodn\u00e9 pre<\/b><\/span><\/h5>\n<ul>\n<li>\n<h5>V\u0161etky typy vlasov je potrebn\u00e9 osvie\u017ei\u0165.<\/h5>\n<\/li>\n<li>\n<h5>Hore alebo dole \u0161t\u00fdly.<\/h5>\n<\/li>\n<\/ul>\n<h5><span style=\"color: #003366;\"><b>Ako pou\u017e\u00edva\u0165<\/b><\/span><\/h5>\n<ul>\n<li>\n<h5>Dr\u017ete plechovku pribli\u017ene 20 cm od vlasov<\/h5>\n<\/li>\n<li>\n<h5>Nastriekajte jemne a rovnomerne na hotov\u00e9 \u0161t\u00fdly.<\/h5>\n<\/li>\n<li>\n<h5>Opakujte pre extra dr\u017eanie.<\/h5>\n<\/li>\n<\/ul>\n<\/td>\n<\/tr>\n<\/tbody>\n<\/table>\n<table width=\"100%\">\n<tbody>\n<tr>\n<td valign=\"top\" bgcolor=\"#FFFFFF\" width=\"517\"><a href=\"https:\/\/www.davroe.com\/wp-content\/uploads\/2018\/06\/Bamboo2.jpg\"><img loading=\"lazy\" decoding=\"async\" class=\"alignleft\" src=\"https:\/\/www.davroe.com\/wp-content\/uploads\/2018\/06\/Bamboo2.jpg\" alt=\"Kompletn\u00fd bambus\" width=\"176\" height=\"316\" \/><\/a><\/td>\n<td valign=\"top\" bgcolor=\"#FFFFFF\" width=\"5%\"><\/td>\n<td valign=\"top\" bgcolor=\"#FFFFFF\" width=\"70%\">\n<h5><span style=\"color: #003366;\"><b>Pr\u00edrodn\u00e9 ingrediencie<\/b><\/span><\/h5>\n<h4><strong>Pr\u00edrodn\u00fd bambusov\u00fd extrakt<\/strong><\/h4>\n<ul>\n<li>\n<h6>Dod\u00e1 vlasom prirodzen\u00fd lesk a lesk.<\/h6>\n<\/li>\n<li>\n<h6>Pom\u00e1ha odstr\u00e1ni\u0165 odumret\u00e9 ko\u017en\u00e9 bunky a nahromadi\u0165 chemick\u00e9 zvy\u0161ky z vlasov, \u010do znamen\u00e1, \u017ee tento produkt nebude v\u00e1\u017ei\u0165 vlasy.<\/h6>\n<\/li>\n<li>\n<h6>Prirodzen\u00e1 sila a pru\u017enos\u0165 bambusu vytv\u00e1ra siln\u00fd lak na vlasy, ktor\u00fd sa prirodzene pohybuje a nezanech\u00e1va vlasy stuhnut\u00e9.<\/h6>\n<\/li>\n<\/ul>\n<\/td>\n<\/tr>\n<\/tbody>\n<\/table>","protected":false},"excerpt":{"rendered":"<h3><strong>Kompletn\u00fd vysokov\u00fdkonn\u00fd aeros\u00f3lov\u00fd sprej na vlasy<\/strong><\/h3>\n<ul>\n<li>Dlhotrvaj\u00faci, maxim\u00e1lny \u00fachop<\/li>\n<li>Udr\u017euje jemn\u00fd vzh\u013ead.<\/li>\n<li>M\u00f4\u017ee by\u0165 pou\u017eit\u00fd ako pracovn\u00fd sprej alebo dokon\u010dovac\u00ed sprej.<\/li>\n<li>R\u00fdchle su\u0161enie<\/li>\n<li>Udr\u017eiava prirodzen\u00fa rovnov\u00e1hu vlhkosti vlasov.<\/li>\n<li>Flexibiln\u00e9 dr\u017eanie.<\/li>\n<li>Nadbyto\u010dn\u00fd produkt je mo\u017en\u00e9 odstr\u00e1ni\u0165.<\/li>\n<li>Prid\u00e1va prirodzen\u00fd lesk<\/li>\n<\/ul>\n<h4><span style=\"color: #ff0000;\">** V\u0161imnite si, \u017ee t\u00e1to polo\u017eka je hor\u013eav\u00e1 a poskytne dodato\u010dn\u00fd \u010das na doru\u010denie \u2013 nie je mo\u017en\u00e9 ju doru\u010di\u0165 do PO boxov alebo necha\u0165 ATL<\/span><\/h4>","protected":false},"featured_media":24882,"comment_status":"open","ping_status":"closed","template":"","meta":{"_acf_changed":false},"product_brand":[],"product_cat":[67],"product_tag":[],"class_list":{"0":"post-24825","1":"product","2":"type-product","3":"status-publish","4":"has-post-thumbnail","6":"product_cat-styling","7":"description-off","9":"first","10":"instock","11":"taxable","12":"shipping-taxable","13":"purchasable","14":"product-type-simple"},"acf":[],"_links":{"self":[{"href":"https:\/\/davroe.sk\/sk\/wp-json\/wp\/v2\/product\/24825","targetHints":{"allow":["GET"]}}],"collection":[{"href":"https:\/\/davroe.sk\/sk\/wp-json\/wp\/v2\/product"}],"about":[{"href":"https:\/\/davroe.sk\/sk\/wp-json\/wp\/v2\/types\/product"}],"replies":[{"embeddable":true,"href":"https:\/\/davroe.sk\/sk\/wp-json\/wp\/v2\/comments?post=24825"}],"wp:featuredmedia":[{"embeddable":true,"href":"https:\/\/davroe.sk\/sk\/wp-json\/wp\/v2\/media\/24882"}],"wp:attachment":[{"href":"https:\/\/davroe.sk\/sk\/wp-json\/wp\/v2\/media?parent=24825"}],"wp:term":[{"taxonomy":"product_brand","embeddable":true,"href":"https:\/\/davroe.sk\/sk\/wp-json\/wp\/v2\/product_brand?post=24825"},{"taxonomy":"product_cat","embeddable":true,"href":"https:\/\/davroe.sk\/sk\/wp-json\/wp\/v2\/product_cat?post=24825"},{"taxonomy":"product_tag","embeddable":true,"href":"https:\/\/davroe.sk\/sk\/wp-json\/wp\/v2\/product_tag?post=24825"}],"curies":[{"name":"wp","href":"https:\/\/api.w.org\/{rel}","templated":true}]}}