{"id":24849,"date":"2024-04-26T07:31:46","date_gmt":"2024-04-26T06:31:46","guid":{"rendered":"https:\/\/davroe.sk\/?post_type=product&#038;p=24849"},"modified":"2025-10-16T06:31:01","modified_gmt":"2025-10-16T05:31:01","slug":"mct","status":"publish","type":"product","link":"https:\/\/davroe.sk\/sk\/shop\/senses\/moisture-senses\/mct\/","title":{"rendered":"Moisture Conditioning Treatment Maxim\u00e1lna hydrata\u010dn\u00e1 starostlivos\u0165 (MCT)"},"content":{"rendered":"<h2><strong>MCT \u2013 ultim\u00e1tna \u00faprava kondicionovan\u00edm vlhkosti<\/strong><\/h2>\n<p>Toto hlbok\u00e9 prenikaj\u00face o\u0161etrenie bohat\u00e9 na vlhkos\u0165 Inf\u00fazia ka\u017ed\u00e9ho prame\u0148a so zv\u00fd\u0161en\u00edm hydrat\u00e1cie pom\u00e1ha obnovi\u0165 vlhkos\u0165 a zanech\u00e1va vlasy hladk\u00e9, m\u00e4kk\u00e9 a zdrav\u00e9.<\/p>\n<h4><strong>Davroe formuloval cel\u00fd rad proced\u00far na z\u00e1chranu va\u0161ich vlasov. Na\u0161e o\u0161etrenia s\u00fa vhodn\u00e9 pre v\u0161etky typy vlasov. Naplnen\u00e9 pr\u00edrodn\u00fdmi rastlinn\u00fdmi extraktmi vr\u00e1tane Kakadu Plum, Aloe Vera, Argan Oil, H<\/strong><strong>ibiscus, mangov\u00e9 maslo, jojobov\u00fd olej, bambuck\u00e9 maslo a Camellia olej. Va\u0161e vlasy v\u00e1s za to bud\u00fa milova\u0165.<\/strong><\/h4>\n<h3><strong>Va\u0161e vlasy potrebuj\u00fa hydrat\u00e1ciu... teraz!\u00a0<\/strong><\/h3>\n<h3>V\u010faka DAVROE v\u0161etko, \u010do potrebujete, je 10 min\u00fat na vlasy, ktor\u00e9 s\u00fa ove\u013ea hlad\u0161ie, m\u00e4k\u0161ie a zdrav\u0161ie vyzeraj\u00fa.<\/h3>\n<p>Va\u0161e vlasy t\u00fa\u017eia po v\u00e1\u017enej lie\u010dbe vlhkosti a DAVROE <strong><a href=\"https:\/\/www.davroe.com\/shop\/senses\/moisture-senses\/mct\/\" target=\"_blank\" rel=\"noreferrer noopener\">MCT Hydrata\u010dn\u00e1 kondiciona\u010dn\u00e1 lie\u010dba<\/a><\/strong> To je presne to, \u010do potrebuje. S na\u0161ou <strong><a href=\"https:\/\/www.davroe.com\/shop\/senses\/moisture-senses\/mct\/\" target=\"_blank\" rel=\"noreferrer noopener\">MCT Hydrata\u010dn\u00e1 kondiciona\u010dn\u00e1 lie\u010dba<\/a> <\/strong>Zanech\u00e1 va\u0161e vlasy hodv\u00e1bne m\u00e4kk\u00e9 bez toho, aby ste ich v\u00e1\u017eili.<\/p>\n<p>Zvl\u00e1\u0161tnu pozornos\u0165 sme venovali v\u00fdberu niektor\u00fdch z najlep\u0161\u00edch produktov Natures Actives, aby sme v\u00e1m priniesli \u00fa\u017easn\u00e9 v\u00fdsledky.\u00a0 S ultra hydrata\u010dn\u00fdm bambuck\u00fdm maslom, olejom Camelia, siln\u00fdm antioxida\u010dn\u00fdm extraktom z olivov\u00fdch listov, extraktom z hroznov\u00fdch semien a austr\u00e1lskou p\u00f4vodnou slivkou Kakadu s\u00fa to len niektor\u00e9 z magick\u00fdch zlo\u017eiek, ktor\u00e9 urobia z\u00e1zraky pre va\u0161e z\u00e1mky.<\/p>\n<h3 class=\"has-text-color\">Ako pou\u017e\u00edva\u0165 DAVROE MCT Moisture Conditioning Treatment<\/h3>\n<ol class=\"has-dark-gray-color has-white-background-color has-text-color has-background has-medium-font-size\" start=\"1\" type=\"1\">\n<li>Umyte si vlasy s va\u0161ou ob\u013e\u00fabenou <a href=\"https:\/\/www.davroe.com\/product-category\/senses\/\" target=\"_blank\" rel=\"noreferrer noopener\"><strong>\u0160amp\u00f3n DAVROE<\/strong><\/a>. Vyberte si jeden pre ka\u017ed\u00fd typ vlasov.<\/li>\n<li>Uter\u00e1k Vysu\u0161te si vlasy a naneste <a href=\"https:\/\/www.davroe.com\/shop\/senses\/moisture-senses\/mct\/\"><strong>DAVROE MCT<\/strong><\/a> vo\u013ene po\u0165ahova\u0165 a mas\u00edrova\u0165 od strednej d\u013a\u017eky po konce pre jemn\u00e9 a\u017e stredn\u00e9 vlasy alebo od korienkov po konce pre hrub\u00e9 hrub\u00e9 vlasy<\/li>\n<li>Chillout po dobu 10 min\u00fat pou\u017eite tento \u010das na aplik\u00e1ciu masky na tv\u00e1r, naneste svoje ob\u013e\u00faben\u00e9 mydlo, zavolajte diev\u010dat\u00e1 alebo dohna\u0165 s milovanou osobou at\u010f. <a href=\"https:\/\/www.davroe.com\/shop\/senses\/moisture-senses\/mct\/\" target=\"_blank\" rel=\"noreferrer noopener\"><strong>MCT<\/strong><\/a> pracova\u0165 na jeho <strong>hlbok\u00e9 kondicionovanie Magic<\/strong>.<\/li>\n<li>Opl\u00e1chnite a sledujte svoje ob\u013e\u00faben\u00e9 <strong><a href=\"https:\/\/www.davroe.com\/product-category\/senses\/\" target=\"_blank\" rel=\"noreferrer noopener\">Davroe kondicion\u00e9r<\/a><\/strong>. Milujeme <a href=\"https:\/\/www.davroe.com\/product-category\/senses\/moisture-senses\/\" target=\"_blank\" rel=\"noreferrer noopener\"><strong>DAVROE Vlhkos\u0165 Senses Conditione<\/strong><\/a>r pre t\u00fato \u0161peci\u00e1lnu mal\u00fa dodato\u010dn\u00fa podporu vlhkosti.<\/li>\n<\/ol>\n<p><img loading=\"lazy\" decoding=\"async\" class=\"alignnone wp-image-29024\" src=\"https:\/\/www.davroe.com\/wp-content\/uploads\/2022\/04\/Discover-our-Davroe-Power-Duos-MCT-Rebuilder-Treatments-Application-300x300.jpg\" alt=\"Discover-our-Davroe-Power-Duos-MCT-Rebuilder-Lie\u010dby-aplik\u00e1cie\" width=\"491\" height=\"491\" \/><\/p>","protected":false},"excerpt":{"rendered":"<h2><strong>DAVROE MCT je ultim\u00e1tna hydrata\u010dn\u00e1 \u00faprava<\/strong><\/h2>\n<ul>\n<li>Hlboko prenikaj\u00face o\u0161etrenie bohat\u00e9 na vlhkos\u0165<\/li>\n<li>Inf\u00fazia ka\u017ed\u00e9ho prame\u0148a s podporou hydrat\u00e1cie, ktor\u00e1 pom\u00e1ha obnovi\u0165 vlhkos\u0165<\/li>\n<li>Zanech\u00e1va vlasy hladk\u00e9, m\u00e4kk\u00e9 a zdrav\u00e9<\/li>\n<li>Sulf\u00e1t &amp; Paraben zadarmo<\/li>\n<li>Veg\u00e1nske priate\u013esk\u00e9 &amp; Cruelty-Free<\/li>\n<li>Prirodzene odvoden\u00e9 ingrediencie<\/li>\n<li>Kerat\u00edn Bezpe\u010dn\u00e9 o\u0161etrenie<\/li>\n<\/ul>","protected":false},"featured_media":24894,"comment_status":"open","ping_status":"closed","template":"","meta":{"_acf_changed":false},"product_brand":[],"product_cat":[77,69],"product_tag":[92],"class_list":{"0":"post-24849","1":"product","2":"type-product","3":"status-publish","4":"has-post-thumbnail","6":"product_cat-moisture-senses","7":"product_cat-treatments","8":"product_tag-treatment","9":"description-off","11":"first","12":"instock","13":"taxable","14":"shipping-taxable","15":"product-type-variable","16":"has-default-attributes"},"acf":[],"_links":{"self":[{"href":"https:\/\/davroe.sk\/sk\/wp-json\/wp\/v2\/product\/24849","targetHints":{"allow":["GET"]}}],"collection":[{"href":"https:\/\/davroe.sk\/sk\/wp-json\/wp\/v2\/product"}],"about":[{"href":"https:\/\/davroe.sk\/sk\/wp-json\/wp\/v2\/types\/product"}],"replies":[{"embeddable":true,"href":"https:\/\/davroe.sk\/sk\/wp-json\/wp\/v2\/comments?post=24849"}],"wp:featuredmedia":[{"embeddable":true,"href":"https:\/\/davroe.sk\/sk\/wp-json\/wp\/v2\/media\/24894"}],"wp:attachment":[{"href":"https:\/\/davroe.sk\/sk\/wp-json\/wp\/v2\/media?parent=24849"}],"wp:term":[{"taxonomy":"product_brand","embeddable":true,"href":"https:\/\/davroe.sk\/sk\/wp-json\/wp\/v2\/product_brand?post=24849"},{"taxonomy":"product_cat","embeddable":true,"href":"https:\/\/davroe.sk\/sk\/wp-json\/wp\/v2\/product_cat?post=24849"},{"taxonomy":"product_tag","embeddable":true,"href":"https:\/\/davroe.sk\/sk\/wp-json\/wp\/v2\/product_tag?post=24849"}],"curies":[{"name":"wp","href":"https:\/\/api.w.org\/{rel}","templated":true}]}}