{"id":24851,"date":"2024-04-26T07:31:46","date_gmt":"2024-04-26T06:31:46","guid":{"rendered":"https:\/\/davroe.sk\/?post_type=product&#038;p=24851"},"modified":"2025-10-16T05:05:22","modified_gmt":"2025-10-16T04:05:22","slug":"cloud","status":"publish","type":"product","link":"https:\/\/davroe.sk\/sk\/shop\/styling\/cloud\/","title":{"rendered":"Cloud Texture Powder Stylingov\u00fd p\u00fader s objemovou text\u00farou a matn\u00fdm efektom"},"content":{"rendered":"<h2>Cloud<\/h2>\n<h3>Pre tento okam\u017eit\u00fd vyfukovac\u00ed vzh\u013ead s maxim\u00e1lnym telom a text\u00farou.<\/h3>\n<h4><strong>Beztia\u017eov\u00fd stylingov\u00fd pr\u00e1\u0161ok, ktor\u00fd dod\u00e1 va\u0161im vlasom objem a text\u00faru bez toho, aby ich v\u00e1\u017eil.<\/strong><\/h4>\n<p>N\u00e1\u0161 jedine\u010dn\u00fd pr\u00e1\u0161ok dod\u00e1va va\u0161im vlasom text\u00faru, telo a pohyb s trval\u00fdm dr\u017ean\u00edm<\/p>\n<p>M\u00f4\u017ee by\u0165 vrstven\u00e9 vybudova\u0165 telo s \u013eahkos\u0165ou a je vhodn\u00fd pre v\u0161etky typy vlasov<\/p>\n<p>Cloud je v\u0161etko, \u010do potrebujete pre tento okam\u017eit\u00fd objem<\/p>","protected":false},"excerpt":{"rendered":"<h4>Pr\u00e1\u0161ok s objemovou text\u00farou poskytuj\u00faci okam\u017eit\u00fd objem s matnou povrchovou \u00fapravou.<\/h4>\n<p>\u2022 Beztia\u017eov\u00fd stylingov\u00fd pr\u00e1\u0161ok, ktor\u00fd dod\u00e1va vlasom objem a text\u00faru bez toho, aby ich za\u0165a\u017eoval<\/p>\n<p>\u2022 N\u00e1\u0161 jedine\u010dn\u00fd pr\u00e1\u0161ok dod\u00e1va va\u0161im vlasom text\u00faru, telo a pohyb s trval\u00fdm dr\u017ean\u00edm<\/p>\n<p>\u2022 M\u00f4\u017ee by\u0165 vrstven\u00fd na stavbu tela s \u013eahkos\u0165ou a je vhodn\u00fd pre v\u0161etky typy vlasov<\/p>\n<p>\u2022 Cloud je v\u0161etko, \u010do potrebujete pre tento okam\u017eit\u00fd objem<\/p>","protected":false},"featured_media":24899,"comment_status":"open","ping_status":"closed","template":"","meta":{"_acf_changed":false},"product_brand":[],"product_cat":[67],"product_tag":[],"class_list":{"0":"post-24851","1":"product","2":"type-product","3":"status-publish","4":"has-post-thumbnail","6":"product_cat-styling","7":"description-off","9":"first","10":"instock","11":"taxable","12":"shipping-taxable","13":"purchasable","14":"product-type-simple"},"acf":[],"_links":{"self":[{"href":"https:\/\/davroe.sk\/sk\/wp-json\/wp\/v2\/product\/24851","targetHints":{"allow":["GET"]}}],"collection":[{"href":"https:\/\/davroe.sk\/sk\/wp-json\/wp\/v2\/product"}],"about":[{"href":"https:\/\/davroe.sk\/sk\/wp-json\/wp\/v2\/types\/product"}],"replies":[{"embeddable":true,"href":"https:\/\/davroe.sk\/sk\/wp-json\/wp\/v2\/comments?post=24851"}],"wp:featuredmedia":[{"embeddable":true,"href":"https:\/\/davroe.sk\/sk\/wp-json\/wp\/v2\/media\/24899"}],"wp:attachment":[{"href":"https:\/\/davroe.sk\/sk\/wp-json\/wp\/v2\/media?parent=24851"}],"wp:term":[{"taxonomy":"product_brand","embeddable":true,"href":"https:\/\/davroe.sk\/sk\/wp-json\/wp\/v2\/product_brand?post=24851"},{"taxonomy":"product_cat","embeddable":true,"href":"https:\/\/davroe.sk\/sk\/wp-json\/wp\/v2\/product_cat?post=24851"},{"taxonomy":"product_tag","embeddable":true,"href":"https:\/\/davroe.sk\/sk\/wp-json\/wp\/v2\/product_tag?post=24851"}],"curies":[{"name":"wp","href":"https:\/\/api.w.org\/{rel}","templated":true}]}}