{"id":24912,"date":"2024-04-26T07:32:36","date_gmt":"2024-04-26T06:32:36","guid":{"rendered":"https:\/\/davroe.sk\/?post_type=product&#038;p=24912"},"modified":"2025-10-16T05:05:40","modified_gmt":"2025-10-16T04:05:40","slug":"fortitude-therapy-balm","status":"publish","type":"product","link":"https:\/\/davroe.sk\/sk\/shop\/fortitude\/fortitude-therapy-balm\/","title":{"rendered":"Fortitude Therapy Balm Balzam na posilnenie a obnovu vlasov"},"content":{"rendered":"<h2><strong>Fortitude Therapy Balm Balzam na posilnenie a obnovu vlasov<\/strong><\/h2>\n<h3>V\u00fd\u017eivn\u00fd balzam na rekon\u0161trukciu, utesnenie a zabr\u00e1nenie n\u00e1vratu \u0161tiepen\u00fdch vlasov\u00fdch vl\u00e1kien<\/h3>\n<ul>\n<li>Obsahuje Wild Orange &amp; Biele Cypress extrakty<\/li>\n<li>Okam\u017eite opravuje krehk\u00e9 konce<\/li>\n<li>Zanech\u00e1va vlasy silnej\u0161ie<\/li>\n<li>Chr\u00e1ni vlasy zvn\u00fatra von<\/li>\n<li>Opravuje po\u0161koden\u00e9 vlasy &amp; podporuje rast zdrav\u00fdch vlasov<\/li>\n<li>Zvy\u0161uje hustotu vlasov &amp; zlep\u0161uje priemer vlasov<\/li>\n<li>Vhodn\u00e9 na predl\u017eovanie vlasov<\/li>\n<\/ul>\n<p><b>Pr\u00edroda akt\u00edvna<\/b><b>: Biely Cypress extrakt &amp; Wild Orange extrakt <\/b><\/p>\n<p><b>V\u00f4\u0148a:\u00a0 Tmav\u00e1 Amber &amp; Z\u00e1zvor Lily <\/b><\/p>\n<p>&nbsp;<\/p>\n<div id=\"attachment_17901\" style=\"width: 310px\" class=\"wp-caption alignnone\"><img loading=\"lazy\" decoding=\"async\" aria-describedby=\"caption-attachment-17901\" class=\"wp-image-17901\" src=\"https:\/\/www.davroe.com\/wp-content\/uploads\/2020\/09\/DAVROE-Ingredients-White-Cypress-1080x1080-1.jpg\" alt=\"DAVROE-Zlo\u017eky-Biely Cypress 1080x1080\" width=\"300\" height=\"300\" \/><p id=\"caption-attachment-17901\" class=\"wp-caption-text\">DAVROE-Zlo\u017eky-Biela Cypress<\/p><\/div>\n<div id=\"attachment_17903\" style=\"width: 310px\" class=\"wp-caption alignnone\"><img loading=\"lazy\" decoding=\"async\" aria-describedby=\"caption-attachment-17903\" class=\"wp-image-17903\" src=\"https:\/\/www.davroe.com\/wp-content\/uploads\/2020\/09\/DAVROE-Ingredients-Wild-Orange-1080x1080-1.jpg\" alt=\"DAVROE-zlo\u017eky-divok\u00fd oran\u017eov\u00fd 1080x1080\" width=\"300\" height=\"300\" \/><p id=\"caption-attachment-17903\" class=\"wp-caption-text\">DAVROE-Zlo\u017eky-Wild Orange<\/p><\/div>\n<div class=\"woocommerce-tabs wc-tabs-wrapper\">\n<div id=\"tab-description\" class=\"woocommerce-Tabs-panel woocommerce-Tabs-panel--description panel entry-content wc-tab\" role=\"tabpanel\" aria-labelledby=\"tab-title-description\">\n<h4><strong>Oblas\u0165 DAVROE FORTITUDE<\/strong><\/h4>\n<h4><strong>Mend. Opravi\u0165, posilni\u0165<\/strong><\/h4>\n<h4><strong>Rada Fortitude bola odborne vyvinut\u00e1 na vytvorenie silnej\u0161\u00edch a zdrav\u0161\u00edch vlasov prostredn\u00edctvom v\u00fdberu koncentrovan\u00fdch produktov, ktor\u00e9 d\u00f4sledne pracuj\u00fa na obnove vn\u00fatornej kerat\u00ednovej \u0161trukt\u00fary vlasov, vytv\u00e1raj\u00fa nov\u00e9 v\u00e4zby a obnovuj\u00fa vlasy hlboko vo vlasovom vl\u00e1kne.<\/strong><\/h4>\n<p>Sortiment vr\u00e1tane \u0161amp\u00f3nu, kondicion\u00e9ra, vym\u00fdvac\u00edch a nezm\u00fdvate\u013en\u00fdch o\u0161etren\u00ed neohrozuje luxusn\u00fd pocit a namiesto toho zanech\u00e1va vlasy jemn\u00e9, kondicionovan\u00e9 a okam\u017eite zdrav\u0161ie.<\/p>\n<p>Obohaten\u00fd o extrakty Wild Orange a White Cypress, Fortitude vyva\u017euje a upokojuje poko\u017eku hlavy, podporuje zdrav\u0161ie vlasy, rekon\u0161truuje, utes\u0148uje a zabra\u0148uje n\u00e1vratu rozdelen\u00fdch vlasov\u00fdch vl\u00e1kien a hlboko posil\u0148uje \u0161trukt\u00faru vlasov, aby sa chr\u00e1nila pred bud\u00facim po\u0161koden\u00edm.<\/p>\n<p><strong>Fortitude steles\u0148uje starostlivos\u0165 o vlasy, ktor\u00e1 nielen zanech\u00e1va vlasy vyzeraj\u00face najlep\u0161ie, ale skuto\u010dne vytv\u00e1ra silnej\u0161ie, zdrav\u0161ie vlasy bez n\u00e1mahy.<\/strong><\/p>\n<p><a href=\"https:\/\/www.davroe.com\/product-category\/fortitude\/\"><img loading=\"lazy\" decoding=\"async\" class=\"alignleft wp-image-26217 lazyloaded\" src=\"https:\/\/www.davroe.com\/wp-content\/uploads\/2021\/11\/DAVROE-Fortitude-Range.jpg\" sizes=\"auto, (max-width: 878px) 100vw, 878px\" srcset=\"https:\/\/www.davroe.com\/wp-content\/uploads\/2021\/11\/DAVROE-Fortitude-Range.jpg 1200w, https:\/\/www.davroe.com\/wp-content\/uploads\/2021\/11\/DAVROE-Fortitude-Range-300x142.jpg 300w, https:\/\/www.davroe.com\/wp-content\/uploads\/2021\/11\/DAVROE-Fortitude-Range-1024x483.jpg 1024w, https:\/\/www.davroe.com\/wp-content\/uploads\/2021\/11\/DAVROE-Fortitude-Range-768x362.jpg 768w, https:\/\/www.davroe.com\/wp-content\/uploads\/2021\/11\/DAVROE-Fortitude-Range-600x283.jpg 600w\" alt=\"DAVROE-pevnos\u0165-rozsah\" width=\"878\" height=\"414\" data-srcset=\"https:\/\/www.davroe.com\/wp-content\/uploads\/2021\/11\/DAVROE-Fortitude-Range.jpg 1200w, https:\/\/www.davroe.com\/wp-content\/uploads\/2021\/11\/DAVROE-Fortitude-Range-300x142.jpg 300w, https:\/\/www.davroe.com\/wp-content\/uploads\/2021\/11\/DAVROE-Fortitude-Range-1024x483.jpg 1024w, https:\/\/www.davroe.com\/wp-content\/uploads\/2021\/11\/DAVROE-Fortitude-Range-768x362.jpg 768w, https:\/\/www.davroe.com\/wp-content\/uploads\/2021\/11\/DAVROE-Fortitude-Range-600x283.jpg 600w\" data-src=\"https:\/\/www.davroe.com\/wp-content\/uploads\/2021\/11\/DAVROE-Fortitude-Range.jpg\" data-sizes=\"(max-width: 878px) 100vw, 878px\" \/><\/a><\/p>\n<p>&nbsp;<\/p>\n<p>&nbsp;<\/p>\n<\/div>\n<\/div>\n<section class=\"related products\">\n<h2>S\u00favisiace produkty<\/h2>\n<\/section>","protected":false},"excerpt":{"rendered":"<h4>V\u00fd\u017eivn\u00fd balzam na rekon\u0161trukciu, utesnenie a zabr\u00e1nenie n\u00e1vratu \u0161tiepen\u00fdch vlasov\u00fdch vl\u00e1kien<\/h4>\n<ul>\n<li>Obsahuje Wild Orange &amp; Biele Cypress extrakty<\/li>\n<li>Okam\u017eite opravuje krehk\u00e9 konce<\/li>\n<li>Zanech\u00e1va vlasy silnej\u0161ie<\/li>\n<li>Chr\u00e1ni vlasy zvn\u00fatra von<\/li>\n<li>Opravuje po\u0161koden\u00e9 vlasy &amp; podporuje rast zdrav\u00fdch vlasov<\/li>\n<li>Zvy\u0161uje hustotu vlasov &amp; zlep\u0161uje priemer vlasov<\/li>\n<li>Vhodn\u00e9 na predl\u017eovanie vlasov<\/li>\n<\/ul>\n<p><em>P\u00f4vodn\u00fd n\u00e1zov: Split Ends Therapy Balm<\/em><\/p>","protected":false},"featured_media":24955,"comment_status":"open","ping_status":"closed","template":"","meta":{"_acf_changed":false},"product_brand":[],"product_cat":[44],"product_tag":[45,65,66],"class_list":{"0":"post-24912","1":"product","2":"type-product","3":"status-publish","4":"has-post-thumbnail","6":"product_cat-fortitude","7":"product_tag-fortitude","8":"product_tag-split-ends","9":"product_tag-strengthening","10":"description-off","12":"first","13":"instock","14":"taxable","15":"shipping-taxable","16":"product-type-variable","17":"has-default-attributes"},"acf":[],"_links":{"self":[{"href":"https:\/\/davroe.sk\/sk\/wp-json\/wp\/v2\/product\/24912","targetHints":{"allow":["GET"]}}],"collection":[{"href":"https:\/\/davroe.sk\/sk\/wp-json\/wp\/v2\/product"}],"about":[{"href":"https:\/\/davroe.sk\/sk\/wp-json\/wp\/v2\/types\/product"}],"replies":[{"embeddable":true,"href":"https:\/\/davroe.sk\/sk\/wp-json\/wp\/v2\/comments?post=24912"}],"wp:featuredmedia":[{"embeddable":true,"href":"https:\/\/davroe.sk\/sk\/wp-json\/wp\/v2\/media\/24955"}],"wp:attachment":[{"href":"https:\/\/davroe.sk\/sk\/wp-json\/wp\/v2\/media?parent=24912"}],"wp:term":[{"taxonomy":"product_brand","embeddable":true,"href":"https:\/\/davroe.sk\/sk\/wp-json\/wp\/v2\/product_brand?post=24912"},{"taxonomy":"product_cat","embeddable":true,"href":"https:\/\/davroe.sk\/sk\/wp-json\/wp\/v2\/product_cat?post=24912"},{"taxonomy":"product_tag","embeddable":true,"href":"https:\/\/davroe.sk\/sk\/wp-json\/wp\/v2\/product_tag?post=24912"}],"curies":[{"name":"wp","href":"https:\/\/api.w.org\/{rel}","templated":true}]}}