{"id":24913,"date":"2024-04-26T07:32:36","date_gmt":"2024-04-26T06:32:36","guid":{"rendered":"https:\/\/davroe.sk\/?post_type=product&#038;p=24913"},"modified":"2025-10-16T06:21:47","modified_gmt":"2025-10-16T05:21:47","slug":"fortitude-bond-building-elixir","status":"publish","type":"product","link":"https:\/\/davroe.sk\/sk\/shop\/fortitude\/fortitude-bond-building-elixir\/","title":{"rendered":"Fortitude Elixir Elix\u00edr na posilnenie a obnovu vlasov"},"content":{"rendered":"<h2><strong>DAVROE Fortitude Bond Stavebn\u00fd elix\u00edr<\/strong><\/h2>\n<h3><strong>Regenera\u010dn\u00e9 bezoplachov\u00e9 o\u0161etrenie, ktor\u00e9 posil\u0148uje, chr\u00e1ni a pom\u00e1ha vlasom r\u00e1s\u0165 dlh\u0161ie.<\/strong><\/h3>\n<p>Fortitude Strengthening Elixir, ktor\u00fd je formulovan\u00fd s tvrdo pracuj\u00facimi ochrann\u00fdmi zlo\u017ekami, podporuje vn\u00fatorn\u00fa \u0161trukt\u00faru kerat\u00ednu, opravuje a obnovuje odolnos\u0165 vlasov; podpora silnej\u0161ieho a zdrav\u0161ieho rastu vlasov.<\/p>\n<p>Obsahuje extrakty Wild Orange a White Cypress, Elixir je dokonal\u00fd chr\u00e1ni\u010d vlasov, ktor\u00fd chr\u00e1ni pred po\u0161koden\u00edm sp\u00f4soben\u00fdm teplom, zne\u010disten\u00edm, vlhkos\u0165ou, UV \u017eiaren\u00edm a fyzick\u00fdm stresom z \u010desania, kefovania a stylingu vlasov. Elix\u00edr vyhladzuje kutikuly a utes\u0148uje roz\u0161tiepen\u00e9 konce, aby sa zlep\u0161ila ovl\u00e1date\u013enos\u0165 a z\u00e1rove\u0148 zanech\u00e1va vlasy hydratovan\u00e9, silnej\u0161ie, lesklej\u0161ie a hodv\u00e1bne hladk\u00e9.<\/p>\n<ul>\n<li>Posil\u0148uje vn\u00fatorn\u00fa \u0161trukt\u00faru kerat\u00ednu z h\u013abky<\/li>\n<li>Obnovuje odolnos\u0165 vlasov a vytv\u00e1ra silnej\u0161ie a zdrav\u0161ie vlasy.<\/li>\n<li>Chr\u00e1ni pred teplom, zne\u010disten\u00edm, vlhkos\u0165ou, UV \u017eiaren\u00edm a amp\u00e9rom; mechanick\u00e9 po\u0161kodenie<\/li>\n<li>Vyhladzuje kutikulu a utes\u0148uje rozdelen\u00e9 konce<\/li>\n<li>Zni\u017euje odlety a zlep\u0161uje ovl\u00e1date\u013enos\u0165<\/li>\n<li>Zanech\u00e1va vlasy kondicionovan\u00e9, silnej\u0161ie, lesklej\u0161ie a hodv\u00e1bnej\u0161ie<\/li>\n<li>Bez obsahu silik\u00f3nu<\/li>\n<li>Obohaten\u00e9 extraktmi Wild Orange a White Cypress<\/li>\n<li>Nechajte sa o\u0161etrova\u0165<\/li>\n<\/ul>\n<p>&nbsp;<\/p>\n<h4><strong>Oblas\u0165 DAVROE FORTITUDE<\/strong><\/h4>\n<h4><strong>Mend. Opravi\u0165, posilni\u0165<\/strong><\/h4>\n<h4><strong>Rada Fortitude bola odborne vyvinut\u00e1 na vytvorenie silnej\u0161\u00edch a zdrav\u0161\u00edch vlasov prostredn\u00edctvom v\u00fdberu koncentrovan\u00fdch produktov, ktor\u00e9 d\u00f4sledne pracuj\u00fa na obnove vn\u00fatornej kerat\u00ednovej \u0161trukt\u00fary vlasov, vytv\u00e1raj\u00fa nov\u00e9 v\u00e4zby a obnovuj\u00fa vlasy hlboko vo vlasovom vl\u00e1kne.<\/strong><\/h4>\n<p>Sortiment vr\u00e1tane \u0161amp\u00f3nu, kondicion\u00e9ra, vym\u00fdvac\u00edch a nezm\u00fdvate\u013en\u00fdch o\u0161etren\u00ed neohrozuje luxusn\u00fd pocit a namiesto toho zanech\u00e1va vlasy jemn\u00e9, kondicionovan\u00e9 a okam\u017eite zdrav\u0161ie.<\/p>\n<p>Obohaten\u00fd o extrakty Wild Orange a White Cypress, Fortitude vyva\u017euje a upokojuje poko\u017eku hlavy, podporuje zdrav\u0161ie vlasy, rekon\u0161truuje, utes\u0148uje a zabra\u0148uje n\u00e1vratu rozdelen\u00fdch vlasov\u00fdch vl\u00e1kien a hlboko posil\u0148uje \u0161trukt\u00faru vlasov, aby sa chr\u00e1nila pred bud\u00facim po\u0161koden\u00edm.<\/p>\n<p><strong>Fortitude steles\u0148uje starostlivos\u0165 o vlasy, ktor\u00e1 nielen zanech\u00e1va vlasy vyzeraj\u00face najlep\u0161ie, ale skuto\u010dne vytv\u00e1ra silnej\u0161ie, zdrav\u0161ie vlasy bez n\u00e1mahy.<\/strong><\/p>\n<p><a href=\"https:\/\/www.davroe.com\/product-category\/fortitude\/\"><img loading=\"lazy\" decoding=\"async\" class=\"alignleft wp-image-26217\" src=\"https:\/\/www.davroe.com\/wp-content\/uploads\/2021\/11\/DAVROE-Fortitude-Range.jpg\" alt=\"DAVROE-pevnos\u0165-rozsah\" width=\"878\" height=\"414\" \/><\/a><\/p>\n<p>&nbsp;<\/p>\n<p>&nbsp;<\/p>","protected":false},"excerpt":{"rendered":"<h2><strong>Fortitude Elixir Elix\u00edr na posilnenie a obnovu vlasov<\/strong><\/h2>\n<h3><strong>Regenera\u010dn\u00e9 bezoplachov\u00e9 o\u0161etrenie, ktor\u00e9 posil\u0148uje, chr\u00e1ni a pom\u00e1ha vlasom r\u00e1s\u0165 dlh\u0161ie.<\/strong><\/h3>\n<ul>\n<li>Posil\u0148uje vn\u00fatorn\u00fa \u0161trukt\u00faru kerat\u00ednu z h\u013abky<\/li>\n<li>Obnovuje odolnos\u0165 vlasov a vytv\u00e1ra silnej\u0161ie a zdrav\u0161ie vlasy<\/li>\n<li>Chr\u00e1ni pred teplom, zne\u010disten\u00edm, vlhkos\u0165ou, UV \u017eiaren\u00edm a amp\u00e9rom; mechanick\u00e9 po\u0161kodenie<\/li>\n<li>Vyhladzuje kutikulu a utes\u0148uje rozdelen\u00e9 konce<\/li>\n<li>Zni\u017euje vlasy a zlep\u0161uje ovl\u00e1date\u013enos\u0165<\/li>\n<\/ul>","protected":false},"featured_media":0,"comment_status":"open","ping_status":"closed","template":"","meta":{"_acf_changed":false},"product_brand":[],"product_cat":[44],"product_tag":[42,45,57,66],"class_list":{"0":"post-24913","1":"product","2":"type-product","3":"status-publish","5":"product_cat-fortitude","6":"product_tag-elixir","7":"product_tag-fortitude","8":"product_tag-restoring","9":"product_tag-strengthening","10":"description-off","12":"first","13":"instock","14":"taxable","15":"shipping-taxable","16":"product-type-variable","17":"has-default-attributes"},"acf":[],"_links":{"self":[{"href":"https:\/\/davroe.sk\/sk\/wp-json\/wp\/v2\/product\/24913","targetHints":{"allow":["GET"]}}],"collection":[{"href":"https:\/\/davroe.sk\/sk\/wp-json\/wp\/v2\/product"}],"about":[{"href":"https:\/\/davroe.sk\/sk\/wp-json\/wp\/v2\/types\/product"}],"replies":[{"embeddable":true,"href":"https:\/\/davroe.sk\/sk\/wp-json\/wp\/v2\/comments?post=24913"}],"wp:attachment":[{"href":"https:\/\/davroe.sk\/sk\/wp-json\/wp\/v2\/media?parent=24913"}],"wp:term":[{"taxonomy":"product_brand","embeddable":true,"href":"https:\/\/davroe.sk\/sk\/wp-json\/wp\/v2\/product_brand?post=24913"},{"taxonomy":"product_cat","embeddable":true,"href":"https:\/\/davroe.sk\/sk\/wp-json\/wp\/v2\/product_cat?post=24913"},{"taxonomy":"product_tag","embeddable":true,"href":"https:\/\/davroe.sk\/sk\/wp-json\/wp\/v2\/product_tag?post=24913"}],"curies":[{"name":"wp","href":"https:\/\/api.w.org\/{rel}","templated":true}]}}