{"id":24914,"date":"2024-04-26T07:32:36","date_gmt":"2024-04-26T06:32:36","guid":{"rendered":"https:\/\/davroe.sk\/?post_type=product&#038;p=24914"},"modified":"2025-10-16T06:19:17","modified_gmt":"2025-10-16T05:19:17","slug":"fortitude-strengthening-conditioner","status":"publish","type":"product","link":"https:\/\/davroe.sk\/sk\/shop\/fortitude\/fortitude-strengthening-conditioner\/","title":{"rendered":"Fortitude Conditioner Kondicion\u00e9r na posilnenie a obnovu vlasov"},"content":{"rendered":"<h2><strong>DAVROE Fortitude posil\u0148uj\u00faci kondicion\u00e9r<\/strong><\/h2>\n<h3><strong>Regenera\u010dn\u00fd kondicion\u00e9r na budovanie v\u00e4zieb, ktor\u00fd vyhladzuje, posil\u0148uje a pom\u00e1ha vlasom r\u00e1s\u0165 dlh\u0161ie.<\/strong><\/h3>\n<p>Fortitude Strengthening Conditioner, formulovan\u00fd so siln\u00fdmi zlo\u017ekami na budovanie v\u00e4zieb, posil\u0148uje vn\u00fatorn\u00fa \u0161trukt\u00faru kerat\u00ednu z h\u013abky vn\u00fatra a vytv\u00e1ra nov\u00e9 vod\u00edkov\u00e9 a i\u00f3nov\u00e9 v\u00e4zby na posilnenie vlasov.<\/p>\n<p>Tento kondicion\u00e9r, ktor\u00fd obsahuje v\u00fd\u0165a\u017eky z divok\u00e9ho pomaran\u010da a bieleho cyprusu, utes\u0148uje rozdelen\u00e9 konce a prenik\u00e1 hlboko do k\u00f4ry vlasov, hlboko posil\u0148uje \u0161trukt\u00faru vlasov, aby sa chr\u00e1nila pred bud\u00facim po\u0161koden\u00edm, pri\u010dom vlasy zost\u00e1vaj\u00fa mimoriadne m\u00e4kk\u00e9 a intenz\u00edvne kondicionovan\u00e9.<\/p>\n<ul>\n<li>Posil\u0148uje vn\u00fatorn\u00fa \u0161trukt\u00faru kerat\u00ednu z h\u013abky<\/li>\n<li>Vytv\u00e1ra nov\u00e9 vod\u00edkov\u00e9 a i\u00f3nov\u00e9 v\u00e4zby na posilnenie vlasov<\/li>\n<li>Prenik\u00e1 hlboko do k\u00f4ry ch\u013apkov a utes\u0148uje roz\u0161tiepen\u00e9 konce<\/li>\n<li>Posil\u0148uje \u0161trukt\u00faru vlasov, aby sa chr\u00e1nila pred bud\u00facim po\u0161koden\u00edm<\/li>\n<li>Zanech\u00e1va vlasy ultra-m\u00e4kk\u00e9 a intenz\u00edvne kondicionovan\u00e9<\/li>\n<li>Bez obsahu silik\u00f3nu<\/li>\n<li>Obohaten\u00e9 extraktmi Wild Orange a White Cypress<\/li>\n<\/ul>\n<h4><\/h4>\n<h4><strong>Oblas\u0165 DAVROE FORTITUDE<\/strong><\/h4>\n<h4><strong>Mend. Opravi\u0165, posilni\u0165<\/strong><\/h4>\n<h4><strong>Rada Fortitude bola odborne vyvinut\u00e1 na vytvorenie silnej\u0161\u00edch a zdrav\u0161\u00edch vlasov prostredn\u00edctvom v\u00fdberu koncentrovan\u00fdch produktov, ktor\u00e9 d\u00f4sledne pracuj\u00fa na obnove vn\u00fatornej kerat\u00ednovej \u0161trukt\u00fary vlasov, vytv\u00e1raj\u00fa nov\u00e9 v\u00e4zby a obnovuj\u00fa vlasy hlboko vo vlasovom vl\u00e1kne.<\/strong><\/h4>\n<p>Sortiment vr\u00e1tane \u0161amp\u00f3nu, kondicion\u00e9ra, vym\u00fdvac\u00edch a nezm\u00fdvate\u013en\u00fdch o\u0161etren\u00ed neohrozuje luxusn\u00fd pocit a namiesto toho zanech\u00e1va vlasy jemn\u00e9, kondicionovan\u00e9 a okam\u017eite zdrav\u0161ie.<\/p>\n<p>Obohaten\u00fd o extrakty Wild Orange a White Cypress, Fortitude vyva\u017euje a upokojuje poko\u017eku hlavy, podporuje zdrav\u0161ie vlasy, rekon\u0161truuje, utes\u0148uje a zabra\u0148uje n\u00e1vratu rozdelen\u00fdch vlasov\u00fdch vl\u00e1kien a hlboko posil\u0148uje \u0161trukt\u00faru vlasov, aby sa chr\u00e1nila pred bud\u00facim po\u0161koden\u00edm.<\/p>\n<p><strong>Fortitude steles\u0148uje starostlivos\u0165 o vlasy, ktor\u00e1 nielen zanech\u00e1va vlasy vyzeraj\u00face najlep\u0161ie, ale skuto\u010dne vytv\u00e1ra silnej\u0161ie, zdrav\u0161ie vlasy bez n\u00e1mahy.<\/strong><\/p>\n<p><a href=\"https:\/\/www.davroe.com\/product-category\/fortitude\/\"><img loading=\"lazy\" decoding=\"async\" class=\"alignleft wp-image-26217\" src=\"https:\/\/www.davroe.com\/wp-content\/uploads\/2021\/11\/DAVROE-Fortitude-Range.jpg\" alt=\"DAVROE-pevnos\u0165-rozsah\" width=\"878\" height=\"414\" \/><\/a><\/p>\n<p>&nbsp;<\/p>\n<p>&nbsp;<\/p>","protected":false},"excerpt":{"rendered":"<h2><strong>DAVROE Fortitude posil\u0148uj\u00faci kondicion\u00e9r<\/strong><\/h2>\n<h3><strong>Regenera\u010dn\u00fd kondicion\u00e9r na budovanie v\u00e4zieb, ktor\u00fd vyhladzuje, posil\u0148uje a pom\u00e1ha vlasom r\u00e1s\u0165 dlh\u0161ie.<\/strong><\/h3>\n<ul>\n<li>Posil\u0148uje vn\u00fatorn\u00fa \u0161trukt\u00faru kerat\u00ednu z h\u013abky<\/li>\n<li>Vytv\u00e1ra nov\u00e9 vod\u00edkov\u00e9 a i\u00f3nov\u00e9 v\u00e4zby na posilnenie vlasov<\/li>\n<li>Prenik\u00e1 hlboko do k\u00f4ry ch\u013apkov a utes\u0148uje roz\u0161tiepen\u00e9 konce<\/li>\n<li>Posil\u0148uje \u0161trukt\u00faru vlasov, aby sa chr\u00e1nila pred bud\u00facim po\u0161koden\u00edm<\/li>\n<li>Zanech\u00e1va vlasy ultra-m\u00e4kk\u00e9 a intenz\u00edvne kondicionovan\u00e9<\/li>\n<li>Bez obsahu silik\u00f3nu<\/li>\n<li>Obohaten\u00e9 extraktmi Wild Orange a White Cypress<\/li>\n<\/ul>","protected":false},"featured_media":25143,"comment_status":"open","ping_status":"closed","template":"","meta":{"_acf_changed":false},"product_brand":[],"product_cat":[44],"product_tag":[],"class_list":{"0":"post-24914","1":"product","2":"type-product","3":"status-publish","4":"has-post-thumbnail","6":"product_cat-fortitude","7":"description-off","9":"first","10":"instock","11":"taxable","12":"shipping-taxable","13":"product-type-variable","14":"has-default-attributes"},"acf":[],"_links":{"self":[{"href":"https:\/\/davroe.sk\/sk\/wp-json\/wp\/v2\/product\/24914","targetHints":{"allow":["GET"]}}],"collection":[{"href":"https:\/\/davroe.sk\/sk\/wp-json\/wp\/v2\/product"}],"about":[{"href":"https:\/\/davroe.sk\/sk\/wp-json\/wp\/v2\/types\/product"}],"replies":[{"embeddable":true,"href":"https:\/\/davroe.sk\/sk\/wp-json\/wp\/v2\/comments?post=24914"}],"wp:featuredmedia":[{"embeddable":true,"href":"https:\/\/davroe.sk\/sk\/wp-json\/wp\/v2\/media\/25143"}],"wp:attachment":[{"href":"https:\/\/davroe.sk\/sk\/wp-json\/wp\/v2\/media?parent=24914"}],"wp:term":[{"taxonomy":"product_brand","embeddable":true,"href":"https:\/\/davroe.sk\/sk\/wp-json\/wp\/v2\/product_brand?post=24914"},{"taxonomy":"product_cat","embeddable":true,"href":"https:\/\/davroe.sk\/sk\/wp-json\/wp\/v2\/product_cat?post=24914"},{"taxonomy":"product_tag","embeddable":true,"href":"https:\/\/davroe.sk\/sk\/wp-json\/wp\/v2\/product_tag?post=24914"}],"curies":[{"name":"wp","href":"https:\/\/api.w.org\/{rel}","templated":true}]}}