{"id":24947,"date":"2024-04-26T07:33:00","date_gmt":"2024-04-26T06:33:00","guid":{"rendered":"https:\/\/davroe.sk\/?post_type=product&#038;p=24947"},"modified":"2025-10-16T06:30:18","modified_gmt":"2025-10-16T05:30:18","slug":"davroe-moisture-senses-travel-pack-2","status":"publish","type":"product","link":"https:\/\/davroe.sk\/sk\/shop\/packs\/davroe-travel-pack\/davroe-moisture-senses-travel-pack-2\/","title":{"rendered":"Moisture Senses na maxim\u00e1lnu hydrat\u00e1ciu, cestovn\u00e9 balenie, 5 ks"},"content":{"rendered":"<h2><strong>Davroe Moisture Senses Christmas Travel Pack<\/strong><\/h2>\n<h3>Moisture Senses<\/p>\n<p>Moisture rich, luxurious hair.<\/h3>\n<p><strong>Hydrating Shampoo and Conditioner<\/strong><\/p>\n<p><strong>This gentle shampoo and conditioner with Australian Lilly Pilly is formulated to revitalize and detangle dry, damaged, and curly hair types.<\/strong><\/p>\n<p>Nourishing organic Argan Oil and Quinoa Protein assist to replenish essential moisture and repair damage to leave hair feeling soft, supple and healthy. Helps to improve manageability, reduce frizz, and add luminous shine.<\/p>\n<p>Body &amp; Face Cleansing Gel<\/p>\n<p>A non-irritating sop free cleansing gel, Infused with Illawarra Flame Leaf, a rich antioxidant with anti-inflammatory properties. Great for all skin types.<\/p>\n<h4>Each pack contains<\/p>\n<p>100ml DAVROE Moisture Senses Hydrating Shampoo<\/p>\n<p>100ml DAVROE Moisture Senses Hydrating Conditioner<\/p>\n<p>100ml DAVROE Body &amp; Face Cleansing Gel<\/p>\n<p>50ml DAVROE MCT Treatment<\/p>\n<p>50ml DAVROE Luxe Leave-in Treatment<\/h4>\n<p>&nbsp;<\/p>\n<table width=\"100%\">\n<tbody>\n<tr>\n<td valign=\"top\" bgcolor=\"#FFFFFF\" width=\"55%\">\n<table width=\"100%\">\n<tbody>\n<tr>\n<td valign=\"top\" bgcolor=\"#FFFFFF\" width=\"55%\"><\/td>\n<\/tr>\n<\/tbody>\n<\/table>\n<h4><span style=\"color: #000080;\">This DAVROE Travel pack is the perfect stocking filler or gift for that special someone<\/p>\n<p><\/span><\/h4>\n<p>&nbsp;<\/td>\n<td valign=\"top\" bgcolor=\"#FFFFFF\" width=\"5%\"><\/td>\n<td valign=\"top\" bgcolor=\"#FFFFFF\" width=\"40%\"><\/td>\n<\/tr>\n<tr>\n<td valign=\"top\" bgcolor=\"#FFFFFF\" width=\"100%\">\u00a0\u00a0 <img loading=\"lazy\" decoding=\"async\" class=\"size-full wp-image-26190 aligncenter\" src=\"https:\/\/www.davroe.com\/wp-content\/uploads\/2020\/10\/DAVROE_Moisture_Christmas_Travel_pack_box_3862_1080.jpg\" alt=\"DAVROE_Moisture_Christmas_Travel_pack_box_3862_1080\" width=\"1080\" height=\"1080\" \/><\/p>\n<p><img loading=\"lazy\" decoding=\"async\" class=\"size-full wp-image-26191 aligncenter\" src=\"https:\/\/www.davroe.com\/wp-content\/uploads\/2020\/10\/DAVROE_Moisture_Christmas_Travel_pack_products_3706_1080.jpg\" alt=\"\" width=\"1080\" height=\"1080\" \/><\/p>\n<p>&nbsp;<\/p>\n<p><img loading=\"lazy\" decoding=\"async\" class=\"size-full wp-image-26172 aligncenter\" src=\"https:\/\/www.davroe.com\/wp-content\/uploads\/2020\/10\/DAVROE_Christmas_Travel_group_1080.jpg\" alt=\"DAVROE_Christmas_Travel_group_1080\" width=\"1080\" height=\"1080\" \/><\/td>\n<\/tr>\n<\/tbody>\n<\/table>\n<p>&nbsp;<\/p>","protected":false},"excerpt":{"rendered":"<h3><strong>Davroe Moisture Senses Christmas Travel Pack<\/strong><\/h3>\n<h3>Moisture Senses<\/p>\n<p>Moisture rich, luxurious hair.<\/h3>\n<p>Hydrating Shampoo and Conditioner<\/p>\n<p>This gentle shampoo and conditioner with Australian Lilly Pilly is formulated to revitalize and detangle dry, damaged, and curly hair types.<\/p>\n<p>Nourishing organic Argan Oil and Quinoa Protein assist to replenish essential moisture and repair damage to leave hair feeling soft, supple and healthy. Helps to improve manageability, reduce frizz, and add luminous shine.<\/p>\n<p>Body &amp; Face Cleansing Gel<\/p>\n<p>A non-irritating sop free cleansing gel, Infused with Illawarra Flame Leaf, a rich antioxidant with anti-inflammatory properties. Great for all skin types.<\/p>\n<h3><strong>Each pack contains<\/strong><\/p>\n<p>100ml DAVROE Moisture Senses Hydrating Shampoo<\/p>\n<p>100ml DAVROE Moisture Senses Hydrating Conditioner<\/p>\n<p>100ml DAVROE Body &amp; Face Cleansing Gel<\/p>\n<p>50ml DAVROE MCT Treatment<\/p>\n<p>50ml DAVROE Luxe Leave-in Treatment<\/h3>\n<p>&nbsp;<\/p>\n<table width=\"100%\">\n<tbody>\n<tr>\n<td valign=\"top\" bgcolor=\"#FFFFFF\" width=\"55%\">\n<table width=\"100%\">\n<tbody>\n<tr>\n<td valign=\"top\" bgcolor=\"#FFFFFF\" width=\"55%\"><\/td>\n<\/tr>\n<\/tbody>\n<\/table>\n<\/td>\n<\/tr>\n<\/tbody>\n<\/table>\n<p>&nbsp;<\/p>\n<p><strong>This DAVROE Travel pack is the perfect stocking filler or gift for that special someone<\/strong><\/p>","protected":false},"featured_media":24780,"comment_status":"open","ping_status":"closed","template":"","meta":{"_acf_changed":false},"product_brand":[],"product_cat":[86,77,52],"product_tag":[50,51,61,87,74],"class_list":{"0":"post-24947","1":"product","2":"type-product","3":"status-publish","4":"has-post-thumbnail","6":"product_cat-davroe-travel-pack","7":"product_cat-moisture-senses","8":"product_cat-packs","9":"product_tag-moisture","10":"product_tag-packs","11":"product_tag-senses","12":"product_tag-travel","13":"product_tag-xmas","14":"description-off","16":"first","17":"instock","18":"taxable","19":"shipping-taxable","20":"product-type-simple"},"acf":[],"_links":{"self":[{"href":"https:\/\/davroe.sk\/sk\/wp-json\/wp\/v2\/product\/24947","targetHints":{"allow":["GET"]}}],"collection":[{"href":"https:\/\/davroe.sk\/sk\/wp-json\/wp\/v2\/product"}],"about":[{"href":"https:\/\/davroe.sk\/sk\/wp-json\/wp\/v2\/types\/product"}],"replies":[{"embeddable":true,"href":"https:\/\/davroe.sk\/sk\/wp-json\/wp\/v2\/comments?post=24947"}],"wp:featuredmedia":[{"embeddable":true,"href":"https:\/\/davroe.sk\/sk\/wp-json\/wp\/v2\/media\/24780"}],"wp:attachment":[{"href":"https:\/\/davroe.sk\/sk\/wp-json\/wp\/v2\/media?parent=24947"}],"wp:term":[{"taxonomy":"product_brand","embeddable":true,"href":"https:\/\/davroe.sk\/sk\/wp-json\/wp\/v2\/product_brand?post=24947"},{"taxonomy":"product_cat","embeddable":true,"href":"https:\/\/davroe.sk\/sk\/wp-json\/wp\/v2\/product_cat?post=24947"},{"taxonomy":"product_tag","embeddable":true,"href":"https:\/\/davroe.sk\/sk\/wp-json\/wp\/v2\/product_tag?post=24947"}],"curies":[{"name":"wp","href":"https:\/\/api.w.org\/{rel}","templated":true}]}}