{"id":24980,"date":"2024-04-26T07:33:26","date_gmt":"2024-04-26T06:33:26","guid":{"rendered":"https:\/\/davroe.sk\/?post_type=product&#038;p=24980"},"modified":"2025-10-16T05:05:37","modified_gmt":"2025-10-16T04:05:37","slug":"davroe-chroma-rose-quartz","status":"publish","type":"product","link":"https:\/\/davroe.sk\/sk\/shop\/chroma\/chroma-colours\/davroe-chroma-rose-quartz\/","title":{"rendered":"Davroe Chroma Rose Quartz"},"content":{"rendered":"<h2><strong>Davroe Chroma <b>Ru\u017eov\u00fd kreme\u0148<\/b><\/p>\n<p><\/strong><\/h2>\n<h3><strong>Hydrata\u010dn\u00e1 farebn\u00e1 \u00faprava dod\u00e1va vlasom ultra ru\u017eov\u00fd odtie\u0148.<\/p>\n<p><\/strong><\/h3>\n<p>T\u00e1to Rose Quartz Chroma, naplnen\u00e1 extraktom Rose, vytvor\u00ed ru\u017eovo-\u010derven\u00fd odtie\u0148 na stredne svetl\u00fdch a\u017e svetl\u00fdch blond vlasoch a ru\u017eov\u00fd t\u00f3n na svetlo a\u017e tmavo hned\u00fdch vlasoch. Zlep\u0161uje pevnos\u0165 vlasov a z\u00e1rove\u0148 dod\u00e1va vlhkos\u0165, zanech\u00e1va vlasy vy\u017eiven\u00e9 a revitalizovan\u00e9.<\/p>\n<p>Zlep\u0161uje pevnos\u0165 vlasov a z\u00e1rove\u0148 prid\u00e1va vlhkos\u0165. Obsahuje pr\u00edrodn\u00e9 rastlinn\u00e9 a kvetinov\u00e9 extrakty. 100% Veg\u00e1nsky priate\u013esk\u00fd. 100% Austr\u00e1l\u010dan vyroben\u00fd a vlastnen\u00fd. Komplexn\u00e1 ochrana farieb \u2013 ochrana farieb. Jemn\u00e9 na vlasy a poko\u017eku hlavy. L\u00e1skav\u00fd k \u017eivotn\u00e9mu prostrediu.<\/p>\n<h3><strong>Ako pou\u017e\u00edva\u0165 Davroe Rose Quartz Chroma Lie\u010dba<\/p>\n<p><\/strong><\/h3>\n<p>Po umyt\u00ed vlasov \u0161amp\u00f3nom <a href=\"https:\/\/www.davroe.com\/shop\/remedy\/clarify-deep-cleansing-shampoo-200ml\/\" target=\"_blank\" rel=\"noopener noreferrer\">Davroe Clarify \u0160amp\u00f3n na h\u013abkov\u00e9 \u010distenie<\/a>o, stla\u010di\u0165 vlasy odstr\u00e1ni\u0165 prebyto\u010dn\u00fa vodu, alebo, pre najlep\u0161ie v\u00fdsledky, uter\u00e1k such\u00e9. Na rezan\u00e9 vlasy naneste rovnomerne a vo\u013ene, d\u00f4kladne po\u0165ahujte a pracujte od kore\u0148ov a\u017e po konce. Nechajte na vlasoch po dobu 3-7 min\u00fat. Opl\u00e1chnite a sledujte svoj ob\u013e\u00faben\u00fd kondicion\u00e9r Davroe.<\/p>\n<h3><strong>Pr\u00edroda akt\u00edvna v <\/strong><strong>Davroe Rose Quartz Chroma Lie\u010dba<\/strong><\/h3>\n<p>Obsahuje v\u00fd\u0165a\u017eok z ru\u017e\u00ed \u2013 na udr\u017eanie prirodzenej vlhkosti vlasov, zanech\u00e1va vlasy kondicionovan\u00e9 a vy\u017eiven\u00e9 a z\u00e1rove\u0148 posil\u0148uje, zni\u017euje krepovitos\u0165 a zvy\u0161uje lesk.<\/p>\n<p>&nbsp;<\/p>\n<p><img loading=\"lazy\" decoding=\"async\" class=\"alignnone size-full wp-image-19179\" src=\"https:\/\/www.davroe.com\/wp-content\/uploads\/2020\/11\/DAVROE-Chromas-RoseQuartz.jpg\" alt=\"DAVROE-Chromas-RoseQuartz\" width=\"1083\" height=\"641\" \/> <img loading=\"lazy\" decoding=\"async\" class=\"alignnone size-full wp-image-19178\" src=\"https:\/\/www.davroe.com\/wp-content\/uploads\/2020\/11\/Davroe-Chroma-Rose-Quartz-Box.jpg\" alt=\"Davroe-Chroma-Rose-Quartz-Box\" width=\"2000\" height=\"2000\" \/> <img loading=\"lazy\" decoding=\"async\" class=\"alignnone size-full wp-image-19177\" src=\"https:\/\/www.davroe.com\/wp-content\/uploads\/2020\/11\/Davroe-Chroma-Rose-Quartz-200ml.jpg\" alt=\"Davroe-Chroma-Rose-Quartz-200ml\" width=\"2000\" height=\"2000\" \/><\/p>\n<p>&nbsp;<\/p>\n<p>&nbsp;<\/p>","protected":false},"excerpt":{"rendered":"<h2><strong>Davroe Chroma <b>Ru\u017eov\u00fd kreme\u0148<\/b><\/p>\n<p><\/strong><\/h2>\n<h3><strong>Hydrata\u010dn\u00e1 farebn\u00e1 \u00faprava dod\u00e1va vlasom ultra ru\u017eov\u00fd odtie\u0148.<\/strong><\/h3>\n<ul>\n<li>Obsahuj\u00fa austr\u00e1lsku pr\u00edrodn\u00fa rastlinu &amp; v\u00fd\u0165a\u017eky z kvetov<\/li>\n<li>Farebn\u00e1 \u00faprava bohat\u00e1 na vlhkos\u0165, formulovan\u00e1 tak, aby jemne ukladala pigment na vlasy<\/li>\n<li>Chroma inf\u00fazie ka\u017ed\u00fd prame\u0148 s podporou hydrat\u00e1cie, ktor\u00e9 pom\u00e1haj\u00fa obnovi\u0165 vlhkos\u0165 zanech\u00e1va vlasy v lep\u0161om stave ako pred aplik\u00e1ciou<\/li>\n<li>Bez obsahu silik\u00f3nu<\/li>\n<li>Sulf\u00e1t &amp; Paraben zadarmo<\/li>\n<li>Farebn\u00e1 ochrana komplex<\/li>\n<\/ul>","protected":false},"featured_media":25072,"comment_status":"open","ping_status":"closed","template":"","meta":{"_acf_changed":false},"product_brand":[],"product_cat":[28,29],"product_tag":[],"class_list":{"0":"post-24980","1":"product","2":"type-product","3":"status-publish","4":"has-post-thumbnail","6":"product_cat-chroma","7":"product_cat-chroma-colours","8":"description-off","10":"first","11":"instock","12":"taxable","13":"shipping-taxable","14":"purchasable","15":"product-type-simple"},"acf":[],"_links":{"self":[{"href":"https:\/\/davroe.sk\/sk\/wp-json\/wp\/v2\/product\/24980","targetHints":{"allow":["GET"]}}],"collection":[{"href":"https:\/\/davroe.sk\/sk\/wp-json\/wp\/v2\/product"}],"about":[{"href":"https:\/\/davroe.sk\/sk\/wp-json\/wp\/v2\/types\/product"}],"replies":[{"embeddable":true,"href":"https:\/\/davroe.sk\/sk\/wp-json\/wp\/v2\/comments?post=24980"}],"wp:featuredmedia":[{"embeddable":true,"href":"https:\/\/davroe.sk\/sk\/wp-json\/wp\/v2\/media\/25072"}],"wp:attachment":[{"href":"https:\/\/davroe.sk\/sk\/wp-json\/wp\/v2\/media?parent=24980"}],"wp:term":[{"taxonomy":"product_brand","embeddable":true,"href":"https:\/\/davroe.sk\/sk\/wp-json\/wp\/v2\/product_brand?post=24980"},{"taxonomy":"product_cat","embeddable":true,"href":"https:\/\/davroe.sk\/sk\/wp-json\/wp\/v2\/product_cat?post=24980"},{"taxonomy":"product_tag","embeddable":true,"href":"https:\/\/davroe.sk\/sk\/wp-json\/wp\/v2\/product_tag?post=24980"}],"curies":[{"name":"wp","href":"https:\/\/api.w.org\/{rel}","templated":true}]}}