{"id":25034,"date":"2024-04-26T07:34:38","date_gmt":"2024-04-26T06:34:38","guid":{"rendered":"https:\/\/davroe.sk\/?post_type=product&#038;p=25034"},"modified":"2025-10-16T05:39:29","modified_gmt":"2025-10-16T04:39:29","slug":"curlicue-cleansing-clay","status":"publish","type":"product","link":"https:\/\/davroe.sk\/sk\/shop\/curlicue\/curlicue-cleansing-clay\/","title":{"rendered":"CURLiCUE Cleansing Clay Shampoo Detoxika\u010dn\u00fd \u0161amp\u00f3n na ku\u010derav\u00e9 vlasy"},"content":{"rendered":"<h2><strong>CURLiCUE Cleansing Clay Shampoo Detoxika\u010dn\u00fd \u0161amp\u00f3n na ku\u010derav\u00e9 vlasy<\/strong><\/h2>\n<p>&nbsp;<\/p>\n<h3><strong>\u013dahk\u00fd detoxika\u010dn\u00fd \u0161amp\u00f3n na jemn\u00e9 \u010distenie bez odstra\u0148ovania pr\u00edrodn\u00fdch olejov.<\/strong><\/h3>\n<p>Tento balan\u010dn\u00fd \u0161amp\u00f3n obohaten\u00fd o Kaolin Clay poskytuje kr\u00e9mov\u00fa penu s n\u00edzkou penou, ktor\u00e1 jemne detoxikuje a \u010dist\u00ed poko\u017eku hlavy bez toho, aby zbavila vlasy pr\u00edrodn\u00fdch olejov.<\/p>\n<p>Vy\u017eivuj\u00faca Quinoa dod\u00e1va telu a pom\u00e1ha pri rozmot\u00e1van\u00ed, pre m\u00e4kk\u00e9, zdvihnut\u00e9 ku\u010dery. \u010cistiace \u00edlov\u00e9 listy s\u00fa naplnen\u00e9 v\u00fd\u0165a\u017ekom zo sliviek a lotosov\u00fdch kvetov Kakadu a maj\u00fa zvr\u00e1ten\u00e9, hladk\u00e9 alebo ku\u010derav\u00e9 vlasy, ktor\u00e9 sa c\u00edtia obnoven\u00e9 a osvie\u017een\u00e9.<\/p>\n<ul>\n<li>\n<h4>Obohaten\u00e9 \u00edlom Kaolin, quinoa, slivkou Kakadu &amp; extrakty z lotosov\u00fdch kvetov<\/h4>\n<\/li>\n<li>\n<h4>N\u00edzka penov\u00e1 pena na \u0161etrn\u00fa detoxik\u00e1ciu a \u010distenie poko\u017eky hlavy<\/h4>\n<\/li>\n<li>\n<h4>Vy\u017eivuj\u00faca Quinoa dod\u00e1va telu a pom\u00e1ha pri rozmot\u00e1van\u00ed, pre m\u00e4kk\u00e9, zdvihnut\u00e9 ku\u010dery<\/h4>\n<\/li>\n<li>\n<h4>Listy kinky, coily, alebo ku\u010derav\u00e9 vlasy pocit obnoven\u00e9 a osvie\u017een\u00e9<\/h4>\n<\/li>\n<\/ul>\n<h3><\/h3>\n<h3><strong>Ako pou\u017e\u00edva\u0165 \u010distiaci \u00edl DAVROE CURLiCUE<\/strong><\/h3>\n<p>&nbsp;<\/p>\n<p>Aplikujte ve\u013ekoryso od kore\u0148ov a\u017e po kon\u010deky, mas\u00edrujte do poko\u017eky hlavy a kore\u0148ov a vytvorte kr\u00e9mov\u00fa penov\u00fa penu s n\u00edzkou penou. Sekcia vlasov, ak je to potrebn\u00e9 na nas\u00fdtenie poko\u017eky hlavy.<\/p>\n<p>Nechajte 2 min\u00faty pred opl\u00e1chnut\u00edm, opakujte pre dosiahnutie najlep\u0161\u00edch v\u00fdsledkov. Nasleduje Davroeho h\u013abkov\u00e9 oplachovanie CURLiCUE.<\/p>\n<h2><\/h2>\n<h2>CURLY GIRL SCHV\u00c1LEN\u00c9 \u2013 formulovan\u00e9 bez silik\u00f3nu, sulf\u00e1tu alebo su\u0161iacich alkoholov.<\/h2>\n<p>&nbsp;<\/p>\n<p><img loading=\"lazy\" decoding=\"async\" class=\"wp-image-23637 alignnone\" src=\"https:\/\/www.davroe.com\/wp-content\/uploads\/2021\/07\/davroe-curlicue-range-wide-image.jpg\" alt=\"davroe-curlicue-rozsah-\u0161irok\u00fd obraz\" width=\"701\" height=\"292\" \/><\/p>\n<p><img loading=\"lazy\" decoding=\"async\" class=\"alignnone wp-image-23640\" src=\"https:\/\/www.davroe.com\/wp-content\/uploads\/2021\/07\/davroe-curlicue-range-tamy.jpg\" alt=\"davroe-curlicue-range-tamy\" width=\"702\" height=\"645\" \/><\/p>\n<p>&nbsp;<\/p>","protected":false},"excerpt":{"rendered":"<h2><strong>CURLiCUE Cleansing Clay Shampoo Detoxika\u010dn\u00fd \u0161amp\u00f3n na ku\u010derav\u00e9 vlasy<\/strong><\/h2>\n<h3><strong>\u013dahk\u00fd detoxika\u010dn\u00fd \u0161amp\u00f3n na jemn\u00e9 \u010distenie bez odstra\u0148ovania pr\u00edrodn\u00fdch olejov.<\/strong><\/h3>\n<ul>\n<li>Obohaten\u00e9 \u00edlom Kaolin, quinoa, slivkou Kakadu &amp; extrakty z lotosov\u00fdch kvetov<\/li>\n<li>N\u00edzka penov\u00e1 pena na \u0161etrn\u00fa detoxik\u00e1ciu a \u010distenie poko\u017eky hlavy<\/li>\n<li>Vy\u017eivuj\u00faca Quinoa dod\u00e1va telu a pom\u00e1ha pri rozmot\u00e1van\u00ed, pre m\u00e4kk\u00e9, zdvihnut\u00e9 ku\u010dery<\/li>\n<li>Listy kinky, coily, alebo ku\u010derav\u00e9 vlasy pocit obnoven\u00e9 a osvie\u017een\u00e9<\/li>\n<\/ul>\n<p>&nbsp;<\/p>","protected":false},"featured_media":25125,"comment_status":"open","ping_status":"closed","template":"","meta":{"_acf_changed":false},"product_brand":[],"product_cat":[36],"product_tag":[35,37,38],"class_list":{"0":"post-25034","1":"product","2":"type-product","3":"status-publish","4":"has-post-thumbnail","6":"product_cat-curlicue","7":"product_tag-curlicue","8":"product_tag-curly-girl","9":"product_tag-curly-hair","10":"description-off","12":"first","13":"instock","14":"featured","15":"taxable","16":"shipping-taxable","17":"product-type-variable","18":"has-default-attributes"},"acf":[],"_links":{"self":[{"href":"https:\/\/davroe.sk\/sk\/wp-json\/wp\/v2\/product\/25034","targetHints":{"allow":["GET"]}}],"collection":[{"href":"https:\/\/davroe.sk\/sk\/wp-json\/wp\/v2\/product"}],"about":[{"href":"https:\/\/davroe.sk\/sk\/wp-json\/wp\/v2\/types\/product"}],"replies":[{"embeddable":true,"href":"https:\/\/davroe.sk\/sk\/wp-json\/wp\/v2\/comments?post=25034"}],"wp:featuredmedia":[{"embeddable":true,"href":"https:\/\/davroe.sk\/sk\/wp-json\/wp\/v2\/media\/25125"}],"wp:attachment":[{"href":"https:\/\/davroe.sk\/sk\/wp-json\/wp\/v2\/media?parent=25034"}],"wp:term":[{"taxonomy":"product_brand","embeddable":true,"href":"https:\/\/davroe.sk\/sk\/wp-json\/wp\/v2\/product_brand?post=25034"},{"taxonomy":"product_cat","embeddable":true,"href":"https:\/\/davroe.sk\/sk\/wp-json\/wp\/v2\/product_cat?post=25034"},{"taxonomy":"product_tag","embeddable":true,"href":"https:\/\/davroe.sk\/sk\/wp-json\/wp\/v2\/product_tag?post=25034"}],"curies":[{"name":"wp","href":"https:\/\/api.w.org\/{rel}","templated":true}]}}