{"id":25035,"date":"2024-04-26T07:34:38","date_gmt":"2024-04-26T06:34:38","guid":{"rendered":"https:\/\/davroe.sk\/?post_type=product&#038;p=25035"},"modified":"2025-10-16T06:03:38","modified_gmt":"2025-10-16T05:03:38","slug":"curlicue-curl-activator","status":"publish","type":"product","link":"https:\/\/davroe.sk\/sk\/shop\/curlicue\/curlicue-curl-activator\/","title":{"rendered":"CURLiCUE Curl Activator Aktiva\u010dn\u00fd sprej na ku\u010derav\u00e9 vlasy"},"content":{"rendered":"<h2><strong>CURLiCUE Curl Activator Aktiva\u010dn\u00fd sprej na ku\u010derav\u00e9 vlasy<\/strong><\/h2>\n<p>&nbsp;<\/p>\n<h3><strong>Anti-frizz sprej okam\u017eite vylep\u0161i\u0165, definova\u0165 a osvie\u017ei\u0165 ku\u010dery<\/strong><\/h3>\n<p>V\u00fdkonn\u00fd, ale ultra\u013eahk\u00fd aktiv\u00e1tor ku\u010dier, ktor\u00fd poskytuje flexibiln\u00fa defin\u00edciu na zv\u00fd\u0161enie prirodzen\u00fdch ku\u010dier a ich resetovanie medzi um\u00fdvaniami. Obohaten\u00fd o avok\u00e1dov\u00fd olej, Lotus Flower a extrakt zo sliviek Kakadu, <strong>CURLiCUE Curl Activator Aktiva\u010dn\u00fd sprej na ku\u010derav\u00e9 vlasy<\/strong> zni\u017euje krepovatenie a vyhladzuje text\u00farovan\u00e9 vlasy, aby sa dosiahol maxim\u00e1lny odraz.<\/p>\n<p>M\u00f4\u017ee by\u0165 pou\u017eit\u00fd ako \u013eahk\u00fd stylingov\u00fd produkt na dr\u017eanie a zdvihnutie, alebo ako osvie\u017euj\u00faci sprej na op\u00e4tovn\u00fa aktiv\u00e1ciu sp\u00e1nku na alebo natiahnut\u00e9 ku\u010dery. Tento produkt sa denne vrstv\u00ed bez pri\u013enavosti a zlep\u0161uje prirodzen\u00fd lesk vlasov a z\u00e1rove\u0148 ich chr\u00e1ni pred zne\u010dis\u0165uj\u00facimi l\u00e1tkami.<\/p>\n<ul>\n<li>\n<h4>Obohaten\u00e9 o avok\u00e1do, slivku Kakadu &amp; extrakty z lotosov\u00fdch kvetov<\/h4>\n<\/li>\n<li>\n<h4>V\u00fdkonn\u00fd, ale ultra\u013eahk\u00fd aktiv\u00e1tor ku\u010dier<\/h4>\n<\/li>\n<li>\n<h4>Poskytuje flexibiln\u00fa defin\u00edciu na zv\u00fd\u0161enie prirodzen\u00fdch ku\u010dier<\/h4>\n<\/li>\n<li>\n<h4>Zni\u017euje krepovatenie a vyhladzuje text\u00farovan\u00e9 vlasy, aby sa dosiahol maxim\u00e1lny odraz<\/h4>\n<\/li>\n<li>\n<h4>M\u00f4\u017ee by\u0165 pou\u017eit\u00fd ako \u013eahk\u00fd stylingov\u00fd produkt na dr\u017eanie a zdv\u00edhanie<\/h4>\n<\/li>\n<li>\n<h4>Sprej vo\u013ene do vlhk\u00fdch vlasov a scrunch alebo prst cievky pre defin\u00edciu<\/h4>\n<\/li>\n<li>\n<h4>Scrunch do sp\u00e1nku na alebo natiahnut\u00e9 ku\u010dery na op\u00e4tovn\u00fa aktiv\u00e1ciu<\/h4>\n<\/li>\n<\/ul>\n<h4><\/h4>\n<h3><strong>Ako pou\u017e\u00edva\u0165 DAVROE CURLiCUE <\/strong><strong>Curl aktiv\u00e1tor<\/strong><\/h3>\n<p>&nbsp;<\/p>\n<p>Sprej vo\u013ene na vlhk\u00e9 alebo such\u00e9 vlasy, chrumkav\u00fd smerom nahor pre extra v\u00fd\u0165ah. Pre v\u00e4\u010d\u0161iu defin\u00edciu, alebo preformova\u0165 ve\u013emi natiahnut\u00e9 \u010dasti, postriekajte mal\u00e9 k\u00fasky a prst cievky ka\u017ed\u00fd zvlnenie. Uistite sa, \u017ee v\u00fdrobok je rovnomerne distribuovan\u00fd pre dosiahnutie najlep\u0161\u00edch v\u00fdsledkov.<\/p>\n<p><em>Tip: Po pou\u017eit\u00ed <strong>CURLiCUE Curl Balm Balzam na ku\u010derav\u00e9 vlasy<\/strong>, sprej <strong>Curl aktiv\u00e1tor<\/strong> na dlani a scrunch emulgova\u0165 v\u00fdrobky a zabezpe\u010di\u0165 rovnomern\u00e9, ku\u010dery bez krepatenia.<\/em><\/p>\n<p>&nbsp;<\/p>\n<h2><\/h2>\n<h2>CURLY GIRL SCHV\u00c1LEN\u00c9 \u2013 formulovan\u00e9 bez silik\u00f3nu, sulf\u00e1tu alebo su\u0161iacich alkoholov.<\/h2>\n<p>&nbsp;<\/p>\n<p><img loading=\"lazy\" decoding=\"async\" class=\"wp-image-23637 alignnone\" src=\"https:\/\/www.davroe.com\/wp-content\/uploads\/2021\/07\/davroe-curlicue-range-wide-image.jpg\" alt=\"davroe-curlicue-rozsah-\u0161irok\u00fd obraz\" width=\"701\" height=\"292\" \/><\/p>\n<p><img loading=\"lazy\" decoding=\"async\" class=\"alignnone wp-image-23640\" src=\"https:\/\/www.davroe.com\/wp-content\/uploads\/2021\/07\/davroe-curlicue-range-tamy.jpg\" alt=\"davroe-curlicue-range-tamy\" width=\"702\" height=\"645\" \/><\/p>\n<p>&nbsp;<\/p>","protected":false},"excerpt":{"rendered":"<h2><strong>CURLiCUE Curl Activator Aktiva\u010dn\u00fd sprej na ku\u010derav\u00e9 vlasy<\/strong><\/h2>\n<p>&nbsp;<\/p>\n<h3><strong>Anti-frizz sprej okam\u017eite vylep\u0161i\u0165, definova\u0165 a osvie\u017ei\u0165 ku\u010dery<\/strong><\/h3>\n<ul>\n<li>V\u00fdkonn\u00fd, ale ultra\u013eahk\u00fd aktiv\u00e1tor ku\u010dier<\/li>\n<li>Poskytuje flexibiln\u00fa defin\u00edciu na zv\u00fd\u0161enie prirodzen\u00fdch ku\u010dier<\/li>\n<li>Zni\u017euje krepovatenie a vyhladzuje text\u00farovan\u00e9 vlasy, aby sa dosiahol maxim\u00e1lny odraz<\/li>\n<li>M\u00f4\u017ee by\u0165 pou\u017eit\u00fd ako \u013eahk\u00fd stylingov\u00fd produkt na dr\u017eanie a zdv\u00edhanie<\/li>\n<li>Scrunch do sp\u00e1nku na alebo natiahnut\u00e9 ku\u010dery na op\u00e4tovn\u00fa aktiv\u00e1ciu<\/li>\n<\/ul>","protected":false},"featured_media":25157,"comment_status":"open","ping_status":"closed","template":"","meta":{"_acf_changed":false},"product_brand":[],"product_cat":[36],"product_tag":[33,34,35,37,38],"class_list":{"0":"post-25035","1":"product","2":"type-product","3":"status-publish","4":"has-post-thumbnail","6":"product_cat-curlicue","7":"product_tag-curl-activator","8":"product_tag-curl-balm","9":"product_tag-curlicue","10":"product_tag-curly-girl","11":"product_tag-curly-hair","12":"description-off","14":"first","15":"instock","16":"featured","17":"taxable","18":"shipping-taxable","19":"product-type-variable","20":"has-default-attributes"},"acf":[],"_links":{"self":[{"href":"https:\/\/davroe.sk\/sk\/wp-json\/wp\/v2\/product\/25035","targetHints":{"allow":["GET"]}}],"collection":[{"href":"https:\/\/davroe.sk\/sk\/wp-json\/wp\/v2\/product"}],"about":[{"href":"https:\/\/davroe.sk\/sk\/wp-json\/wp\/v2\/types\/product"}],"replies":[{"embeddable":true,"href":"https:\/\/davroe.sk\/sk\/wp-json\/wp\/v2\/comments?post=25035"}],"wp:featuredmedia":[{"embeddable":true,"href":"https:\/\/davroe.sk\/sk\/wp-json\/wp\/v2\/media\/25157"}],"wp:attachment":[{"href":"https:\/\/davroe.sk\/sk\/wp-json\/wp\/v2\/media?parent=25035"}],"wp:term":[{"taxonomy":"product_brand","embeddable":true,"href":"https:\/\/davroe.sk\/sk\/wp-json\/wp\/v2\/product_brand?post=25035"},{"taxonomy":"product_cat","embeddable":true,"href":"https:\/\/davroe.sk\/sk\/wp-json\/wp\/v2\/product_cat?post=25035"},{"taxonomy":"product_tag","embeddable":true,"href":"https:\/\/davroe.sk\/sk\/wp-json\/wp\/v2\/product_tag?post=25035"}],"curies":[{"name":"wp","href":"https:\/\/api.w.org\/{rel}","templated":true}]}}