{"id":25036,"date":"2024-04-26T07:34:39","date_gmt":"2024-04-26T06:34:39","guid":{"rendered":"https:\/\/davroe.sk\/?post_type=product&#038;p=25036"},"modified":"2025-10-16T06:04:39","modified_gmt":"2025-10-16T05:04:39","slug":"curlicue-curl-balm","status":"publish","type":"product","link":"https:\/\/davroe.sk\/sk\/shop\/curlicue\/curlicue-curl-balm\/","title":{"rendered":"CURLiCUE Curl Balm Balzam na ku\u010derav\u00e9 vlasy"},"content":{"rendered":"<h2><strong>CURLiCUE Curl Balm Balzam na ku\u010derav\u00e9 vlasy<\/strong><\/h2>\n<p>&nbsp;<\/p>\n<h3><strong>Hydrata\u010dn\u00fd balzam na aktiv\u00e1ciu a zlep\u0161enie pr\u00edrodn\u00fdch ku\u010dier<\/strong><\/h3>\n<p>Tento \u013eahk\u00fd balzam, obohaten\u00fd o v\u00fd\u0165a\u017eok zo sliviek Kakadu a Lotus Flower, pracuje na aktiv\u00e1cii prirodzen\u00e9ho ku\u010derav\u00e9ho vzoru, eliminuje krepovitos\u0165 a z\u00e1rove\u0148 hydratuje vlasy, aby poskytol pohyb ku\u010dier a flexibiln\u00fa defin\u00edciu. Obohaten\u00fd o avok\u00e1dov\u00fd olej, CURLiCUE Curl Balm akt\u00edvne detangles a hlboko hydratuje vlasy, aby to hladk\u00e9, leskl\u00e9 a sk\u00e1kacie, to v\u0161etko pri poskytovan\u00ed UV a tepelnej ochrany.<\/p>\n<ul>\n<li>\n<h4>Obohaten\u00fd o avok\u00e1dov\u00fd olej, Kakadu Plum &amp; Lotus Flower Extracts<\/h4>\n<\/li>\n<li>\n<h4>\u013dahk\u00fd balzam, ktor\u00fd aktivuje prirodzen\u00fd zvlnen\u00fd vzor<\/h4>\n<\/li>\n<li>\n<h4>Eliminuje krepovatenie a z\u00e1rove\u0148 hydratuje vlasy pre pohyb ku\u010dier a flexibiln\u00fa defin\u00edciu<\/h4>\n<\/li>\n<li>\n<h4>Akt\u00edvne detangles a hlboko hydratuje vlasy<\/h4>\n<\/li>\n<li>\n<h4>Poskytuje UV a tepeln\u00fa ochranu<\/h4>\n<\/li>\n<li>\n<h4>Scrunch do vlhk\u00fdch alebo such\u00fdch vlasov pre defin\u00edciu<\/h4>\n<\/li>\n<\/ul>\n<h3><\/h3>\n<h3><strong>Ako pou\u017e\u00edva\u0165 DAVROE CURLiCUE <\/strong><strong>Curl Balm<\/strong><\/h3>\n<p>&nbsp;<\/p>\n<p>Scrunch do vlhk\u00fdch alebo such\u00fdch vlasov, rovnomerne rozlo\u017een\u00e9 od kore\u0148ov pr\u00edli\u0161 kon\u010deky. Pre extra defin\u00edciu, pracujte ve\u013ekoryso do sekcie vlasov, prst nav\u00edja\u0165 ka\u017ed\u00fd zvlnenie. Nechajte vlasy such\u00e9 na vzduchu, alebo such\u00e9 s dif\u00fazorom pre pridan\u00fd v\u00fd\u0165ah a defin\u00edciu.<\/p>\n<p>M\u00f4\u017ee by\u0165 tie\u017e vr\u00fabkovan\u00fd pre dodato\u010dn\u00fa hydrat\u00e1ciu pri osvie\u017eovan\u00ed curl s <strong>CURLiCUE Curl Activator Aktiva\u010dn\u00fd sprej na ku\u010derav\u00e9 vlasy<\/strong>.<\/p>\n<p>&nbsp;<\/p>\n<h2>CURLY GIRL SCHV\u00c1LEN\u00c9 \u2013 formulovan\u00e9 bez silik\u00f3nu, sulf\u00e1tu alebo su\u0161iacich alkoholov.<\/h2>\n<p>&nbsp;<\/p>\n<p><img loading=\"lazy\" decoding=\"async\" class=\"wp-image-23637 alignnone\" src=\"https:\/\/www.davroe.com\/wp-content\/uploads\/2021\/07\/davroe-curlicue-range-wide-image.jpg\" alt=\"davroe-curlicue-rozsah-\u0161irok\u00fd obraz\" width=\"701\" height=\"292\" \/><\/p>\n<p><img loading=\"lazy\" decoding=\"async\" class=\"alignnone wp-image-23640\" src=\"https:\/\/www.davroe.com\/wp-content\/uploads\/2021\/07\/davroe-curlicue-range-tamy.jpg\" alt=\"davroe-curlicue-range-tamy\" width=\"702\" height=\"645\" \/><\/p>\n<p>&nbsp;<\/p>","protected":false},"excerpt":{"rendered":"<h2><strong>CURLiCUE Curl Balm Balzam na ku\u010derav\u00e9 vlasy<\/strong><\/h2>\n<p>&nbsp;<\/p>\n<h3><strong>Hydrata\u010dn\u00fd balzam na aktiv\u00e1ciu a zlep\u0161enie pr\u00edrodn\u00fdch ku\u010dier<\/strong><\/h3>\n<ul>\n<li>Obohaten\u00fd o avok\u00e1dov\u00fd olej, Kakadu Plum &amp; Lotus Flower Extracts<\/li>\n<li>\u013dahk\u00fd balzam, ktor\u00fd aktivuje prirodzen\u00fd zvlnen\u00fd vzor<\/li>\n<li>Eliminuje krepovatenie a z\u00e1rove\u0148 hydratuje vlasy pre pohyb ku\u010dier a flexibiln\u00fa defin\u00edciu<\/li>\n<li>Akt\u00edvne detangles a hlboko hydratuje vlasy<\/li>\n<li>Poskytuje UV a tepeln\u00fa ochranu<\/li>\n<li>Scrunch do vlhk\u00fdch alebo such\u00fdch vlasov pre defin\u00edciu<\/li>\n<\/ul>\n<p>&nbsp;<\/p>","protected":false},"featured_media":25155,"comment_status":"open","ping_status":"closed","template":"","meta":{"_acf_changed":false},"product_brand":[],"product_cat":[36],"product_tag":[34,35,37,38],"class_list":{"0":"post-25036","1":"product","2":"type-product","3":"status-publish","4":"has-post-thumbnail","6":"product_cat-curlicue","7":"product_tag-curl-balm","8":"product_tag-curlicue","9":"product_tag-curly-girl","10":"product_tag-curly-hair","11":"description-off","13":"first","14":"instock","15":"featured","16":"taxable","17":"shipping-taxable","18":"product-type-variable","19":"has-default-attributes"},"acf":[],"_links":{"self":[{"href":"https:\/\/davroe.sk\/sk\/wp-json\/wp\/v2\/product\/25036","targetHints":{"allow":["GET"]}}],"collection":[{"href":"https:\/\/davroe.sk\/sk\/wp-json\/wp\/v2\/product"}],"about":[{"href":"https:\/\/davroe.sk\/sk\/wp-json\/wp\/v2\/types\/product"}],"replies":[{"embeddable":true,"href":"https:\/\/davroe.sk\/sk\/wp-json\/wp\/v2\/comments?post=25036"}],"wp:featuredmedia":[{"embeddable":true,"href":"https:\/\/davroe.sk\/sk\/wp-json\/wp\/v2\/media\/25155"}],"wp:attachment":[{"href":"https:\/\/davroe.sk\/sk\/wp-json\/wp\/v2\/media?parent=25036"}],"wp:term":[{"taxonomy":"product_brand","embeddable":true,"href":"https:\/\/davroe.sk\/sk\/wp-json\/wp\/v2\/product_brand?post=25036"},{"taxonomy":"product_cat","embeddable":true,"href":"https:\/\/davroe.sk\/sk\/wp-json\/wp\/v2\/product_cat?post=25036"},{"taxonomy":"product_tag","embeddable":true,"href":"https:\/\/davroe.sk\/sk\/wp-json\/wp\/v2\/product_tag?post=25036"}],"curies":[{"name":"wp","href":"https:\/\/api.w.org\/{rel}","templated":true}]}}