{"id":25037,"date":"2024-04-26T07:34:39","date_gmt":"2024-04-26T06:34:39","guid":{"rendered":"https:\/\/davroe.sk\/?post_type=product&#038;p=25037"},"modified":"2025-10-16T05:40:25","modified_gmt":"2025-10-16T04:40:25","slug":"curlicue-deep-conditioning-rinse","status":"publish","type":"product","link":"https:\/\/davroe.sk\/sk\/shop\/curlicue\/curlicue-deep-conditioning-rinse\/","title":{"rendered":"CURLiCUE Deep Conditioning Rinse H\u013abkov\u00fd kondicion\u00e9r na ku\u010derav\u00e9 vlasy"},"content":{"rendered":"<h2><strong>CURLiCUE Deep Conditioning Rinse H\u013abkov\u00fd kondicion\u00e9r na ku\u010derav\u00e9 vlasy<\/strong><\/h2>\n<p>&nbsp;<\/p>\n<h3><strong>Extra bohat\u00fd a hydrata\u010dn\u00fd \u0161\u013eahac\u00ed kondicion\u00e9r<\/strong><\/h3>\n<p><strong>300 ml<\/strong><\/p>\n<p>Tento \u013eahk\u00fd, ale maslov\u00fd kondicion\u00e9r obnovuje vlhkos\u0165 a lesk; Zanecha\u0165 vlasy zamotan\u00e9 vo\u013en\u00e9 a hlboko podmienen\u00e9, bez toho, aby ste ich za\u0165a\u017eili.<\/p>\n<p>Obohaten\u00fd o v\u00fd\u0165a\u017eky zo sliviek a lotosov\u00fdch kvetov Kakadu, CURLiCUE Deep Conditioning Rinse obsahuje anti-frizz akt\u00edvne l\u00e1tky odoln\u00e9 vo\u010di vlhkosti, pre m\u00e4kk\u00e9 definovan\u00e9 ku\u010dery s telom a pohybom. Luxusn\u00fd avok\u00e1dov\u00fd olej poskytuje intenz\u00edvnu hydrat\u00e1ciu pre hladk\u00fa hrub\u00fa text\u00faru a zanech\u00e1va vlasy zvl\u00e1dnute\u013en\u00e9 s leskl\u00fdm povrchom.<\/p>\n<ul>\n<li>\n<h4>Obohaten\u00fd o avok\u00e1dov\u00fd olej, Kakadu Plum &amp; Lotus Flower Extracts<\/h4>\n<\/li>\n<li>\n<h4>Obnovuje vlhkos\u0165 a lesk<\/h4>\n<\/li>\n<li>\n<h4>Zanech\u00e1va vlasy zamotan\u00e9 zadarmo<\/h4>\n<\/li>\n<li>\n<h4>Hlbok\u00e9 podmienky bez toho, aby ste ich v\u00e1\u017eili<\/h4>\n<\/li>\n<li>\n<h4>Obsahuje anti-frizz akt\u00edvne l\u00e1tky odoln\u00e9 vo\u010di vlhkosti<\/h4>\n<\/li>\n<li>\n<h4>Vytv\u00e1ra m\u00e4kk\u00e9, definovan\u00e9 ku\u010dery s telom a pohybom<\/h4>\n<\/li>\n<li>\n<h4>Luxusn\u00fd avok\u00e1dov\u00fd olej poskytuje intenz\u00edvnu hydrat\u00e1ciu na vyhladzovanie<\/h4>\n<\/li>\n<li>\n<h4>Zanech\u00e1va vlasy zvl\u00e1dnute\u013en\u00e9 s leskl\u00fdm povrchom<\/h4>\n<\/li>\n<\/ul>\n<h3><\/h3>\n<h3><\/h3>\n<h3><strong>Ako pou\u017e\u00edva\u0165 DAVROE CURLiCUE Deep Conditioning Rinse<\/strong><\/h3>\n<p>&nbsp;<\/p>\n<p>Naneste ve\u013ekorys\u00e9 mno\u017estvo na mokr\u00e9 vlasy a mas\u00edrujte z kore\u0148ov pr\u00edli\u0161 kon\u010deky, po \u0161amp\u00f3novan\u00ed. \u010cas\u0165, a pou\u017ei\u0165 prsty na hrebe\u0148 produkt cez zabezpe\u010di\u0165, \u017ee vlasy s\u00fa nas\u00fdten\u00e9, zatia\u013e \u010do jemne detangling.<\/p>\n<p>Nechajte p\u00f4sobi\u0165 najmenej 5 min\u00fat, alebo dlh\u0161ie pre hlb\u0161iu hydrat\u00e1ciu, potom st\u00fapajte. Pokra\u010dova\u0165 s <strong>Davroe's CURLiCUE Hydrata\u010dn\u00fd vlasov\u00fd olej<\/strong> a <strong>Curl Balm<\/strong>.<\/p>\n<p>&nbsp;<\/p>\n<h2><strong>CURLY GIRL SCHV\u00c1LEN\u00c9 \u2013 formulovan\u00e9 bez silik\u00f3nu, sulf\u00e1tu alebo su\u0161iacich alkoholov.<\/strong><\/h2>\n<p>&nbsp;<\/p>\n<p><img loading=\"lazy\" decoding=\"async\" class=\"wp-image-23637 alignnone\" src=\"https:\/\/www.davroe.com\/wp-content\/uploads\/2021\/07\/davroe-curlicue-range-wide-image.jpg\" alt=\"davroe-curlicue-rozsah-\u0161irok\u00fd obraz\" width=\"701\" height=\"292\" \/><\/p>\n<p><img loading=\"lazy\" decoding=\"async\" class=\"alignnone wp-image-23640\" src=\"https:\/\/www.davroe.com\/wp-content\/uploads\/2021\/07\/davroe-curlicue-range-tamy.jpg\" alt=\"davroe-curlicue-range-tamy\" width=\"702\" height=\"645\" \/><\/p>\n<p>&nbsp;<\/p>","protected":false},"excerpt":{"rendered":"<h2><strong>CURLiCUE Deep Conditioning Rinse H\u013abkov\u00fd kondicion\u00e9r na ku\u010derav\u00e9 vlasy<\/strong><\/h2>\n<p>&nbsp;<\/p>\n<h3><strong>Extra bohat\u00fd a hydrata\u010dn\u00fd \u0161\u013eahac\u00ed kondicion\u00e9r<\/strong><\/h3>\n<ul>\n<li>Obohaten\u00fd o avok\u00e1dov\u00fd olej, Kakadu Plum &amp; Lotus Flower Extracts<\/li>\n<li>Obnovuje vlhkos\u0165 a lesk<\/li>\n<li>Zanech\u00e1va vlasy zamotan\u00e9 zadarmo<\/li>\n<li>Hlbok\u00e9 podmienky bez toho, aby ste ich v\u00e1\u017eili<\/li>\n<li>Obsahuje anti-frizz akt\u00edvne l\u00e1tky odoln\u00e9 vo\u010di vlhkosti<\/li>\n<li>Vytv\u00e1ra m\u00e4kk\u00e9, definovan\u00e9 ku\u010dery s telom a pohybom<\/li>\n<li>Luxusn\u00fd avok\u00e1dov\u00fd olej poskytuje intenz\u00edvnu hydrat\u00e1ciu na vyhladzovanie<\/li>\n<li>Zanech\u00e1va vlasy zvl\u00e1dnute\u013en\u00e9 s leskl\u00fdm povrchom<\/li>\n<\/ul>\n<p><strong>\u00a0<\/strong><\/p>","protected":false},"featured_media":25144,"comment_status":"open","ping_status":"closed","template":"","meta":{"_acf_changed":false},"product_brand":[],"product_cat":[36],"product_tag":[35,37,38,40],"class_list":{"0":"post-25037","1":"product","2":"type-product","3":"status-publish","4":"has-post-thumbnail","6":"product_cat-curlicue","7":"product_tag-curlicue","8":"product_tag-curly-girl","9":"product_tag-curly-hair","10":"product_tag-deep-conditioning-rinse","11":"description-off","13":"first","14":"instock","15":"taxable","16":"shipping-taxable","17":"product-type-variable","18":"has-default-attributes"},"acf":[],"_links":{"self":[{"href":"https:\/\/davroe.sk\/sk\/wp-json\/wp\/v2\/product\/25037","targetHints":{"allow":["GET"]}}],"collection":[{"href":"https:\/\/davroe.sk\/sk\/wp-json\/wp\/v2\/product"}],"about":[{"href":"https:\/\/davroe.sk\/sk\/wp-json\/wp\/v2\/types\/product"}],"replies":[{"embeddable":true,"href":"https:\/\/davroe.sk\/sk\/wp-json\/wp\/v2\/comments?post=25037"}],"wp:featuredmedia":[{"embeddable":true,"href":"https:\/\/davroe.sk\/sk\/wp-json\/wp\/v2\/media\/25144"}],"wp:attachment":[{"href":"https:\/\/davroe.sk\/sk\/wp-json\/wp\/v2\/media?parent=25037"}],"wp:term":[{"taxonomy":"product_brand","embeddable":true,"href":"https:\/\/davroe.sk\/sk\/wp-json\/wp\/v2\/product_brand?post=25037"},{"taxonomy":"product_cat","embeddable":true,"href":"https:\/\/davroe.sk\/sk\/wp-json\/wp\/v2\/product_cat?post=25037"},{"taxonomy":"product_tag","embeddable":true,"href":"https:\/\/davroe.sk\/sk\/wp-json\/wp\/v2\/product_tag?post=25037"}],"curies":[{"name":"wp","href":"https:\/\/api.w.org\/{rel}","templated":true}]}}