{"id":25038,"date":"2024-04-26T07:34:39","date_gmt":"2024-04-26T06:34:39","guid":{"rendered":"https:\/\/davroe.sk\/?post_type=product&#038;p=25038"},"modified":"2025-10-16T05:05:39","modified_gmt":"2025-10-16T04:05:39","slug":"curlicue-pack","status":"publish","type":"product","link":"https:\/\/davroe.sk\/sk\/shop\/curlicue\/curlicue-pack\/","title":{"rendered":"CURLiCUE Davroe dar\u010dekov\u00e9 balenie na ku\u010derav\u00e9 vlasy, 6 ks"},"content":{"rendered":"<h2><strong>CURLiCUE Davroe dar\u010dekov\u00e9 balenie na ku\u010derav\u00e9 vlasy, 6 ks<\/p>\n<p><\/strong><\/h2>\n<h3><strong>Kone\u010dn\u00e1 kolekcia Curly Girl Approved Haircare od spolo\u010dnosti DAVROE<\/p>\n<p><\/strong><\/h3>\n<p>Sortiment CURLiCUE zna\u010dky Davroe sme starostlivo sformulovali tak, aby steles\u0148oval jednoduch\u00e9 a zvl\u00e1dnute\u013en\u00e9 ku\u010dery prostredn\u00edctvom v\u00fdberu luxusn\u00fdch v\u00fdrobkov vr\u00e1tane \u0161amp\u00f3nu, kondicion\u00e9ra, o\u0161etren\u00ed a stylingov\u00fdch v\u00fdrobkov. Obohaten\u00e9 bohat\u00fdmi botanick\u00fdmi olejmi a v\u00fd\u0165a\u017ekami,<\/p>\n<p>CURLiCUE zanech\u00e1va ku\u010dery m\u00e4kk\u00e9, hydratovan\u00e9, definovan\u00e9 a objemn\u00e9. Kr\u00e9mov\u00fd avok\u00e1dov\u00fd olej poskytuje intenz\u00edvnu hydrat\u00e1ciu, ktor\u00e1 vy\u017eivuje vlasov\u00fa hriade\u013e zvn\u00fatra von; vyhladzuje hrub\u00fa text\u00faru a posil\u0148uje vlasy. V\u00fd\u0165a\u017eok zo sliviek Kakadu bohat\u00fd na \u017eiviny chr\u00e1ni vlasy pred po\u0161koden\u00edm a z\u00e1rove\u0148 ich hydratuje, aby zanechali matn\u00e9, hrub\u00e9 vlasy hodv\u00e1bne a leskl\u00e9. Revitaliza\u010dn\u00fd extrakt z lotosov\u00fdch kvetov zlep\u0161uje celkov\u00e9 zdravie vlasov hydrat\u00e1ciou a opravou, \u010d\u00edm dod\u00e1va vlasom silu, lesk a telo a z\u00e1rove\u0148 obnovuje prirodzen\u00fd lesk. T\u00e1to unik\u00e1tna zmes tvrdo pracuj\u00facich zlo\u017eiek definuje rozsah, ktor\u00fd zanech\u00e1va zvr\u00e1ten\u00e9, ku\u010derav\u00e9 alebo ku\u010derav\u00e9 vlasy a vyzer\u00e1 to najlep\u0161ie.<\/p>\n<h3><strong>Obsahuje<\/strong><\/h3>\n<ul>\n<li><strong>\u00ad\u00ad\u00adCURLiCUE \u010cistiaca hmota 300ml <\/strong>\u013dahk\u00fd detoxika\u010dn\u00fd \u0161amp\u00f3n na jemn\u00e9 \u010distenie bez odstra\u0148ovania pr\u00edrodn\u00fdch olejov<\/li>\n<li><strong>CURLiCUE Hlbok\u00e9 kondicion\u00e9rov\u00e9 opl\u00e1chnutie 300ml<\/strong> Extra bohat\u00fd a hydrata\u010dn\u00fd \u0161\u013eahan\u00fd kondicion\u00e9r.<\/li>\n<li><strong>CURLiCUE Hydrata\u010dn\u00fd vlasov\u00fd olej 50ml <\/strong>\u013dahk\u00fd ultra hydrata\u010dn\u00fd olej.<\/li>\n<li><strong>CURLiCUE Curl Balm 200ml <\/strong>Hydrata\u010dn\u00fd balzam na aktiv\u00e1ciu a zlep\u0161enie pr\u00edrodn\u00fdch ku\u010dier.<\/li>\n<li><strong>CURLiCUE Curl Activator 200ml <\/strong>Anti-frizz sprej okam\u017eite zv\u00fd\u0161i\u0165, definova\u0165 a obnovi\u0165 ku\u010dery.<\/li>\n<li><strong>CURLiCUE Rapid Dry hair wrap R\u00fdchloschn\u00faci turban <\/strong>M\u00e4kk\u00fd, absorp\u010dn\u00fd vlasov\u00fd uter\u00e1k, ktor\u00fd minimalizuje krepovatenie a skracuje dobu su\u0161enia o 50%.<\/li>\n<\/ul>\n<h2>CURLY GIRL SCHV\u00c1LEN\u00c9 \u2013 formulovan\u00e9 bez silik\u00f3nu, sulf\u00e1tu alebo su\u0161iacich alkoholov.<\/h2>\n<p>&nbsp;<\/p>\n<p>&nbsp;<\/p>\n<p><img loading=\"lazy\" decoding=\"async\" class=\"wp-image-23637 alignnone\" src=\"https:\/\/www.davroe.com\/wp-content\/uploads\/2021\/07\/davroe-curlicue-range-wide-image.jpg\" alt=\"davroe-curlicue-rozsah-\u0161irok\u00fd obraz\" width=\"948\" height=\"395\" \/><\/p>\n<p><img loading=\"lazy\" decoding=\"async\" class=\"alignnone wp-image-23640\" src=\"https:\/\/www.davroe.com\/wp-content\/uploads\/2021\/07\/davroe-curlicue-range-tamy.jpg\" alt=\"davroe-curlicue-range-tamy\" width=\"702\" height=\"645\" \/><\/p>\n<p>&nbsp;<\/p>","protected":false},"excerpt":{"rendered":"<h2><strong>CURLiCUE Davroe dar\u010dekov\u00e9 balenie na ku\u010derav\u00e9 vlasy, 6 ks<\/p>\n<p><\/strong><\/h2>\n<h3><strong>Kone\u010dn\u00e1 kolekcia Curly Girl Approved Haircare od spolo\u010dnosti DAVROE<\/p>\n<p><\/strong><\/h3>\n<h3><strong>Obsahuje<\/strong><\/h3>\n<ul>\n<li><strong>\u00ad\u00ad\u00adCURLiCUE \u010cistiaca hmota 300ml<\/strong><\/li>\n<li><strong>CURLiCUE Hlbok\u00e9 kondicion\u00e9rov\u00e9 opl\u00e1chnutie 300ml<\/strong><\/li>\n<li><strong>CURLiCUE Hydrata\u010dn\u00fd vlasov\u00fd olej 50ml\u00a0<\/strong><\/li>\n<li><strong>CURLiCUE Curl Balm 200ml\u00a0<\/strong><\/li>\n<li><strong>CURLiCUE Curl Activator 200ml\u00a0<\/strong><\/li>\n<li><strong>CURLiCUE Rapid Dry hair wrap R\u00fdchloschn\u00faci turban\u00a0<\/strong><\/li>\n<\/ul>\n<p>&nbsp;<\/p>","protected":false},"featured_media":25135,"comment_status":"open","ping_status":"closed","template":"","meta":{"_acf_changed":false},"product_brand":[],"product_cat":[36,52],"product_tag":[33,35,37,38,51],"class_list":{"0":"post-25038","1":"product","2":"type-product","3":"status-publish","4":"has-post-thumbnail","6":"product_cat-curlicue","7":"product_cat-packs","8":"product_tag-curl-activator","9":"product_tag-curlicue","10":"product_tag-curly-girl","11":"product_tag-curly-hair","12":"product_tag-packs","13":"description-off","15":"first","16":"instock","17":"featured","18":"taxable","19":"shipping-taxable","20":"purchasable","21":"product-type-simple"},"acf":[],"_links":{"self":[{"href":"https:\/\/davroe.sk\/sk\/wp-json\/wp\/v2\/product\/25038","targetHints":{"allow":["GET"]}}],"collection":[{"href":"https:\/\/davroe.sk\/sk\/wp-json\/wp\/v2\/product"}],"about":[{"href":"https:\/\/davroe.sk\/sk\/wp-json\/wp\/v2\/types\/product"}],"replies":[{"embeddable":true,"href":"https:\/\/davroe.sk\/sk\/wp-json\/wp\/v2\/comments?post=25038"}],"wp:featuredmedia":[{"embeddable":true,"href":"https:\/\/davroe.sk\/sk\/wp-json\/wp\/v2\/media\/25135"}],"wp:attachment":[{"href":"https:\/\/davroe.sk\/sk\/wp-json\/wp\/v2\/media?parent=25038"}],"wp:term":[{"taxonomy":"product_brand","embeddable":true,"href":"https:\/\/davroe.sk\/sk\/wp-json\/wp\/v2\/product_brand?post=25038"},{"taxonomy":"product_cat","embeddable":true,"href":"https:\/\/davroe.sk\/sk\/wp-json\/wp\/v2\/product_cat?post=25038"},{"taxonomy":"product_tag","embeddable":true,"href":"https:\/\/davroe.sk\/sk\/wp-json\/wp\/v2\/product_tag?post=25038"}],"curies":[{"name":"wp","href":"https:\/\/api.w.org\/{rel}","templated":true}]}}