{"id":25058,"date":"2024-04-26T07:35:07","date_gmt":"2024-04-26T06:35:07","guid":{"rendered":"https:\/\/davroe.sk\/?post_type=product&#038;p=25058"},"modified":"2025-10-16T06:09:00","modified_gmt":"2025-10-16T05:09:00","slug":"curlicue-rapid-dry-hair-wrap","status":"publish","type":"product","link":"https:\/\/davroe.sk\/sk\/shop\/curlicue\/curlicue-rapid-dry-hair-wrap\/","title":{"rendered":"CURLiCUE Rapid Dry hair wrap R\u00fdchloschn\u00faci turban"},"content":{"rendered":"<h2><strong>CURLiCUE Rapid Dry hair wrap R\u00fdchloschn\u00faci turban<\/p>\n<p><\/strong><\/h2>\n<h3><strong>A soft, absorbent hair towel that minimises frizz and reduces drying time by 50% <\/strong><\/h3>\n<p>Our Davroe Hair Wrap makes for fast, convenient drying, that leaves hair smoother and shinier. Made of highly absorbent, lightweight fibers, our Hair Wrap removes the need for heat or friction; reducing frizz, defining curls, and leaving the hair cuticle smoother. Use of our Hair Wrap reduces drying time by 50%, without drying out the hair follicle; gently speeding up the drying process also reduces breakage by quickly moving hair out of it&#8217;s more vulnerable, wet state. Complete with a button and loop closure to keep it in place, our Hair Wrap is effortless to use.<\/p>\n<ul>\n<li>\n<h4>Fast, convenient drying, that leaves hair smoother and shinier.<\/h4>\n<\/li>\n<li>\n<h4>Made of highly absorbent, lightweight fibers<\/h4>\n<\/li>\n<li>\n<h4>Removes the need for heat or friction; reducing frizz, defining curls, and leaving the hair cuticle smoother<\/h4>\n<\/li>\n<li>\n<h4>Reduces reduces drying time by 50%<\/h4>\n<\/li>\n<\/ul>\n<h3><\/h3>\n<h3><strong>Ako pou\u017e\u00edva\u0165 DAVROE CURLiCUE <\/strong><strong>Rapid Dry Hair Wrap<\/strong><\/h3>\n<p>Gently squeeze excess water from washed hair. Flip head forward, placing towel over the back of the head with the button at the nape of the neck. Twist the towel until slightly tought and flip over to the back of the head. Secure loop over button to hold in place.<\/p>\n<p>&nbsp;<\/p>\n<h2>CURLY GIRL SCHV\u00c1LEN\u00c9 \u2013 formulovan\u00e9 bez silik\u00f3nu, sulf\u00e1tu alebo su\u0161iacich alkoholov.<\/h2>\n<h3><strong>100% Vegan Friendly<\/p>\n<p><\/strong><\/h3>\n<p>&nbsp;<\/p>\n<p>&nbsp;<\/p>\n<p><img loading=\"lazy\" decoding=\"async\" class=\"wp-image-23637 alignnone\" src=\"https:\/\/www.davroe.com\/wp-content\/uploads\/2021\/07\/davroe-curlicue-range-wide-image.jpg\" alt=\"davroe-curlicue-rozsah-\u0161irok\u00fd obraz\" width=\"701\" height=\"292\" \/><\/p>\n<p><img loading=\"lazy\" decoding=\"async\" class=\"alignnone wp-image-23640\" src=\"https:\/\/www.davroe.com\/wp-content\/uploads\/2021\/07\/davroe-curlicue-range-tamy.jpg\" alt=\"davroe-curlicue-range-tamy\" width=\"702\" height=\"645\" \/><\/p>\n<p>&nbsp;<\/p>","protected":false},"excerpt":{"rendered":"<h2><strong>CURLiCUE Rapid Dry hair wrap R\u00fdchloschn\u00faci turban<\/p>\n<p><\/strong><\/h2>\n<h3><strong>M\u00e4kk\u00fd, absorp\u010dn\u00fd vlasov\u00fd uter\u00e1k, ktor\u00fd minimalizuje krepovatenie a skracuje dobu su\u0161enia o 50%. <\/strong><\/h3>\n<ul>\n<li>Fast, convenient drying, that leaves hair smoother and shinier.<\/li>\n<li>Made of highly absorbent, lightweight fibers<\/li>\n<li>Removes the need for heat or friction; reducing frizz, defining curls, and leaving the hair cuticle smoother<\/li>\n<li>Reduces reduces drying time by 50%<\/li>\n<\/ul>\n<p>&nbsp;<\/p>\n<p><span style=\"color: #ff0000;\"><strong>\u00a0<\/strong><\/span><\/p>","protected":false},"featured_media":25159,"comment_status":"closed","ping_status":"closed","template":"","meta":{"_acf_changed":false},"product_brand":[],"product_cat":[36],"product_tag":[35,37,38,48],"class_list":{"0":"post-25058","1":"product","2":"type-product","3":"status-publish","4":"has-post-thumbnail","6":"product_cat-curlicue","7":"product_tag-curlicue","8":"product_tag-curly-girl","9":"product_tag-curly-hair","10":"product_tag-hair-wrap","11":"description-off","13":"first","14":"instock","15":"taxable","16":"shipping-taxable","17":"purchasable","18":"product-type-simple"},"acf":[],"_links":{"self":[{"href":"https:\/\/davroe.sk\/sk\/wp-json\/wp\/v2\/product\/25058","targetHints":{"allow":["GET"]}}],"collection":[{"href":"https:\/\/davroe.sk\/sk\/wp-json\/wp\/v2\/product"}],"about":[{"href":"https:\/\/davroe.sk\/sk\/wp-json\/wp\/v2\/types\/product"}],"replies":[{"embeddable":true,"href":"https:\/\/davroe.sk\/sk\/wp-json\/wp\/v2\/comments?post=25058"}],"wp:featuredmedia":[{"embeddable":true,"href":"https:\/\/davroe.sk\/sk\/wp-json\/wp\/v2\/media\/25159"}],"wp:attachment":[{"href":"https:\/\/davroe.sk\/sk\/wp-json\/wp\/v2\/media?parent=25058"}],"wp:term":[{"taxonomy":"product_brand","embeddable":true,"href":"https:\/\/davroe.sk\/sk\/wp-json\/wp\/v2\/product_brand?post=25058"},{"taxonomy":"product_cat","embeddable":true,"href":"https:\/\/davroe.sk\/sk\/wp-json\/wp\/v2\/product_cat?post=25058"},{"taxonomy":"product_tag","embeddable":true,"href":"https:\/\/davroe.sk\/sk\/wp-json\/wp\/v2\/product_tag?post=25058"}],"curies":[{"name":"wp","href":"https:\/\/api.w.org\/{rel}","templated":true}]}}